{"id":35561,"date":"2026-04-28T08:16:49","date_gmt":"2026-04-28T08:16:49","guid":{"rendered":"https:\/\/gameladeshop.com\/?post_type=product&#038;p=35561"},"modified":"2026-05-02T01:35:11","modified_gmt":"2026-05-02T01:35:11","slug":"forza-horizon-6-premium-edition-tai-khoan-steam-offline","status":"publish","type":"product","link":"https:\/\/gameladeshop.com\/en\/forza-horizon-6-premium-edition-tai-khoan-steam-offline\/","title":{"rendered":"Forza Horizon 6 Premium Edition T\u00e0i Kho\u1ea3n Steam Offline"},"content":{"rendered":"<ul>\n<li aria-level=\"1\"><span style=\"font-size: 14pt;\"><strong>Game Ra M\u1eaft 15-05<\/strong><\/span><\/li>\n<li aria-level=\"1\"><span style=\"font-size: 14pt;\">T\u1ea3i v\u00e0 ch\u01a1i Game Tr\u1ef1c ti\u1ebfp \u1edf Steam, C\u00f3 Update<\/span><\/li>\n<li aria-level=\"1\"><span style=\"font-size: 14pt;\">Ch\u01a1i Offline v\u00e0 c\u00f3 Save Game ri\u00eang<\/span><\/li>\n<li aria-level=\"1\"><span style=\"font-size: 14pt;\">Ch\u01a1i v\u0129nh vi\u1ec5n kh\u00f4ng c\u00f3 th\u1eddi h\u1ea1n<\/span><\/li>\n<li aria-level=\"1\"><span style=\"font-size: 14pt;\">R\u1ebb h\u01a1n Steam h\u01a1n 90%, C\u1ed1t truy\u1ec7n Game \u0111\u1ea7y \u0111\u1ee7<\/span><\/li>\n<li aria-level=\"1\"><span style=\"font-size: 14pt;\">C\u00f3 th\u1ec3 c\u00e0i th\u00eam Trainer, Mod Game, Vi\u1ec7t H\u00f3a<\/span><\/li>\n<li aria-level=\"1\"><span style=\"font-size: 14pt;\">C\u00f3 th\u1ec3 v\u00e0o Workshop Ho\u1eb7c Kh\u00f4ng t\u00f9y T\u00e0i Kho\u1ea3n<\/span><\/li>\n<li aria-level=\"1\"><span style=\"font-size: 14pt;\">B\u1ea3o H\u00e0nh n\u1ebfu t\u00e0i kho\u1ea3n c\u00f3 l\u1ed7i<\/span><\/li>\n<\/ul>\n<div id=\"aboutThisGame\" class=\"game_page_autocollapse\" style=\"max-height: 850px;\" data-panel=\"{&quot;type&quot;:&quot;PanelGroup&quot;}\">\n<div id=\"game_area_description\" class=\"game_area_description\">\n<p class=\"bb_paragraph\">\n<\/div>\n<\/div>\n<div id=\"aboutThisGame\" class=\"game_page_autocollapse\" style=\"max-height: none;\" data-panel=\"{&quot;type&quot;:&quot;PanelGroup&quot;}\">\n<div id=\"game_area_description\" class=\"game_area_description\">\n<h2><span style=\"font-size: 14pt;\">V\u1ec1 tr\u00f2 ch\u01a1i n\u00e0y<\/span><\/h2>\n<p data-start=\"0\" data-end=\"270\"><span style=\"font-size: 14pt;\"><strong data-start=\"0\" data-end=\"42\">Kh\u00e1m ph\u00e1 v\u1ebb \u0111\u1eb9p ngo\u1ea1n m\u1ee5c c\u1ee7a Nh\u1eadt B\u1ea3n<\/strong> sau v\u00f4 l\u0103ng c\u1ee7a h\u01a1n <strong data-start=\"63\" data-end=\"92\">550 m\u1eabu xe ngo\u00e0i \u0111\u1eddi th\u1ef1c<\/strong> v\u00e0 vi\u1ebft n\u00ean huy\u1ec1n tho\u1ea1i c\u1ee7a ri\u00eang b\u1ea1n t\u1ea1i <strong data-start=\"135\" data-end=\"155\">Horizon Festival<\/strong>. B\u1eaft \u0111\u1ea7u h\u00e0nh tr\u00ecnh nh\u01b0 m\u1ed9t du kh\u00e1ch, d\u1ea5n th\u00e2n v\u00e0o th\u1ebf gi\u1edbi ng\u1eadp tr\u00e0n \u00e2m nh\u1ea1c \u0111\u00ecnh \u0111\u00e1m v\u00e0 \u0111\u1eadm ch\u1ea5t v\u0103n h\u00f3a Nh\u1eadt.<\/span><\/p>\n<p data-start=\"272\" data-end=\"567\"><span style=\"font-size: 14pt;\">X\u00e2y d\u1ef1ng khu b\u1ea5t \u0111\u1ed9ng s\u1ea3n ri\u00eang gi\u1eefa thung l\u0169ng, s\u1edf h\u1eefu nh\u1eefng c\u0103n nh\u00e0 tuy\u1ec7t \u0111\u1eb9p v\u00e0 tr\u01b0ng b\u00e0y b\u1ed9 s\u01b0u t\u1eadp xe trong c\u00e1c garage <strong data-start=\"396\" data-end=\"419\">t\u00f9y ch\u1ec9nh ho\u00e0n to\u00e0n<\/strong>. L\u0103n b\u00e1nh c\u00f9ng b\u1ea1n b\u00e8, tham gia c\u00e1c bu\u1ed5i Car Meet kh\u1eafp n\u01b0\u1edbc Nh\u1eadt, th\u1ecfa s\u1ee9c s\u00e1ng t\u1ea1o v\u1edbi <strong data-start=\"508\" data-end=\"520\">EventLab<\/strong> v\u00e0 c\u00f9ng nhau x\u00e2y d\u1ef1ng trong <strong data-start=\"549\" data-end=\"566\">Horizon CoLab<\/strong>.<\/span><\/p>\n<p data-start=\"569\" data-end=\"651\"><span style=\"font-size: 14pt;\">\ud83d\udc49 H\u00e0nh tr\u00ecnh tr\u1edf th\u00e0nh <strong data-start=\"593\" data-end=\"611\">Horizon Legend<\/strong> b\u1eaft \u0111\u1ea7u t\u1eeb \u0111\u00e2y \u2013 Nh\u1eadt B\u1ea3n \u0111ang ch\u1edd b\u1ea1n!<\/span><\/p>\n<p class=\"bb_paragraph\"><span style=\"font-size: 14pt;\"><strong>TR\u1ea2I NGHI\u1ec6M TOKYO \u2013 TH\u00c0NH PH\u1ed0 L\u1edaN NH\u1ea4T T\u1eea TR\u01af\u1edaC \u0110\u1ebeN NAY<\/strong><\/span><\/p>\n<p data-start=\"718\" data-end=\"952\"><span style=\"font-size: 14pt;\">Ch\u00e0o m\u1eebng \u0111\u1ebfn v\u1edbi Nh\u1eadt B\u1ea3n \u2013 n\u01a1i s\u1ef1 \u0111\u1ed1i l\u1eadp gi\u1eefa n\u00f4ng th\u00f4n y\u00ean b\u00ecnh v\u00e0 \u0111\u00f4 th\u1ecb hi\u1ec7n \u0111\u1ea1i h\u00f2a quy\u1ec7n ho\u00e0n h\u1ea3o. \u0110\u00e2y l\u00e0 b\u1ea3n \u0111\u1ed3 d\u00e0y \u0111\u1eb7c nh\u1ea5t c\u1ee7a Horizon t\u1eeb tr\u01b0\u1edbc \u0111\u1ebfn nay, v\u1edbi \u0111\u1ecba h\u00ecnh \u0111a t\u1ea7ng, nhi\u1ec1u h\u1ec7 sinh th\u00e1i v\u00e0 v\u00f4 s\u1ed1 cung \u0111\u01b0\u1eddng \u0111\u1ec9nh cao.<\/span><\/p>\n<p data-start=\"954\" data-end=\"1197\"><span style=\"font-size: 14pt;\">D\u1ea1o quanh v\u00f9ng ngo\u1ea1i \u00f4, lao v\u00e0o nh\u1eefng con ph\u1ed1 trung t\u00e2m mang t\u00ednh bi\u1ec3u t\u01b0\u1ee3ng, ho\u1eb7c th\u1eed th\u00e1ch b\u1ea3n th\u00e2n t\u1ea1i khu c\u1ea3ng v\u00e0 khu c\u00f4ng nghi\u1ec7p c\u1ee7a <strong data-start=\"1092\" data-end=\"1101\">Tokyo<\/strong> \u2013 khu \u0111\u00f4 th\u1ecb l\u1edbn nh\u1ea5t t\u1eebng xu\u1ea5t hi\u1ec7n trong d\u00f2ng game Horizon, thi\u00ean \u0111\u01b0\u1eddng cho m\u1ecdi t\u00edn \u0111\u1ed3 xe c\u1ed9.<\/span><\/p>\n<p class=\"bb_paragraph\"><span class=\"bb_img_ctn\" style=\"font-size: 14pt;\"><video class=\"bb_img\" poster=\"https:\/\/shared.fastly.steamstatic.com\/store_item_assets\/steam\/apps\/2483190\/extras\/e4f6b8df4e862b3b817cc3fb8d56f5f3.poster.avif?t=1776732396\" autoplay=\"autoplay\" loop=\"loop\" muted=\"\" width=\"1170\" height=\"300\"><source src=\"https:\/\/shared.fastly.steamstatic.com\/store_item_assets\/steam\/apps\/2483190\/extras\/e4f6b8df4e862b3b817cc3fb8d56f5f3.webm?t=1776732396\" type=\"video\/webm; codecs=vp9\" \/><source src=\"https:\/\/shared.fastly.steamstatic.com\/store_item_assets\/steam\/apps\/2483190\/extras\/e4f6b8df4e862b3b817cc3fb8d56f5f3.mp4?t=1776732396\" type=\"video\/mp4\" \/><\/video><\/span><\/p>\n<div class=\"bb_img_icons\">\n<div class=\"bb_img_play_pause playing\" role=\"button\" data-panel=\"{&quot;focusable&quot;:true,&quot;clickOnActivate&quot;:true}\" data-tooltip=\"Tr\u00ecnh duy\u1ec7t c\u1ee7a b\u1ea1n \u0111\u00e3 b\u1eadt thi\u1ebft l\u1eadp gi\u1ea3m chuy\u1ec3n \u0111\u1ed9ng tr\u00ean m\u00e0n h\u00ecnh, n\u00ean \u1ea3nh \u0111\u1ed9ng n\u00e0y s\u1ebd m\u1eb7c \u0111\u1ecbnh t\u1ea1m d\u1eebng.\" data-tooltip-visible=\"false\"><span style=\"font-size: 14pt;\"><strong>\u0110\u1eaeM CH\u00ccM TRONG V\u0102N H\u00d3A XE H\u01a0I NH\u1eacT B\u1ea2N<\/strong><\/span><\/div>\n<\/div>\n<p data-start=\"1247\" data-end=\"1456\"><span style=\"font-size: 14pt;\">C\u1ea7m l\u00e1i h\u01a1n <strong data-start=\"1259\" data-end=\"1283\">550 chi\u1ebfc xe c\u00f3 th\u1eadt<\/strong>, bao g\u1ed3m nh\u1eefng huy\u1ec1n tho\u1ea1i <strong data-start=\"1311\" data-end=\"1318\">JDM<\/strong> \u0111\u01b0\u1ee3c fan y\u00eau th\u00edch. \u00c2m thanh \u0111\u1ed9ng c\u01a1 \u0111\u01b0\u1ee3c n\u00e2ng c\u1ea5p c\u1ef1c k\u1ef3 ch\u00e2n th\u1ef1c, c\u00f9ng animation \u0111\u00e1nh l\u00e1i m\u1edbi v\u1edbi g\u00f3c quay v\u00f4 l\u0103ng l\u00ean \u0111\u1ebfn <strong data-start=\"1445\" data-end=\"1455\">540 \u0111\u1ed9<\/strong>.<\/span><\/p>\n<p data-start=\"1458\" data-end=\"1507\"><span style=\"font-size: 14pt;\">Trong h\u00e0nh tr\u00ecnh kh\u00e1m ph\u00e1 Nh\u1eadt B\u1ea3n, b\u1ea1n c\u00f3 th\u1ec3:<\/span><\/p>\n<ul data-start=\"1508\" data-end=\"1643\">\n<li data-section-id=\"1egyoe4\" data-start=\"1508\" data-end=\"1571\"><span style=\"font-size: 14pt;\">S\u01b0u t\u1ea7m c\u00e1c phi\u00ean b\u1ea3n <strong data-start=\"1532\" data-end=\"1549\">Forza Edition<\/strong> v\u1edbi \u0111\u1ed9 ch\u1ebf c\u1ef1c ch\u1ea5t<\/span><\/li>\n<li data-section-id=\"1j8rsh8\" data-start=\"1572\" data-end=\"1643\"><span style=\"font-size: 14pt;\">T\u00ecm ki\u1ebfm nh\u1eefng chi\u1ebfc <strong data-start=\"1595\" data-end=\"1615\">Aftermarket Cars<\/strong> hi\u1ebfm \u0111\u1ec3 l\u00e1i th\u1eed v\u00e0 s\u1edf h\u1eefu<\/span><\/li>\n<\/ul>\n<p data-start=\"1645\" data-end=\"1829\"><span style=\"font-size: 14pt;\">Tr\u00ean con \u0111\u01b0\u1eddng kh\u1eb3ng \u0111\u1ecbnh t\u00ean tu\u1ed5i, b\u1ea1n s\u1ebd g\u1eb7p g\u1ee1 c\u00e1c huy\u1ec1n tho\u1ea1i c\u1ee7a Horizon Festival, tham gia c\u00e1c tr\u1eadn <strong data-start=\"1751\" data-end=\"1767\">Touge Battle<\/strong> v\u00e0 tr\u1ea3i nghi\u1ec7m nh\u1eefng c\u00e2u chuy\u1ec7n \u0111\u1eadm ch\u1ea5t v\u0103n h\u00f3a xe h\u01a1i Nh\u1eadt.<\/span><\/p>\n<p class=\"bb_paragraph\"><span class=\"bb_img_ctn\" style=\"font-size: 14pt;\"><video class=\"bb_img\" poster=\"https:\/\/shared.fastly.steamstatic.com\/store_item_assets\/steam\/apps\/2483190\/extras\/6377e3da584cbb16c9d24299399343d3.poster.avif?t=1776732396\" autoplay=\"autoplay\" loop=\"loop\" muted=\"\" width=\"1170\" height=\"300\"><source src=\"https:\/\/shared.fastly.steamstatic.com\/store_item_assets\/steam\/apps\/2483190\/extras\/6377e3da584cbb16c9d24299399343d3.webm?t=1776732396\" type=\"video\/webm; codecs=vp9\" \/><source src=\"https:\/\/shared.fastly.steamstatic.com\/store_item_assets\/steam\/apps\/2483190\/extras\/6377e3da584cbb16c9d24299399343d3.mp4?t=1776732396\" type=\"video\/mp4\" \/><\/video><\/span><\/p>\n<div class=\"bb_img_icons\">\n<h2 data-section-id=\"uy6afu\" data-start=\"1836\" data-end=\"1867\"><span style=\"font-size: 14pt;\">\u0110UA XE V\u00c0 KH\u00c1M PH\u00c1 N\u01af\u1edaC NH\u1eacT<\/span><\/h2>\n<\/div>\n<p data-start=\"1869\" data-end=\"1997\"><span style=\"font-size: 14pt;\">Trong <strong data-start=\"1875\" data-end=\"1894\">Forza Horizon 6<\/strong>, b\u1ea1n s\u1ebd tham gia chi\u1ebfn d\u1ecbch kh\u00e1m ph\u00e1 r\u1ed9ng l\u1edbn k\u1ebft h\u1ee3p \u0111ua xe l\u1ec5 h\u1ed9i, ch\u01a1i solo ho\u1eb7c co-op c\u00f9ng b\u1ea1n b\u00e8.<\/span><\/p>\n<p data-start=\"1999\" data-end=\"2187\"><span style=\"font-size: 14pt;\">B\u1eaft \u0111\u1ea7u l\u00e0 m\u1ed9t kh\u00e1ch du l\u1ecbch, b\u1ea1n ph\u1ea3i ch\u1ee9ng minh b\u1ea3n th\u00e2n \u0111\u1ec3 gia nh\u1eadp Horizon Festival v\u1edbi t\u01b0 c\u00e1ch tay \u0111ua t\u00e2n binh. V\u1eeba kh\u00e1m ph\u00e1 Nh\u1eadt B\u1ea3n, v\u1eeba ho\u00e0n th\u00e0nh <strong data-start=\"2155\" data-end=\"2177\">Collection Journal<\/strong> c\u1ee7a m\u00ecnh.<\/span><\/p>\n<ul data-start=\"2189\" data-end=\"2375\">\n<li data-section-id=\"itgfe5\" data-start=\"2189\" data-end=\"2260\"><span style=\"font-size: 14pt;\">V\u01b0\u1ee3t qua <strong data-start=\"2200\" data-end=\"2224\">Horizon Invitational<\/strong> \u0111\u1ec3 \u0111\u1ee7 \u0111i\u1ec1u ki\u1ec7n tham gia Festival<\/span><\/li>\n<li data-section-id=\"dyz0qt\" data-start=\"2261\" data-end=\"2308\"><span style=\"font-size: 14pt;\">Leo rank qua nh\u1eefng chi\u1ebfc xe ng\u00e0y c\u00e0ng nhanh<\/span><\/li>\n<li data-section-id=\"u1mteu\" data-start=\"2309\" data-end=\"2375\"><span style=\"font-size: 14pt;\">M\u1edf kh\u00f3a c\u00e1c <strong data-start=\"2323\" data-end=\"2336\">Wristband<\/strong> \u0111\u1ec3 ti\u1ebfn t\u1edbi danh hi\u1ec7u Horizon Legend<\/span><\/li>\n<\/ul>\n<p data-start=\"2377\" data-end=\"2489\"><span style=\"font-size: 14pt;\">Khi \u0111\u1ea1t \u0111\u1ebfn \u0111\u1ec9nh cao, b\u1ea1n s\u1ebd m\u1edf kh\u00f3a <strong data-start=\"2414\" data-end=\"2431\">Legend Island<\/strong> \u2013 khu v\u1ef1c \u0111\u1ed9c quy\u1ec1n d\u00e0nh cho nh\u1eefng tay \u0111ua xu\u1ea5t s\u1eafc nh\u1ea5t.<\/span><\/p>\n<p class=\"bb_paragraph\"><span class=\"bb_img_ctn\" style=\"font-size: 14pt;\"><video class=\"bb_img\" poster=\"https:\/\/shared.fastly.steamstatic.com\/store_item_assets\/steam\/apps\/2483190\/extras\/24826f300f27e72e24e66288ccdcd859.poster.avif?t=1776732396\" autoplay=\"autoplay\" loop=\"loop\" muted=\"\" width=\"1170\" height=\"300\"><source src=\"https:\/\/shared.fastly.steamstatic.com\/store_item_assets\/steam\/apps\/2483190\/extras\/24826f300f27e72e24e66288ccdcd859.webm?t=1776732396\" type=\"video\/webm; codecs=vp9\" \/><source src=\"https:\/\/shared.fastly.steamstatic.com\/store_item_assets\/steam\/apps\/2483190\/extras\/24826f300f27e72e24e66288ccdcd859.mp4?t=1776732396\" type=\"video\/mp4\" \/><\/video><\/span><\/p>\n<div class=\"bb_img_icons\">\n<div class=\"bb_img_play_pause playing\" role=\"button\" data-panel=\"{&quot;focusable&quot;:true,&quot;clickOnActivate&quot;:true}\" data-tooltip=\"Tr\u00ecnh duy\u1ec7t c\u1ee7a b\u1ea1n \u0111\u00e3 b\u1eadt thi\u1ebft l\u1eadp gi\u1ea3m chuy\u1ec3n \u0111\u1ed9ng tr\u00ean m\u00e0n h\u00ecnh, n\u00ean \u1ea3nh \u0111\u1ed9ng n\u00e0y s\u1ebd m\u1eb7c \u0111\u1ecbnh t\u1ea1m d\u1eebng.\" data-tooltip-visible=\"false\"><span style=\"font-size: 14pt;\"><strong>BI\u1ebeN C\u1ea2 TH\u1ebe GI\u1edaI TH\u00c0NH C\u1ee6A RI\u00caNG B\u1ea0N<\/strong><\/span><\/div>\n<\/div>\n<p data-start=\"2537\" data-end=\"2729\"><span style=\"font-size: 14pt;\">H\u00e0nh tr\u00ecnh c\u1ee7a b\u1ea1n s\u1ebd m\u1edf ra c\u01a1 h\u1ed9i s\u1edf h\u1eefu nh\u1eefng c\u0103n nh\u00e0 tuy\u1ec7t \u0111\u1eb9p t\u1ea1i Nh\u1eadt, m\u1ed7i c\u0103n \u0111\u1ec1u c\u00f3 garage t\u00f9y ch\u1ec9nh \u0111\u1ec3 b\u1ea1n tr\u01b0ng b\u00e0y b\u1ed9 s\u01b0u t\u1eadp xe theo phong c\u00e1ch ri\u00eang \u2013 ho\u1eb7c t\u1ea3i layout t\u1eeb c\u1ed9ng \u0111\u1ed3ng.<\/span><\/p>\n<p data-start=\"2731\" data-end=\"2846\"><span style=\"font-size: 14pt;\">M\u1edf kh\u00f3a <strong data-start=\"2739\" data-end=\"2749\">Estate<\/strong> \u2013 m\u1ed9t thung l\u0169ng r\u1ed9ng l\u1edbn n\u01a1i b\u1ea1n c\u00f3 th\u1ec3 t\u1ef1 do x\u00e2y d\u1ef1ng g\u1ea7n nh\u01b0 b\u1ea5t c\u1ee9 th\u1ee9 g\u00ec trong th\u1ebf gi\u1edbi m\u1edf.<\/span><\/p>\n<p data-start=\"2848\" data-end=\"2887\"><span style=\"font-size: 14pt;\">Nh\u1eefng chi\u1ebfc xe y\u00eau th\u00edch c\u0169ng c\u00f3 th\u1ec3:<\/span><\/p>\n<ul data-start=\"2888\" data-end=\"2977\">\n<li data-section-id=\"bax5ct\" data-start=\"2888\" data-end=\"2909\"><span style=\"font-size: 14pt;\">N\u00e2ng c\u1ea5p body kit<\/span><\/li>\n<li data-section-id=\"1jc0xoh\" data-start=\"2910\" data-end=\"2934\"><span style=\"font-size: 14pt;\">T\u00f9y ch\u1ec9nh Forza Aero<\/span><\/li>\n<li data-section-id=\"d5oppd\" data-start=\"2935\" data-end=\"2977\"><span style=\"font-size: 14pt;\">S\u01a1n decal, th\u1eadm ch\u00ed v\u1ebd l\u00ean c\u1ea3 c\u1eeda k\u00ednh<\/span><\/li>\n<\/ul>\n<p class=\"bb_paragraph\"><span class=\"bb_img_ctn\" style=\"font-size: 14pt;\"><video class=\"bb_img\" poster=\"https:\/\/shared.fastly.steamstatic.com\/store_item_assets\/steam\/apps\/2483190\/extras\/d86c1d0cee0ce166b2f39c9de60efd36.poster.avif?t=1776732396\" autoplay=\"autoplay\" loop=\"loop\" muted=\"\" width=\"1170\" height=\"300\"><source src=\"https:\/\/shared.fastly.steamstatic.com\/store_item_assets\/steam\/apps\/2483190\/extras\/d86c1d0cee0ce166b2f39c9de60efd36.webm?t=1776732396\" type=\"video\/webm; codecs=vp9\" \/><source src=\"https:\/\/shared.fastly.steamstatic.com\/store_item_assets\/steam\/apps\/2483190\/extras\/d86c1d0cee0ce166b2f39c9de60efd36.mp4?t=1776732396\" type=\"video\/mp4\" \/><\/video><\/span><\/p>\n<div class=\"bb_img_icons\">\n<div class=\"bb_img_play_pause playing\" role=\"button\" data-panel=\"{&quot;focusable&quot;:true,&quot;clickOnActivate&quot;:true}\" data-tooltip=\"Tr\u00ecnh duy\u1ec7t c\u1ee7a b\u1ea1n \u0111\u00e3 b\u1eadt thi\u1ebft l\u1eadp gi\u1ea3m chuy\u1ec3n \u0111\u1ed9ng tr\u00ean m\u00e0n h\u00ecnh, n\u00ean \u1ea3nh \u0111\u1ed9ng n\u00e0y s\u1ebd m\u1eb7c \u0111\u1ecbnh t\u1ea1m d\u1eebng.\" data-tooltip-visible=\"false\"><span style=\"font-size: 14pt;\"><strong>K\u1ebeT N\u1ed0I C\u1ed8NG \u0110\u1ed2NG \u2013 CH\u01a0I C\u00c0NG \u0110\u00d4NG C\u00c0NG VUI<\/strong><\/span><\/div>\n<\/div>\n<p data-start=\"3032\" data-end=\"3091\"><span style=\"font-size: 14pt;\">Horizon Festival lu\u00f4n tuy\u1ec7t v\u1eddi h\u01a1n khi ch\u01a1i c\u00f9ng b\u1ea1n b\u00e8.<\/span><\/p>\n<p data-start=\"3093\" data-end=\"3118\"><span style=\"font-size: 14pt;\">Tham gia li\u1ec1n m\u1ea1ch v\u00e0o:<\/span><\/p>\n<ul data-start=\"3119\" data-end=\"3187\">\n<li data-section-id=\"kf3jit\" data-start=\"3119\" data-end=\"3138\"><span style=\"font-size: 14pt;\"><strong data-start=\"3121\" data-end=\"3136\">Time Attack<\/strong><\/span><\/li>\n<li data-section-id=\"6rdv6p\" data-start=\"3139\" data-end=\"3156\"><span style=\"font-size: 14pt;\"><strong data-start=\"3141\" data-end=\"3154\">Drag Meet<\/strong><\/span><\/li>\n<li data-section-id=\"1oui0dr\" data-start=\"3157\" data-end=\"3187\"><span style=\"font-size: 14pt;\"><strong data-start=\"3159\" data-end=\"3171\">Car Meet<\/strong> \u0111\u1ec3 khoe xe \u0111\u1ed9<\/span><\/li>\n<\/ul>\n<p data-start=\"3189\" data-end=\"3374\"><span style=\"font-size: 14pt;\">H\u1ee3p t\u00e1c v\u1edbi ng\u01b0\u1eddi ch\u01a1i kh\u00e1c \u0111\u1ec3 m\u1edf k\u1ef9 n\u0103ng <strong data-start=\"3231\" data-end=\"3239\">LINK<\/strong>, thi \u0111\u1ea5u trong c\u00e1c gi\u1ea3i <strong data-start=\"3264\" data-end=\"3279\">Spec Racing<\/strong>, ho\u1eb7c tr\u1ea3i nghi\u1ec7m c\u00e1c mode quen thu\u1ed9c nh\u01b0 <strong data-start=\"3322\" data-end=\"3340\">The Eliminator<\/strong> v\u00e0 <strong data-start=\"3344\" data-end=\"3359\">Hide & Seek<\/strong> \u0111\u1ea7y k\u1ecbch t\u00ednh.<\/span><\/p>\n<p class=\"bb_paragraph\"><span class=\"bb_img_ctn\" style=\"font-size: 14pt;\"><video class=\"bb_img\" poster=\"https:\/\/shared.fastly.steamstatic.com\/store_item_assets\/steam\/apps\/2483190\/extras\/0eab7f774f72b5d8a3ccbb40a490cb34.poster.avif?t=1776732396\" autoplay=\"autoplay\" loop=\"loop\" muted=\"\" width=\"1170\" height=\"300\"><source src=\"https:\/\/shared.fastly.steamstatic.com\/store_item_assets\/steam\/apps\/2483190\/extras\/0eab7f774f72b5d8a3ccbb40a490cb34.webm?t=1776732396\" type=\"video\/webm; codecs=vp9\" \/><source src=\"https:\/\/shared.fastly.steamstatic.com\/store_item_assets\/steam\/apps\/2483190\/extras\/0eab7f774f72b5d8a3ccbb40a490cb34.mp4?t=1776732396\" type=\"video\/mp4\" \/><\/video><\/span><\/p>\n<div class=\"bb_img_icons\">\n<div class=\"bb_img_play_pause playing\" role=\"button\" data-panel=\"{&quot;focusable&quot;:true,&quot;clickOnActivate&quot;:true}\" data-tooltip=\"Tr\u00ecnh duy\u1ec7t c\u1ee7a b\u1ea1n \u0111\u00e3 b\u1eadt thi\u1ebft l\u1eadp gi\u1ea3m chuy\u1ec3n \u0111\u1ed9ng tr\u00ean m\u00e0n h\u00ecnh, n\u00ean \u1ea3nh \u0111\u1ed9ng n\u00e0y s\u1ebd m\u1eb7c \u0111\u1ecbnh t\u1ea1m d\u1eebng.\" data-tooltip-visible=\"false\"><span style=\"font-size: 14pt;\"><strong>S\u00c1NG T\u1ea0O KH\u00d4NG GI\u1edaI H\u1ea0N<\/strong><\/span><\/div>\n<\/div>\n<p data-start=\"3409\" data-end=\"3540\"><span style=\"font-size: 14pt;\">T\u1ea1o ra nh\u1eefng s\u1ef1 ki\u1ec7n \u0111\u1ed9c \u0111\u00e1o \u1edf b\u1ea5t k\u1ef3 \u0111\u00e2u tr\u00ean \u0111\u1ea5t Nh\u1eadt v\u1edbi <strong data-start=\"3469\" data-end=\"3478\">CoLab<\/strong> \u2013 phi\u00ean b\u1ea3n n\u00e2ng c\u1ea5p c\u1ee7a EventLab, gi\u1edd \u0111\u00e3 h\u1ed7 tr\u1ee3 multiplayer.<\/span><\/p>\n<p data-start=\"3542\" data-end=\"3555\"><span style=\"font-size: 14pt;\">B\u1ea1n c\u00f3 th\u1ec3:<\/span><\/p>\n<ul data-start=\"3556\" data-end=\"3704\">\n<li data-section-id=\"pobdpb\" data-start=\"3556\" data-end=\"3591\"><span style=\"font-size: 14pt;\">X\u00e2y d\u1ef1ng map, event c\u00f9ng b\u1ea1n b\u00e8<\/span><\/li>\n<li data-section-id=\"w3bara\" data-start=\"3592\" data-end=\"3637\"><span style=\"font-size: 14pt;\">Chia s\u1ebb \u201ct\u00e1c ph\u1ea9m\u201d c\u1ee7a m\u00ecnh cho c\u1ed9ng \u0111\u1ed3ng<\/span><\/li>\n<li data-section-id=\"bxdsge\" data-start=\"3638\" data-end=\"3704\"><span style=\"font-size: 14pt;\">Tr\u1ea3i nghi\u1ec7m kho n\u1ed9i dung m\u1edbi li\u00ean t\u1ee5c \u0111\u01b0\u1ee3c ng\u01b0\u1eddi ch\u01a1i s\u00e1ng t\u1ea1o<\/span><\/li>\n<\/ul>\n<p class=\"bb_paragraph\"><span class=\"bb_img_ctn\" style=\"font-size: 14pt;\"><video class=\"bb_img\" poster=\"https:\/\/shared.fastly.steamstatic.com\/store_item_assets\/steam\/apps\/2483190\/extras\/bd3b4776afc6509b9a593415907a356f.poster.avif?t=1776732396\" autoplay=\"autoplay\" loop=\"loop\" muted=\"\" width=\"1170\" height=\"300\"><source src=\"https:\/\/shared.fastly.steamstatic.com\/store_item_assets\/steam\/apps\/2483190\/extras\/bd3b4776afc6509b9a593415907a356f.webm?t=1776732396\" type=\"video\/webm; codecs=vp9\" \/><source src=\"https:\/\/shared.fastly.steamstatic.com\/store_item_assets\/steam\/apps\/2483190\/extras\/bd3b4776afc6509b9a593415907a356f.mp4?t=1776732396\" type=\"video\/mp4\" \/><\/video><\/span><\/p>\n<div class=\"bb_img_icons\">\n<div class=\"bb_img_play_pause playing\" role=\"button\" data-panel=\"{&quot;focusable&quot;:true,&quot;clickOnActivate&quot;:true}\" data-tooltip=\"Tr\u00ecnh duy\u1ec7t c\u1ee7a b\u1ea1n \u0111\u00e3 b\u1eadt thi\u1ebft l\u1eadp gi\u1ea3m chuy\u1ec3n \u0111\u1ed9ng tr\u00ean m\u00e0n h\u00ecnh, n\u00ean \u1ea3nh \u0111\u1ed9ng n\u00e0y s\u1ebd m\u1eb7c \u0111\u1ecbnh t\u1ea1m d\u1eebng.\" data-tooltip-visible=\"false\"><span style=\"font-size: 14pt;\"><strong>M\u1ed8T FESTIVAL CHO M\u1eccI GAME TH\u1ee6<\/strong><\/span><\/div>\n<\/div>\n<p data-start=\"3745\" data-end=\"3838\"><span style=\"font-size: 14pt;\">\u0110\u00e2y l\u00e0 phi\u00ean b\u1ea3n Horizon d\u1ec5 ti\u1ebfp c\u1eadn nh\u1ea5t t\u1eeb tr\u01b0\u1edbc \u0111\u1ebfn nay. Game h\u1ed7 tr\u1ee3 nhi\u1ec1u t\u00f9y ch\u1ecdn nh\u01b0:<\/span><\/p>\n<ul data-start=\"3839\" data-end=\"4005\">\n<li data-section-id=\"xt345c\" data-start=\"3839\" data-end=\"3864\"><span style=\"font-size: 14pt;\">Ch\u1ebf \u0111\u1ed9 t\u01b0\u01a1ng ph\u1ea3n cao<\/span><\/li>\n<li data-section-id=\"11tqzcu\" data-start=\"3865\" data-end=\"3889\"><span style=\"font-size: 14pt;\">Radar kho\u1ea3ng c\u00e1ch xe<\/span><\/li>\n<li data-section-id=\"bwc8pd\" data-start=\"3890\" data-end=\"3928\"><span style=\"font-size: 14pt;\">Ng\u00f4n ng\u1eef k\u00fd hi\u1ec7u (s\u1ebd c\u1eadp nh\u1eadt sau)<\/span><\/li>\n<li data-section-id=\"azjrc0\" data-start=\"3929\" data-end=\"4005\"><span style=\"font-size: 14pt;\"><strong data-start=\"3931\" data-end=\"3944\">AutoDrive<\/strong> gi\u00fap b\u1ea1n t\u1eadn h\u01b0\u1edfng c\u1ea3nh \u0111\u1eb9p v\u00e0 \u00e2m nh\u1ea1c m\u00e0 kh\u00f4ng c\u1ea7n t\u1ef1 l\u00e1i<\/span><\/li>\n<\/ul>\n<p class=\"bb_paragraph\">\n<p class=\"bb_paragraph\"><span style=\"font-size: 14pt;\">\ud83d\udd25 <strong data-start=\"4015\" data-end=\"4124\">Kh\u00e1m ph\u00e1 huy\u1ec1n tho\u1ea1i c\u1ee7a ri\u00eang b\u1ea1n \u2013 tr\u1ea3i nghi\u1ec7m s\u1ef1 \u0111\u1ed1i l\u1eadp v\u00e0 v\u0103n h\u00f3a \u0111\u1ed9c \u0111\u00e1o c\u1ee7a Nh\u1eadt B\u1ea3n ngay h\u00f4m nay!<\/strong> \ud83d\ude97\ud83d\udca8<\/span><\/p>\n<p>&nbsp;<\/p>\n<\/div>\n<\/div>\n<h2>Y\u00eau c\u1ea7u h\u1ec7 th\u1ed1ng<\/h2>\n<div class=\"sysreq_contents\">\n<div class=\"game_area_sys_req sysreq_content active\" data-os=\"win\">\n<div class=\"game_area_sys_req_leftCol\"><span style=\"font-size: 14pt;\"><strong>T\u1ed1i thi\u1ec3u:<\/strong><\/span><\/p>\n<ul>\n<li style=\"list-style-type: none;\">\n<ul class=\"bb_ul\">\n<li><span style=\"font-size: 14pt;\">Y\u00eau c\u1ea7u vi x\u1eed l\u00fd v\u00e0 h\u1ec7 \u0111i\u1ec1u h\u00e0nh \u0111\u1ec1u ch\u1ea1y 64-bit<\/span><\/li>\n<li><span style=\"font-size: 14pt;\"><strong>H\u0110H:<\/strong>\u00a0Windows 10 22H2 (version 19045) or higher<\/span><\/li>\n<li><span style=\"font-size: 14pt;\"><strong>B\u1ed9 x\u1eed l\u00fd:<\/strong>\u00a0Intel i5-8400 OR AMD Ryzen 5 1600<\/span><\/li>\n<li><span style=\"font-size: 14pt;\"><strong>B\u1ed9 nh\u1edb:<\/strong>\u00a016 GB RAM<\/span><\/li>\n<li><span style=\"font-size: 14pt;\"><strong>\u0110\u1ed3 h\u1ecda:<\/strong>\u00a0Nvidia GTX 1650 OR AMD RX 6500 XT OR Intel Arc A380<\/span><\/li>\n<li><span style=\"font-size: 14pt;\"><strong>DirectX:<\/strong>\u00a0Phi\u00ean b\u1ea3n 12<\/span><\/li>\n<li><span style=\"font-size: 14pt;\"><strong>K\u1ebft n\u1ed1i:<\/strong>\u00a0C\u00e1p m\u1ea1ng Internet<\/span><\/li>\n<li><span style=\"font-size: 14pt;\"><strong>Ghi ch\u00fa th\u00eam:<\/strong>\u00a0SSD Required<\/span><\/li>\n<\/ul>\n<\/li>\n<\/ul>\n<\/div>\n<div class=\"game_area_sys_req_rightCol\"><span style=\"font-size: 14pt;\"><strong>Khuy\u1ebfn ngh\u1ecb:<\/strong><\/span><\/p>\n<ul>\n<li style=\"list-style-type: none;\">\n<ul class=\"bb_ul\">\n<li><span style=\"font-size: 14pt;\">Y\u00eau c\u1ea7u vi x\u1eed l\u00fd v\u00e0 h\u1ec7 \u0111i\u1ec1u h\u00e0nh \u0111\u1ec1u ch\u1ea1y 64-bit<\/span><\/li>\n<li><span style=\"font-size: 14pt;\"><strong>H\u0110H:<\/strong>\u00a0Windows 10 22H2 (version 19045) or higher<\/span><\/li>\n<li><span style=\"font-size: 14pt;\"><strong>B\u1ed9 x\u1eed l\u00fd:<\/strong>\u00a0Intel i5-12400F OR AMD Ryzen 5 5600X<\/span><\/li>\n<li><span style=\"font-size: 14pt;\"><strong>B\u1ed9 nh\u1edb:<\/strong>\u00a016 GB RAM<\/span><\/li>\n<li><span style=\"font-size: 14pt;\"><strong>\u0110\u1ed3 h\u1ecda:<\/strong>\u00a0NVIDIA RTX 3060 Ti OR AMD RX 6700 XT OR Intel Arc A580<\/span><\/li>\n<li><span style=\"font-size: 14pt;\"><strong>DirectX:<\/strong>\u00a0Phi\u00ean b\u1ea3n 12<\/span><\/li>\n<li><span style=\"font-size: 14pt;\"><strong>K\u1ebft n\u1ed1i:<\/strong>\u00a0C\u00e1p m\u1ea1ng Internet<\/span><\/li>\n<li><span style=\"font-size: 14pt;\"><strong>Ghi ch\u00fa th\u00eam:<\/strong>\u00a0SSD Required<\/span><\/li>\n<\/ul>\n<\/li>\n<\/ul>\n<\/div>\n<\/div>\n<\/div>","protected":false},"excerpt":{"rendered":"<p>Game Ra M\u1eaft 15-05 T\u1ea3i v\u00e0 ch\u01a1i Game Tr\u1ef1c ti\u1ebfp \u1edf Steam, C\u00f3 Update Ch\u01a1i Offline v\u00e0 c\u00f3 Save Game<\/p>","protected":false},"featured_media":34681,"comment_status":"open","ping_status":"closed","template":"","meta":[],"product_brand":[],"product_cat":[114,157,92,131],"product_tag":[],"class_list":{"0":"post-35561","1":"product","2":"type-product","3":"status-publish","4":"has-post-thumbnail","6":"product_cat-game-steam-ea-ubisoft","7":"product_cat-combo-nhieu-game","8":"product_cat-game-offline","9":"product_cat-game-online","11":"first","12":"instock","13":"sale","14":"downloadable","15":"virtual","16":"purchasable","17":"product-type-simple"},"_links":{"self":[{"href":"https:\/\/gameladeshop.com\/en\/wp-json\/wp\/v2\/product\/35561","targetHints":{"allow":["GET"]}}],"collection":[{"href":"https:\/\/gameladeshop.com\/en\/wp-json\/wp\/v2\/product"}],"about":[{"href":"https:\/\/gameladeshop.com\/en\/wp-json\/wp\/v2\/types\/product"}],"replies":[{"embeddable":true,"href":"https:\/\/gameladeshop.com\/en\/wp-json\/wp\/v2\/comments?post=35561"}],"version-history":[{"count":0,"href":"https:\/\/gameladeshop.com\/en\/wp-json\/wp\/v2\/product\/35561\/revisions"}],"wp:featuredmedia":[{"embeddable":true,"href":"https:\/\/gameladeshop.com\/en\/wp-json\/wp\/v2\/media\/34681"}],"wp:attachment":[{"href":"https:\/\/gameladeshop.com\/en\/wp-json\/wp\/v2\/media?parent=35561"}],"wp:term":[{"taxonomy":"product_brand","embeddable":true,"href":"https:\/\/gameladeshop.com\/en\/wp-json\/wp\/v2\/product_brand?post=35561"},{"taxonomy":"product_cat","embeddable":true,"href":"https:\/\/gameladeshop.com\/en\/wp-json\/wp\/v2\/product_cat?post=35561"},{"taxonomy":"product_tag","embeddable":true,"href":"https:\/\/gameladeshop.com\/en\/wp-json\/wp\/v2\/product_tag?post=35561"}],"curies":[{"name":"wp","href":"https:\/\/api.w.org\/{rel}","templated":true}]}}