{"id":35065,"date":"2026-04-18T08:01:38","date_gmt":"2026-04-18T08:01:38","guid":{"rendered":"https:\/\/gameladeshop.com\/?post_type=product&#038;p=35065"},"modified":"2026-04-18T08:01:38","modified_gmt":"2026-04-18T08:01:38","slug":"replaced-supporter-edition-tai-khoan-steam-offline","status":"publish","type":"product","link":"https:\/\/gameladeshop.com\/en\/replaced-supporter-edition-tai-khoan-steam-offline\/","title":{"rendered":"REPLACED &#8211; Supporter Edition T\u00e0i Kho\u1ea3n Steam Offline"},"content":{"rendered":"<ul>\n<li aria-level=\"1\"><span style=\"font-size: 14pt;\">T\u00e0i kho\u1ea3n \u0111\u01b0\u1ee3c g\u1eedi v\u1ec1 Mail ngay sau khi thanh to\u00e1n<\/span><\/li>\n<li aria-level=\"1\"><span style=\"font-size: 14pt;\">T\u1ea3i v\u00e0 ch\u01a1i Game Tr\u1ef1c ti\u1ebfp \u1edf EA, C\u00f3 Update<\/span><\/li>\n<li aria-level=\"1\"><span style=\"font-size: 14pt;\">Ch\u01a1i Offline v\u00e0 c\u00f3 Save Game ri\u00eang<\/span><\/li>\n<li aria-level=\"1\"><span style=\"font-size: 14pt;\">Ch\u01a1i v\u0129nh vi\u1ec5n kh\u00f4ng c\u00f3 th\u1eddi h\u1ea1n<\/span><\/li>\n<li aria-level=\"1\"><span style=\"font-size: 14pt;\">R\u1ebb h\u01a1n Steam h\u01a1n 90%, C\u1ed1t truy\u1ec7n Game \u0111\u1ea7y \u0111\u1ee7<\/span><\/li>\n<li aria-level=\"1\"><span style=\"font-size: 14pt;\">C\u00f3 th\u1ec3 c\u00e0i th\u00eam Trainer, Mod Game, Vi\u1ec7t H\u00f3a<\/span><\/li>\n<li aria-level=\"1\"><span style=\"font-size: 14pt;\">B\u1ea3o H\u00e0nh n\u1ebfu t\u00e0i kho\u1ea3n c\u00f3 l\u1ed7i<\/span><\/li>\n<li aria-level=\"1\"><span style=\"font-size: 14pt;\">H\u01b0\u1edbng d\u1eabn v\u00e0 b\u1ea3o h\u00e0nh su\u1ed1t qu\u00e1 tr\u00ecnh ch\u01a1i Game<\/span><\/li>\n<\/ul>\n<div id=\"game_area_description\" class=\"game_area_description\">\n<h2><span style=\"font-size: 14pt;\">V\u1ec1 tr\u00f2 ch\u01a1i n\u00e0y<\/span><\/h2>\n<p>&nbsp;<\/p>\n<p class=\"bb_paragraph\" style=\"text-align: center;\"><span class=\"bb_img_ctn\" style=\"font-size: 14pt;\"><video class=\"bb_img\" poster=\"https:\/\/shared.fastly.steamstatic.com\/store_item_assets\/steam\/apps\/1663850\/extras\/a2472052e62a439162623432d296702d.poster.avif?t=1776438408\" autoplay=\"autoplay\" loop=\"loop\" muted=\"\" width=\"616\" height=\"200\"><source src=\"https:\/\/shared.fastly.steamstatic.com\/store_item_assets\/steam\/apps\/1663850\/extras\/a2472052e62a439162623432d296702d.webm?t=1776438408\" type=\"video\/webm; codecs=vp9\" \/><source src=\"https:\/\/shared.fastly.steamstatic.com\/store_item_assets\/steam\/apps\/1663850\/extras\/a2472052e62a439162623432d296702d.mp4?t=1776438408\" type=\"video\/mp4\" \/><\/video><\/span><\/p>\n<div class=\"bb_img_icons\">\n<div class=\"bb_img_play_pause playing\" role=\"button\" data-panel=\"{&quot;focusable&quot;:true,&quot;clickOnActivate&quot;:true}\" data-tooltip=\"Tr\u00ecnh duy\u1ec7t c\u1ee7a b\u1ea1n \u0111\u00e3 b\u1eadt thi\u1ebft l\u1eadp gi\u1ea3m chuy\u1ec3n \u0111\u1ed9ng tr\u00ean m\u00e0n h\u00ecnh, n\u00ean \u1ea3nh \u0111\u1ed9ng n\u00e0y s\u1ebd m\u1eb7c \u0111\u1ecbnh t\u1ea1m d\u1eebng.\" data-tooltip-visible=\"false\">\n<div class=\"flex max-w-full flex-col gap-4 grow\">\n<div class=\"min-h-8 text-message relative flex w-full flex-col items-end gap-2 text-start break-words whitespace-normal outline-none keyboard-focused:focus-ring [.text-message+&]:mt-1\" dir=\"auto\" tabindex=\"0\" data-message-author-role=\"assistant\" data-message-id=\"b732ff0d-936b-4ecf-90dd-95fbc62a4bca\" data-message-model-slug=\"gpt-5-3\" data-turn-start-message=\"true\">\n<div class=\"flex w-full flex-col gap-1 empty:hidden\">\n<div class=\"markdown prose dark:prose-invert w-full wrap-break-word dark markdown-new-styling\">\n<p data-start=\"0\" data-end=\"556\"><span style=\"font-size: 14pt;\"><strong data-start=\"0\" data-end=\"57\">Kh\u00e1m ph\u00e1 nh\u1eefng b\u00ed m\u1eadt \u0111en t\u1ed1i c\u1ee7a Phoenix Corporation<\/strong> qua g\u00f3c nh\u00ecn c\u1ee7a ch\u00ednh \u201cs\u1ea3n ph\u1ea9m\u201d do h\u1ecd t\u1ea1o ra \u2013 R.E.A.C.H., m\u1ed9t AI b\u1ecb nh\u1ed1t trong c\u01a1 th\u1ec3 con ng\u01b0\u1eddi tr\u00e1i v\u1edbi \u00fd mu\u1ed1n. Trong b\u1ed1i c\u1ea3nh n\u01b0\u1edbc M\u1ef9 th\u1eadp ni\u00ean 1980 \u1edf m\u1ed9t d\u00f2ng th\u1eddi gian kh\u00e1c, n\u01a1i th\u1ebf gi\u1edbi b\u1ecb bi\u1ebfn d\u1ea1ng b\u1edfi th\u1ea3m h\u1ecda h\u1ea1t nh\u00e2n, Phoenix-City tr\u1edf th\u00e0nh th\u00e0nh tr\u00ec c\u1ee7a t\u1eadp \u0111o\u00e0n \u2013 thi\u00ean \u0111\u01b0\u1eddng c\u1ee7a tham nh\u0169ng, n\u01a1i t\u1ed9i ph\u1ea1m ho\u00e0nh h\u00e0nh v\u00e0 m\u1ea1ng ng\u01b0\u1eddi b\u1ecb \u0111em ra trao \u0111\u1ed5i nh\u01b0 ti\u1ec1n t\u1ec7. H\u00f3a th\u00e2n th\u00e0nh R.E.A.C.H., v\u1ea1ch tr\u1ea7n \u00e2m m\u01b0u \u1ea9n gi\u1ea5u c\u1ee7a Corporation v\u00e0 kh\u00e1m ph\u00e1 l\u00fd do th\u1ef1c s\u1ef1 \u0111\u1eb1ng sau s\u1ef1 t\u1ed3n t\u1ea1i c\u1ee7a b\u1ea1n.<\/span><\/p>\n<p data-start=\"558\" data-end=\"1012\"><span style=\"font-size: 14pt;\"><strong data-start=\"558\" data-end=\"570\">REPLACED<\/strong> l\u00e0 t\u1ef1a game h\u00e0nh \u0111\u1ed9ng platformer 2.5D \u0111\u1eadm ch\u1ea5t \u0111i\u1ec7n \u1ea3nh, pha tr\u1ed9n c\u00e2u chuy\u1ec7n cyberpunk ngh\u1eb9t th\u1edf. Ch\u1ea1y, leo tr\u00e8o v\u00e0 chi\u1ebfn \u0111\u1ea5u xuy\u00ean qua nh\u1eefng khu ph\u1ed1 \u0111\u1ed5 n\u00e1t, b\u00e3i c\u00f4ng nghi\u1ec7p hoang t\u00e0n v\u00e0 c\u00e1c con h\u1ebbm neon r\u1ef1c r\u1ee1 v\u1edbi chuy\u1ec3n \u0111\u1ed9ng m\u01b0\u1ee3t m\u00e0 v\u00e0 combat nhanh, \u0111\u00e3 tay. K\u1ebft h\u1ee3p combo c\u1eadn chi\u1ebfn ch\u00ednh x\u00e1c v\u1edbi c\u00e1c \u0111\u00f2n \u0111\u00e1nh t\u1ea7m xa \u201c\u0111\u00e3 n\u1ed5 n\u00e3o\u201d \u0111\u1ec3 h\u1ea1 g\u1ee5c k\u1ebb \u0111\u1ecbch trong nh\u1eefng pha giao tranh c\u0103ng c\u1ef1c, \u0111\u1ed3ng th\u1eddi gi\u1eef nh\u1ecbp kh\u00e1m ph\u00e1 li\u00ean t\u1ee5c kh\u00f4ng b\u1ecb \u0111\u1ee9t qu\u00e3ng.<\/span><\/p>\n<p data-start=\"1014\" data-end=\"1399\"><span style=\"font-size: 14pt;\">Khi R.E.A.C.H. d\u1ea7n ph\u1ea3i \u0111\u1ed1i m\u1eb7t v\u1edbi nh\u1eefng b\u1ea3n n\u0103ng con ng\u01b0\u1eddi xa l\u1ea1 v\u00e0 g\u00e1nh n\u1eb7ng c\u1ea3m x\u00fac, c\u00e1c th\u1ebf l\u1ef1c ng\u1ea7m trong th\u00e0nh ph\u1ed1 c\u0169ng d\u1ea7n l\u1ed9 di\u1ec7n. Nh\u1eefng ch\u1ee7 \u0111\u1ec1 v\u1ec1 nh\u00e2n t\u00ednh, danh t\u00ednh v\u00e0 s\u1ef1 ki\u1ec3m so\u00e1t \u0111\u01b0\u1ee3c khai th\u00e1c th\u00f4ng qua c\u00e1c nh\u00e2n v\u1eadt c\u00f3 chi\u1ec1u s\u00e2u v\u00e0 m\u1ed9t th\u1ebf gi\u1edbi \u0111ang d\u1ea7n b\u1ecb \u0111\u1ea9y t\u1edbi gi\u1edbi h\u1ea1n. M\u1ed7i g\u00f3c b\u1ea1n \u0111\u1eb7t ch\u00e2n t\u1edbi \u0111\u1ec1u c\u00f3 c\u00e2u chuy\u1ec7n ri\u00eang, v\u00e0 m\u1ed7i b\u00ed m\u1eadt \u0111\u01b0\u1ee3c ph\u01a1i b\u00e0y \u0111\u1ec1u ph\u1ea3i tr\u1ea3 gi\u00e1.<\/span><\/p>\n<p data-start=\"1401\" data-end=\"1780\" data-is-last-node=\"\" data-is-only-node=\"\"><span style=\"font-size: 14pt;\">Th\u1ebf gi\u1edbi retro-futuristic \u0111\u01b0\u1ee3c th\u1ed5i h\u1ed3n b\u1eb1ng pixel art v\u1ebd tay c\u1ef1c k\u1ef3 chi ti\u1ebft, k\u1ebft h\u1ee3p hi\u1ec7u \u1ee9ng h\u00ecnh \u1ea3nh hi\u1ec7n \u0111\u1ea1i, c\u00f9ng soundtrack synth \u0111\u1ea7y u \u00e1m t\u1ea1o n\u00ean b\u1ea7u kh\u00f4ng kh\u00ed \u0111\u00fang ch\u1ea5t cyberpunk. <strong data-start=\"1590\" data-end=\"1602\">REPLACED<\/strong> mang \u0111\u1ebfn h\u00e0nh tr\u00ecnh ch\u01a1i \u0111\u01a1n k\u1ebft h\u1ee3p platforming \u0111i\u1ec7n \u1ea3nh, h\u00e0nh \u0111\u1ed9ng t\u1ed1c \u0111\u1ed9 cao v\u00e0 c\u1ed1t truy\u1ec7n thriller c\u0103ng nh\u01b0 d\u00e2y \u0111\u00e0n \u2013 n\u01a1i m\u1ecdi b\u00ed m\u1eadt\u2026 v\u00e0 c\u1ea3 m\u1ea1ng s\u1ed1ng\u2026 \u0111\u1ec1u c\u00f3 c\u00e1i gi\u00e1 c\u1ee7a n\u00f3.<\/span><\/p>\n<\/div>\n<\/div>\n<\/div>\n<\/div>\n<div class=\"z-0 flex min-h-[46px] justify-start\">\n<h2>Y\u00eau c\u1ea7u h\u1ec7 th\u1ed1ng<\/h2>\n<div class=\"sysreq_contents\">\n<div class=\"game_area_sys_req sysreq_content active\" data-os=\"win\">\n<div class=\"game_area_sys_req_full\"><span style=\"font-size: 14pt;\"><strong>T\u1ed1i thi\u1ec3u:<\/strong><\/span><\/p>\n<ul>\n<li style=\"list-style-type: none;\">\n<ul class=\"bb_ul\">\n<li><span style=\"font-size: 14pt;\"><strong>H\u0110H:<\/strong>\u00a0Windows 10 64-bit<\/span><\/li>\n<li><span style=\"font-size: 14pt;\"><strong>B\u1ed9 x\u1eed l\u00fd:<\/strong>\u00a0Intel\u00ae Core\u2122 i5-8400 Processor<\/span><\/li>\n<li><span style=\"font-size: 14pt;\"><strong>B\u1ed9 nh\u1edb:<\/strong>\u00a016 GB RAM<\/span><\/li>\n<li><span style=\"font-size: 14pt;\"><strong>\u0110\u1ed3 h\u1ecda:<\/strong>\u00a0GeForce GTX 1060 (6GB) or equivalent<\/span><\/li>\n<li><span style=\"font-size: 14pt;\"><strong>L\u01b0u tr\u1eef:<\/strong>\u00a08 GB ch\u1ed7 tr\u1ed1ng kh\u1ea3 d\u1ee5ng<\/span><\/li>\n<\/ul>\n<\/li>\n<\/ul>\n<\/div>\n<\/div>\n<\/div>\n<\/div>\n<div class=\"mt-3 w-full empty:hidden\">\n<div class=\"text-center\">\n<div>\n<div class=\"inline-flex border border-gray-100 dark:border-gray-700 rounded-xl\">\n<div class=\"bg-token-main-surface-tertiary w-px flex-1 self-stretch\"><\/div>\n<\/div>\n<\/div>\n<\/div>\n<\/div>\n<\/div>\n<\/div>\n<\/div>\n<p>&nbsp;<\/p>","protected":false},"excerpt":{"rendered":"<p>T\u00e0i kho\u1ea3n \u0111\u01b0\u1ee3c g\u1eedi v\u1ec1 Mail ngay sau khi thanh to\u00e1n T\u1ea3i v\u00e0 ch\u01a1i Game Tr\u1ef1c ti\u1ebfp \u1edf EA, C\u00f3<\/p>","protected":false},"featured_media":35067,"comment_status":"open","ping_status":"closed","template":"","meta":[],"product_brand":[],"product_cat":[114,92],"product_tag":[],"class_list":{"0":"post-35065","1":"product","2":"type-product","3":"status-publish","4":"has-post-thumbnail","6":"product_cat-game-steam-ea-ubisoft","7":"product_cat-game-offline","9":"first","10":"instock","11":"sale","12":"downloadable","13":"virtual","14":"purchasable","15":"product-type-simple"},"_links":{"self":[{"href":"https:\/\/gameladeshop.com\/en\/wp-json\/wp\/v2\/product\/35065","targetHints":{"allow":["GET"]}}],"collection":[{"href":"https:\/\/gameladeshop.com\/en\/wp-json\/wp\/v2\/product"}],"about":[{"href":"https:\/\/gameladeshop.com\/en\/wp-json\/wp\/v2\/types\/product"}],"replies":[{"embeddable":true,"href":"https:\/\/gameladeshop.com\/en\/wp-json\/wp\/v2\/comments?post=35065"}],"version-history":[{"count":0,"href":"https:\/\/gameladeshop.com\/en\/wp-json\/wp\/v2\/product\/35065\/revisions"}],"wp:featuredmedia":[{"embeddable":true,"href":"https:\/\/gameladeshop.com\/en\/wp-json\/wp\/v2\/media\/35067"}],"wp:attachment":[{"href":"https:\/\/gameladeshop.com\/en\/wp-json\/wp\/v2\/media?parent=35065"}],"wp:term":[{"taxonomy":"product_brand","embeddable":true,"href":"https:\/\/gameladeshop.com\/en\/wp-json\/wp\/v2\/product_brand?post=35065"},{"taxonomy":"product_cat","embeddable":true,"href":"https:\/\/gameladeshop.com\/en\/wp-json\/wp\/v2\/product_cat?post=35065"},{"taxonomy":"product_tag","embeddable":true,"href":"https:\/\/gameladeshop.com\/en\/wp-json\/wp\/v2\/product_tag?post=35065"}],"curies":[{"name":"wp","href":"https:\/\/api.w.org\/{rel}","templated":true}]}}