{"id":35059,"date":"2026-04-18T07:34:38","date_gmt":"2026-04-18T07:34:38","guid":{"rendered":"https:\/\/gameladeshop.com\/?post_type=product&#038;p=35059"},"modified":"2026-04-18T07:35:28","modified_gmt":"2026-04-18T07:35:28","slug":"ark-survival-evolved-online-7-dlc-mail-pes-2026-efootball","status":"publish","type":"product","link":"https:\/\/gameladeshop.com\/en\/ark-survival-evolved-online-7-dlc-mail-pes-2026-efootball\/","title":{"rendered":"ARK: Survival Evolved Online + 7 DLC + Mail + Pes 2026 eFootball"},"content":{"rendered":"<ul>\n<li aria-level=\"1\"><span style=\"font-size: 14pt;\">Sau khi thanh to\u00e1n, ch\u1ee5p \u1ea3nh H\u00f3a \u0110\u01a1n \u1edf mail v\u00e0 li\u00ean h\u1ec7 <a href=\"https:\/\/m.me\/thienphuc1992\">T\u1ea1i \u0110\u00e2y<\/a> \u0111\u1ec3 nh\u1eadn T\u00e0i Kho\u1ea3n<\/span><\/li>\n<li aria-level=\"1\"><span style=\"font-size: 14pt;\">T\u1ea3i v\u00e0 ch\u01a1i Game Tr\u1ef1c ti\u1ebfp \u1edf Steam, C\u00f3 Update<\/span><\/li>\n<li aria-level=\"1\"><span style=\"font-size: 14pt;\">Ch\u01a1i Online v\u00e0 Offline v\u00e0 c\u00f3 Save Game ri\u00eang<\/span><\/li>\n<li aria-level=\"1\"><span style=\"font-size: 14pt;\">Ch\u01a1i v\u0129nh vi\u1ec5n kh\u00f4ng c\u00f3 th\u1eddi h\u1ea1n<\/span><\/li>\n<li aria-level=\"1\"><span style=\"font-size: 14pt;\">\u0110\u1ed5i \u0110\u01b0\u1ee3c Mail v\u00e0 Pass, C\u1ed1t truy\u1ec7n Game \u0111\u1ea7y \u0111\u1ee7<\/span><\/li>\n<li aria-level=\"1\"><span style=\"font-size: 14pt;\">C\u00f3 th\u1ec3 c\u00e0i th\u00eam Trainer, Mod Game, Vi\u1ec7t H\u00f3a<\/span><\/li>\n<li aria-level=\"1\"><span style=\"font-size: 14pt;\">B\u1ea3o H\u00e0nh n\u1ebfu t\u00e0i kho\u1ea3n c\u00f3 l\u1ed7i<\/span><\/li>\n<li aria-level=\"1\"><span style=\"font-size: 14pt;\">H\u01b0\u1edbng d\u1eabn v\u00e0 b\u1ea3o h\u00e0nh su\u1ed1t qu\u00e1 tr\u00ecnh ch\u01a1i Game<\/span><\/li>\n<\/ul>","protected":false},"excerpt":{"rendered":"<p>Sau khi thanh to\u00e1n, ch\u1ee5p \u1ea3nh H\u00f3a \u0110\u01a1n \u1edf mail v\u00e0 li\u00ean h\u1ec7 T\u1ea1i \u0110\u00e2y \u0111\u1ec3 nh\u1eadn T\u00e0i Kho\u1ea3n T\u1ea3i<\/p>","protected":false},"featured_media":12457,"comment_status":"open","ping_status":"closed","template":"","meta":[],"product_brand":[],"product_cat":[114,92,131],"product_tag":[],"class_list":{"0":"post-35059","1":"product","2":"type-product","3":"status-publish","4":"has-post-thumbnail","6":"product_cat-game-steam-ea-ubisoft","7":"product_cat-game-offline","8":"product_cat-game-online","10":"first","11":"instock","12":"sale","13":"featured","14":"downloadable","15":"virtual","16":"purchasable","17":"product-type-simple"},"_links":{"self":[{"href":"https:\/\/gameladeshop.com\/en\/wp-json\/wp\/v2\/product\/35059","targetHints":{"allow":["GET"]}}],"collection":[{"href":"https:\/\/gameladeshop.com\/en\/wp-json\/wp\/v2\/product"}],"about":[{"href":"https:\/\/gameladeshop.com\/en\/wp-json\/wp\/v2\/types\/product"}],"replies":[{"embeddable":true,"href":"https:\/\/gameladeshop.com\/en\/wp-json\/wp\/v2\/comments?post=35059"}],"version-history":[{"count":0,"href":"https:\/\/gameladeshop.com\/en\/wp-json\/wp\/v2\/product\/35059\/revisions"}],"wp:featuredmedia":[{"embeddable":true,"href":"https:\/\/gameladeshop.com\/en\/wp-json\/wp\/v2\/media\/12457"}],"wp:attachment":[{"href":"https:\/\/gameladeshop.com\/en\/wp-json\/wp\/v2\/media?parent=35059"}],"wp:term":[{"taxonomy":"product_brand","embeddable":true,"href":"https:\/\/gameladeshop.com\/en\/wp-json\/wp\/v2\/product_brand?post=35059"},{"taxonomy":"product_cat","embeddable":true,"href":"https:\/\/gameladeshop.com\/en\/wp-json\/wp\/v2\/product_cat?post=35059"},{"taxonomy":"product_tag","embeddable":true,"href":"https:\/\/gameladeshop.com\/en\/wp-json\/wp\/v2\/product_tag?post=35059"}],"curies":[{"name":"wp","href":"https:\/\/api.w.org\/{rel}","templated":true}]}}