{"id":35005,"date":"2026-04-17T08:34:24","date_gmt":"2026-04-17T08:34:24","guid":{"rendered":"https:\/\/gameladeshop.com\/?post_type=product&#038;p=35005"},"modified":"2026-04-17T08:37:40","modified_gmt":"2026-04-17T08:37:40","slug":"mouse-p-i-for-hire-deluxe-tai-khoan-steam-offline","status":"publish","type":"product","link":"https:\/\/gameladeshop.com\/en\/mouse-p-i-for-hire-deluxe-tai-khoan-steam-offline\/","title":{"rendered":"MOUSE: P.I. For Hire Deluxe T\u00e0i Kho\u1ea3n Steam Offline"},"content":{"rendered":"<ul>\n<li aria-level=\"1\"><span style=\"font-size: 14pt;\">T\u00e0i kho\u1ea3n \u0111\u01b0\u1ee3c g\u1eedi v\u1ec1 Mail ngay sau khi thanh to\u00e1n<\/span><\/li>\n<li aria-level=\"1\"><span style=\"font-size: 14pt;\">T\u1ea3i v\u00e0 ch\u01a1i Game Tr\u1ef1c ti\u1ebfp \u1edf Steam, C\u00f3 Update<\/span><\/li>\n<li aria-level=\"1\"><span style=\"font-size: 14pt;\">Ch\u01a1i Offline v\u00e0 c\u00f3 Save Game ri\u00eang<\/span><\/li>\n<li aria-level=\"1\"><span style=\"font-size: 14pt;\">Ch\u01a1i v\u0129nh vi\u1ec5n kh\u00f4ng c\u00f3 th\u1eddi h\u1ea1n<\/span><\/li>\n<li aria-level=\"1\"><span style=\"font-size: 14pt;\">R\u1ebb h\u01a1n Steam h\u01a1n 90%, C\u1ed1t truy\u1ec7n Game \u0111\u1ea7y \u0111\u1ee7<\/span><\/li>\n<li aria-level=\"1\"><span style=\"font-size: 14pt;\">C\u00f3 th\u1ec3 c\u00e0i th\u00eam Trainer, Mod Game, Vi\u1ec7t H\u00f3a<\/span><\/li>\n<li aria-level=\"1\"><span style=\"font-size: 14pt;\">B\u1ea3o H\u00e0nh n\u1ebfu t\u00e0i kho\u1ea3n c\u00f3 l\u1ed7i<\/span><\/li>\n<li aria-level=\"1\"><span style=\"font-size: 14pt;\">H\u01b0\u1edbng d\u1eabn v\u00e0 b\u1ea3o h\u00e0nh su\u1ed1t qu\u00e1 tr\u00ecnh ch\u01a1i Game<\/span><\/li>\n<\/ul>\n<div id=\"game_area_description\" class=\"game_area_description\">\n<h2><\/h2>\n<p class=\"bb_paragraph\"><span class=\"bb_img_ctn\" style=\"font-size: 14pt;\"><video class=\"bb_img\" poster=\"https:\/\/shared.fastly.steamstatic.com\/store_item_assets\/steam\/apps\/2416450\/extras\/8cd1be2c55bf7ec02f99baac23f09a86.poster.avif?t=1776351015\" autoplay=\"autoplay\" loop=\"loop\" muted=\"\" width=\"1170\" height=\"450\"><source src=\"https:\/\/shared.fastly.steamstatic.com\/store_item_assets\/steam\/apps\/2416450\/extras\/8cd1be2c55bf7ec02f99baac23f09a86.webm?t=1776351015\" type=\"video\/webm; codecs=vp9\" \/><source src=\"https:\/\/shared.fastly.steamstatic.com\/store_item_assets\/steam\/apps\/2416450\/extras\/8cd1be2c55bf7ec02f99baac23f09a86.mp4?t=1776351015\" type=\"video\/mp4\" \/><\/video><\/span><\/p>\n<div class=\"bb_img_icons\">\n<div class=\"bb_img_play_pause playing\" role=\"button\" data-panel=\"{&quot;focusable&quot;:true,&quot;clickOnActivate&quot;:true}\" data-tooltip=\"Your browser has a setting enabled to reduce on-screen motion, so this animated image is paused by default.\" data-tooltip-visible=\"false\"><span style=\"font-size: 14pt;\"><strong data-start=\"0\" data-end=\"24\">MOUSE: P.I. For Hire<\/strong> l\u00e0 m\u1ed9t t\u1ef1a FPS b\u1eafn s\u00fang g\u00f3c nh\u00ecn th\u1ee9 nh\u1ea5t c\u1ef1c \u201cch\u00e1y\u201d, l\u1ea5y c\u1ea3m h\u1ee9ng t\u1eeb nh\u1eefng phim ho\u1ea1t h\u00ecnh c\u1ed5 \u0111i\u1ec3n th\u1eadp ni\u00ean 1930. To\u00e0n b\u1ed9 h\u00ecnh \u1ea3nh tr\u1eafng \u0111en theo phong c\u00e1ch \u201crubber hose\u201d \u0111\u01b0\u1ee3c v\u1ebd tay t\u1eebng frame m\u1ed9t, mang l\u1ea1i vibe retro c\u1ef1c k\u1ef3 ch\u1ea5t v\u00e0 kh\u00e1c bi\u1ec7t. Ng\u01b0\u1eddi ch\u01a1i s\u1ebd d\u1ea5n th\u00e2n v\u00e0o m\u1ed9t c\u00e2u chuy\u1ec7n trinh th\u00e1m noir \u0111\u1ea7y k\u1ecbch t\u00ednh, kh\u00e1m ph\u00e1 nh\u1eefng m\u00f4i tr\u01b0\u1eddng s\u1ed1ng \u0111\u1ed9ng, th\u01b0\u1edfng th\u1ee9c nh\u1ea1c jazz big band nguy\u00ean b\u1ea3n v\u00e0 \u201cqu\u1ea9y\u201d v\u1edbi kho v\u0169 kh\u00ed ho\u1ea1t h\u00ecnh b\u00e1 \u0111\u1ea1o c\u00f9ng h\u00e0ng lo\u1ea1t power-up h\u1ee7y di\u1ec7t.<\/span><\/div>\n<\/div>\n<p class=\"bb_paragraph\"><span class=\"bb_img_ctn\" style=\"font-size: 14pt;\"><video class=\"bb_img\" crossorigin=\"anonymous\" poster=\"https:\/\/shared.fastly.steamstatic.com\/store_item_assets\/steam\/apps\/2416450\/extras\/15db57c94aea281fb677ac69dbb13acd.poster.avif?t=1776351015\" autoplay=\"autoplay\" loop=\"loop\" muted=\"\" width=\"1170\" height=\"618\"><source src=\"https:\/\/shared.fastly.steamstatic.com\/store_item_assets\/steam\/apps\/2416450\/extras\/15db57c94aea281fb677ac69dbb13acd.webm?t=1776351015\" type=\"video\/webm; codecs=vp9\" \/><\/video><\/span><\/p>\n<div class=\"bb_img_icons\">\n<div class=\"bb_img_play_pause playing\" role=\"button\" data-panel=\"{&quot;focusable&quot;:true,&quot;clickOnActivate&quot;:true}\" data-tooltip=\"Your browser has a setting enabled to reduce on-screen motion, so this animated image is paused by default.\" data-tooltip-visible=\"false\"><span style=\"font-size: 14pt;\">G\u1eb7p g\u1ee1 Jack Pepper \u2013 th\u00e1m t\u1eed t\u01b0, c\u1ef1u anh h\u00f9ng chi\u1ebfn tranh, s\u1ed1ng trong m\u1ed9t th\u1ebf gi\u1edbi m\u00e0 hi\u1ec3m nguy r\u00ecnh r\u1eadp kh\u1eafp m\u1ecdi ng\u00f3c ng\u00e1ch, k\u1ec3 c\u1ea3 trong\u2026 hang chu\u1ed9t. M\u1ed9t v\u1ee5 m\u1ea5t t\u00edch t\u01b0\u1edfng ch\u1eebng \u0111\u01a1n gi\u1ea3n nhanh ch\u00f3ng bi\u1ebfn th\u00e0nh m\u1edb h\u1ed7n \u0111\u1ed9n \u0111\u1ea7y \u00e2m m\u01b0u v\u1edbi tham nh\u0169ng, b\u1eaft c\u00f3c v\u00e0 \u00e1n m\u1ea1ng. L\u1eadt tung m\u1eb7t t\u1ed1i c\u1ee7a th\u00e0nh ph\u1ed1 Mouseburg, \u0111\u1ed1i \u0111\u1ea7u b\u0103ng \u0111\u1ea3ng v\u0169 trang t\u1eadn r\u0103ng v\u00e0 nh\u1eefng c\u1ea3nh s\u00e1t bi\u1ebfn ch\u1ea5t, l\u1ea7n theo manh m\u1ed1i \u0111\u1ec3 b\u00f3c tr\u1ea7n \u00e2m m\u01b0u \u0111ang b\u1ecb ch\u00f4n gi\u1ea5u.<\/span><\/div>\n<\/div>\n<p class=\"bb_paragraph\"><span class=\"bb_img_ctn\" style=\"font-size: 14pt;\"><video class=\"bb_img\" crossorigin=\"anonymous\" poster=\"https:\/\/shared.fastly.steamstatic.com\/store_item_assets\/steam\/apps\/2416450\/extras\/a29165959b287c034486b47cd6431c5e.poster.avif?t=1776351015\" autoplay=\"autoplay\" loop=\"loop\" muted=\"\" width=\"1170\" height=\"497\"><source src=\"https:\/\/shared.fastly.steamstatic.com\/store_item_assets\/steam\/apps\/2416450\/extras\/a29165959b287c034486b47cd6431c5e.webm?t=1776351015\" type=\"video\/webm; codecs=vp9\" \/><\/video><\/span><\/p>\n<p class=\"bb_paragraph\"><span style=\"font-size: 14pt;\">T\u1eeb s\u00fang m\u00e1y x\u1ea3 \u0111\u1ea1n \u0111i\u00ean cu\u1ed3ng cho t\u1edbi h\u1ecfa l\u1ef1c n\u1ed5 tung m\u00e0n h\u00ecnh, m\u1ed7i m\u00f3n \u0111\u1ed3 trong kho v\u0169 kh\u00ed c\u1ee7a Pepper \u0111\u1ec1u \u0111\u01b0\u1ee3c thi\u1ebft k\u1ebf \u0111\u1ec3 t\u1ea1o n\u00ean \u201cb\u1eefa ti\u1ec7c h\u1ed7n lo\u1ea1n\u201d \u0111\u00fang ch\u1ea5t ho\u1ea1t h\u00ecnh. Trang b\u1ecb h\u00e0ng lo\u1ea1t kh\u1ea9u s\u00fang c\u1ed5 \u0111i\u1ec3n \u0111\u01b0\u1ee3c bi\u1ebfn t\u1ea5u s\u00e1ng t\u1ea1o, k\u1ebft h\u1ee3p c\u00e1c m\u00f3n \u0111\u1ed3 th\u1eed nghi\u1ec7m d\u1ecb d\u1ecb nh\u01b0ng c\u1ef1c m\u1ea1nh. Khi c\u1ea7n \u201cl\u1eadt k\u00e8o\u201d, c\u1ee9 qu\u1ea5t ngay power-up ki\u1ec3u\u2026 \u0103n rau bina buff l\u1ef1c si\u00eau c\u1ea5p! Nh\u1eefng tr\u1eadn combat c\u0103ng n\u00e3o v\u00e0 boss fight \u0111i\u00ean lo\u1ea1n \u0111ang ch\u1edd \u0111\u00f3n trong chuy\u1ebfn phi\u00eau l\u01b0u mang \u0111\u1eadm ch\u1ea5t boomer shooter retro \u2013 v\u00e0 d\u00e2n Mouseburg th\u00ec kh\u00f4ng bao gi\u1edd ch\u1ecbu thua d\u1ec5 d\u00e0ng.<\/span><\/p>\n<p class=\"bb_paragraph\"><span class=\"bb_img_ctn\" style=\"font-size: 14pt;\"><video class=\"bb_img\" crossorigin=\"anonymous\" poster=\"https:\/\/shared.fastly.steamstatic.com\/store_item_assets\/steam\/apps\/2416450\/extras\/3474cfdcb9dce2494e9bb69a7d402f26.poster.avif?t=1776351015\" autoplay=\"autoplay\" loop=\"loop\" muted=\"\" width=\"1170\" height=\"618\"><source src=\"https:\/\/shared.fastly.steamstatic.com\/store_item_assets\/steam\/apps\/2416450\/extras\/3474cfdcb9dce2494e9bb69a7d402f26.webm?t=1776351015\" type=\"video\/webm; codecs=vp9\" \/><\/video><\/span><\/p>\n<div class=\"bb_img_icons\">\n<div class=\"bb_img_play_pause playing\" role=\"button\" data-panel=\"{&quot;focusable&quot;:true,&quot;clickOnActivate&quot;:true}\" data-tooltip=\"Your browser has a setting enabled to reduce on-screen motion, so this animated image is paused by default.\" data-tooltip-visible=\"false\"><span style=\"font-size: 14pt;\">Kh\u00e1m ph\u00e1 th\u00e0nh ph\u1ed1 r\u1ed9ng l\u1edbn v\u1edbi \u0111\u1ee7 lo\u1ea1i \u0111\u1ecba \u0111i\u1ec3m: t\u1eeb nh\u1eefng con ph\u1ed1 t\u0103m t\u1ed1i, phim tr\u01b0\u1eddng c\u1ed5 \u0111i\u1ec3n, nh\u00e0 h\u00e1t opera xa hoa cho t\u1edbi \u0111\u1ea7m l\u1ea7y \u0111\u1ed9c h\u1ea1i v\u00e0 h\u1ec7 th\u1ed1ng c\u1ed1ng ng\u1ea7m. H\u00e0ng lo\u1ea1t v\u1ee5 \u00e1n c\u1ea7n gi\u1ea3i, collectibles c\u1ea7n s\u0103n khi\u1ebfn Mouseburg \u0111\u00fang ngh\u0129a thi\u00ean \u0111\u01b0\u1eddng cho d\u00e2n m\u00ea trinh th\u00e1m. T\u1eadn d\u1ee5ng m\u1ecdi k\u1ef9 n\u0103ng \u0111\u1ec3 parkour: ch\u1ea1y t\u01b0\u1eddng, m\u00f3c k\u00e9o, double jump xuy\u00ean su\u1ed1t th\u1ebf gi\u1edbi ho\u1ea1t h\u00ecnh kh\u00f4ng ng\u1eebng ngh\u1ec9 n\u00e0y.<\/span><\/div>\n<\/div>\n<p class=\"bb_paragraph\"><span class=\"bb_img_ctn\" style=\"font-size: 14pt;\"><video class=\"bb_img\" crossorigin=\"anonymous\" poster=\"https:\/\/shared.fastly.steamstatic.com\/store_item_assets\/steam\/apps\/2416450\/extras\/e8e45253d10b2d06d20757df727958c3.poster.avif?t=1776351015\" autoplay=\"autoplay\" loop=\"loop\" muted=\"\" width=\"1170\" height=\"164\"><source src=\"https:\/\/shared.fastly.steamstatic.com\/store_item_assets\/steam\/apps\/2416450\/extras\/e8e45253d10b2d06d20757df727958c3.webm?t=1776351015\" type=\"video\/webm; codecs=vp9\" \/><\/video><\/span><\/p>\n<ul class=\"bb_ul\">\n<li>\n<p data-start=\"1869\" data-end=\"1886\"><span style=\"font-size: 14pt;\"><strong data-start=\"1869\" data-end=\"1886\">\u0110i\u1ec3m n\u1ed5i b\u1eadt:<\/strong><\/span><\/p>\n<ul data-start=\"1887\" data-end=\"2469\" data-is-last-node=\"\" data-is-only-node=\"\">\n<li data-section-id=\"i5nt47\" data-start=\"1887\" data-end=\"1966\"><span style=\"font-size: 14pt;\">Phong c\u00e1ch ho\u1ea1t h\u00ecnh tr\u1eafng \u0111en \u201crubber hose\u201d v\u1ebd tay, \u0111\u1eadm ch\u1ea5t cartoon 1930s<\/span><\/li>\n<li data-section-id=\"1qvq4q6\" data-start=\"1967\" data-end=\"2036\"><span style=\"font-size: 14pt;\">L\u1ed1i ch\u01a1i FPS t\u1ed1c \u0111\u1ed9 cao, di chuy\u1ec3n li\u00ean t\u1ee5c l\u00e0 ch\u00eca kh\u00f3a s\u1ed1ng c\u00f2n<\/span><\/li>\n<li data-section-id=\"3bsn9k\" data-start=\"2037\" data-end=\"2121\"><span style=\"font-size: 14pt;\">Campaign ch\u01a1i \u0111\u01a1n cu\u1ed1n h\u00fat, xoay quanh m\u1ea1ng l\u01b0\u1edbi t\u1ed9i ph\u1ea1m v\u00e0 tham nh\u0169ng ph\u1ee9c t\u1ea1p<\/span><\/li>\n<li data-section-id=\"yyjtcc\" data-start=\"2122\" data-end=\"2207\"><span style=\"font-size: 14pt;\">H\u01a1n 20 m\u00e0n ch\u01a1i phong c\u00e1ch noir, \u0111\u1ea7y chu\u1ed9t, chu\u1ed9t c\u1ed1ng v\u00e0\u2026 \u0111\u1ee7 th\u1ec3 lo\u1ea1i \u201cd\u00e2n ch\u01a1i\u201d<\/span><\/li>\n<li data-section-id=\"unpo3q\" data-start=\"2208\" data-end=\"2276\"><span style=\"font-size: 14pt;\">Kho v\u0169 kh\u00ed h\u01a1n 10 m\u00f3n \u0111\u1ed9c l\u1ea1, bi\u1ebfn t\u1ea5u theo phong c\u00e1ch ho\u1ea1t h\u00ecnh<\/span><\/li>\n<li data-section-id=\"jb5yfr\" data-start=\"2277\" data-end=\"2346\"><span style=\"font-size: 14pt;\">Power-up ti\u00eau hao si\u00eau m\u1ea1nh, c\u00f3 th\u1ec3 xoay chuy\u1ec3n c\u1ee5c di\u1ec7n tr\u1eadn \u0111\u1ea5u<\/span><\/li>\n<li data-section-id=\"u2xpd5\" data-start=\"2347\" data-end=\"2408\"><span style=\"font-size: 14pt;\">M\u1edf kh\u00f3a k\u1ef9 n\u0103ng di chuy\u1ec3n, thi\u1ebft k\u1ebf map ki\u1ec3u Metroidvania<\/span><\/li>\n<li data-section-id=\"1obewm7\" data-start=\"2409\" data-end=\"2469\" data-is-last-node=\"\"><span style=\"font-size: 14pt;\">Nh\u1ea1c n\u1ec1n jazz nguy\u00ean b\u1ea3n, \u0111\u1eadm ch\u1ea5t big band c\u1ef1c \u201cphi\u00eau\u201d \ud83c\udfb7<\/span><\/li>\n<\/ul>\n<\/li>\n<\/ul>\n<p>&nbsp;<\/p>\n<\/div>\n<p data-start=\"52\" data-end=\"98\"><span style=\"font-size: 14pt;\"><strong data-start=\"52\" data-end=\"98\">\ud83d\udd3b T\u1ed1i thi\u1ec3u (Low setting v\u1eabn chi\u1ebfn \u0111\u01b0\u1ee3c):<\/strong><\/span><\/p>\n<ul data-start=\"99\" data-end=\"332\">\n<li data-section-id=\"2c7n76\" data-start=\"99\" data-end=\"137\"><span style=\"font-size: 14pt;\">Y\u00eau c\u1ea7u CPU v\u00e0 h\u1ec7 \u0111i\u1ec1u h\u00e0nh 64-bit<\/span><\/li>\n<li data-section-id=\"12osgqo\" data-start=\"138\" data-end=\"163\"><span style=\"font-size: 14pt;\">OS: Windows 10 64-bit<\/span><\/li>\n<li data-section-id=\"1iqqk0n\" data-start=\"164\" data-end=\"204\"><span style=\"font-size: 14pt;\">CPU: Intel Core i5 9500 \/ Ryzen 3400<\/span><\/li>\n<li data-section-id=\"6rhkzu\" data-start=\"205\" data-end=\"219\"><span style=\"font-size: 14pt;\">RAM: 12 GB<\/span><\/li>\n<li data-section-id=\"1boed4u\" data-start=\"220\" data-end=\"259\"><span style=\"font-size: 14pt;\">GPU: GTX 1060 \/ Intel Xe 2 \/ RX 580<\/span><\/li>\n<li data-section-id=\"5lh6lj\" data-start=\"260\" data-end=\"275\"><span style=\"font-size: 14pt;\">DirectX: 11<\/span><\/li>\n<li data-section-id=\"u8klr2\" data-start=\"276\" data-end=\"299\"><span style=\"font-size: 14pt;\">\u1ed4 c\u1ee9ng: tr\u1ed1ng 11 GB<\/span><\/li>\n<li data-section-id=\"1p7a28h\" data-start=\"300\" data-end=\"332\"><span style=\"font-size: 14pt;\">Ghi ch\u00fa: VRAM t\u1ed1i thi\u1ec3u 6 GB<\/span><\/li>\n<\/ul>\n<p data-start=\"334\" data-end=\"423\"><span style=\"font-size: 14pt;\">\ud83d\udc49 N\u00f3i ng\u1eafn g\u1ecdn: c\u1ea5u h\u00ecnh t\u1ea7m trung v\u00e0i n\u0103m tr\u01b0\u1edbc v\u1eabn \u201cg\u00e1nh\u201d \u0111\u01b0\u1ee3c, ch\u01a1i \u1ed5n \u1edf setting v\u1eeba.<\/span><\/p>\n<hr data-start=\"425\" data-end=\"428\" \/>\n<p data-start=\"430\" data-end=\"470\"><span style=\"font-size: 14pt;\"><strong data-start=\"430\" data-end=\"470\">\ud83d\udd3a \u0110\u1ec1 ngh\u1ecb (Max setting cho \u0111\u00e3 m\u1eaft):<\/strong><\/span><\/p>\n<ul data-start=\"471\" data-end=\"692\">\n<li data-section-id=\"2c7n76\" data-start=\"471\" data-end=\"509\"><span style=\"font-size: 14pt;\">Y\u00eau c\u1ea7u CPU v\u00e0 h\u1ec7 \u0111i\u1ec1u h\u00e0nh 64-bit<\/span><\/li>\n<li data-section-id=\"2di7l\" data-start=\"510\" data-end=\"528\"><span style=\"font-size: 14pt;\">OS: Windows 11<\/span><\/li>\n<li data-section-id=\"176lxyu\" data-start=\"529\" data-end=\"569\"><span style=\"font-size: 14pt;\">CPU: Intel Core i5 9600 \/ Ryzen 3600<\/span><\/li>\n<li data-section-id=\"46giku\" data-start=\"570\" data-end=\"584\"><span style=\"font-size: 14pt;\">RAM: 16 GB<\/span><\/li>\n<li data-section-id=\"hk27h6\" data-start=\"585\" data-end=\"629\"><span style=\"font-size: 14pt;\">GPU: RTX 3060 \/ Intel Arc B570 \/ RX 7600<\/span><\/li>\n<li data-section-id=\"5lh6lj\" data-start=\"630\" data-end=\"645\"><span style=\"font-size: 14pt;\">DirectX: 11<\/span><\/li>\n<li data-section-id=\"u8klr2\" data-start=\"646\" data-end=\"669\"><span style=\"font-size: 14pt;\">\u1ed4 c\u1ee9ng: tr\u1ed1ng 11 GB<\/span><\/li>\n<li data-section-id=\"82m774\" data-start=\"670\" data-end=\"692\"><span style=\"font-size: 14pt;\">Ghi ch\u00fa: VRAM 8 GB<\/span><\/li>\n<\/ul>\n<p data-start=\"694\" data-end=\"783\"><span style=\"font-size: 14pt;\">\ud83d\udc49 Mu\u1ed1n ch\u01a1i m\u01b0\u1ee3t, h\u00ecnh \u0111\u1eb9p, hi\u1ec7u \u1ee9ng ch\u00e1y n\u1ed5 \u201c\u0111\u00e3 m\u1eaft\u201d th\u00ec n\u00ean nh\u1eafm c\u1ea5u h\u00ecnh n\u00e0y tr\u1edf l\u00ean.<\/span><\/p>\n<p>&nbsp;<\/p>","protected":false},"excerpt":{"rendered":"<p>T\u00e0i kho\u1ea3n \u0111\u01b0\u1ee3c g\u1eedi v\u1ec1 Mail ngay sau khi thanh to\u00e1n T\u1ea3i v\u00e0 ch\u01a1i Game Tr\u1ef1c ti\u1ebfp \u1edf Steam, C\u00f3<\/p>","protected":false},"featured_media":35007,"comment_status":"open","ping_status":"closed","template":"","meta":[],"product_brand":[],"product_cat":[114,92],"product_tag":[],"class_list":{"0":"post-35005","1":"product","2":"type-product","3":"status-publish","4":"has-post-thumbnail","6":"product_cat-game-steam-ea-ubisoft","7":"product_cat-game-offline","9":"first","10":"instock","11":"sale","12":"downloadable","13":"virtual","14":"purchasable","15":"product-type-simple"},"_links":{"self":[{"href":"https:\/\/gameladeshop.com\/en\/wp-json\/wp\/v2\/product\/35005","targetHints":{"allow":["GET"]}}],"collection":[{"href":"https:\/\/gameladeshop.com\/en\/wp-json\/wp\/v2\/product"}],"about":[{"href":"https:\/\/gameladeshop.com\/en\/wp-json\/wp\/v2\/types\/product"}],"replies":[{"embeddable":true,"href":"https:\/\/gameladeshop.com\/en\/wp-json\/wp\/v2\/comments?post=35005"}],"version-history":[{"count":0,"href":"https:\/\/gameladeshop.com\/en\/wp-json\/wp\/v2\/product\/35005\/revisions"}],"wp:featuredmedia":[{"embeddable":true,"href":"https:\/\/gameladeshop.com\/en\/wp-json\/wp\/v2\/media\/35007"}],"wp:attachment":[{"href":"https:\/\/gameladeshop.com\/en\/wp-json\/wp\/v2\/media?parent=35005"}],"wp:term":[{"taxonomy":"product_brand","embeddable":true,"href":"https:\/\/gameladeshop.com\/en\/wp-json\/wp\/v2\/product_brand?post=35005"},{"taxonomy":"product_cat","embeddable":true,"href":"https:\/\/gameladeshop.com\/en\/wp-json\/wp\/v2\/product_cat?post=35005"},{"taxonomy":"product_tag","embeddable":true,"href":"https:\/\/gameladeshop.com\/en\/wp-json\/wp\/v2\/product_tag?post=35005"}],"curies":[{"name":"wp","href":"https:\/\/api.w.org\/{rel}","templated":true}]}}