{"id":34521,"date":"2026-04-06T04:17:00","date_gmt":"2026-04-06T04:17:00","guid":{"rendered":"https:\/\/gameladeshop.com\/?post_type=product&#038;p=34521"},"modified":"2026-04-06T04:17:00","modified_gmt":"2026-04-06T04:17:00","slug":"chat-gpt-plus-nang-cap-tai-khoan-chinh-chu-cua-ban-khong-share","status":"publish","type":"product","link":"https:\/\/gameladeshop.com\/en\/chat-gpt-plus-nang-cap-tai-khoan-chinh-chu-cua-ban-khong-share\/","title":{"rendered":"Chat GPT Plus N\u00e2ng C\u1ea5p T\u00e0i Kho\u1ea3n Ch\u00ednh Ch\u1ee7 C\u1ee7a B\u1ea1n &#8211; Kh\u00f4ng Share"},"content":{"rendered":"<ul>\n<li><span style=\"font-size: 14pt;\">Sau khi thanh to\u00e1n, b\u1ea1n c\u1ea7n g\u1eedi T\u00e0i Kho\u1ea3n Chat GPT c\u1ee7a b\u1ea1n \u0111\u1ec3 Shop ti\u1ebfn h\u00e0nh N\u00e2ng C\u1ea5p l\u00ean g\u00f3i Plus.<\/span><\/li>\n<li><span style=\"font-size: 14pt;\">B\u1ea3o M\u1eadt &#8211;\u00a0 An To\u00e0n 100%<\/span><\/li>\n<li><span style=\"font-size: 14pt;\">H\u1ea1n s\u1eed d\u1ee5ng 1 th\u00e1ng, c\u00f3 th\u1ec3 gia h\u1ea1n th\u00eam sau khi h\u1ebft h\u1ea1n.<\/span><\/li>\n<\/ul>\n<div class=\"Y3BBE\" data-sfc-cp=\"\" data-sfc-root=\"c\" data-sfc-cb=\"\" data-hveid=\"CAEIABAC\"><span style=\"font-size: 14pt;\"><a class=\"GI370e\" href=\"https:\/\/www.google.com\/search?q=ChatGPT&oq=chat+gpt+l%C3%A0+g%C3%AC&gs_lcrp=EgRlZGdlKgkIABBFGDkYgAQyCQgAEEUYORiABDIICAEQABgWGB4yCAgCEAAYFhgeMggIAxAAGBYYHjIICAQQABgWGB4yCAgFEAAYFhgeMggIBhAAGBYYHjIICAcQABgWGB4yBwgIEOsHGEDSAQgyMTU4ajBqMagCALACAA&sourceid=chrome&ie=UTF-8&ved=2ahUKEwjy8rybrdiTAxWscGwGHVmqCX0QgK4QegYIAQgAEAM\" data-ved=\"2ahUKEwjy8rybrdiTAxWscGwGHVmqCX0QgK4QegYIAQgAEAM\" data-hveid=\"CAEIABAD\" target=\"_blank\" rel=\"noopener\"><strong>ChatGPT<\/strong><\/a><strong>\u00a0(Chat Generative Pre-training Transformer)\u00a0<\/strong><mark class=\"HxTRcb\" data-sfc-root=\"c\" data-sfc-cb=\"\">l\u00e0 m\u1ed9t chatbot AI th\u00f4ng minh do\u00a0<a class=\"H23r4e\" href=\"https:\/\/vi.wikipedia.org\/wiki\/ChatGPT\" target=\"_blank\" rel=\"noopener\" data-hveid=\"CAEIABAF\">OpenAI<\/a>\u00a0ph\u00e1t tri\u1ec3n, ra m\u1eaft th\u00e1ng 11\/2022<\/mark>. N\u00f3 s\u1eed d\u1ee5ng m\u00f4 h\u00ecnh ng\u00f4n ng\u1eef l\u1edbn \u0111\u1ec3 hi\u1ec3u v\u00e0 t\u1ea1o ra v\u0103n b\u1ea3n t\u1ef1 nhi\u00ean nh\u01b0 ng\u01b0\u1eddi th\u1eadt, h\u1ed7 tr\u1ee3 so\u1ea1n th\u1ea3o, l\u1eadp tr\u00ecnh, d\u1ecbch thu\u1eadt v\u00e0 tr\u1ea3 l\u1eddi c\u00e2u h\u1ecfi ph\u1ee9c t\u1ea1p. ChatGPT l\u00e0 c\u00f4ng c\u1ee5 \u0111a n\u0103ng gi\u00fap t\u1ed1i \u01b0u h\u00f3a c\u00f4ng vi\u1ec7c v\u00e0 s\u00e1ng t\u1ea1o n\u1ed9i dung.<span class=\"uJ19be notranslate\" data-sfc-root=\"c\" data-wiz-uids=\"Waccyf_c,Waccyf_d\" data-sfc-cb=\"\"><span class=\"vKEkVd\" data-animation-atomic=\"\" data-wiz-attrbind=\"class=Waccyf_b\/TKHnVd\"><span aria-hidden=\"true\">\u00a0<\/span><button class=\"rBl3me IWyTpf pjvauc\" tabindex=\"0\" data-amic=\"true\" data-icl-uuid=\"84f5cb16-0974-4081-9c32-c0af3a0e10e0\" aria-label=\"MISA.VN (+3) \u2013 Xem c\u00e1c \u0111\u01b0\u1eddng li\u00ean k\u1ebft c\u00f3 li\u00ean quan\" data-wiz-attrbind=\"disabled=Waccyf_b\/C5gNJc;aria-label=Waccyf_b\/bOjMyf;class=Waccyf_b\/UpSNec\" data-ved=\"2ahUKEwjy8rybrdiTAxWscGwGHVmqCX0Qye0OegYIAQgAEAY\" data-hveid=\"CAEIABAG\"><\/button><\/span><\/span><\/span><\/p>\n<div class=\"Fwa2Od\" data-animation-skip=\"\" data-sfc-root=\"c\" data-sfc-cb=\"\" data-ved=\"2ahUKEwjy8rybrdiTAxWscGwGHVmqCX0Q3s0SegYIAQgAEAc\"><\/div>\n<\/div>\n<div class=\"Y3BBE\" data-sfc-cp=\"\" data-sfc-root=\"c\" data-sfc-cb=\"\" data-hveid=\"CAEIABAI\"><span style=\"font-size: 14pt;\"><strong class=\"Yjhzub\" data-sfc-root=\"c\" data-sfc-cb=\"\">C\u00e1c \u0111\u1eb7c \u0111i\u1ec3m ch\u00ednh c\u1ee7a ChatGPT:<\/strong><\/span><\/div>\n<ul class=\"KsbFXc U6u95\" data-sfc-root=\"c\" data-sfc-cb=\"\">\n<li style=\"list-style-type: none;\">\n<ul class=\"KsbFXc U6u95\" data-sfc-root=\"c\" data-sfc-cb=\"\">\n<li class=\"dF3vjf\" data-sfc-root=\"c\" data-sfc-cb=\"\" data-hveid=\"CAEIABAK\"><span class=\"T286Pc\" style=\"font-size: 14pt;\" data-sfc-cp=\"\" data-sfc-root=\"c\" data-sfc-cb=\"\"><strong class=\"Yjhzub\" data-sfc-root=\"c\" data-sfc-cb=\"\">T\u1ea1o ra b\u1edfi OpenAI:<\/strong>\u00a0ChatGPT d\u1ef1a tr\u00ean c\u00e1c m\u00f4 h\u00ecnh ng\u00f4n ng\u1eef ti\u00ean ti\u1ebfn nh\u01b0 GPT-3.5, GPT-4, v\u00e0 GPT-4o, \u0111\u01b0\u1ee3c \u0111\u00e0o t\u1ea1o tr\u00ean kh\u1ed1i l\u01b0\u1ee3ng d\u1eef li\u1ec7u kh\u1ed5ng l\u1ed3 t\u1eeb internet.<\/span><\/li>\n<li class=\"dF3vjf\" data-sfc-root=\"c\" data-sfc-cb=\"\" data-hveid=\"CAEIABAL\"><span class=\"T286Pc\" style=\"font-size: 14pt;\" data-sfc-cp=\"\" data-sfc-root=\"c\" data-sfc-cb=\"\"><strong class=\"Yjhzub\" data-sfc-root=\"c\" data-sfc-cb=\"\">Tr\u00f2 chuy\u1ec7n t\u1ef1 nhi\u00ean:<\/strong>\u00a0Kh\u00f4ng ch\u1ec9 tr\u1ea3 l\u1eddi theo k\u1ecbch b\u1ea3n, AI n\u00e0y c\u00f3 kh\u1ea3 n\u0103ng t\u01b0 duy, ph\u00e2n t\u00edch v\u00e0 ph\u1ea3n h\u1ed3i linh ho\u1ea1t theo ng\u1eef c\u1ea3nh, gi\u1ed1ng nh\u01b0 cu\u1ed9c \u0111\u1ed1i tho\u1ea1i gi\u1eefa ng\u01b0\u1eddi v\u1edbi ng\u01b0\u1eddi<\/span>\n<div id=\"sdh_2jHTac-ZGIyYseMP65rD-QU_1\"><span style=\"font-size: 14pt;\">.<\/span><\/div>\n<\/li>\n<\/ul>\n<\/li>\n<\/ul>\n<div id=\"sdh_2jHTac-ZGIyYseMP65rD-QU_2\">\n<ul>\n<li class=\"dF3vjf\" data-sfc-root=\"c\" data-sfc-cb=\"\" data-hveid=\"CAEIARAA\"><span class=\"T286Pc\" style=\"font-size: 14pt;\" data-sfc-cp=\"\" data-sfc-root=\"c\" data-sfc-cb=\"\"><strong class=\"Yjhzub\" data-sfc-root=\"c\" data-sfc-cb=\"\">\u1ee8ng d\u1ee5ng \u0111a n\u0103ng:<\/strong><\/span>\n<ul class=\"KsbFXc U6u95\" data-sfc-root=\"c\" data-sfc-cb=\"\">\n<li class=\"dF3vjf\" data-sfc-root=\"c\" data-sfc-cb=\"\" data-hveid=\"CAEIARAB\"><span class=\"T286Pc\" style=\"font-size: 14pt;\" data-sfc-cp=\"\" data-sfc-root=\"c\" data-sfc-cb=\"\"><strong class=\"Yjhzub\" data-sfc-root=\"c\" data-sfc-cb=\"\">H\u1ed7 tr\u1ee3 c\u00f4ng vi\u1ec7c:<\/strong>\u00a0So\u1ea1n th\u1ea3o email, b\u00e1o c\u00e1o, vi\u1ebft code, g\u1ee1 l\u1ed7i (debug).<\/span><\/li>\n<li class=\"dF3vjf\" data-sfc-root=\"c\" data-sfc-cb=\"\" data-hveid=\"CAEIARAC\"><span class=\"T286Pc\" style=\"font-size: 14pt;\" data-sfc-cp=\"\" data-sfc-root=\"c\" data-sfc-cb=\"\"><strong class=\"Yjhzub\" data-sfc-root=\"c\" data-sfc-cb=\"\">H\u1ecdc t\u1eadp & S\u00e1ng t\u1ea1o:<\/strong>\u00a0Gi\u1ea3i \u0111\u00e1p ki\u1ebfn th\u1ee9c, t\u00f3m t\u1eaft v\u0103n b\u1ea3n, d\u1ecbch ng\u00f4n ng\u1eef, vi\u1ebft v\u0103n, l\u00e0m th\u01a1, l\u1eadp k\u1ebf ho\u1ea1ch.<\/span><\/li>\n<li class=\"dF3vjf\" data-sfc-root=\"c\" data-sfc-cb=\"\" data-hveid=\"CAEIARAD\"><span class=\"T286Pc\" style=\"font-size: 14pt;\" data-sfc-cp=\"\" data-sfc-root=\"c\" data-sfc-cb=\"\"><strong class=\"Yjhzub\" data-sfc-root=\"c\" data-sfc-cb=\"\">Ch\u1ee9c n\u0103ng n\u00e2ng cao:<\/strong>\u00a0\u1ede c\u00e1c phi\u00ean b\u1ea3n m\u1edbi, ChatGPT c\u00f3 th\u1ec3 hi\u1ec3u h\u00ecnh \u1ea3nh, gi\u1ecdng n\u00f3i v\u00e0 ph\u00e2n t\u00edch t\u1ec7p d\u1eef li\u1ec7u ph\u1ee9c t\u1ea1p.<\/span><\/li>\n<\/ul>\n<\/li>\n<li class=\"dF3vjf\" data-sfc-root=\"c\" data-sfc-cb=\"\" data-hveid=\"CAEIARAE\"><span style=\"font-size: 14pt;\"><span class=\"T286Pc\" data-sfc-cp=\"\" data-sfc-root=\"c\" data-sfc-cb=\"\"><strong class=\"Yjhzub\" data-sfc-root=\"c\" data-sfc-cb=\"\">T\u1ed1c \u0111\u1ed9 ph\u00e1t tri\u1ec3n:<\/strong>\u00a0ChatGPT \u0111\u00e3 \u0111\u1ea1t 100 tri\u1ec7u ng\u01b0\u1eddi d\u00f9ng ch\u1ec9 sau 2 th\u00e1ng ra m\u1eaft, tr\u1edf th\u00e0nh \u1ee9ng d\u1ee5ng ph\u00e1t tri\u1ec3n nhanh nh\u1ea5t l\u1ecbch s\u1eed t\u1ea1i th\u1eddi \u0111i\u1ec3m \u0111\u00f3.<\/span><span class=\"uJ19be notranslate\" data-sfc-root=\"c\" data-wiz-uids=\"Waccyf_3n,Waccyf_3o\" data-sfc-cb=\"\"><span class=\"vKEkVd\" data-animation-atomic=\"\" data-wiz-attrbind=\"class=Waccyf_3m\/TKHnVd\"><span aria-hidden=\"true\">\u00a0<\/span><\/span><\/span><\/span><\/li>\n<\/ul>\n<\/div>","protected":false},"excerpt":{"rendered":"<p>Sau khi thanh to\u00e1n, b\u1ea1n c\u1ea7n g\u1eedi T\u00e0i Kho\u1ea3n Chat GPT c\u1ee7a b\u1ea1n \u0111\u1ec3 Shop ti\u1ebfn h\u00e0nh N\u00e2ng C\u1ea5p l\u00ean<\/p>","protected":false},"featured_media":34523,"comment_status":"open","ping_status":"closed","template":"","meta":[],"product_brand":[],"product_cat":[72],"product_tag":[],"class_list":{"0":"post-34521","1":"product","2":"type-product","3":"status-publish","4":"has-post-thumbnail","6":"product_cat-netflix-youtube-spotify-vpn-premium-chat-gpt","8":"first","9":"instock","10":"sale","11":"downloadable","12":"virtual","13":"purchasable","14":"product-type-simple"},"_links":{"self":[{"href":"https:\/\/gameladeshop.com\/en\/wp-json\/wp\/v2\/product\/34521","targetHints":{"allow":["GET"]}}],"collection":[{"href":"https:\/\/gameladeshop.com\/en\/wp-json\/wp\/v2\/product"}],"about":[{"href":"https:\/\/gameladeshop.com\/en\/wp-json\/wp\/v2\/types\/product"}],"replies":[{"embeddable":true,"href":"https:\/\/gameladeshop.com\/en\/wp-json\/wp\/v2\/comments?post=34521"}],"version-history":[{"count":0,"href":"https:\/\/gameladeshop.com\/en\/wp-json\/wp\/v2\/product\/34521\/revisions"}],"wp:featuredmedia":[{"embeddable":true,"href":"https:\/\/gameladeshop.com\/en\/wp-json\/wp\/v2\/media\/34523"}],"wp:attachment":[{"href":"https:\/\/gameladeshop.com\/en\/wp-json\/wp\/v2\/media?parent=34521"}],"wp:term":[{"taxonomy":"product_brand","embeddable":true,"href":"https:\/\/gameladeshop.com\/en\/wp-json\/wp\/v2\/product_brand?post=34521"},{"taxonomy":"product_cat","embeddable":true,"href":"https:\/\/gameladeshop.com\/en\/wp-json\/wp\/v2\/product_cat?post=34521"},{"taxonomy":"product_tag","embeddable":true,"href":"https:\/\/gameladeshop.com\/en\/wp-json\/wp\/v2\/product_tag?post=34521"}],"curies":[{"name":"wp","href":"https:\/\/api.w.org\/{rel}","templated":true}]}}