{"id":28238,"date":"2025-11-19T13:47:48","date_gmt":"2025-11-19T13:47:48","guid":{"rendered":"https:\/\/gameladeshop.com\/?post_type=product&#038;p=28238"},"modified":"2026-04-13T06:24:16","modified_gmt":"2026-04-13T06:24:16","slug":"five-hearts-under-one-roof-1-2-tai-khoan-steam-offline","status":"publish","type":"product","link":"https:\/\/gameladeshop.com\/en\/five-hearts-under-one-roof-1-2-tai-khoan-steam-offline\/","title":{"rendered":"Five Hearts Under One Roof 1 + 2 T\u00e0i Kho\u1ea3n Steam Offline"},"content":{"rendered":"<ul>\n<li aria-level=\"1\"><span style=\"font-size: 14pt;\">T\u00e0i kho\u1ea3n \u0111\u01b0\u1ee3c g\u1eedi v\u1ec1 Mail ngay sau khi thanh to\u00e1n<\/span><\/li>\n<li aria-level=\"1\"><span style=\"font-size: 14pt;\">T\u1ea3i v\u00e0 ch\u01a1i Game Tr\u1ef1c ti\u1ebfp \u1edf Steam, C\u00f3 Update<\/span><\/li>\n<li aria-level=\"1\"><span style=\"font-size: 14pt;\">Ch\u01a1i Offline v\u00e0 c\u00f3 Save Game ri\u00eang. \u0110\u0103ng nh\u1eadp tr\u00ean 1 M\u00e1y<\/span><\/li>\n<li aria-level=\"1\"><span style=\"font-size: 14pt;\">Ch\u01a1i v\u0129nh vi\u1ec5n kh\u00f4ng c\u00f3 th\u1eddi h\u1ea1n<\/span><\/li>\n<li aria-level=\"1\"><span style=\"font-size: 14pt;\">R\u1ebb h\u01a1n Steam h\u01a1n 90%, C\u1ed1t truy\u1ec7n Game \u0111\u1ea7y \u0111\u1ee7<\/span><\/li>\n<li aria-level=\"1\"><span style=\"font-size: 14pt;\">C\u00f3 th\u1ec3 c\u00e0i th\u00eam Trainer, Mod Game, Vi\u1ec7t H\u00f3a<\/span><\/li>\n<li aria-level=\"1\"><span style=\"font-size: 14pt;\">B\u1ea3o H\u00e0nh n\u1ebfu t\u00e0i kho\u1ea3n c\u00f3 l\u1ed7i<\/span><\/li>\n<li aria-level=\"1\"><span style=\"font-size: 14pt;\">H\u01b0\u1edbng d\u1eabn v\u00e0 b\u1ea3o h\u00e0nh su\u1ed1t qu\u00e1 tr\u00ecnh ch\u01a1i Game<\/span><\/li>\n<\/ul>\n<p>&nbsp;<\/p>\n<div id=\"game_area_description\" class=\"game_area_description\">\n<h2>V\u1ec1 tr\u00f2 ch\u01a1i n\u00e0y<\/h2>\n<p class=\"bb_paragraph\"><i>\u201cLooking for someone to run the boarding house once again!\u201d<\/i><\/p>\n<p class=\"bb_paragraph\"><span class=\"bb_img_ctn\"><video class=\"bb_img\" crossorigin=\"anonymous\" poster=\"https:\/\/shared.fastly.steamstatic.com\/store_item_assets\/steam\/apps\/3731020\/extras\/472408daad85cd811da94d522b21ae8e.poster.avif?t=1763507862\" autoplay=\"autoplay\" loop=\"loop\" muted=\"\" width=\"1170\" height=\"658\"><source src=\"https:\/\/shared.fastly.steamstatic.com\/store_item_assets\/steam\/apps\/3731020\/extras\/472408daad85cd811da94d522b21ae8e.webm?t=1763507862\" type=\"video\/webm; codecs=vp9\" \/><\/video><\/span><\/p>\n<p class=\"bb_paragraph\">The FMV romance simulation <strong>[Five Hearts Under One Roof]<\/strong> returns with Season 2!<\/p>\n<p class=\"bb_paragraph\">Step into the shoes of Yuman once again and run a love-filled boarding house alongside six charming heroines.<\/p>\n<p class=\"bb_paragraph\">Season 2 brings back fan favorites Mal-sook, Gran, and Min-jung,<br \/>\nnow joined by three new tenants, each with their own unique charm.<\/p>\n<p class=\"bb_paragraph\">Experience heart-fluttering new stories and see how much the girls have grown.<\/p>\n<p class=\"bb_paragraph\">In the end\u2026 who will stay by your side?<\/p>\n<h2 class=\"bb_tag\"><strong>Character Introduction<\/strong><\/h2>\n<p class=\"bb_paragraph\"><span class=\"bb_img_ctn\"><video class=\"bb_img\" poster=\"https:\/\/shared.fastly.steamstatic.com\/store_item_assets\/steam\/apps\/3731020\/extras\/c5054459487cc42b416e0ad92267988d.poster.avif?t=1763507862\" autoplay=\"autoplay\" loop=\"loop\" muted=\"\" width=\"1170\" height=\"658\"><source src=\"https:\/\/shared.fastly.steamstatic.com\/store_item_assets\/steam\/apps\/3731020\/extras\/c5054459487cc42b416e0ad92267988d.webm?t=1763507862\" type=\"video\/webm; codecs=vp9\" \/><source src=\"https:\/\/shared.fastly.steamstatic.com\/store_item_assets\/steam\/apps\/3731020\/extras\/c5054459487cc42b416e0ad92267988d.mp4?t=1763507862\" type=\"video\/mp4\" \/><\/video><\/span><\/p>\n<p class=\"bb_paragraph\"><strong>Mal-sook Go \/ First Tenant \/ Childhood Friend of 20 Years<\/strong><\/p>\n<p class=\"bb_paragraph\"><i>&#8220;From today on, he\u2019s under my control!&#8221;<\/i><\/p>\n<p class=\"bb_paragraph\">Perfect chemistry, unspoken understanding\u2014Mal-sook is Yuman\u2019s one and only friend.<\/p>\n<p class=\"bb_paragraph\">In the 21 years they\u2019ve known each other, there was nothing they didn\u2019t share.<\/p>\n<p class=\"bb_paragraph\">At least, until a few months ago.<\/p>\n<p class=\"bb_paragraph\">Now, Mal-sook has a secret she can\u2019t bring herself to tell Yuman.<\/p>\n<p class=\"bb_paragraph\"><span class=\"bb_img_ctn\"><video class=\"bb_img\" crossorigin=\"anonymous\" poster=\"https:\/\/shared.fastly.steamstatic.com\/store_item_assets\/steam\/apps\/3731020\/extras\/8fecf585f04c52ff5af728dce999f625.poster.avif?t=1763507862\" autoplay=\"autoplay\" loop=\"loop\" muted=\"\" width=\"1170\" height=\"658\"><source src=\"https:\/\/shared.fastly.steamstatic.com\/store_item_assets\/steam\/apps\/3731020\/extras\/8fecf585f04c52ff5af728dce999f625.webm?t=1763507862\" type=\"video\/webm; codecs=vp9\" \/><\/video><\/span><\/p>\n<p class=\"bb_paragraph\"><strong>Gran Dong \/ Second Tenant \/ Workplace Supervisor<\/strong><\/p>\n<p class=\"bb_paragraph\"><i>&#8220;When we\u2019re not at work, don\u2019t call me &#8216;Manager.' Use my name.&#8221;<\/i><\/p>\n<p class=\"bb_paragraph\">Even calling her a workaholic wouldn\u2019t cut it. Gran is completely obsessed with her job.<\/p>\n<p class=\"bb_paragraph\">To her, anything outside of work isn\u2019t worth her time or thoughts.<\/p>\n<p class=\"bb_paragraph\">But there's one exception: Yuman.<\/p>\n<p class=\"bb_paragraph\">Watching him has become her unexpected source of enjoyment.<\/p>\n<p class=\"bb_paragraph\"><span class=\"bb_img_ctn\"><video class=\"bb_img\" crossorigin=\"anonymous\" poster=\"https:\/\/shared.fastly.steamstatic.com\/store_item_assets\/steam\/apps\/3731020\/extras\/cdfe5787b4e4c0002484eec05091e8e3.poster.avif?t=1763507862\" autoplay=\"autoplay\" loop=\"loop\" muted=\"\" width=\"1170\" height=\"658\"><source src=\"https:\/\/shared.fastly.steamstatic.com\/store_item_assets\/steam\/apps\/3731020\/extras\/cdfe5787b4e4c0002484eec05091e8e3.webm?t=1763507862\" type=\"video\/webm; codecs=vp9\" \/><\/video><\/span><\/p>\n<p class=\"bb_paragraph\"><strong>Yu-na Jeong \/ Third Tenant \/ Wealthy Heiress<\/strong><\/p>\n<p class=\"bb_paragraph\"><i>&#8220;I came to take responsibility for you, Yuman. I always keep my word.&#8221;<\/i><\/p>\n<p class=\"bb_paragraph\">The youngest daughter of a powerful and successful conglomerate family.<\/p>\n<p class=\"bb_paragraph\">She seems carefree, full of energy, and always ready to have fun\u2014like she doesn\u2019t have a worry in the world.<\/p>\n<p class=\"bb_paragraph\">But at home, she\u2019s seen as the clumsy, useless one.<\/p>\n<p class=\"bb_paragraph\">And that \u201cuseless one\u201d ends up causing real trouble.<\/p>\n<p class=\"bb_paragraph\"><span class=\"bb_img_ctn\"><video class=\"bb_img\" crossorigin=\"anonymous\" poster=\"https:\/\/shared.fastly.steamstatic.com\/store_item_assets\/steam\/apps\/3731020\/extras\/b544a0683da524cbb972f1e1af7f0c72.poster.avif?t=1763507862\" autoplay=\"autoplay\" loop=\"loop\" muted=\"\" width=\"1170\" height=\"658\"><source src=\"https:\/\/shared.fastly.steamstatic.com\/store_item_assets\/steam\/apps\/3731020\/extras\/b544a0683da524cbb972f1e1af7f0c72.webm?t=1763507862\" type=\"video\/webm; codecs=vp9\" \/><\/video><\/span><\/p>\n<p class=\"bb_paragraph\"><strong>Min-jung Park \/ Fourth Tenant \/ First Love<\/strong><\/p>\n<p class=\"bb_paragraph\"><i>&#8220;I had nowhere else to go but here.&#8221;<\/i><\/p>\n<p class=\"bb_paragraph\">Once an unknown idol struggling for attention, Min-jung is now a national sweetheart.<\/p>\n<p class=\"bb_paragraph\">Just when her career seemed to be at its peak, radiant and busier than ever,<\/p>\n<p class=\"bb_paragraph\">another scandal threatens to bring her crashing down.<\/p>\n<p class=\"bb_paragraph\">Right now, Yuman is the only person she can rely on.<\/p>\n<p class=\"bb_paragraph\"><span class=\"bb_img_ctn\"><video class=\"bb_img\" crossorigin=\"anonymous\" poster=\"https:\/\/shared.fastly.steamstatic.com\/store_item_assets\/steam\/apps\/3731020\/extras\/58561a8c941dfab3668ddf100e60e946.poster.avif?t=1763507862\" autoplay=\"autoplay\" loop=\"loop\" muted=\"\" width=\"1170\" height=\"658\"><source src=\"https:\/\/shared.fastly.steamstatic.com\/store_item_assets\/steam\/apps\/3731020\/extras\/58561a8c941dfab3668ddf100e60e946.webm?t=1763507862\" type=\"video\/webm; codecs=vp9\" \/><\/video><\/span><\/p>\n<p class=\"bb_paragraph\"><strong>Yoo-jung Yang \/ Last Tenant \/ Quiet Wallflower<\/strong><\/p>\n<p class=\"bb_paragraph\"><i>&#8220;You're the first person who\u2019s ever really seen me.&#8221;<\/i><\/p>\n<p class=\"bb_paragraph\">Yoo-jung does nothing but work\u2014unless she\u2019s eating or sleeping.<\/p>\n<p class=\"bb_paragraph\">Because of bullying she went through in school, she finds it hard to face people.<\/p>\n<p class=\"bb_paragraph\">She keeps putting off college, too, afraid of dealing with others.<\/p>\n<p class=\"bb_paragraph\">But then, someone like Yuman comes into her life\u2014a once-in-a-lifetime chance.<\/p>\n<p class=\"bb_paragraph\"><span class=\"bb_img_ctn\"><video class=\"bb_img\" crossorigin=\"anonymous\" poster=\"https:\/\/shared.fastly.steamstatic.com\/store_item_assets\/steam\/apps\/3731020\/extras\/7a15ec415d308016b7ab38f1d0148449.poster.avif?t=1763507862\" autoplay=\"autoplay\" loop=\"loop\" muted=\"\" width=\"1170\" height=\"658\"><source src=\"https:\/\/shared.fastly.steamstatic.com\/store_item_assets\/steam\/apps\/3731020\/extras\/7a15ec415d308016b7ab38f1d0148449.webm?t=1763507862\" type=\"video\/webm; codecs=vp9\" \/><\/video><\/span><\/p>\n<p class=\"bb_paragraph\"><strong>Gyu-ri Bang \/ Soon-to-Be Tenant (?) \/ Sweet Nurse<\/strong><\/p>\n<p class=\"bb_paragraph\"><i>&#8220;Yuman, you\u2019re a patient right now. A patient!&#8221;<\/i><\/p>\n<p class=\"bb_paragraph\">With her warm personality and adorable looks, Gyu-ri is like an idol to the hospital patients.<\/p>\n<p class=\"bb_paragraph\">Despite the demanding nature of her job, she gives her all with a strong sense of duty.<\/p>\n<p class=\"bb_paragraph\">But one particular patient starts to feel&#8230; different.<\/p>\n<p class=\"bb_paragraph\">Lately, Yuman keeps crossing her mind\u2014not as a patient, but as a man.<\/p>\n<p class=\"bb_paragraph\"><i>Out of these six unique heroines, who will you fall in love with?<\/i><\/p>\n<p class=\"bb_paragraph\"><i>Or\u2026 will it be someone else entirely?<\/i><\/p>\n<h2 class=\"bb_tag\"><strong>Key Features<\/strong><\/h2>\n<p class=\"bb_paragraph\"><span class=\"bb_img_ctn\"><video class=\"bb_img\" crossorigin=\"anonymous\" poster=\"https:\/\/shared.fastly.steamstatic.com\/store_item_assets\/steam\/apps\/3731020\/extras\/3dbea44ff0f99a1501d44b4aca139c65.poster.avif?t=1763507862\" autoplay=\"autoplay\" loop=\"loop\" muted=\"\" width=\"1170\" height=\"658\"><source src=\"https:\/\/shared.fastly.steamstatic.com\/store_item_assets\/steam\/apps\/3731020\/extras\/3dbea44ff0f99a1501d44b4aca139c65.webm?t=1763507862\" type=\"video\/webm; codecs=vp9\" \/><\/video><\/span><\/p>\n<p class=\"bb_paragraph\"><strong>Immersive Romance Simulation in First-Person Perspective<\/strong><\/p>\n<p class=\"bb_paragraph\">The entire game unfolds through Yuman\u2019s eyes, from start to finish.<\/p>\n<p class=\"bb_paragraph\">Talk, choose, and shape the story alongside the heroines from a fully first-person viewpoint.<\/p>\n<p class=\"bb_paragraph\">Feel like you\u2019re truly the owner of the boarding house, living the romance for real.<\/p>\n<p class=\"bb_paragraph\"><span class=\"bb_img_ctn\"><img fetchpriority=\"high\" decoding=\"async\" class=\"bb_img\" src=\"https:\/\/gameladeshop.com\/wp-content\/uploads\/2025\/11\/dcf9453a06efabe1ca3edb97c9b8c0ab.\" width=\"1560\" height=\"878\" \/><\/span><\/p>\n<p>&nbsp;<\/p>\n<p class=\"bb_paragraph\"><strong>Richer Storylines with Lower Barriers<\/strong><\/p>\n<p class=\"bb_paragraph\">With expanded story branches and brand-new bonus videos, Season 2 lowers the barriers that held you back in Season 1.<\/p>\n<p class=\"bb_paragraph\">Get closer to the heroines more naturally, and unlock hidden epilogues and bonus CGs to your heart\u2019s content!<\/p>\n<p class=\"bb_paragraph\"><span class=\"bb_img_ctn\"><video class=\"bb_img\" crossorigin=\"anonymous\" poster=\"https:\/\/shared.fastly.steamstatic.com\/store_item_assets\/steam\/apps\/3731020\/extras\/8944ccb15c94f91c8300d760b8009ce8.poster.avif?t=1763507862\" autoplay=\"autoplay\" loop=\"loop\" muted=\"\" width=\"1170\" height=\"658\"><source src=\"https:\/\/shared.fastly.steamstatic.com\/store_item_assets\/steam\/apps\/3731020\/extras\/8944ccb15c94f91c8300d760b8009ce8.webm?t=1763507862\" type=\"video\/webm; codecs=vp9\" \/><\/video><\/span><\/p>\n<p class=\"bb_paragraph\"><strong>More Natural Acting and Stunning Visuals<\/strong><\/p>\n<p class=\"bb_paragraph\">The original video team\u2014who brought Season 1\u2019s heroines to life\u2014is back on board.<\/p>\n<p class=\"bb_paragraph\">Expect even more authentic performances and high-quality visuals that heighten the emotional depth and realism.<\/p>\n<p class=\"bb_paragraph\"><span class=\"bb_img_ctn\"><img decoding=\"async\" class=\"bb_img\" src=\"https:\/\/gameladeshop.com\/wp-content\/uploads\/2025\/11\/18e70f5dcbba4fd426bd454e0a1706c5.\" width=\"1560\" height=\"878\" \/><\/span><\/p>\n<p class=\"bb_paragraph\"><strong>More Features, More Fun<\/strong><\/p>\n<p class=\"bb_paragraph\">With a newly added item system, you can add strategy to how you win each heroine\u2019s heart.<\/p>\n<p class=\"bb_paragraph\">Discover hidden choices that unlock new scenes\u2014every playthrough promises fresh surprises and new romantic moments.<\/p>\n<p class=\"bb_paragraph\"><span class=\"bb_img_ctn\"><video class=\"bb_img\" crossorigin=\"anonymous\" poster=\"https:\/\/shared.fastly.steamstatic.com\/store_item_assets\/steam\/apps\/3731020\/extras\/8e07959038676e9529ad96e7fb3a8750.poster.avif?t=1763507862\" autoplay=\"autoplay\" loop=\"loop\" muted=\"\" width=\"1170\" height=\"658\"><source src=\"https:\/\/shared.fastly.steamstatic.com\/store_item_assets\/steam\/apps\/3731020\/extras\/8e07959038676e9529ad96e7fb3a8750.webm?t=1763507862\" type=\"video\/webm; codecs=vp9\" \/><\/video><\/span><\/p>\n<p class=\"bb_paragraph\"><strong>Even More Irresistible Heroines<\/strong><\/p>\n<p class=\"bb_paragraph\">&#8220;From the childhood friend and wealthy heiress to the first love and the shy girl learning to open up\u2014each heroine brings a strong, unique charm.<\/p>\n<p class=\"bb_paragraph\">Whether older, younger, or the same age, they\u2019re all drawn to you.&#8221;<\/p>\n<p class=\"bb_paragraph\">Get ready to be at the center of even more unforgettable love stories.<\/p>\n<p class=\"bb_paragraph\">\n<\/div>\n<p>&nbsp;<\/p>","protected":false},"excerpt":{"rendered":"<p>T\u00e0i kho\u1ea3n \u0111\u01b0\u1ee3c g\u1eedi v\u1ec1 Mail ngay sau khi thanh to\u00e1n T\u1ea3i v\u00e0 ch\u01a1i Game Tr\u1ef1c ti\u1ebfp \u1edf Steam, C\u00f3<\/p>","protected":false},"featured_media":28239,"comment_status":"open","ping_status":"closed","template":"","meta":[],"product_brand":[],"product_cat":[114,92],"product_tag":[],"class_list":{"0":"post-28238","1":"product","2":"type-product","3":"status-publish","4":"has-post-thumbnail","6":"product_cat-game-steam-ea-ubisoft","7":"product_cat-game-offline","9":"first","10":"instock","11":"sale","12":"featured","13":"downloadable","14":"virtual","15":"purchasable","16":"product-type-simple"},"_links":{"self":[{"href":"https:\/\/gameladeshop.com\/en\/wp-json\/wp\/v2\/product\/28238","targetHints":{"allow":["GET"]}}],"collection":[{"href":"https:\/\/gameladeshop.com\/en\/wp-json\/wp\/v2\/product"}],"about":[{"href":"https:\/\/gameladeshop.com\/en\/wp-json\/wp\/v2\/types\/product"}],"replies":[{"embeddable":true,"href":"https:\/\/gameladeshop.com\/en\/wp-json\/wp\/v2\/comments?post=28238"}],"version-history":[{"count":0,"href":"https:\/\/gameladeshop.com\/en\/wp-json\/wp\/v2\/product\/28238\/revisions"}],"wp:featuredmedia":[{"embeddable":true,"href":"https:\/\/gameladeshop.com\/en\/wp-json\/wp\/v2\/media\/28239"}],"wp:attachment":[{"href":"https:\/\/gameladeshop.com\/en\/wp-json\/wp\/v2\/media?parent=28238"}],"wp:term":[{"taxonomy":"product_brand","embeddable":true,"href":"https:\/\/gameladeshop.com\/en\/wp-json\/wp\/v2\/product_brand?post=28238"},{"taxonomy":"product_cat","embeddable":true,"href":"https:\/\/gameladeshop.com\/en\/wp-json\/wp\/v2\/product_cat?post=28238"},{"taxonomy":"product_tag","embeddable":true,"href":"https:\/\/gameladeshop.com\/en\/wp-json\/wp\/v2\/product_tag?post=28238"}],"curies":[{"name":"wp","href":"https:\/\/api.w.org\/{rel}","templated":true}]}}