{"id":26335,"date":"2025-10-08T01:21:18","date_gmt":"2025-10-08T01:21:18","guid":{"rendered":"https:\/\/gameladeshop.com\/?post_type=product&#038;p=26335"},"modified":"2025-10-27T07:08:01","modified_gmt":"2025-10-27T07:08:01","slug":"little-nightmares-iii-viet-hoa-deluxe-edition-tk-steam-offline","status":"publish","type":"product","link":"https:\/\/gameladeshop.com\/en\/little-nightmares-iii-viet-hoa-deluxe-edition-tk-steam-offline\/","title":{"rendered":"Little Nightmares III Vi\u1ec7t Ho\u00e1 + Mod Online Deluxe Edition TK Steam Offline"},"content":{"rendered":"<ul>\n<li aria-level=\"1\"><span style=\"font-size: 14pt;\"><strong>Game Ra M\u00e1t 10-10-2026<\/strong><\/span><\/li>\n<li aria-level=\"1\"><span style=\"font-size: 14pt;\">T\u1ea3i v\u00e0 ch\u01a1i Game Tr\u1ef1c ti\u1ebfp \u1edf Steam, C\u00f3 Update<\/span><\/li>\n<li aria-level=\"1\"><span style=\"font-size: 14pt;\">Ch\u01a1i Offline v\u00e0 c\u00f3 Save Game ri\u00eang<\/span><\/li>\n<li aria-level=\"1\"><span style=\"font-size: 14pt;\">Ch\u01a1i v\u0129nh vi\u1ec5n kh\u00f4ng c\u00f3 th\u1eddi h\u1ea1n<\/span><\/li>\n<li aria-level=\"1\"><span style=\"font-size: 14pt;\">R\u1ebb h\u01a1n Steam h\u01a1n 90%, C\u1ed1t truy\u1ec7n Game \u0111\u1ea7y \u0111\u1ee7<\/span><\/li>\n<li aria-level=\"1\"><span style=\"font-size: 14pt;\">C\u00f3 th\u1ec3 c\u00e0i th\u00eam Trainer, Mod Game, Vi\u1ec7t H\u00f3a N\u1ebfu C\u00f3<\/span><\/li>\n<li aria-level=\"1\"><span style=\"font-size: 14pt;\">B\u1ea3o H\u00e0nh n\u1ebfu t\u00e0i kho\u1ea3n c\u00f3 l\u1ed7i<\/span><\/li>\n<li aria-level=\"1\"><span style=\"font-size: 14pt;\">H\u01b0\u1edbng d\u1eabn v\u00e0 b\u1ea3o h\u00e0nh su\u1ed1t qu\u00e1 tr\u00ecnh ch\u01a1i Game<\/span><\/li>\n<\/ul>\n<p>&nbsp;<\/p>\n<div id=\"game_area_description\" class=\"game_area_description\">\n<p class=\"bb_paragraph\"><span style=\"font-size: 14pt;\">\ud83c\udfae <strong data-start=\"190\" data-end=\"240\">CH\u00c0O M\u1eeaNG \u0110\u1ebeN V\u1edaI C\u01a0N \u00c1C M\u1ed8NG KH\u00d4NG L\u1ed0I THO\u00c1T.<\/strong><\/span><br data-start=\"240\" data-end=\"243\" \/><span style=\"font-size: 14pt;\">Hai \u0111\u1ee9a tr\u1ebb \u2014 Low v\u00e0 Alone \u2014 v\u00f4 t\u00ecnh l\u1ea1c v\u00e0o m\u1ed9t th\u1ebf gi\u1edbi ma qu\u00e1i, n\u01a1i kh\u00f4ng d\u00e0nh cho con ng\u01b0\u1eddi, c\u00e0ng kh\u00f4ng d\u00e0nh cho tr\u1ebb em.<\/span><br data-start=\"367\" data-end=\"370\" \/><span style=\"font-size: 14pt;\">N\u1ebfu kh\u00f4ng t\u00ecm \u0111\u01b0\u1ee3c l\u1ed1i tho\u00e1t, ch\u00fang s\u1ebd v\u0129nh vi\u1ec5n m\u1eafc k\u1eb9t trong c\u01a1n \u00e1c m\u1ed9ng t\u0103m t\u1ed1i&#8230; v\u1edbi m\u1ed9t k\u1ebft c\u1ee5c c\u00f2n t\u1ed3i t\u1ec7 h\u01a1n c\u1ea3 c\u00e1i ch\u1ebft.<\/span><\/p>\n<p class=\"bb_paragraph\"><span style=\"font-size: 14pt;\"><strong data-start=\"501\" data-end=\"592\">B\u1ea1n s\u1ebd v\u00e0o vai Low & Alone \u2014 \u0111\u00f4i b\u1ea1n b\u1ea5t \u0111\u1eafc d\u0129, c\u00f9ng sinh t\u1ed3n gi\u1eefa \u0111\u1ecba ng\u1ee5c tr\u1ea7n gian.<\/strong><\/span><br data-start=\"592\" data-end=\"595\" \/><span style=\"font-size: 14pt;\">Low c\u00f3 c\u00e2y cung s\u1eafc b\u00e9n. Alone s\u1edf h\u1eefu chi\u1ebfc c\u1edd l\u00ea ph\u00e1 hu\u1ef7.<\/span><br data-start=\"653\" data-end=\"656\" \/><span style=\"font-size: 14pt;\">Ch\u1ec9 khi ph\u1ed1i h\u1ee3p \u0103n \u00fd, t\u1eadn d\u1ee5ng s\u1ee9c m\u1ea1nh ri\u00eang bi\u1ec7t c\u1ee7a t\u1eebng ng\u01b0\u1eddi, b\u1ea1n m\u1edbi c\u00f3 c\u01a1 h\u1ed9i v\u01b0\u1ee3t qua b\u00f3ng t\u1ed1i \u0111ang r\u00ecnh r\u1eadp kh\u1eafp n\u01a1i.<\/span><\/p>\n<p class=\"bb_paragraph\"><span class=\"bb_img_ctn\" style=\"font-size: 14pt;\"><video class=\"bb_img\" crossorigin=\"anonymous\" poster=\"https:\/\/shared.fastly.steamstatic.com\/store_item_assets\/steam\/apps\/1392860\/extras\/16021adf66230203ec6533eccdb3870f.poster.avif?t=1758186235\" autoplay=\"autoplay\" loop=\"loop\" muted=\"\" width=\"616\" height=\"298\"><source src=\"https:\/\/shared.fastly.steamstatic.com\/store_item_assets\/steam\/apps\/1392860\/extras\/16021adf66230203ec6533eccdb3870f.webm?t=1758186235\" type=\"video\/webm; codecs=vp9\" \/><\/video><\/span><\/p>\n<p class=\"bb_paragraph\"><span style=\"font-size: 14pt;\">\ud83d\udd25 H\u00e3y c\u00f9ng nhau v\u01b0\u1ee3t qua m\u00ea cung c\u1ee7a nh\u1eefng l\u1ed1i \u0111i b\u00ed m\u1eadt, v\u01b0\u1ee3t ch\u01b0\u1edbng ng\u1ea1i v\u1eadt kh\u1ed5ng l\u1ed3, chi\u1ebfn \u0111\u1ea5u ho\u1eb7c tr\u1ed1n ch\u1ea1y \u0111\u00fang l\u00fac \u0111\u1ec3 s\u1ed1ng s\u00f3t.<\/span><br data-start=\"921\" data-end=\"924\" \/><span style=\"font-size: 14pt;\">Low c\u00f3 th\u1ec3 b\u1eafn h\u1ea1 k\u1ebb th\u00f9 t\u1eeb xa, c\u1eaft d\u00e2y th\u1eebng, b\u1eafn tr\u00fang c\u00f4ng t\u1eafc hay th\u1eadm ch\u00ed l\u00e0 k\u00e9o \u0111\u1ed5 c\u1ea3 c\u1ed7 m\u00e1y.<\/span><br data-start=\"1023\" data-end=\"1026\" \/><span style=\"font-size: 14pt;\">Alone m\u1ea1nh m\u1ebd v\u00e0 kh\u00f4ng khoan nh\u01b0\u1ee3ng \u2014 chi\u1ebfc c\u1edd l\u00ea trong tay c\u1eadu c\u00f3 th\u1ec3 \u0111\u1eadp tan r\u00e0o ch\u1eafn, nghi\u1ec1n n\u00e1t qu\u00e1i v\u1eadt \u0111ang cho\u00e1ng v\u00e1ng, hay k\u00edch ho\u1ea1t nh\u1eefng c\u01a1 ch\u1ebf \u1ea9n gi\u1ea5u.<\/span><\/p>\n<p class=\"bb_paragraph\"><span class=\"bb_img_ctn\" style=\"font-size: 14pt;\"><video class=\"bb_img\" crossorigin=\"anonymous\" poster=\"https:\/\/shared.fastly.steamstatic.com\/store_item_assets\/steam\/apps\/1392860\/extras\/6e739f1d1c409d003e415963f254e75c.poster.avif?t=1758186235\" autoplay=\"autoplay\" loop=\"loop\" muted=\"\" width=\"616\" height=\"298\"><source src=\"https:\/\/shared.fastly.steamstatic.com\/store_item_assets\/steam\/apps\/1392860\/extras\/6e739f1d1c409d003e415963f254e75c.webm?t=1758186235\" type=\"video\/webm; codecs=vp9\" \/><\/video><\/span><\/p>\n<p data-start=\"1190\" data-end=\"1638\"><span style=\"font-size: 14pt;\"><strong data-start=\"1190\" data-end=\"1271\">\ud83c\udf11 Nh\u01b0ng h\u00e3y nh\u1edb: Th\u1ebf gi\u1edbi n\u00e0y \u2013 \u201cH\u01b0 V\u00f4\u201d \u2013 kh\u00f4ng ch\u1ec9 \u0111\u00e1ng s\u1ee3\u2026 n\u00f3 \u0111ang <em data-start=\"1262\" data-end=\"1268\">s\u1ed1ng<\/em>.<\/strong><\/span><br data-start=\"1271\" data-end=\"1274\" \/><span style=\"font-size: 14pt;\">\u1ede m\u1ed7i g\u00f3c t\u1ed1i, m\u1ed7i b\u01b0\u1edbc ch\u00e2n b\u1ea1n \u0111i qua \u0111\u1ec1u c\u00f3 th\u1ec3 \u0111\u00e1nh \u0111\u1ed9ng nh\u1eefng <em data-start=\"1341\" data-end=\"1360\">C\u01b0 D\u00e2n Kinh Ho\u00e0ng<\/em> \u0111ang r\u00ecnh r\u1eadp trong b\u00f3ng t\u1ed1i.<\/span><br data-start=\"1390\" data-end=\"1393\" \/><span style=\"font-size: 14pt;\">B\u1ea1n s\u1ebd ph\u1ea3i:<\/span><br data-start=\"1405\" data-end=\"1408\" \/><span style=\"font-size: 14pt;\">\ud83d\udd2a Tr\u1ed1n ch\u1ea1y kh\u1ecfi <em data-start=\"1426\" data-end=\"1435\">Qu\u00e1i B\u00e9<\/em> trong nh\u1eefng t\u00e0n t\u00edch c\u00e1t b\u1ee5i kh\u1ed5ng l\u1ed3 c\u1ee7a th\u00e0nh ph\u1ed1 ch\u1ebft ch\u00f3c.<\/span><br data-start=\"1498\" data-end=\"1501\" \/><span style=\"font-size: 14pt;\">\ud83c\udf6d N\u00e9 l\u0169 <em data-start=\"1510\" data-end=\"1519\">S\u00e2u K\u1eb9o<\/em> h\u00e1u \u0111\u00f3i trong nh\u00e0 m\u00e1y k\u1eb9o \u0111\u00e1ng s\u1ee3.<\/span><br data-start=\"1554\" data-end=\"1557\" \/><span style=\"font-size: 14pt;\">\ud83c\udfa0 V\u01b0\u1ee3t qua c\u01a1n m\u01b0a t\u1eed th\u1ea7n v\u00e0 nh\u1eefng b\u01b0\u1edbc ch\u00e2n n\u1eb7ng n\u1ec1 t\u1ea1i khu vui ch\u01a1i b\u1ecf hoang.<\/span><\/p>\n<p data-start=\"1640\" data-end=\"1691\"><span style=\"font-size: 14pt;\">Ch\u1ec9 m\u1ed9t kho\u1ea3nh kh\u1eafc l\u01a1 l\u00e0\u2026 b\u1ea1n s\u1ebd bi\u1ebfn m\u1ea5t m\u00e3i m\u00e3i.<\/span><\/p>\n<p class=\"bb_paragraph\"><span class=\"bb_img_ctn\" style=\"font-size: 14pt;\"><video class=\"bb_img\" crossorigin=\"anonymous\" poster=\"https:\/\/shared.fastly.steamstatic.com\/store_item_assets\/steam\/apps\/1392860\/extras\/5441df5cb2e53e01e7a4abe2bbeadcf9.poster.avif?t=1758186235\" autoplay=\"autoplay\" loop=\"loop\" muted=\"\" width=\"616\" height=\"298\"><source src=\"https:\/\/shared.fastly.steamstatic.com\/store_item_assets\/steam\/apps\/1392860\/extras\/5441df5cb2e53e01e7a4abe2bbeadcf9.webm?t=1758186235\" type=\"video\/webm; codecs=vp9\" \/><\/video><\/span><\/p>\n<div class=\"bb_img_icons\">\n<div class=\"bb_img_play_pause playing\" role=\"button\" data-panel=\"{&quot;focusable&quot;:true,&quot;clickOnActivate&quot;:true}\" data-tooltip=\"Tr\u00ecnh duy\u1ec7t c\u1ee7a b\u1ea1n \u0111\u00e3 b\u1eadt thi\u1ebft l\u1eadp gi\u1ea3m chuy\u1ec3n \u0111\u1ed9ng tr\u00ean m\u00e0n h\u00ecnh, n\u00ean \u1ea3nh \u0111\u1ed9ng n\u00e0y s\u1ebd m\u1eb7c \u0111\u1ecbnh t\u1ea1m d\u1eebng.\" data-tooltip-visible=\"false\">\n<p data-start=\"1693\" data-end=\"1890\"><span style=\"font-size: 14pt;\"><strong data-start=\"1693\" data-end=\"1756\">\ud83c\udf2a H\u00e0nh tr\u00ecnh s\u1ebd ng\u00e0y c\u00e0ng t\u1ed1i t\u0103m, r\u00f9ng r\u1ee3n v\u00e0 \u0111\u1ea7y \u00e1m \u1ea3nh.<\/strong><\/span><br data-start=\"1756\" data-end=\"1759\" \/><span style=\"font-size: 14pt;\">K\u00fd \u1ee9c d\u1ea7n th\u1ee9c t\u1ec9nh. S\u1ef1 th\u1eadt b\u1ecb ch\u00f4n v\u00f9i d\u1ea7n h\u00e9 l\u1ed9.<\/span><br data-start=\"1810\" data-end=\"1813\" \/><span style=\"font-size: 14pt;\">B\u1ea1n s\u1ebd d\u00e1m b\u01b0\u1edbc ti\u1ebfp c\u00f9ng Low v\u00e0 Alone? Hay \u0111\u1ec3 c\u01a1n \u00e1c m\u1ed9ng nu\u1ed1t ch\u1eedng c\u1ea3 hai?<\/span><\/p>\n<p data-start=\"1892\" data-end=\"2034\"><span style=\"font-size: 14pt;\">\ud83d\udca5 <strong data-start=\"1895\" data-end=\"1968\">M\u1ed9t th\u1ebf gi\u1edbi v\u1eeba \u0111\u1eb9p, v\u1eeba \u0111\u00e1ng s\u1ee3, v\u1eeba m\u00ea ho\u1eb7c \u0111ang ch\u1edd b\u1ea1n kh\u00e1m ph\u00e1.<\/strong><\/span><br data-start=\"1968\" data-end=\"1971\" \/><span style=\"font-size: 14pt;\">B\u1ea1n s\u1ebd c\u1ee9u h\u1ecd\u2026 hay s\u1ebd l\u00e0 ng\u01b0\u1eddi ti\u1ebfp theo b\u1ecb &#8220;H\u01b0 V\u00f4&#8221; nu\u1ed1t ch\u1eedng?<\/span><\/p>\n<h2><span style=\"font-size: 14pt;\">Y\u00eau c\u1ea7u h\u1ec7 th\u1ed1ng<\/span><\/h2>\n<div class=\"sysreq_contents\">\n<div class=\"game_area_sys_req sysreq_content active\" data-os=\"win\">\n<div class=\"game_area_sys_req_leftCol\">\n<p><span style=\"font-size: 14pt;\"><strong>T\u1ed1i thi\u1ec3u:<\/strong><\/span><\/p>\n<ul>\n<li style=\"list-style-type: none;\">\n<ul class=\"bb_ul\">\n<li><span style=\"font-size: 14pt;\">Y\u00eau c\u1ea7u vi x\u1eed l\u00fd v\u00e0 h\u1ec7 \u0111i\u1ec1u h\u00e0nh \u0111\u1ec1u ch\u1ea1y 64-bit<\/span><\/li>\n<li><span style=\"font-size: 14pt;\"><strong>H\u0110H:<\/strong>\u00a0Windows 11<\/span><\/li>\n<li><span style=\"font-size: 14pt;\"><strong>B\u1ed9 x\u1eed l\u00fd:<\/strong>\u00a0Intel Core i5-6500 or AMD Ryzen 3 1200<\/span><\/li>\n<li><span style=\"font-size: 14pt;\"><strong>B\u1ed9 nh\u1edb:<\/strong>\u00a08 GB RAM<\/span><\/li>\n<li><span style=\"font-size: 14pt;\"><strong>\u0110\u1ed3 h\u1ecda:<\/strong>\u00a0Nvidia GeForce GTX 1060 or AMD Radeon RX 580<\/span><\/li>\n<li><span style=\"font-size: 14pt;\"><strong>Ghi ch\u00fa th\u00eam:<\/strong>\u00a0Low 1080p @ 60 FPS<\/span><\/li>\n<\/ul>\n<\/li>\n<\/ul>\n<\/div>\n<div class=\"game_area_sys_req_rightCol\">\n<p><span style=\"font-size: 14pt;\"><strong>Khuy\u1ebfn ngh\u1ecb:<\/strong><\/span><\/p>\n<ul>\n<li style=\"list-style-type: none;\">\n<ul class=\"bb_ul\">\n<li><span style=\"font-size: 14pt;\">Y\u00eau c\u1ea7u vi x\u1eed l\u00fd v\u00e0 h\u1ec7 \u0111i\u1ec1u h\u00e0nh \u0111\u1ec1u ch\u1ea1y 64-bit<\/span><\/li>\n<li><span style=\"font-size: 14pt;\"><strong>H\u0110H:<\/strong>\u00a0Windows 11<\/span><\/li>\n<li><span style=\"font-size: 14pt;\"><strong>B\u1ed9 x\u1eed l\u00fd:<\/strong>\u00a0Intel Core i5-8400 or AMD Ryzen 5 1600<\/span><\/li>\n<li><span style=\"font-size: 14pt;\"><strong>B\u1ed9 nh\u1edb:<\/strong>\u00a012 GB RAM<\/span><\/li>\n<li><span style=\"font-size: 14pt;\"><strong>\u0110\u1ed3 h\u1ecda:<\/strong>\u00a0Nvidia GeForce RTX 2080, 8 GB or AMD RX 6800<\/span><\/li>\n<li><span style=\"font-size: 14pt;\"><strong>Ghi ch\u00fa th\u00eam:<\/strong>\u00a0High 1080p @ 60 FPS<\/span><\/li>\n<\/ul>\n<\/li>\n<\/ul>\n<\/div>\n<\/div>\n<\/div>\n<\/div>\n<\/div>\n<\/div>","protected":false},"excerpt":{"rendered":"<p>Game Ra M\u00e1t 10-10-2026 T\u1ea3i v\u00e0 ch\u01a1i Game Tr\u1ef1c ti\u1ebfp \u1edf Steam, C\u00f3 Update Ch\u01a1i Offline v\u00e0 c\u00f3 Save Game<\/p>","protected":false},"featured_media":26338,"comment_status":"open","ping_status":"closed","template":"","meta":[],"product_brand":[],"product_cat":[114,92],"product_tag":[],"class_list":{"0":"post-26335","1":"product","2":"type-product","3":"status-publish","4":"has-post-thumbnail","6":"product_cat-game-steam-ea-ubisoft","7":"product_cat-game-offline","9":"first","10":"instock","11":"sale","12":"downloadable","13":"virtual","14":"purchasable","15":"product-type-simple"},"_links":{"self":[{"href":"https:\/\/gameladeshop.com\/en\/wp-json\/wp\/v2\/product\/26335","targetHints":{"allow":["GET"]}}],"collection":[{"href":"https:\/\/gameladeshop.com\/en\/wp-json\/wp\/v2\/product"}],"about":[{"href":"https:\/\/gameladeshop.com\/en\/wp-json\/wp\/v2\/types\/product"}],"replies":[{"embeddable":true,"href":"https:\/\/gameladeshop.com\/en\/wp-json\/wp\/v2\/comments?post=26335"}],"version-history":[{"count":0,"href":"https:\/\/gameladeshop.com\/en\/wp-json\/wp\/v2\/product\/26335\/revisions"}],"wp:featuredmedia":[{"embeddable":true,"href":"https:\/\/gameladeshop.com\/en\/wp-json\/wp\/v2\/media\/26338"}],"wp:attachment":[{"href":"https:\/\/gameladeshop.com\/en\/wp-json\/wp\/v2\/media?parent=26335"}],"wp:term":[{"taxonomy":"product_brand","embeddable":true,"href":"https:\/\/gameladeshop.com\/en\/wp-json\/wp\/v2\/product_brand?post=26335"},{"taxonomy":"product_cat","embeddable":true,"href":"https:\/\/gameladeshop.com\/en\/wp-json\/wp\/v2\/product_cat?post=26335"},{"taxonomy":"product_tag","embeddable":true,"href":"https:\/\/gameladeshop.com\/en\/wp-json\/wp\/v2\/product_tag?post=26335"}],"curies":[{"name":"wp","href":"https:\/\/api.w.org\/{rel}","templated":true}]}}