{"id":26282,"date":"2025-10-07T02:13:58","date_gmt":"2025-10-07T02:13:58","guid":{"rendered":"https:\/\/gameladeshop.com\/?post_type=product&#038;p=26282"},"modified":"2025-10-13T05:38:06","modified_gmt":"2025-10-13T05:38:06","slug":"digimon-story-time-stranger-ultimate-edition-tk-steam-offline","status":"publish","type":"product","link":"https:\/\/gameladeshop.com\/en\/digimon-story-time-stranger-ultimate-edition-tk-steam-offline\/","title":{"rendered":"Digimon Story Time Stranger Ultimate Edition TK Steam Offline"},"content":{"rendered":"<ul>\n<li aria-level=\"1\"><span style=\"font-size: 14pt;\">T\u00e0i kho\u1ea3n \u0111\u01b0\u1ee3c g\u1eedi v\u1ec1 Mail ngay sau khi thanh to\u00e1n<\/span><\/li>\n<li aria-level=\"1\"><span style=\"font-size: 14pt;\">T\u1ea3i v\u00e0 ch\u01a1i Game Tr\u1ef1c ti\u1ebfp \u1edf Steam, C\u00f3 Update<\/span><\/li>\n<li aria-level=\"1\"><span style=\"font-size: 14pt;\">Ch\u01a1i Offline v\u00e0 c\u00f3 Save Game ri\u00eang<\/span><\/li>\n<li aria-level=\"1\"><span style=\"font-size: 14pt;\">Ch\u01a1i v\u0129nh vi\u1ec5n kh\u00f4ng c\u00f3 th\u1eddi h\u1ea1n<\/span><\/li>\n<li aria-level=\"1\"><span style=\"font-size: 14pt;\">R\u1ebb h\u01a1n Steam h\u01a1n 90%, C\u1ed1t truy\u1ec7n Game \u0111\u1ea7y \u0111\u1ee7<\/span><\/li>\n<li aria-level=\"1\"><span style=\"font-size: 14pt;\">C\u00f3 th\u1ec3 c\u00e0i th\u00eam Trainer, Mod Game, Vi\u1ec7t H\u00f3a<\/span><\/li>\n<li aria-level=\"1\"><span style=\"font-size: 14pt;\">B\u1ea3o H\u00e0nh n\u1ebfu t\u00e0i kho\u1ea3n c\u00f3 l\u1ed7i<\/span><\/li>\n<li aria-level=\"1\"><span style=\"font-size: 14pt;\">H\u01b0\u1edbng d\u1eabn v\u00e0 b\u1ea3o h\u00e0nh su\u1ed1t qu\u00e1 tr\u00ecnh ch\u01a1i Game<\/span><\/li>\n<\/ul>\n<div id=\"aboutThisGame\" class=\"game_page_autocollapse\" style=\"max-height: none;\" data-panel=\"{&quot;type&quot;:&quot;PanelGroup&quot;}\">\n<div id=\"game_area_description\" class=\"game_area_description\">\n<h2><\/h2>\n<p data-start=\"0\" data-end=\"87\">\ud83d\udd25 <strong data-start=\"3\" data-end=\"82\">DIGIMON STORY: TIME STRANGER \u2013 H\u00c0NH TR\u00ccNH XUY\u00caN KH\u00d4NG K\u1ebeT N\u1ed0I HAI TH\u1ebe GI\u1edaI!<\/strong> \ud83d\udd25<\/p>\n<p data-start=\"89\" data-end=\"366\"><strong data-start=\"89\" data-end=\"193\">B\u1ea1n \u0111\u00e3 s\u1eb5n s\u00e0ng cho chuy\u1ebfn phi\u00eau l\u01b0u \u0111\u1eadm ch\u1ea5t \u0111i\u1ec7n \u1ea3nh gi\u1eefa th\u1ebf gi\u1edbi lo\u00e0i ng\u01b0\u1eddi v\u00e0 th\u1ebf gi\u1edbi s\u1ed1 ch\u01b0a?<\/strong><br data-start=\"193\" data-end=\"196\" \/>T\u1ef1a game <strong data-start=\"205\" data-end=\"237\">Digimon Story: Time Stranger<\/strong> \u0111\u01b0a b\u1ea1n v\u00e0o m\u1ed9t c\u00e2u chuy\u1ec7n \u0111\u1ea7y c\u1ea3m x\u00fac, n\u01a1i m\u1ed1i li\u00ean k\u1ebft gi\u1eefa con ng\u01b0\u1eddi v\u00e0 Digimon s\u1ebd quy\u1ebft \u0111\u1ecbnh v\u1eadn m\u1ec7nh c\u1ee7a c\u1ea3 hai th\u1ebf gi\u1edbi!<\/p>\n<hr data-start=\"368\" data-end=\"371\" \/>\n<p data-start=\"373\" data-end=\"788\">\ud83c\udf0c <strong data-start=\"376\" data-end=\"430\">C\u1ed1t truy\u1ec7n cu\u1ed1n h\u00fat \u2013 B\u00ed \u1ea9n c\u1ee7a s\u1ef1 s\u1ee5p \u0111\u1ed5 th\u1ebf gi\u1edbi<\/strong><br data-start=\"430\" data-end=\"433\" \/>T\u1ea1i Tokyo, m\u1ed9t \u0111\u1eb7c v\u1ee5 b\u00ed m\u1eadt b\u1ea5t ng\u1edd g\u1eb7p g\u1ee1 m\u1ed9t sinh v\u1eadt l\u1ea1 tr\u01b0\u1edbc khi m\u1ed9t v\u1ee5 n\u1ed5 th\u1ea3m kh\u1ed1c ph\u00e1 h\u1ee7y c\u1ea3 th\u00e0nh ph\u1ed1. Khi t\u1ec9nh d\u1eady, anh ta nh\u1eadn ra m\u00ecnh \u0111\u00e3 quay v\u1ec1 <strong data-start=\"590\" data-end=\"605\">8 n\u0103m tr\u01b0\u1edbc<\/strong>!<br data-start=\"606\" data-end=\"609\" \/>T\u1eeb \u0111\u00e2y, ng\u01b0\u1eddi ch\u01a1i s\u1ebd d\u1ea5n th\u00e2n v\u00e0o h\u00e0nh tr\u00ecnh gi\u1ea3i m\u00e3 b\u00ed \u1ea9n v\u1ec1 s\u1ef1 s\u1ee5p \u0111\u1ed5 c\u1ee7a th\u1ebf gi\u1edbi \u2013 n\u01a1i <strong data-start=\"701\" data-end=\"732\">nh\u1eefng cu\u1ed9c g\u1eb7p g\u1ee1 \u0111\u1ecbnh m\u1ec7nh<\/strong> v\u00e0 <strong data-start=\"736\" data-end=\"756\">l\u1ef1a ch\u1ecdn c\u1ee7a b\u1ea1n<\/strong> c\u00f3 th\u1ec3 thay \u0111\u1ed5i c\u1ea3 t\u01b0\u01a1ng lai!<\/p>\n<p><span class=\"bb_img_ctn\"><video class=\"bb_img\" poster=\"https:\/\/shared.fastly.steamstatic.com\/store_item_assets\/steam\/apps\/1984270\/extras\/686464f94c10e0a401b201ed3256d990.poster.avif?t=1759485332\" autoplay=\"autoplay\" loop=\"loop\" muted=\"\" width=\"616\" height=\"256\"><source src=\"https:\/\/shared.fastly.steamstatic.com\/store_item_assets\/steam\/apps\/1984270\/extras\/686464f94c10e0a401b201ed3256d990.webm?t=1759485332\" type=\"video\/webm; codecs=vp9\" \/><source src=\"https:\/\/shared.fastly.steamstatic.com\/store_item_assets\/steam\/apps\/1984270\/extras\/686464f94c10e0a401b201ed3256d990.mp4?t=1759485332\" type=\"video\/mp4\" \/><\/video><\/span><\/p>\n<p>&nbsp;<\/p>\n<p data-start=\"795\" data-end=\"1141\">\ud83c\udf0d <strong data-start=\"798\" data-end=\"845\">Phi\u00eau l\u01b0u gi\u1eefa Th\u1ebf gi\u1edbi Ng\u01b0\u1eddi & Th\u1ebf gi\u1edbi S\u1ed1<\/strong><br data-start=\"845\" data-end=\"848\" \/>H\u00e0nh tr\u00ecnh \u0111\u01b0a b\u1ea1n qua <strong data-start=\"871\" data-end=\"893\">th\u1ebf gi\u1edbi song song<\/strong> \u2013 t\u1eeb Tokyo hi\u1ec7n \u0111\u1ea1i \u0111\u1ebfn <strong data-start=\"918\" data-end=\"942\">Digital World: Iliad<\/strong> \u2013 v\u01b0\u01a1ng qu\u1ed1c n\u01a1i h\u00e0ng tr\u0103m lo\u00e0i Digimon sinh s\u1ed1ng.<br data-start=\"993\" data-end=\"996\" \/>Kh\u00e1m ph\u00e1 nh\u1eefng v\u00f9ng \u0111\u1ea5t r\u1ef1c r\u1ee1, t\u01b0\u01a1ng t\u00e1c v\u1edbi m\u00f4i tr\u01b0\u1eddng, v\u00e0 tham gia c\u00e1c nhi\u1ec7m v\u1ee5 \u0111\u1eb7c bi\u1ec7t \u0111\u1ec3 m\u1edf kh\u00f3a b\u00ed m\u1eadt \u1ea9n gi\u1ea5u sau l\u1edbp d\u1eef li\u1ec7u h\u1ed7n lo\u1ea1n.<\/p>\n<hr data-start=\"1143\" data-end=\"1146\" \/>\n<p data-start=\"1148\" data-end=\"1552\">\u2694\ufe0f <strong data-start=\"1151\" data-end=\"1201\">Chi\u1ebfn \u0111\u1ea5u chi\u1ebfn thu\u1eadt \u2013 G\u1eafn k\u1ebft \u0111\u1ec3 chi\u1ebfn th\u1eafng<\/strong><br data-start=\"1201\" data-end=\"1204\" \/>Tr\u1ea3i nghi\u1ec7m h\u1ec7 th\u1ed1ng <strong data-start=\"1225\" data-end=\"1242\">\u0111\u1ea5u theo l\u01b0\u1ee3t<\/strong> \u0111\u1ea7y chi\u1ebfn l\u01b0\u1ee3c, n\u01a1i t\u1eebng quy\u1ebft \u0111\u1ecbnh \u0111\u1ec1u mang t\u00ednh s\u1ed1ng c\u00f2n!<br data-start=\"1302\" data-end=\"1305\" \/>V\u1edbi h\u01a1n <strong data-start=\"1313\" data-end=\"1328\">450 Digimon<\/strong>, b\u1ea1n c\u00f3 th\u1ec3 <strong data-start=\"1341\" data-end=\"1377\">thu th\u1eadp \u2013 hu\u1ea5n luy\u1ec7n \u2013 ti\u1ebfn h\u00f3a<\/strong> v\u00e0 t\u00f9y ch\u1ec9nh \u0111\u1ed9i h\u00ecnh theo phong c\u00e1ch ri\u00eang, t\u1ea1o n\u00ean v\u00f4 s\u1ed1 chi\u1ebfn thu\u1eadt kh\u00e1c nhau.<br data-start=\"1459\" data-end=\"1462\" \/>S\u1ee9c m\u1ea1nh kh\u00f4ng ch\u1ec9 \u0111\u1ebfn t\u1eeb ch\u1ec9 s\u1ed1 \u2013 m\u00e0 t\u1eeb <strong data-start=\"1503\" data-end=\"1549\">m\u1ed1i li\u00ean k\u1ebft gi\u1eefa b\u1ea1n v\u00e0 Digimon \u0111\u1ed3ng h\u00e0nh<\/strong>!<\/p>\n<p><span class=\"bb_img_ctn\"><video class=\"bb_img\" poster=\"https:\/\/shared.fastly.steamstatic.com\/store_item_assets\/steam\/apps\/1984270\/extras\/672d53cdbf5b32476a646786c6fdc840.poster.avif?t=1759485332\" autoplay=\"autoplay\" loop=\"loop\" muted=\"\" width=\"616\" height=\"256\"><source src=\"https:\/\/shared.fastly.steamstatic.com\/store_item_assets\/steam\/apps\/1984270\/extras\/672d53cdbf5b32476a646786c6fdc840.webm?t=1759485332\" type=\"video\/webm; codecs=vp9\" \/><source src=\"https:\/\/shared.fastly.steamstatic.com\/store_item_assets\/steam\/apps\/1984270\/extras\/672d53cdbf5b32476a646786c6fdc840.mp4?t=1759485332\" type=\"video\/mp4\" \/><\/video><\/span><\/p>\n<p data-start=\"1559\" data-end=\"1730\">\ud83d\udcab <strong data-start=\"1562\" data-end=\"1597\">C\u1ea3nh b\u00e1o n\u1ed9i dung tr\u01b0\u1edfng th\u00e0nh:<\/strong><br data-start=\"1597\" data-end=\"1600\" \/>Game c\u00f3 m\u1ed9t s\u1ed1 y\u1ebfu t\u1ed1 d\u00e0nh cho ng\u01b0\u1eddi ch\u01a1i tr\u01b0\u1edfng th\u00e0nh nh\u01b0: <strong data-start=\"1660\" data-end=\"1728\">u\u1ed1ng r\u01b0\u1ee3u, ng\u00f4n t\u1eeb nh\u1eb9, trang ph\u1ee5c g\u1ee3i c\u1ea3m v\u00e0 \u0111\u1ec1 c\u1eadp \u0111\u1ebfn t\u1ef1 s\u00e1t.<\/strong><\/p>\n<hr data-start=\"1732\" data-end=\"1735\" \/>\n<p data-start=\"1737\" data-end=\"1912\">\ud83c\udfae <strong data-start=\"1740\" data-end=\"1816\">M\u1ed9t h\u00e0nh tr\u00ecnh c\u1ea3m x\u00fac \u2013 M\u1ed9t th\u1ebf gi\u1edbi song song \u2013 M\u1ed9t s\u1ee9 m\u1ec7nh \u0111\u1ecbnh m\u1ec7nh!<\/strong><br data-start=\"1816\" data-end=\"1819\" \/><strong data-start=\"1819\" data-end=\"1851\">Digimon Story: Time Stranger<\/strong> h\u1ee9a h\u1eb9n l\u00e0 bom t\u1ea5n RPG khi\u1ebfn m\u1ecdi fan Digimon ph\u1ea3i h\u00e1o h\u1ee9c!<\/p>\n<p data-start=\"1914\" data-end=\"2001\">\ud83d\udc49 <strong data-start=\"1917\" data-end=\"1999\">Tr\u1ea3i nghi\u1ec7m ngay \u0111\u1ec3 vi\u1ebft ti\u1ebfp c\u00e2u chuy\u1ec7n c\u1ee7a ch\u00ednh b\u1ea1n c\u00f9ng Digimon y\u00eau th\u00edch!<\/strong><\/p>\n<p><span class=\"bb_img_ctn\"><video class=\"bb_img\" poster=\"https:\/\/shared.fastly.steamstatic.com\/store_item_assets\/steam\/apps\/1984270\/extras\/55285906bf0d8182cd1e938ca26a7d78.poster.avif?t=1759485332\" autoplay=\"autoplay\" loop=\"loop\" muted=\"\" width=\"616\" height=\"256\"><source src=\"https:\/\/shared.fastly.steamstatic.com\/store_item_assets\/steam\/apps\/1984270\/extras\/55285906bf0d8182cd1e938ca26a7d78.webm?t=1759485332\" type=\"video\/webm; codecs=vp9\" \/><source src=\"https:\/\/shared.fastly.steamstatic.com\/store_item_assets\/steam\/apps\/1984270\/extras\/55285906bf0d8182cd1e938ca26a7d78.mp4?t=1759485332\" type=\"video\/mp4\" \/><\/video><\/span><\/p>\n<div class=\"bb_img_icons\">\n<div class=\"bb_img_play_pause playing\" role=\"button\" data-panel=\"{&quot;focusable&quot;:true,&quot;clickOnActivate&quot;:true}\" data-tooltip=\"Your browser has a setting enabled to reduce on-screen motion, so this animated image is paused by default.\" data-tooltip-visible=\"false\">\n<h2>Y\u00eau c\u1ea7u h\u1ec7 th\u1ed1ng<\/h2>\n<div class=\"sysreq_contents\">\n<div class=\"game_area_sys_req sysreq_content active\" data-os=\"win\">\n<div class=\"game_area_sys_req_leftCol\"><strong>T\u1ed1i thi\u1ec3u:<\/strong><\/p>\n<ul>\n<li style=\"list-style-type: none;\">\n<ul class=\"bb_ul\">\n<li>Y\u00eau c\u1ea7u vi x\u1eed l\u00fd v\u00e0 h\u1ec7 \u0111i\u1ec1u h\u00e0nh \u0111\u1ec1u ch\u1ea1y 64-bit<\/li>\n<li><strong>H\u0110H:<\/strong>\u00a0Windows 10 \/ Windows 11<\/li>\n<li><strong>B\u1ed9 x\u1eed l\u00fd:<\/strong>\u00a0Intel Core i5-8400 \/AMD Ryzen5 3600<\/li>\n<li><strong>B\u1ed9 nh\u1edb:<\/strong>\u00a08 GB RAM<\/li>\n<li><strong>\u0110\u1ed3 h\u1ecda:<\/strong>\u00a0Nvidia GeForce GTX 970 [4 GB] \/ AMD Radeon RX 580 [8 GB] \/Intel Arc A580 [8 GB]<\/li>\n<li><strong>DirectX:<\/strong>\u00a0Phi\u00ean b\u1ea3n 12<\/li>\n<li><strong>L\u01b0u tr\u1eef:<\/strong>\u00a027 GB ch\u1ed7 tr\u1ed1ng kh\u1ea3 d\u1ee5ng<\/li>\n<li><strong>Ghi ch\u00fa th\u00eam:<\/strong>\u00a0Estimated performance: 1080p\/60fps with graphics settings at &#8220;Low&#8221;. Framerate might drop in graphics-intensive scenes.<\/li>\n<\/ul>\n<\/li>\n<\/ul>\n<\/div>\n<div class=\"game_area_sys_req_rightCol\"><strong>Khuy\u1ebfn ngh\u1ecb:<\/strong><\/p>\n<ul>\n<li style=\"list-style-type: none;\">\n<ul class=\"bb_ul\">\n<li>Y\u00eau c\u1ea7u vi x\u1eed l\u00fd v\u00e0 h\u1ec7 \u0111i\u1ec1u h\u00e0nh \u0111\u1ec1u ch\u1ea1y 64-bit<\/li>\n<li><strong>H\u0110H:<\/strong>\u00a0Windows 10 \/ Windows 11<\/li>\n<li><strong>B\u1ed9 x\u1eed l\u00fd:<\/strong>\u00a0Intel Core i7-11700K \/AMD Ryzen7 3700X<\/li>\n<li><strong>B\u1ed9 nh\u1edb:<\/strong>\u00a016 GB RAM<\/li>\n<li><strong>\u0110\u1ed3 h\u1ecda:<\/strong>\u00a0Nvidia GeForce GTX 980 [4 GB] \/ AMD Radeon RX Vega 56 [8 GB] \/ Intel Arc A770 [16 GB]<\/li>\n<li><strong>DirectX:<\/strong>\u00a0Phi\u00ean b\u1ea3n 12<\/li>\n<li><strong>L\u01b0u tr\u1eef:<\/strong>\u00a027 GB ch\u1ed7 tr\u1ed1ng kh\u1ea3 d\u1ee5ng<\/li>\n<li><strong>Ghi ch\u00fa th\u00eam:<\/strong>\u00a0Estimated performance: 1080p\/60fps with graphics settings at &#8220;High&#8221;. Framerate might drop in graphics-intensive scenes. Windows 10 (Version 1809 or later) and a 4GB VRAM GPU (graphics board or video card) are required for DirectX 12 API.<\/li>\n<\/ul>\n<\/li>\n<\/ul>\n<\/div>\n<\/div>\n<\/div>\n<\/div>\n<\/div>\n<\/div>\n<\/div>\n<p>&nbsp;<\/p>","protected":false},"excerpt":{"rendered":"<p>T\u00e0i kho\u1ea3n \u0111\u01b0\u1ee3c g\u1eedi v\u1ec1 Mail ngay sau khi thanh to\u00e1n T\u1ea3i v\u00e0 ch\u01a1i Game Tr\u1ef1c ti\u1ebfp \u1edf Steam, C\u00f3<\/p>","protected":false},"featured_media":26285,"comment_status":"open","ping_status":"closed","template":"","meta":[],"product_brand":[],"product_cat":[114,92],"product_tag":[],"class_list":{"0":"post-26282","1":"product","2":"type-product","3":"status-publish","4":"has-post-thumbnail","6":"product_cat-game-steam-ea-ubisoft","7":"product_cat-game-offline","9":"first","10":"instock","11":"sale","12":"downloadable","13":"virtual","14":"purchasable","15":"product-type-simple"},"_links":{"self":[{"href":"https:\/\/gameladeshop.com\/en\/wp-json\/wp\/v2\/product\/26282","targetHints":{"allow":["GET"]}}],"collection":[{"href":"https:\/\/gameladeshop.com\/en\/wp-json\/wp\/v2\/product"}],"about":[{"href":"https:\/\/gameladeshop.com\/en\/wp-json\/wp\/v2\/types\/product"}],"replies":[{"embeddable":true,"href":"https:\/\/gameladeshop.com\/en\/wp-json\/wp\/v2\/comments?post=26282"}],"version-history":[{"count":0,"href":"https:\/\/gameladeshop.com\/en\/wp-json\/wp\/v2\/product\/26282\/revisions"}],"wp:featuredmedia":[{"embeddable":true,"href":"https:\/\/gameladeshop.com\/en\/wp-json\/wp\/v2\/media\/26285"}],"wp:attachment":[{"href":"https:\/\/gameladeshop.com\/en\/wp-json\/wp\/v2\/media?parent=26282"}],"wp:term":[{"taxonomy":"product_brand","embeddable":true,"href":"https:\/\/gameladeshop.com\/en\/wp-json\/wp\/v2\/product_brand?post=26282"},{"taxonomy":"product_cat","embeddable":true,"href":"https:\/\/gameladeshop.com\/en\/wp-json\/wp\/v2\/product_cat?post=26282"},{"taxonomy":"product_tag","embeddable":true,"href":"https:\/\/gameladeshop.com\/en\/wp-json\/wp\/v2\/product_tag?post=26282"}],"curies":[{"name":"wp","href":"https:\/\/api.w.org\/{rel}","templated":true}]}}