{"id":26274,"date":"2025-10-07T01:56:30","date_gmt":"2025-10-07T01:56:30","guid":{"rendered":"https:\/\/gameladeshop.com\/?post_type=product&#038;p=26274"},"modified":"2025-10-07T01:56:30","modified_gmt":"2025-10-07T01:56:30","slug":"11-game-fallout-4-game-of-the-year-2-1-fallout-tactics-batman-arkham-origins-cities-skylines-the-elder-scrolls-v-skyrim-special-edition-middle-earth-shadow-of-mordor-northgard-to","status":"publish","type":"product","link":"https:\/\/gameladeshop.com\/en\/11-game-fallout-4-game-of-the-year-2-1-fallout-tactics-batman-arkham-origins-cities-skylines-the-elder-scrolls-v-skyrim-special-edition-middle-earth-shadow-of-mordor-northgard-to\/","title":{"rendered":"11 Game Fallout 4 Game of the Year + 2 + 1 + Fallout Tactics + Batman: Arkham Origins + Cities: Skylines + The Elder Scrolls V: Skyrim Special Edition + Middle-earth: Shadow of Mordor + Northgard + Tomb Raider + Total War: ROME II &#8211; Emperor Edition TK Steam Offline"},"content":{"rendered":"<ul>\n<li aria-level=\"1\"><strong><span style=\"font-size: 14pt;\">T\u00e0i kho\u1ea3n bao g\u1ed3m:<\/span><\/strong><\/li>\n<\/ul>\n<p><strong><span style=\"font-size: 14pt;\">\u00a0 \u00a0 \u00a0 \u00a0 1. Batman: Arkham Origins<\/span><\/strong><br \/>\n<strong><span style=\"font-size: 14pt;\">\u00a0 \u00a0 \u00a0 \u00a0 2. Cities: Skylines<\/span><\/strong><br \/>\n<strong><span style=\"font-size: 14pt;\">\u00a0 \u00a0 \u00a0 \u00a0 3. The Elder Scrolls V: Skyrim Special Edition<\/span><\/strong><br \/>\n<strong><span style=\"font-size: 14pt;\">\u00a0 \u00a0 \u00a0 \u00a0 4. Fallout<\/span><\/strong><br \/>\n<strong><span style=\"font-size: 14pt;\">\u00a0 \u00a0 \u00a0 \u00a0 5. Fallout 2<\/span><\/strong><br \/>\n<strong><span style=\"font-size: 14pt;\">\u00a0 \u00a0 \u00a0 \u00a0 6. Fallout 4 Game of the Year<\/span><\/strong><br \/>\n<strong><span style=\"font-size: 14pt;\">\u00a0 \u00a0 \u00a0 \u00a0 7. Fallout Tactics<\/span><\/strong><br \/>\n<strong><span style=\"font-size: 14pt;\">\u00a0 \u00a0 \u00a0 \u00a0 8. Middle-earth: Shadow of Mordor<\/span><\/strong><br \/>\n<strong><span style=\"font-size: 14pt;\">\u00a0 \u00a0 \u00a0 \u00a0 9. Northgard<\/span><\/strong><br \/>\n<strong><span style=\"font-size: 14pt;\">\u00a0 \u00a0 \u00a0 \u00a0 10. Tomb Raider<\/span><\/strong><br \/>\n<strong><span style=\"font-size: 14pt;\">\u00a0 \u00a0 \u00a0 \u00a0 11. Total War: ROME II &#8211; Emperor Edition<\/span><\/strong><\/p>\n<ul>\n<li aria-level=\"1\"><span style=\"font-size: 14pt;\">T\u1ea3i v\u00e0 ch\u01a1i Game Tr\u1ef1c ti\u1ebfp \u1edf Steam, C\u00f3 Update<\/span><\/li>\n<li aria-level=\"1\"><span style=\"font-size: 14pt;\">Ch\u01a1i Offline v\u00e0 c\u00f3 Save Game ri\u00eang<\/span><\/li>\n<li aria-level=\"1\"><span style=\"font-size: 14pt;\">Ch\u01a1i v\u0129nh vi\u1ec5n kh\u00f4ng c\u00f3 th\u1eddi h\u1ea1n<\/span><\/li>\n<li aria-level=\"1\"><span style=\"font-size: 14pt;\">R\u1ebb h\u01a1n Steam h\u01a1n 90%, C\u1ed1t truy\u1ec7n Game \u0111\u1ea7y \u0111\u1ee7<\/span><\/li>\n<li aria-level=\"1\"><span style=\"font-size: 14pt;\">C\u00f3 th\u1ec3 c\u00e0i th\u00eam Trainer, Mod Game, Vi\u1ec7t H\u00f3a<\/span><\/li>\n<li aria-level=\"1\"><span style=\"font-size: 14pt;\">B\u1ea3o H\u00e0nh n\u1ebfu t\u00e0i kho\u1ea3n c\u00f3 l\u1ed7i<\/span><\/li>\n<li aria-level=\"1\"><span style=\"font-size: 14pt;\">H\u01b0\u1edbng d\u1eabn v\u00e0 b\u1ea3o h\u00e0nh su\u1ed1t qu\u00e1 tr\u00ecnh ch\u01a1i Game<\/span><\/li>\n<\/ul>","protected":false},"excerpt":{"rendered":"<p>T\u00e0i kho\u1ea3n bao g\u1ed3m: \u00a0 \u00a0 \u00a0 \u00a0 1. Batman: Arkham Origins \u00a0 \u00a0 \u00a0 \u00a0 2. Cities: Skylines \u00a0<\/p>","protected":false},"featured_media":26278,"comment_status":"open","ping_status":"closed","template":"","meta":[],"product_brand":[],"product_cat":[114,157,92],"product_tag":[],"class_list":{"0":"post-26274","1":"product","2":"type-product","3":"status-publish","4":"has-post-thumbnail","6":"product_cat-game-steam-ea-ubisoft","7":"product_cat-combo-nhieu-game","8":"product_cat-game-offline","10":"first","11":"instock","12":"sale","13":"downloadable","14":"virtual","15":"purchasable","16":"product-type-simple"},"_links":{"self":[{"href":"https:\/\/gameladeshop.com\/en\/wp-json\/wp\/v2\/product\/26274","targetHints":{"allow":["GET"]}}],"collection":[{"href":"https:\/\/gameladeshop.com\/en\/wp-json\/wp\/v2\/product"}],"about":[{"href":"https:\/\/gameladeshop.com\/en\/wp-json\/wp\/v2\/types\/product"}],"replies":[{"embeddable":true,"href":"https:\/\/gameladeshop.com\/en\/wp-json\/wp\/v2\/comments?post=26274"}],"version-history":[{"count":0,"href":"https:\/\/gameladeshop.com\/en\/wp-json\/wp\/v2\/product\/26274\/revisions"}],"wp:featuredmedia":[{"embeddable":true,"href":"https:\/\/gameladeshop.com\/en\/wp-json\/wp\/v2\/media\/26278"}],"wp:attachment":[{"href":"https:\/\/gameladeshop.com\/en\/wp-json\/wp\/v2\/media?parent=26274"}],"wp:term":[{"taxonomy":"product_brand","embeddable":true,"href":"https:\/\/gameladeshop.com\/en\/wp-json\/wp\/v2\/product_brand?post=26274"},{"taxonomy":"product_cat","embeddable":true,"href":"https:\/\/gameladeshop.com\/en\/wp-json\/wp\/v2\/product_cat?post=26274"},{"taxonomy":"product_tag","embeddable":true,"href":"https:\/\/gameladeshop.com\/en\/wp-json\/wp\/v2\/product_tag?post=26274"}],"curies":[{"name":"wp","href":"https:\/\/api.w.org\/{rel}","templated":true}]}}