{"id":26269,"date":"2025-10-07T01:37:01","date_gmt":"2025-10-07T01:37:01","guid":{"rendered":"https:\/\/gameladeshop.com\/?post_type=product&#038;p=26269"},"modified":"2025-11-10T12:39:34","modified_gmt":"2025-11-10T12:39:34","slug":"7-game-call-of-duty-modern-warfare-2-3-ryse-son-of-rome-total-war-empire-napoleon-rome-ii-shogun-2-tk-steam-offline","status":"publish","type":"product","link":"https:\/\/gameladeshop.com\/en\/7-game-call-of-duty-modern-warfare-2-3-ryse-son-of-rome-total-war-empire-napoleon-rome-ii-shogun-2-tk-steam-offline\/","title":{"rendered":"7 Game Call of Duty: Modern Warfare 2 \/ 3 + Ryse: Son of Rome + Total War: EMPIRE + NAPOLEON + ROME II + SHOGUN 2 TK Steam Offline"},"content":{"rendered":"<ul>\n<li aria-level=\"1\"><span style=\"font-size: 14pt;\"><strong>T\u00e0i Kho\u1ea3n bao g\u1ed3m :<\/strong><\/span><\/li>\n<\/ul>\n<p><span style=\"font-size: 14pt;\"><strong>\u00a0 \u00a0 \u00a0 \u00a0 \u00a01. Call of Duty: Black Ops<br \/>\n2. Call of Duty: Modern Warfare 2 (2009)<br \/>\n3. Call of Duty\u00ae: Modern Warfare\u00ae 3 (2011)<br \/>\n4. Ryse: Son of Rome<br \/>\n5. Total War: EMPIRE &#8211; Definitive Edition<br \/>\n6. Total War: NAPOLEON &#8211; Definitive Edition<br \/>\n7. Total War: ROME II &#8211; Emperor Edition<br \/>\n8. Total War: SHOGUN 2<\/strong><\/span><\/p>\n<ul>\n<li aria-level=\"1\"><span style=\"font-size: 14pt;\">T\u1ea3i v\u00e0 ch\u01a1i Game Tr\u1ef1c ti\u1ebfp \u1edf Steam, C\u00f3 Update<\/span><\/li>\n<li aria-level=\"1\"><span style=\"font-size: 14pt;\">Ch\u01a1i Offline v\u00e0 c\u00f3 Save Game ri\u00eang<\/span><\/li>\n<li aria-level=\"1\"><span style=\"font-size: 14pt;\">Ch\u01a1i v\u0129nh vi\u1ec5n kh\u00f4ng c\u00f3 th\u1eddi h\u1ea1n<\/span><\/li>\n<li aria-level=\"1\"><span style=\"font-size: 14pt;\">R\u1ebb h\u01a1n Steam h\u01a1n 90%, C\u1ed1t truy\u1ec7n Game \u0111\u1ea7y \u0111\u1ee7<\/span><\/li>\n<li aria-level=\"1\"><span style=\"font-size: 14pt;\">C\u00f3 th\u1ec3 c\u00e0i th\u00eam Trainer, Mod Game, Vi\u1ec7t H\u00f3a<\/span><\/li>\n<li aria-level=\"1\"><span style=\"font-size: 14pt;\">B\u1ea3o H\u00e0nh n\u1ebfu t\u00e0i kho\u1ea3n c\u00f3 l\u1ed7i<\/span><\/li>\n<li aria-level=\"1\"><span style=\"font-size: 14pt;\">H\u01b0\u1edbng d\u1eabn v\u00e0 b\u1ea3o h\u00e0nh su\u1ed1t qu\u00e1 tr\u00ecnh ch\u01a1i Game<\/span><\/li>\n<\/ul>","protected":false},"excerpt":{"rendered":"<p>T\u00e0i Kho\u1ea3n bao g\u1ed3m : \u00a0 \u00a0 \u00a0 \u00a0 \u00a01. Call of Duty: Black Ops 2. Call of Duty: Modern<\/p>","protected":false},"featured_media":26271,"comment_status":"open","ping_status":"closed","template":"","meta":[],"product_brand":[],"product_cat":[114,157,92],"product_tag":[],"class_list":{"0":"post-26269","1":"product","2":"type-product","3":"status-publish","4":"has-post-thumbnail","6":"product_cat-game-steam-ea-ubisoft","7":"product_cat-combo-nhieu-game","8":"product_cat-game-offline","10":"first","11":"instock","12":"sale","13":"downloadable","14":"virtual","15":"purchasable","16":"product-type-simple"},"_links":{"self":[{"href":"https:\/\/gameladeshop.com\/en\/wp-json\/wp\/v2\/product\/26269","targetHints":{"allow":["GET"]}}],"collection":[{"href":"https:\/\/gameladeshop.com\/en\/wp-json\/wp\/v2\/product"}],"about":[{"href":"https:\/\/gameladeshop.com\/en\/wp-json\/wp\/v2\/types\/product"}],"replies":[{"embeddable":true,"href":"https:\/\/gameladeshop.com\/en\/wp-json\/wp\/v2\/comments?post=26269"}],"version-history":[{"count":0,"href":"https:\/\/gameladeshop.com\/en\/wp-json\/wp\/v2\/product\/26269\/revisions"}],"wp:featuredmedia":[{"embeddable":true,"href":"https:\/\/gameladeshop.com\/en\/wp-json\/wp\/v2\/media\/26271"}],"wp:attachment":[{"href":"https:\/\/gameladeshop.com\/en\/wp-json\/wp\/v2\/media?parent=26269"}],"wp:term":[{"taxonomy":"product_brand","embeddable":true,"href":"https:\/\/gameladeshop.com\/en\/wp-json\/wp\/v2\/product_brand?post=26269"},{"taxonomy":"product_cat","embeddable":true,"href":"https:\/\/gameladeshop.com\/en\/wp-json\/wp\/v2\/product_cat?post=26269"},{"taxonomy":"product_tag","embeddable":true,"href":"https:\/\/gameladeshop.com\/en\/wp-json\/wp\/v2\/product_tag?post=26269"}],"curies":[{"name":"wp","href":"https:\/\/api.w.org\/{rel}","templated":true}]}}