{"id":25852,"date":"2025-09-30T01:41:50","date_gmt":"2025-09-30T01:41:50","guid":{"rendered":"https:\/\/gameladeshop.com\/?post_type=product&#038;p=25852"},"modified":"2025-11-09T04:41:43","modified_gmt":"2025-11-09T04:41:43","slug":"no-im-not-a-human-viet-hoa-tk-steam-offline","status":"publish","type":"product","link":"https:\/\/gameladeshop.com\/en\/no-im-not-a-human-viet-hoa-tk-steam-offline\/","title":{"rendered":"No, I&#8217;m not a Human Vi\u1ec7t H\u00f3a TK Steam Offline"},"content":{"rendered":"<ul>\n<li aria-level=\"1\"><span style=\"font-size: 14pt;\">T\u00e0i kho\u1ea3n \u0111\u01b0\u1ee3c g\u1eedi v\u1ec1 Mail ngay sau khi thanh to\u00e1n<\/span><\/li>\n<li aria-level=\"1\"><span style=\"font-size: 14pt;\">T\u1ea3i v\u00e0 ch\u01a1i Game Tr\u1ef1c ti\u1ebfp \u1edf Steam, C\u00f3 Update<\/span><\/li>\n<li aria-level=\"1\"><span style=\"font-size: 14pt;\">Ch\u01a1i Offline v\u00e0 c\u00f3 Save Game ri\u00eang<\/span><\/li>\n<li aria-level=\"1\"><span style=\"font-size: 14pt;\">Ch\u01a1i v\u0129nh vi\u1ec5n kh\u00f4ng c\u00f3 th\u1eddi h\u1ea1n<\/span><\/li>\n<li aria-level=\"1\"><span style=\"font-size: 14pt;\">R\u1ebb h\u01a1n Steam h\u01a1n 90%, C\u1ed1t truy\u1ec7n Game \u0111\u1ea7y \u0111\u1ee7<\/span><\/li>\n<li aria-level=\"1\"><span style=\"font-size: 14pt;\">C\u00f3 th\u1ec3 c\u00e0i th\u00eam Trainer, Mod Game, Vi\u1ec7t H\u00f3a<\/span><\/li>\n<li aria-level=\"1\"><span style=\"font-size: 14pt;\">B\u1ea3o H\u00e0nh n\u1ebfu t\u00e0i kho\u1ea3n c\u00f3 l\u1ed7i<\/span><\/li>\n<li aria-level=\"1\"><span style=\"font-size: 14pt;\">H\u01b0\u1edbng d\u1eabn v\u00e0 b\u1ea3o h\u00e0nh su\u1ed1t qu\u00e1 tr\u00ecnh ch\u01a1i Game<\/span><\/li>\n<\/ul>\n<p>&nbsp;<\/p>\n<div class=\"game_page_autocollapse_ctn expanded\">\n<div id=\"aboutThisGame\" class=\"game_page_autocollapse\" style=\"max-height: none;\" data-panel=\"{&quot;type&quot;:&quot;PanelGroup&quot;}\">\n<div id=\"game_area_description\" class=\"game_area_description\">\n<p class=\"bb_paragraph\"><span class=\"bb_img_ctn\" style=\"font-size: 14pt;\"><video class=\"bb_img\" crossorigin=\"anonymous\" poster=\"https:\/\/shared.fastly.steamstatic.com\/store_item_assets\/steam\/apps\/3180070\/extras\/fe6cfaa93286308041c5dc8c57bd0979.poster.avif?t=1758293511\" autoplay=\"autoplay\" loop=\"loop\" muted=\"\" width=\"600\" height=\"250\"><source src=\"https:\/\/shared.fastly.steamstatic.com\/store_item_assets\/steam\/apps\/3180070\/extras\/fe6cfaa93286308041c5dc8c57bd0979.webm?t=1758293511\" type=\"video\/webm; codecs=vp9\" \/><\/video><\/span><\/p>\n<h2 class=\"bb_tag\"><span style=\"font-size: 14pt;\">\u0110\u1eeaNG HO\u1ea2NG LO\u1ea0N \u2014 M\u1eb6T TR\u1edcI \u0110\u00c3 L\u00caN, TH\u1ebe GI\u1edaI S\u1eaeP K\u1ebeT TH\u00daC<\/span><\/h2>\n<p><span style=\"font-size: 14pt;\"><span class=\"x3jgonx\">B\u00ecnh minh r\u1ef1c ch\u00e1y, ph\u1ed1 x\u00e1 h\u00f3a tro \u2014 ban ng\u00e0y l\u00e0 \u0111\u1ecba ng\u1ee5c. Ch\u1ec9 c\u00f3 \u0111\u00eam l\u00e0 n\u01a1i tr\u00fa \u1ea9n. Nh\u01b0ng \u0111\u00eam kh\u00f4ng c\u00f2n thu\u1ed9c v\u1ec1 lo\u00e0i ng\u01b0\u1eddi n\u1eefa\u2026<\/span><\/span><\/p>\n<p class=\"bb_paragraph\"><span class=\"bb_img_ctn\" style=\"font-size: 14pt;\"><video class=\"bb_img\" crossorigin=\"anonymous\" poster=\"https:\/\/shared.fastly.steamstatic.com\/store_item_assets\/steam\/apps\/3180070\/extras\/7a904850b90f4335ac588b7fdd07bbe4.poster.avif?t=1758293511\" autoplay=\"autoplay\" loop=\"loop\" muted=\"\" width=\"600\" height=\"250\"><source src=\"https:\/\/shared.fastly.steamstatic.com\/store_item_assets\/steam\/apps\/3180070\/extras\/7a904850b90f4335ac588b7fdd07bbe4.webm?t=1758293511\" type=\"video\/webm; codecs=vp9\" \/><\/video><\/span><\/p>\n<div class=\"bb_img_icons\">\n<div class=\"bb_img_play_pause playing\" role=\"button\" data-panel=\"{&quot;focusable&quot;:true,&quot;clickOnActivate&quot;:true}\" data-tooltip=\"Tr\u00ecnh duy\u1ec7t c\u1ee7a b\u1ea1n \u0111\u00e3 b\u1eadt thi\u1ebft l\u1eadp gi\u1ea3m chuy\u1ec3n \u0111\u1ed9ng tr\u00ean m\u00e0n h\u00ecnh, n\u00ean \u1ea3nh \u0111\u1ed9ng n\u00e0y s\u1ebd m\u1eb7c \u0111\u1ecbnh t\u1ea1m d\u1eebng.\" data-tooltip-visible=\"false\"><strong><span style=\"color: #1b1919; font-size: 14pt;\">AI M\u1edaI \u0110\u1ebeN? AI \u0110\u00daNG? AI L\u00c0 K\u1eba M\u00c1U L\u1ea0NH?<\/span><\/strong><\/div>\n<div role=\"button\" data-panel=\"{&quot;focusable&quot;:true,&quot;clickOnActivate&quot;:true}\" data-tooltip=\"Tr\u00ecnh duy\u1ec7t c\u1ee7a b\u1ea1n \u0111\u00e3 b\u1eadt thi\u1ebft l\u1eadp gi\u1ea3m chuy\u1ec3n \u0111\u1ed9ng tr\u00ean m\u00e0n h\u00ecnh, n\u00ean \u1ea3nh \u0111\u1ed9ng n\u00e0y s\u1ebd m\u1eb7c \u0111\u1ecbnh t\u1ea1m d\u1eebng.\" data-tooltip-visible=\"false\"><span style=\"font-size: 14pt;\"><span class=\"x3jgonx\">C\u00f3 ti\u1ebfng g\u00f5. M\u1ed9t con ng\u01b0\u1eddi c\u1ea7n ch\u1ed7 \u1ea9n n\u00e1u. H\u1ecd tr\u00f4ng gi\u1ed1ng ta, n\u00f3i nh\u01b0 ta, th\u1eadm ch\u00ed c\u00f3 m\u00f9i nh\u01b0 ta \u2014 nh\u01b0ng b\u1ea1n c\u00f3 d\u00e1m tin kh\u00f4ng? H\u00e3y soi x\u00e9t, t\u00ecm d\u1ea5u hi\u1ec7u, quy\u1ebft \u0111\u1ecbnh ai \u0111\u01b0\u1ee3c v\u00e0o.<\/span><\/span><\/div>\n<\/div>\n<p class=\"bb_paragraph\"><span class=\"bb_img_ctn\" style=\"font-size: 14pt;\"><video class=\"bb_img\" crossorigin=\"anonymous\" poster=\"https:\/\/shared.fastly.steamstatic.com\/store_item_assets\/steam\/apps\/3180070\/extras\/3a7102b11907e8d229af638843beb44a.poster.avif?t=1758293511\" autoplay=\"autoplay\" loop=\"loop\" muted=\"\" width=\"600\" height=\"250\"><source src=\"https:\/\/shared.fastly.steamstatic.com\/store_item_assets\/steam\/apps\/3180070\/extras\/3a7102b11907e8d229af638843beb44a.webm?t=1758293511\" type=\"video\/webm; codecs=vp9\" \/><\/video><\/span><\/p>\n<div class=\"bb_img_icons\">\n<div class=\"bb_img_play_pause playing\" role=\"button\" data-panel=\"{&quot;focusable&quot;:true,&quot;clickOnActivate&quot;:true}\" data-tooltip=\"Tr\u00ecnh duy\u1ec7t c\u1ee7a b\u1ea1n \u0111\u00e3 b\u1eadt thi\u1ebft l\u1eadp gi\u1ea3m chuy\u1ec3n \u0111\u1ed9ng tr\u00ean m\u00e0n h\u00ecnh, n\u00ean \u1ea3nh \u0111\u1ed9ng n\u00e0y s\u1ebd m\u1eb7c \u0111\u1ecbnh t\u1ea1m d\u1eebng.\" data-tooltip-visible=\"false\"><strong><span style=\"font-size: 14pt;\">M\u1edcI AI V\u00c0O, M\u1edcI C\u1ea2 T\u00c0N PH\u00c1<\/span><\/strong><br data-start=\"1598\" data-end=\"1601\" \/><span style=\"font-size: 14pt;\">C\u00f4 l\u1eadp kh\u00f4ng c\u1ee9u \u0111\u01b0\u1ee3c ai. Nh\u1eefng K\u1ebb \u0110\u1ebfn s\u1ebd \u0111\u1ebfn t\u1eebng \u0111\u1ee3t, \u00e1p \u0111\u1ea3o m\u1ecdi ch\u1ed7 tr\u00fa. B\u1ea1n ph\u1ea3i ch\u1ecdn: \u0111\u1ec3 m\u1ed9t v\u00e0i ng\u01b0\u1eddi v\u00e0o, nghe h\u1ecd k\u1ec3, gi\u00fap \u0111\u1ee1 \u2014 ho\u1eb7c tr\u1ea3 gi\u00e1 b\u1eb1ng m\u1ea1ng s\u1ed1ng. M\u1ed9t s\u1ed1 s\u1ebd c\u1ee9u b\u1ea1n. M\u1ed9t s\u1ed1 ch\u1ec9 \u0111\u1ebfn \u0111\u1ec3 gi\u1ebft.<\/span><\/div>\n<\/div>\n<p class=\"bb_paragraph\"><span class=\"bb_img_ctn\" style=\"font-size: 14pt;\"><video class=\"bb_img\" crossorigin=\"anonymous\" poster=\"https:\/\/shared.fastly.steamstatic.com\/store_item_assets\/steam\/apps\/3180070\/extras\/464192168c41f49554ecc21ffe1e3d8b.poster.avif?t=1758293511\" autoplay=\"autoplay\" loop=\"loop\" muted=\"\" width=\"600\" height=\"250\"><source src=\"https:\/\/shared.fastly.steamstatic.com\/store_item_assets\/steam\/apps\/3180070\/extras\/464192168c41f49554ecc21ffe1e3d8b.webm?t=1758293511\" type=\"video\/webm; codecs=vp9\" \/><\/video><\/span><\/p>\n<div class=\"bb_img_icons\">\n<div class=\"bb_img_play_pause playing\" role=\"button\" data-panel=\"{&quot;focusable&quot;:true,&quot;clickOnActivate&quot;:true}\" data-tooltip=\"Tr\u00ecnh duy\u1ec7t c\u1ee7a b\u1ea1n \u0111\u00e3 b\u1eadt thi\u1ebft l\u1eadp gi\u1ea3m chuy\u1ec3n \u0111\u1ed9ng tr\u00ean m\u00e0n h\u00ecnh, n\u00ean \u1ea3nh \u0111\u1ed9ng n\u00e0y s\u1ebd m\u1eb7c \u0111\u1ecbnh t\u1ea1m d\u1eebng.\" data-tooltip-visible=\"false\">\n<p data-start=\"1809\" data-end=\"1966\"><strong><span style=\"font-size: 14pt;\">L\u00c0M NH\u1eeeNG G\u00cc C\u1ea6N L\u00c0M<\/span><\/strong><br data-start=\"1829\" data-end=\"1832\" \/><span style=\"font-size: 14pt;\">\u0110\u1eebng ng\u1ea7n ng\u1ea1i: n\u1ebfu h\u1ecd l\u00e0 m\u1ed1i nguy, h\u1ea1 h\u1ecd tr\u01b0\u1edbc. Th\u1ea9m v\u1ea5n kh\u00e1ch, l\u1ee5c t\u00ecm ch\u00e2n t\u01b0\u1edbng, quy\u1ebft \u0111\u1ecbnh s\u1ed1 ph\u1eadn \u2014 m\u1ecdi l\u1ef1a ch\u1ecdn \u0111\u1ec1u c\u00f3 h\u1eadu qu\u1ea3.<\/span><\/p>\n<p data-start=\"1968\" data-end=\"2032\"><span style=\"font-size: 14pt;\">S\u1eb5n s\u00e0ng ch\u01b0a? \u0110\u00eam \u0111\u00e3 b\u1eaft \u0111\u1ea7u. Ai s\u1ebd s\u1ed1ng s\u00f3t \u2014 v\u00e0 ai l\u00e0 K\u1ebb \u0110\u1ebfn?<\/span><\/p>\n<\/div>\n<\/div>\n<p class=\"bb_paragraph\"><span class=\"bb_img_ctn\" style=\"font-size: 14pt;\"><video class=\"bb_img\" crossorigin=\"anonymous\" poster=\"https:\/\/shared.fastly.steamstatic.com\/store_item_assets\/steam\/apps\/3180070\/extras\/706c391019748f73408a30f2b02a079b.poster.avif?t=1758293511\" autoplay=\"autoplay\" loop=\"loop\" muted=\"\" width=\"600\" height=\"250\"><source src=\"https:\/\/shared.fastly.steamstatic.com\/store_item_assets\/steam\/apps\/3180070\/extras\/706c391019748f73408a30f2b02a079b.webm?t=1758293511\" type=\"video\/webm; codecs=vp9\" \/><\/video><\/span><\/p>\n<div class=\"bb_img_icons\"><\/div>\n<\/div>\n<\/div>\n<div class=\"game_page_autocollapse_fade\">\n<div class=\"game_page_autocollapse_readmore\"><\/div>\n<\/div>\n<\/div>\n<p>&nbsp;<\/p>","protected":false},"excerpt":{"rendered":"<p>T\u00e0i kho\u1ea3n \u0111\u01b0\u1ee3c g\u1eedi v\u1ec1 Mail ngay sau khi thanh to\u00e1n T\u1ea3i v\u00e0 ch\u01a1i Game Tr\u1ef1c ti\u1ebfp \u1edf Steam, C\u00f3<\/p>","protected":false},"featured_media":25853,"comment_status":"open","ping_status":"closed","template":"","meta":[],"product_brand":[],"product_cat":[114,92],"product_tag":[],"class_list":{"0":"post-25852","1":"product","2":"type-product","3":"status-publish","4":"has-post-thumbnail","6":"product_cat-game-steam-ea-ubisoft","7":"product_cat-game-offline","9":"first","10":"instock","11":"sale","12":"downloadable","13":"virtual","14":"purchasable","15":"product-type-simple"},"_links":{"self":[{"href":"https:\/\/gameladeshop.com\/en\/wp-json\/wp\/v2\/product\/25852","targetHints":{"allow":["GET"]}}],"collection":[{"href":"https:\/\/gameladeshop.com\/en\/wp-json\/wp\/v2\/product"}],"about":[{"href":"https:\/\/gameladeshop.com\/en\/wp-json\/wp\/v2\/types\/product"}],"replies":[{"embeddable":true,"href":"https:\/\/gameladeshop.com\/en\/wp-json\/wp\/v2\/comments?post=25852"}],"version-history":[{"count":0,"href":"https:\/\/gameladeshop.com\/en\/wp-json\/wp\/v2\/product\/25852\/revisions"}],"wp:featuredmedia":[{"embeddable":true,"href":"https:\/\/gameladeshop.com\/en\/wp-json\/wp\/v2\/media\/25853"}],"wp:attachment":[{"href":"https:\/\/gameladeshop.com\/en\/wp-json\/wp\/v2\/media?parent=25852"}],"wp:term":[{"taxonomy":"product_brand","embeddable":true,"href":"https:\/\/gameladeshop.com\/en\/wp-json\/wp\/v2\/product_brand?post=25852"},{"taxonomy":"product_cat","embeddable":true,"href":"https:\/\/gameladeshop.com\/en\/wp-json\/wp\/v2\/product_cat?post=25852"},{"taxonomy":"product_tag","embeddable":true,"href":"https:\/\/gameladeshop.com\/en\/wp-json\/wp\/v2\/product_tag?post=25852"}],"curies":[{"name":"wp","href":"https:\/\/api.w.org\/{rel}","templated":true}]}}