{"id":25694,"date":"2025-09-27T09:06:28","date_gmt":"2025-09-27T09:06:28","guid":{"rendered":"https:\/\/gameladeshop.com\/?post_type=product&#038;p=25694"},"modified":"2026-04-13T06:20:54","modified_gmt":"2026-04-13T06:20:54","slug":"mafia-the-old-country-metal-gear-solid-%ce%b4-snake-eater-viet-hoa-tk-steam-offline","status":"publish","type":"product","link":"https:\/\/gameladeshop.com\/en\/mafia-the-old-country-metal-gear-solid-%ce%b4-snake-eater-viet-hoa-tk-steam-offline\/","title":{"rendered":"Mafia the Old Country + METAL GEAR SOLID \u0394: SNAKE EATER Vi\u1ec7t H\u00f3a TK Steam Offline"},"content":{"rendered":"<ul>\n<li aria-level=\"1\"><span style=\"font-size: 14pt;\">T\u00e0i kho\u1ea3n \u0111\u01b0\u1ee3c g\u1eedi v\u1ec1 Mail ngay sau khi thanh to\u00e1n<\/span><\/li>\n<li aria-level=\"1\"><span style=\"font-size: 14pt;\">T\u1ea3i v\u00e0 ch\u01a1i Game Tr\u1ef1c ti\u1ebfp \u1edf Steam, C\u00f3 Update<\/span><\/li>\n<li aria-level=\"1\"><span style=\"font-size: 14pt;\">Ch\u01a1i Offline v\u00e0 c\u00f3 Save Game ri\u00eang<\/span><\/li>\n<li aria-level=\"1\"><span style=\"font-size: 14pt;\">Ch\u01a1i v\u0129nh vi\u1ec5n kh\u00f4ng c\u00f3 th\u1eddi h\u1ea1n<\/span><\/li>\n<li aria-level=\"1\"><span style=\"font-size: 14pt;\">R\u1ebb h\u01a1n Steam h\u01a1n 90%, C\u1ed1t truy\u1ec7n Game \u0111\u1ea7y \u0111\u1ee7<\/span><\/li>\n<li aria-level=\"1\"><span style=\"font-size: 14pt;\">C\u00f3 th\u1ec3 c\u00e0i th\u00eam Trainer, Mod Game, Vi\u1ec7t H\u00f3a<\/span><\/li>\n<li aria-level=\"1\"><span style=\"font-size: 14pt;\">B\u1ea3o H\u00e0nh n\u1ebfu t\u00e0i kho\u1ea3n c\u00f3 l\u1ed7i<\/span><\/li>\n<li aria-level=\"1\"><span style=\"font-size: 14pt;\">H\u01b0\u1edbng d\u1eabn v\u00e0 b\u1ea3o h\u00e0nh su\u1ed1t qu\u00e1 tr\u00ecnh ch\u01a1i Game<\/span><\/li>\n<\/ul>\n<h3 data-start=\"111\" data-end=\"183\">Tr\u1ea3i nghi\u1ec7m c\u1ed1t l\u00f5i \u2013 n\u00e2ng c\u1ea5p to\u00e0n di\u1ec7n, nh\u1eadp vai h\u01a1n bao gi\u1edd h\u1ebft<\/h3>\n<p data-start=\"184\" data-end=\"514\"><strong data-start=\"184\" data-end=\"251\">Remake c\u1ee7a si\u00eau ph\u1ea9m n\u0103m 2004 \u2013 METAL GEAR SOLID 3: SNAKE EATER<\/strong>\u00a0nay tr\u1edf l\u1ea1i v\u1edbi c\u00f9ng c\u1ed1t truy\u1ec7n k\u1ecbch t\u00ednh, th\u1ebf gi\u1edbi cu\u1ed1n h\u00fat, nh\u01b0ng \u0111\u01b0\u1ee3c kho\u00e1c l\u00ean l\u1edbp \u0111\u1ed3 h\u1ecda ho\u00e0n to\u00e0n m\u1edbi v\u00e0 \u00e2m thanh 3D s\u1ed1ng \u0111\u1ed9ng, t\u00e1i hi\u1ec7n kh\u00f4ng kh\u00ed r\u1eebng r\u1eadm ch\u00e2n th\u1ef1c \u0111\u1ebfn t\u1eebng chi ti\u1ebft. S\u1eb5n s\u00e0ng cho tr\u1ea3i nghi\u1ec7m\u00a0<strong data-start=\"468\" data-end=\"502\">sinh t\u1ed3n \u2013 h\u00e0nh \u0111\u1ed9ng \u2013 l\u00e9n l\u00fat<\/strong>\u00a0\u0111\u1ec9nh cao.<\/p>\n<h3 data-start=\"521\" data-end=\"567\">Kh\u1edfi \u0111\u1ea7u t\u1eeb kh\u1ee7ng ho\u1ea3ng Chi\u1ebfn tranh L\u1ea1nh<\/h3>\n<p data-start=\"568\" data-end=\"913\">Gi\u1eefa th\u1eddi k\u1ef3 Chi\u1ebfn tranh L\u1ea1nh,\u00a0<strong data-start=\"599\" data-end=\"614\">Naked Snake<\/strong>\u00a0\u2013 ng\u01b0\u1eddi sau n\u00e0y \u0111\u01b0\u1ee3c bi\u1ebft \u0111\u1ebfn v\u1edbi c\u00e1i t\u00ean\u00a0<strong data-start=\"657\" data-end=\"669\">Big Boss<\/strong>\u00a0\u2013 \u0111\u1ed9t nh\u1eadp v\u00e0o Li\u00ean X\u00f4 \u0111\u1ec3 h\u1ed9 t\u1ed1ng nh\u00e0 khoa h\u1ecdc \u0111\u00e0o ng\u0169\u00a0<strong data-start=\"725\" data-end=\"736\">Sokolov<\/strong>. Nh\u01b0ng nhi\u1ec7m v\u1ee5 th\u1ea5t b\u1ea1i khi\u00a0<strong data-start=\"766\" data-end=\"778\">The Boss<\/strong>, ng\u01b0\u1eddi th\u1ea7y v\u00e0 c\u0169ng l\u00e0 huy\u1ec1n tho\u1ea1i \u201cm\u1eb9 c\u1ee7a l\u1ef1c l\u01b0\u1ee3ng \u0111\u1eb7c nhi\u1ec7m\u201d, ph\u1ea3n b\u1ed9i Snake. Sokolov b\u1ecb b\u1eaft gi\u1eef b\u1edfi\u00a0<strong data-start=\"883\" data-end=\"900\">\u0110\u1ea1i t\u00e1 Volgin<\/strong>\u00a0thu\u1ed9c GRU.<\/p>\n<p data-start=\"915\" data-end=\"1106\">M\u1ed9t tu\u1ea7n sau, Snake quay l\u1ea1i l\u00e3nh th\u1ed5 Li\u00ean X\u00f4, v\u1edbi nhi\u1ec7m v\u1ee5 gi\u1ea3i c\u1ee9u Sokolov v\u00e0 lo\u1ea1i b\u1ecf The Boss \u2013 b\u01b0\u1edbc ngo\u1eb7t khai sinh n\u00ean m\u1ed9t\u00a0<strong data-start=\"1043\" data-end=\"1065\">huy\u1ec1n tho\u1ea1i b\u1ea5t t\u1eed<\/strong>\u00a0trong d\u00f2ng ch\u1ea3y l\u1ecbch s\u1eed \u0111\u1ea7y bi\u1ebfn \u0111\u1ed9ng.<\/p>\n<h3 data-start=\"1113\" data-end=\"1165\">T\u1ea5t c\u1ea3 nh\u1eefng g\u00ec b\u1ea1n y\u00eau th\u00edch \u2013 v\u00e0 h\u01a1n th\u1ebf n\u1eefa<\/h3>\n<p data-start=\"1166\" data-end=\"1436\">C\u1ed1t truy\u1ec7n, nh\u00e2n v\u1eadt, l\u1ed3ng ti\u1ebfng, gameplay v\u00e0 \u00e2m nh\u1ea1c t\u1eebng l\u00e0m n\u00ean t\u00ean tu\u1ed5i c\u1ee7a b\u1ea3n g\u1ed1c \u0111\u1ec1u tr\u1edf l\u1ea1i, \u0111\u01b0\u1ee3c\u00a0<strong data-start=\"1272\" data-end=\"1329\">t\u00e1i hi\u1ec7n v\u00e0 n\u00e2ng c\u1ea5p to\u00e0n di\u1ec7n cho th\u1ebf h\u1ec7 console m\u1edbi<\/strong>. M\u1ed7i \u0111o\u1ea1n c\u1eaft c\u1ea3nh nh\u01b0 s\u1ed1ng d\u1eady, t\u1eebng g\u00f3c nh\u1ecf trong th\u1ebf gi\u1edbi \u0111\u01b0\u1ee3c x\u00e2y d\u1ef1ng l\u1ea1i chi ti\u1ebft h\u01a1n bao gi\u1edd h\u1ebft.<\/p>\n<p><span class=\"bb_img_ctn\"><video class=\"bb_img\" poster=\"https:\/\/shared.akamai.steamstatic.com\/store_item_assets\/steam\/apps\/2417610\/extras\/a1b2c82d75682ae92e0d1ae244f220fc.poster.avif?t=1749734161\" autoplay=\"autoplay\" loop=\"loop\" muted=\"\" width=\"640\" height=\"360\" data-mce-fragment=\"1\"><\/video><\/span><\/p>\n<p>&nbsp;<\/p>\n<h3 data-start=\"1443\" data-end=\"1484\">\u0110\u1ed3 h\u1ecda m\u00e3n nh\u00e3n v\u1edbi Unreal Engine 5<\/h3>\n<p data-start=\"1485\" data-end=\"1714\">Nh\u1eefng khu r\u1eebng r\u1eadm, \u0111\u1ea7m l\u1ea7y, th\u1ea3m th\u1ef1c v\u1eadt hoang d\u00e3\u2026 \u0111\u01b0\u1ee3c kh\u1eafc h\u1ecda s\u1ed1ng \u0111\u1ed9ng b\u1eb1ng c\u00f4ng ngh\u1ec7 t\u1ed1i t\u00e2n. Nh\u00e2n v\u1eadt \u0111\u01b0\u1ee3c m\u00f4 t\u1ea3 \u0111\u1ebfn t\u1eebng n\u1ebfp nh\u0103n, l\u1ed7 ch\u00e2n l\u00f4ng, th\u1eadm ch\u00ed chuy\u1ec3n \u0111\u1ed9ng m\u1ed1ng m\u1eaft \u2013 mang \u0111\u1ebfn bi\u1ec3u c\u1ea3m ch\u00e2n th\u1ef1c, \u0111\u1ea7y c\u1ea3m x\u00fac.<\/p>\n<p><span class=\"bb_img_ctn\"><video class=\"bb_img\" poster=\"https:\/\/shared.akamai.steamstatic.com\/store_item_assets\/steam\/apps\/2417610\/extras\/c3904c4e8891ddf9e83ccd59983b98f5.poster.avif?t=1749734161\" autoplay=\"autoplay\" loop=\"loop\" muted=\"\" width=\"640\" height=\"360\" data-mce-fragment=\"1\"><\/video><\/span><\/p>\n<p>&nbsp;<\/p>\n<h3 data-start=\"1721\" data-end=\"1755\">H\u1ec7 th\u1ed1ng chi\u1ebfn \u0111\u1ea5u ch\u00e2n th\u1ef1c<\/h3>\n<p data-start=\"1756\" data-end=\"2030\">C\u01a1 ch\u1ebf s\u00e1t th\u01b0\u01a1ng \u0111\u01b0\u1ee3c n\u00e2ng c\u1ea5p: qu\u1ea7n \u00e1o c\u1ee7a Snake r\u00e1ch n\u00e1t theo th\u1eddi gian, c\u01a1 th\u1ec3 mang v\u1ebft b\u1ea7m, v\u1ebft \u0111\u1ea1n \u2013 t\u1ea5t c\u1ea3 hi\u1ec7n l\u00ean theo th\u1eddi gian th\u1ef1c. Nh\u1eefng ch\u1ea5n th\u01b0\u01a1ng n\u00e0y s\u1ebd \u0111\u1ec3 l\u1ea1i d\u1ea5u \u1ea5n v\u0129nh vi\u1ec5n, nh\u01b0 m\u1ed9t\u00a0<strong data-start=\"1958\" data-end=\"1979\">cu\u1ed1n nh\u1eadt k\u00fd s\u1ed1ng<\/strong>\u00a0kh\u1eafc ghi h\u00e0nh tr\u00ecnh \u0111\u1ed9c nh\u1ea5t c\u1ee7a m\u1ed7i ng\u01b0\u1eddi ch\u01a1i.<\/p>\n<p><span class=\"bb_img_ctn\"><video class=\"bb_img\" poster=\"https:\/\/shared.akamai.steamstatic.com\/store_item_assets\/steam\/apps\/2417610\/extras\/6eb89b78a2c174ad61d7b8209381879a.poster.avif?t=1749734161\" autoplay=\"autoplay\" loop=\"loop\" muted=\"\" width=\"640\" height=\"360\" data-mce-fragment=\"1\"><\/video><\/span><\/p>\n<p>&nbsp;<\/p>\n<h3 data-start=\"2037\" data-end=\"2071\">Tr\u1ea3i nghi\u1ec7m nh\u1eadp vai s\u00e2u s\u1eafc<\/h3>\n<p data-start=\"2072\" data-end=\"2284\">Game cho ph\u00e9p ch\u1ecdn\u00a0<strong data-start=\"2091\" data-end=\"2125\">phong c\u00e1ch \u0111i\u1ec1u khi\u1ec3n hi\u1ec7n \u0111\u1ea1i<\/strong>\u00a0\u2013 tr\u1ef1c quan, m\u01b0\u1ee3t m\u00e0 \u2013 \u0111\u1ec3 t\u1eadp trung ho\u00e0n to\u00e0n v\u00e0o tr\u1ea3i nghi\u1ec7m. Ho\u1eb7c b\u1ea1n c\u00f3 th\u1ec3 ch\u1ecdn\u00a0<strong data-start=\"2210\" data-end=\"2232\">\u0111i\u1ec1u khi\u1ec3n c\u1ed5 \u0111i\u1ec3n<\/strong>, t\u00e1i hi\u1ec7n c\u1ea3m gi\u00e1c nguy\u00ean b\u1ea3n c\u1ee7a phi\u00ean b\u1ea3n 2004.<\/p>\n<p><span class=\"bb_img_ctn\"><video class=\"bb_img\" poster=\"https:\/\/shared.akamai.steamstatic.com\/store_item_assets\/steam\/apps\/2417610\/extras\/f340f5e2bfb2f795e253cd4adc76b5dc.poster.avif?t=1749734161\" autoplay=\"autoplay\" loop=\"loop\" muted=\"\" width=\"640\" height=\"360\" data-mce-fragment=\"1\"><\/video><\/span><\/p>\n<p>&nbsp;<\/p>\n<h3 data-start=\"2291\" data-end=\"2324\">Ch\u1ebf \u0111\u1ed9 ch\u01a1i b\u1ed5 sung h\u1ea5p d\u1eabn<\/h3>\n<p data-start=\"2325\" data-end=\"2440\"><em data-start=\"2325\" data-end=\"2438\">(M\u1ed9t s\u1ed1 n\u1ed9i dung c\u00f3 th\u1ec3 y\u00eau c\u1ea7u k\u1ebft n\u1ed1i internet v\u00e0 c\u1eadp nh\u1eadt ph\u1ea7n m\u1ec1m. Th\u00f4ng tin chi ti\u1ebft s\u1ebd \u0111\u01b0\u1ee3c c\u00f4ng b\u1ed1 sau.)<\/em><\/p>\n<ul data-start=\"2442\" data-end=\"2920\">\n<li data-start=\"2442\" data-end=\"2562\">\n<p data-start=\"2444\" data-end=\"2562\"><strong data-start=\"2444\" data-end=\"2463\">SNAKE VS MONKEY<\/strong><br data-start=\"2463\" data-end=\"2466\" \/>V\u00e0o vai Snake, b\u1ea1n ph\u1ea3i t\u00f3m g\u1ecdn nh\u1eefng ch\u00fa kh\u1ec9 tr\u1ed1n tho\u00e1t \u0111ang g\u00e2y n\u00e1o lo\u1ea1n tr\u00ean t\u1eebng m\u00e0n ch\u01a1i.<\/p>\n<\/li>\n<li data-start=\"2564\" data-end=\"2728\">\n<p data-start=\"2566\" data-end=\"2728\"><strong data-start=\"2566\" data-end=\"2578\">FOX HUNT<\/strong>\u00a0<em data-start=\"2579\" data-end=\"2610\">(Ch\u1ebf \u0111\u1ed9 online ho\u00e0n to\u00e0n m\u1edbi)<\/em><br data-start=\"2610\" data-end=\"2613\" \/>Tr\u1eadn \u0111\u1ea5u nhi\u1ec1u ng\u01b0\u1eddi ch\u01a1i v\u1edbi phong c\u00e1ch \u201c\u1ea9n n\u1ea5p \u2013 truy l\u00f9ng\u201d \u0111\u1ea7y c\u0103ng th\u1eb3ng, k\u1ebft h\u1ee3p y\u1ebfu t\u1ed1 sinh t\u1ed3n v\u00e0 l\u00e9n l\u00fat.<\/p>\n<\/li>\n<li data-start=\"2730\" data-end=\"2920\">\n<p data-start=\"2732\" data-end=\"2920\"><strong data-start=\"2732\" data-end=\"2750\">Secret Theater<\/strong><br data-start=\"2750\" data-end=\"2753\" \/>Thu th\u1eadp c\u00e1c cu\u1ed9n phim 8mm \u0111\u01b0\u1ee3c l\u00ednh \u0111\u1ecbch c\u1ea5t gi\u1ea5u \u0111\u1ec3 m\u1edf kh\u00f3a nh\u1eefng ph\u00e2n c\u1ea3nh h\u00e0i h\u01b0\u1edbc \u201cngo\u00e0i k\u1ecbch b\u1ea3n\u201d. B\u00ean c\u1ea1nh c\u00e1c c\u1ea3nh g\u1ed1c, s\u1ebd c\u00f3 th\u00eam nhi\u1ec1u video m\u1edbi ho\u00e0n to\u00e0n.<\/p>\n<\/li>\n<\/ul>\n<p data-start=\"2922\" data-end=\"2982\">\ud83d\udc49 V\u00e0 nhi\u1ec1u n\u1ed9i dung b\u1ea5t ng\u1edd kh\u00e1c \u0111ang ch\u1edd b\u1ea1n kh\u00e1m ph\u00e1\u2026<\/p>\n<p><span class=\"bb_img_ctn\"><img fetchpriority=\"high\" decoding=\"async\" class=\"bb_img\" src=\"https:\/\/gameladeshop.com\/wp-content\/uploads\/2025\/08\/4ae63ca10f977715f452be7f87392b78.\" width=\"800\" height=\"450\" data-has-big=\"\" \/><\/span><br \/>\n<span class=\"bb_img_ctn\"><img decoding=\"async\" class=\"bb_img\" src=\"https:\/\/gameladeshop.com\/wp-content\/uploads\/2025\/08\/5a73caa9e0d5d8abf3cf4928cf121aaf.\" width=\"800\" height=\"450\" data-has-big=\"\" \/><\/span><\/p>\n<p>&nbsp;<\/p>\n<h2>Y\u00eau c\u1ea7u h\u1ec7 th\u1ed1ng<\/h2>\n<div class=\"sysreq_contents\">\n<div class=\"game_area_sys_req sysreq_content active\" data-os=\"win\">\n<div class=\"game_area_sys_req_leftCol\">\n<p><strong>T\u1ed1i thi\u1ec3u:<\/strong><\/p>\n<ul>\n<li>\n<ul class=\"bb_ul\">\n<li>Y\u00eau c\u1ea7u vi x\u1eed l\u00fd v\u00e0 h\u1ec7 \u0111i\u1ec1u h\u00e0nh \u0111\u1ec1u ch\u1ea1y 64-bit<\/li>\n<li><strong>H\u0110H:<\/strong>\u00a0Windows\u00ae 10, Windows\u00ae 11 (64-bit OS required)<\/li>\n<li><strong>B\u1ed9 x\u1eed l\u00fd:<\/strong>\u00a0Intel i5-8600 or AMD Ryzen 5 3600<\/li>\n<li><strong>B\u1ed9 nh\u1edb:<\/strong>\u00a016 GB RAM<\/li>\n<li><strong>\u0110\u1ed3 h\u1ecda:<\/strong>\u00a0RTX 2060 Super (8GB)<\/li>\n<li><strong>DirectX:<\/strong>\u00a0Phi\u00ean b\u1ea3n 12<\/li>\n<li><strong>L\u01b0u tr\u1eef:<\/strong>\u00a0100 GB ch\u1ed7 tr\u1ed1ng kh\u1ea3 d\u1ee5ng<\/li>\n<li><strong>Ghi ch\u00fa th\u00eam:<\/strong>\u00a0SSD Recommend<\/li>\n<\/ul>\n<\/li>\n<\/ul>\n<\/div>\n<div class=\"game_area_sys_req_rightCol\">\n<p><strong>Khuy\u1ebfn ngh\u1ecb:<\/strong><\/p>\n<ul>\n<li>\n<ul class=\"bb_ul\">\n<li>Y\u00eau c\u1ea7u vi x\u1eed l\u00fd v\u00e0 h\u1ec7 \u0111i\u1ec1u h\u00e0nh \u0111\u1ec1u ch\u1ea1y 64-bit<\/li>\n<li><strong>H\u0110H:<\/strong>\u00a0Windows\u00ae 10, Windows\u00ae 11 (64-bit OS required)<\/li>\n<li><strong>B\u1ed9 x\u1eed l\u00fd:<\/strong>\u00a0Intel i7-8700K or AMD Ryzen 5 3600<\/li>\n<li><strong>B\u1ed9 nh\u1edb:<\/strong>\u00a016 GB RAM<\/li>\n<li><strong>\u0110\u1ed3 h\u1ecda:<\/strong>\u00a0RTX 3080<\/li>\n<li><strong>DirectX:<\/strong>\u00a0Phi\u00ean b\u1ea3n 12<\/li>\n<li><strong>L\u01b0u tr\u1eef:<\/strong>\u00a0100 GB ch\u1ed7 tr\u1ed1ng kh\u1ea3 d\u1ee5ng<\/li>\n<li><strong>Ghi ch\u00fa th\u00eam:<\/strong>\u00a0SSD Recommend<\/li>\n<\/ul>\n<\/li>\n<\/ul>\n<\/div>\n<\/div>\n<\/div>","protected":false},"excerpt":{"rendered":"<p>T\u00e0i kho\u1ea3n \u0111\u01b0\u1ee3c g\u1eedi v\u1ec1 Mail ngay sau khi thanh to\u00e1n T\u1ea3i v\u00e0 ch\u01a1i Game Tr\u1ef1c ti\u1ebfp \u1edf Steam, C\u00f3<\/p>","protected":false},"featured_media":25695,"comment_status":"open","ping_status":"closed","template":"","meta":[],"product_brand":[],"product_cat":[157,92,114],"product_tag":[],"class_list":{"0":"post-25694","1":"product","2":"type-product","3":"status-publish","4":"has-post-thumbnail","6":"product_cat-combo-nhieu-game","7":"product_cat-game-offline","8":"product_cat-game-steam-ea-ubisoft","10":"first","11":"instock","12":"sale","13":"featured","14":"downloadable","15":"virtual","16":"purchasable","17":"product-type-simple"},"_links":{"self":[{"href":"https:\/\/gameladeshop.com\/en\/wp-json\/wp\/v2\/product\/25694","targetHints":{"allow":["GET"]}}],"collection":[{"href":"https:\/\/gameladeshop.com\/en\/wp-json\/wp\/v2\/product"}],"about":[{"href":"https:\/\/gameladeshop.com\/en\/wp-json\/wp\/v2\/types\/product"}],"replies":[{"embeddable":true,"href":"https:\/\/gameladeshop.com\/en\/wp-json\/wp\/v2\/comments?post=25694"}],"version-history":[{"count":0,"href":"https:\/\/gameladeshop.com\/en\/wp-json\/wp\/v2\/product\/25694\/revisions"}],"wp:featuredmedia":[{"embeddable":true,"href":"https:\/\/gameladeshop.com\/en\/wp-json\/wp\/v2\/media\/25695"}],"wp:attachment":[{"href":"https:\/\/gameladeshop.com\/en\/wp-json\/wp\/v2\/media?parent=25694"}],"wp:term":[{"taxonomy":"product_brand","embeddable":true,"href":"https:\/\/gameladeshop.com\/en\/wp-json\/wp\/v2\/product_brand?post=25694"},{"taxonomy":"product_cat","embeddable":true,"href":"https:\/\/gameladeshop.com\/en\/wp-json\/wp\/v2\/product_cat?post=25694"},{"taxonomy":"product_tag","embeddable":true,"href":"https:\/\/gameladeshop.com\/en\/wp-json\/wp\/v2\/product_tag?post=25694"}],"curies":[{"name":"wp","href":"https:\/\/api.w.org\/{rel}","templated":true}]}}