{"id":25401,"date":"2025-09-22T09:40:30","date_gmt":"2025-09-22T09:40:30","guid":{"rendered":"https:\/\/gameladeshop.com\/?post_type=product&#038;p=25401"},"modified":"2025-11-26T03:23:09","modified_gmt":"2025-11-26T03:23:09","slug":"silent-hill-f-deluxe-edition-viet-hoa-tk-steam-offline","status":"publish","type":"product","link":"https:\/\/gameladeshop.com\/en\/silent-hill-f-deluxe-edition-viet-hoa-tk-steam-offline\/","title":{"rendered":"SILENT HILL f Deluxe Edition Vi\u1ec7t H\u00f3a TK Steam Offline"},"content":{"rendered":"<ul>\n<li aria-level=\"1\"><span style=\"font-size: 14pt;\"><strong>Game ra m\u1eaft Ng\u00e0y 23-09<\/strong><\/span><\/li>\n<li aria-level=\"1\"><span style=\"font-size: 14pt;\">T\u00e0i kho\u1ea3n \u0111\u01b0\u1ee3c g\u1eedi v\u1ec1 Mail ngay sau khi thanh to\u00e1n<\/span><\/li>\n<li aria-level=\"1\"><span style=\"font-size: 14pt;\">T\u1ea3i v\u00e0 ch\u01a1i Game Tr\u1ef1c ti\u1ebfp \u1edf Steam, C\u00f3 Update<\/span><\/li>\n<li aria-level=\"1\"><span style=\"font-size: 14pt;\">Ch\u01a1i Offline v\u00e0 c\u00f3 Save Game ri\u00eang<\/span><\/li>\n<li aria-level=\"1\"><span style=\"font-size: 14pt;\">Ch\u01a1i v\u0129nh vi\u1ec5n kh\u00f4ng c\u00f3 th\u1eddi h\u1ea1n<\/span><\/li>\n<li aria-level=\"1\"><span style=\"font-size: 14pt;\">R\u1ebb h\u01a1n Steam h\u01a1n 90%, C\u1ed1t truy\u1ec7n Game \u0111\u1ea7y \u0111\u1ee7<\/span><\/li>\n<li aria-level=\"1\"><span style=\"font-size: 14pt;\">C\u00f3 th\u1ec3 c\u00e0i th\u00eam Trainer, Mod Game, Vi\u1ec7t H\u00f3a<\/span><\/li>\n<li aria-level=\"1\"><span style=\"font-size: 14pt;\">B\u1ea3o H\u00e0nh n\u1ebfu t\u00e0i kho\u1ea3n c\u00f3 l\u1ed7i<\/span><\/li>\n<li aria-level=\"1\"><span style=\"font-size: 14pt;\">H\u01b0\u1edbng d\u1eabn v\u00e0 b\u1ea3o h\u00e0nh su\u1ed1t qu\u00e1 tr\u00ecnh ch\u01a1i Game<\/span><\/li>\n<\/ul>\n<p>&nbsp;<\/p>\n<div class=\"page_content\" data-panel=\"[]\">\n<div class=\"leftcol game_description_column\" data-panel=\"{&quot;flow-children&quot;:&quot;column&quot;}\">\n<div class=\"game_page_autocollapse_ctn expanded\">\n<div class=\"game_page_autocollapse sys_req\">\n<h2>Y\u00eau c\u1ea7u h\u1ec7 th\u1ed1ng<\/h2>\n<div class=\"sysreq_contents\">\n<div class=\"game_area_sys_req sysreq_content active\" data-os=\"win\">\n<div class=\"game_area_sys_req_leftCol\">\n<p><strong>T\u1ed1i thi\u1ec3u:<\/strong><\/p>\n<ul>\n<li style=\"list-style-type: none;\">\n<ul class=\"bb_ul\">\n<li>Y\u00eau c\u1ea7u vi x\u1eed l\u00fd v\u00e0 h\u1ec7 \u0111i\u1ec1u h\u00e0nh \u0111\u1ec1u ch\u1ea1y 64-bit<\/li>\n<li><strong>H\u0110H:<\/strong>\u00a0Windows 11 x64<\/li>\n<li><strong>B\u1ed9 x\u1eed l\u00fd:<\/strong>\u00a0Intel Core i5-8400 \/ AMD Ryzen 5 2600<\/li>\n<li><strong>B\u1ed9 nh\u1edb:<\/strong>\u00a016 GB RAM<\/li>\n<li><strong>\u0110\u1ed3 h\u1ecda:<\/strong>\u00a0NVIDIA\u00ae GeForce\u00ae GTX 1070 Ti or AMD Radeon\u2122 RX 5700<\/li>\n<li><strong>DirectX:<\/strong>\u00a0Phi\u00ean b\u1ea3n 12<\/li>\n<li><strong>L\u01b0u tr\u1eef:<\/strong>\u00a050 GB ch\u1ed7 tr\u1ed1ng kh\u1ea3 d\u1ee5ng<\/li>\n<li><strong>Card \u00e2m thanh:<\/strong>\u00a0Windows Compatible Audio Device.<\/li>\n<li><strong>Ghi ch\u00fa th\u00eam:<\/strong>\u00a0Playing on minimum requirements should enable to play on Performance quality settings in 30 at 720p. SSD is recommended.<\/li>\n<\/ul>\n<\/li>\n<\/ul>\n<\/div>\n<div class=\"game_area_sys_req_rightCol\">\n<p><strong>Khuy\u1ebfn ngh\u1ecb:<\/strong><\/p>\n<ul>\n<li style=\"list-style-type: none;\">\n<ul class=\"bb_ul\">\n<li>Y\u00eau c\u1ea7u vi x\u1eed l\u00fd v\u00e0 h\u1ec7 \u0111i\u1ec1u h\u00e0nh \u0111\u1ec1u ch\u1ea1y 64-bit<\/li>\n<li><strong>H\u0110H:<\/strong>\u00a0Windows 11 x64<\/li>\n<li><strong>B\u1ed9 x\u1eed l\u00fd:<\/strong>\u00a0Intel Core i7-9700 \/ AMD Ryzen 5 5500<\/li>\n<li><strong>B\u1ed9 nh\u1edb:<\/strong>\u00a016 GB RAM<\/li>\n<li><strong>\u0110\u1ed3 h\u1ecda:<\/strong>\u00a0NVIDIA\u00ae GeForce\u00ae RTX 2080 or AMD Radeon\u2122 RX 6800XT<\/li>\n<li><strong>DirectX:<\/strong>\u00a0Phi\u00ean b\u1ea3n 12<\/li>\n<li><strong>L\u01b0u tr\u1eef:<\/strong>\u00a050 GB ch\u1ed7 tr\u1ed1ng kh\u1ea3 d\u1ee5ng<\/li>\n<li><strong>Card \u00e2m thanh:<\/strong>\u00a0Windows Compatible Audio Device.<\/li>\n<li><strong>Ghi ch\u00fa th\u00eam:<\/strong>\u00a0Playing on recommended requirements should enable to play on Performance settings in 60 FPS or Quality settings in 30 FPS at FullHD (or 4k using DLSS or similar technology). SSD required.<\/li>\n<\/ul>\n<\/li>\n<\/ul>\n<\/div>\n<\/div>\n<\/div>\n<\/div>\n<\/div>\n<\/div>\n<div><\/div>\n<\/div>\n<div class=\"related_items_ctn\">\n<div class=\"page_content game_description_column\">\n<div data-featuretarget=\"creatorhome-carousel\" data-props=\"{&quot;title&quot;:&quot;Xem th\u00eam t\u1eeb SILENT HILL&quot;,&quot;clanID&quot;:43125015,&quot;seeAllLink&quot;:&quot;https:\/\/store.steampowered.com\/franchise\/silenthill?snr=1_5_9__317&quot;,&quot;appIDs&quot;:[2124490,19000],&quot;rgAppIDToCreatorIDs&quot;:[],&quot;rgAllCreatorClanIDs&quot;:[],&quot;strFeatureFirstAppMsg&quot;:null}\">\n<div class=\"XIDYByW4BEOm-YiOiwGmO Md5hrkaRH5SlzG0VFNLCQ\"><\/div>\n<\/div>\n<\/div>\n<\/div>","protected":false},"excerpt":{"rendered":"<p>Game ra m\u1eaft Ng\u00e0y 23-09 T\u00e0i kho\u1ea3n \u0111\u01b0\u1ee3c g\u1eedi v\u1ec1 Mail ngay sau khi thanh to\u00e1n T\u1ea3i v\u00e0 ch\u01a1i Game<\/p>","protected":false},"featured_media":23580,"comment_status":"open","ping_status":"closed","template":"","meta":[],"product_brand":[],"product_cat":[114,92],"product_tag":[],"class_list":{"0":"post-25401","1":"product","2":"type-product","3":"status-publish","4":"has-post-thumbnail","6":"product_cat-game-steam-ea-ubisoft","7":"product_cat-game-offline","9":"first","10":"instock","11":"sale","12":"downloadable","13":"virtual","14":"purchasable","15":"product-type-simple"},"_links":{"self":[{"href":"https:\/\/gameladeshop.com\/en\/wp-json\/wp\/v2\/product\/25401","targetHints":{"allow":["GET"]}}],"collection":[{"href":"https:\/\/gameladeshop.com\/en\/wp-json\/wp\/v2\/product"}],"about":[{"href":"https:\/\/gameladeshop.com\/en\/wp-json\/wp\/v2\/types\/product"}],"replies":[{"embeddable":true,"href":"https:\/\/gameladeshop.com\/en\/wp-json\/wp\/v2\/comments?post=25401"}],"version-history":[{"count":0,"href":"https:\/\/gameladeshop.com\/en\/wp-json\/wp\/v2\/product\/25401\/revisions"}],"wp:featuredmedia":[{"embeddable":true,"href":"https:\/\/gameladeshop.com\/en\/wp-json\/wp\/v2\/media\/23580"}],"wp:attachment":[{"href":"https:\/\/gameladeshop.com\/en\/wp-json\/wp\/v2\/media?parent=25401"}],"wp:term":[{"taxonomy":"product_brand","embeddable":true,"href":"https:\/\/gameladeshop.com\/en\/wp-json\/wp\/v2\/product_brand?post=25401"},{"taxonomy":"product_cat","embeddable":true,"href":"https:\/\/gameladeshop.com\/en\/wp-json\/wp\/v2\/product_cat?post=25401"},{"taxonomy":"product_tag","embeddable":true,"href":"https:\/\/gameladeshop.com\/en\/wp-json\/wp\/v2\/product_tag?post=25401"}],"curies":[{"name":"wp","href":"https:\/\/api.w.org\/{rel}","templated":true}]}}