{"id":24769,"date":"2025-09-09T10:24:05","date_gmt":"2025-09-09T10:24:05","guid":{"rendered":"https:\/\/gameladeshop.com\/?post_type=product&#038;p=24769"},"modified":"2025-11-10T12:41:10","modified_gmt":"2025-11-10T12:41:10","slug":"borderlands-4-super-deluxe-edition-tk-steam-offline","status":"publish","type":"product","link":"https:\/\/gameladeshop.com\/en\/borderlands-4-super-deluxe-edition-tk-steam-offline\/","title":{"rendered":"Borderlands 4 Super Deluxe Edition TK Steam Offline"},"content":{"rendered":"<ul>\n<li aria-level=\"1\"><span style=\"font-size: 14pt;\">T\u00e0i kho\u1ea3n \u0111\u01b0\u1ee3c g\u1eedi v\u1ec1 Mail ngay sau khi thanh to\u00e1n<\/span><\/li>\n<li aria-level=\"1\"><span style=\"font-size: 14pt;\">T\u1ea3i v\u00e0 ch\u01a1i Game Tr\u1ef1c ti\u1ebfp \u1edf Steam, C\u00f3 Update<\/span><\/li>\n<li aria-level=\"1\"><span style=\"font-size: 14pt;\">Ch\u01a1i Offline v\u00e0 c\u00f3 Save Game ri\u00eang<\/span><\/li>\n<li aria-level=\"1\"><span style=\"font-size: 14pt;\">Ch\u01a1i v\u0129nh vi\u1ec5n kh\u00f4ng c\u00f3 th\u1eddi h\u1ea1n<\/span><\/li>\n<li aria-level=\"1\"><span style=\"font-size: 14pt;\">R\u1ebb h\u01a1n Steam h\u01a1n 90%, C\u1ed1t truy\u1ec7n Game \u0111\u1ea7y \u0111\u1ee7<\/span><\/li>\n<li aria-level=\"1\"><span style=\"font-size: 14pt;\">C\u00f3 th\u1ec3 c\u00e0i th\u00eam Trainer, Mod Game, Vi\u1ec7t H\u00f3a<\/span><\/li>\n<li aria-level=\"1\"><span style=\"font-size: 14pt;\">B\u1ea3o H\u00e0nh n\u1ebfu t\u00e0i kho\u1ea3n c\u00f3 l\u1ed7i<\/span><\/li>\n<li aria-level=\"1\"><span style=\"font-size: 14pt;\">H\u01b0\u1edbng d\u1eabn v\u00e0 b\u1ea3o h\u00e0nh su\u1ed1t qu\u00e1 tr\u00ecnh ch\u01a1i Game<\/span><\/li>\n<\/ul>\n<p>&nbsp;<\/p>\n<div id=\"game_area_description\" class=\"game_area_description\">\n<p class=\"bb_paragraph\"><span class=\"bb_img_ctn\" style=\"font-size: 14pt;\"><video class=\"bb_img\" poster=\"https:\/\/shared.fastly.steamstatic.com\/store_item_assets\/steam\/apps\/1285190\/extras\/bcb20237301fd6f525c919b08a867680.poster.avif?t=1757115537\" autoplay=\"autoplay\" loop=\"loop\" muted=\"\" width=\"780\" height=\"404\"><source src=\"https:\/\/shared.fastly.steamstatic.com\/store_item_assets\/steam\/apps\/1285190\/extras\/bcb20237301fd6f525c919b08a867680.webm?t=1757115537\" type=\"video\/webm; codecs=vp9\" \/><source src=\"https:\/\/shared.fastly.steamstatic.com\/store_item_assets\/steam\/apps\/1285190\/extras\/bcb20237301fd6f525c919b08a867680.mp4?t=1757115537\" type=\"video\/mp4\" \/><\/video><\/span><\/p>\n<p data-start=\"103\" data-end=\"309\"><span style=\"font-size: 14pt;\"><strong data-start=\"103\" data-end=\"120\">Borderlands 4<\/strong> mang \u0111\u1ebfn nh\u1eefng m\u00e0n h\u00e0nh \u0111\u1ed9ng ngh\u1eb9t th\u1edf, d\u00e0n Vault Hunter c\u1ef1c \u201cng\u1ea7u\u201d c\u00f9ng h\u00e0ng t\u1ef7 v\u0169 kh\u00ed hoang d\u1ea1i v\u00e0 ch\u1ebft ch\u00f3c tr\u00ean m\u1ed9t h\u00e0nh tinh ho\u00e0n to\u00e0n m\u1edbi, n\u01a1i b\u1ecb cai tr\u1ecb b\u1edfi m\u1ed9t b\u1ea1o ch\u00faa t\u00e0n nh\u1eabn.<\/span><\/p>\n<p data-start=\"311\" data-end=\"576\"><span style=\"font-size: 14pt;\">H\u1ea1 c\u00e1nh xu\u1ed1ng <strong data-start=\"325\" data-end=\"335\">Kairos<\/strong> trong vai m\u1ed9t trong b\u1ed1n Vault Hunter m\u1edbi, kh\u00e1t khao danh v\u1ecdng v\u00e0 kho b\u00e1u. K\u00edch ho\u1ea1t <strong data-start=\"420\" data-end=\"437\">Action Skills<\/strong> m\u1ea1nh m\u1ebd, t\u00f9y ch\u1ec9nh nh\u00e2n v\u1eadt v\u1edbi h\u1ec7 th\u1ed1ng k\u1ef9 n\u0103ng chuy\u00ean s\u00e2u, v\u00e0 qu\u00e9t s\u1ea1ch k\u1ebb th\u00f9 b\u1eb1ng nh\u1eefng chi\u00eau th\u1ee9c di chuy\u1ec3n linh ho\u1ea1t ch\u01b0a t\u1eebng c\u00f3.<\/span><\/p>\n<p data-start=\"578\" data-end=\"797\"><span style=\"font-size: 14pt;\">B\u1ea1n s\u1ebd ph\u1ea3i \u0111\u1ed1i m\u1eb7t v\u1edbi <strong data-start=\"602\" data-end=\"616\">Timekeeper<\/strong> \u2013 k\u1ebb \u0111\u1ed9c t\u00e0i t\u00e0n b\u1ea1o \u0111ang \u00e1p \u0111\u1eb7t quy\u1ec1n l\u1ef1c tuy\u1ec7t \u0111\u1ed1i l\u00ean to\u00e0n d\u00e2n. Nh\u01b0ng m\u1ed9t th\u1ea3m h\u1ecda kh\u1ee7ng khi\u1ebfp s\u1eafp \u1eadp \u0111\u1ebfn, ph\u00e1 v\u1ee1 tr\u1eadt t\u1ef1 ho\u00e0n h\u1ea3o c\u1ee7a h\u1eafn v\u00e0 gieo r\u1eafc h\u1ed7n lo\u1ea1n kh\u1eafp h\u00e0nh tinh.<\/span><\/p>\n<p class=\"bb_paragraph\" style=\"text-align: center;\"><span class=\"bb_img_ctn\" style=\"font-size: 14pt;\"><video class=\"bb_img\" poster=\"https:\/\/shared.fastly.steamstatic.com\/store_item_assets\/steam\/apps\/1285190\/extras\/fe0fe0d4c577ddc7025988545e8fcf2a.poster.avif?t=1757115537\" autoplay=\"autoplay\" loop=\"loop\" muted=\"\" width=\"780\" height=\"320\"><source src=\"https:\/\/shared.fastly.steamstatic.com\/store_item_assets\/steam\/apps\/1285190\/extras\/fe0fe0d4c577ddc7025988545e8fcf2a.webm?t=1757115537\" type=\"video\/webm; codecs=vp9\" \/><source src=\"https:\/\/shared.fastly.steamstatic.com\/store_item_assets\/steam\/apps\/1285190\/extras\/fe0fe0d4c577ddc7025988545e8fcf2a.mp4?t=1757115537\" type=\"video\/mp4\" \/><\/video><\/span><\/p>\n<p class=\"bb_paragraph\"><span style=\"font-size: 14pt;\">Tr\u1edf th\u00e0nh m\u1ed9t chi\u1ebfn binh b\u1ea5t kh\u1ea3 chi\u1ebfn b\u1ea1i, nghi\u1ec1n n\u00e1t k\u1ebb th\u00f9 v\u1edbi kho v\u0169 kh\u00ed \u0111i\u00ean r\u1ed3 ch\u01b0a t\u1eebng th\u1ea5y. T\u1eadn h\u01b0\u1edfng t\u1ef1 do chi\u1ebfn \u0111\u1ea5u theo phong c\u00e1ch m\u1edbi m\u1ebb: <strong data-start=\"950\" data-end=\"980\">nh\u1ea3y k\u00e9p, l\u01b0\u1edbt, n\u00e9, \u0111u b\u00e1m<\/strong> v\u00e0 h\u1ea1 g\u1ee5c \u0111\u1ed1i ph\u01b0\u01a1ng t\u1eeb m\u1ecdi h\u01b0\u1edbng. M\u1ed7i tr\u1eadn \u0111\u1ea5u \u0111\u1ec1u b\u00f9ng n\u1ed5 v\u1edbi k\u1ef9 n\u0103ng \u0111\u1eb7c bi\u1ec7t c\u1ee7a Vault Hunter, c\u00f9ng h\u1ec7 th\u1ed1ng loot c\u1ef1c \u201ckh\u1ee7ng\u201d \u0111\u1ea7y v\u0169 kh\u00ed d\u1ecb th\u01b0\u1eddng v\u00e0 trang b\u1ecb m\u1ea1nh m\u1ebd \u0111\u1ec3 b\u1ea1n th\u1ecfa s\u1ee9c x\u00e2y d\u1ef1ng l\u1ed1i ch\u01a1i ri\u00eang.<\/span><\/p>\n<h2 class=\"bb_tag\" style=\"text-align: center;\"><span class=\"bb_img_ctn\" style=\"font-size: 14pt;\"><video class=\"bb_img\" poster=\"https:\/\/shared.fastly.steamstatic.com\/store_item_assets\/steam\/apps\/1285190\/extras\/892f7a7736d00d1a3be68a5ae4c66d6d.poster.avif?t=1757115537\" autoplay=\"autoplay\" loop=\"loop\" muted=\"\" width=\"780\" height=\"320\"><source src=\"https:\/\/shared.fastly.steamstatic.com\/store_item_assets\/steam\/apps\/1285190\/extras\/892f7a7736d00d1a3be68a5ae4c66d6d.webm?t=1757115537\" type=\"video\/webm; codecs=vp9\" \/><source src=\"https:\/\/shared.fastly.steamstatic.com\/store_item_assets\/steam\/apps\/1285190\/extras\/892f7a7736d00d1a3be68a5ae4c66d6d.mp4?t=1757115537\" type=\"video\/mp4\" \/><\/video><\/span><\/h2>\n<p class=\"bb_paragraph\"><span style=\"font-size: 14pt;\">T\u00e0n ph\u00e1 Kairos m\u1ed9t m\u00ecnh \u0111\u00e3 \u0111\u1ee7 ph\u1ea5n kh\u00edch, nh\u01b0ng c\u00f2n tuy\u1ec7t v\u1eddi h\u01a1n khi c\u00f9ng b\u1ea1n b\u00e8 trong ch\u1ebf \u0111\u1ed9 <strong data-start=\"1291\" data-end=\"1319\">co-op tr\u1ef1c tuy\u1ebfn 4 ng\u01b0\u1eddi<\/strong>. Borderlands 4 \u0111\u01b0\u1ee3c thi\u1ebft k\u1ebf ho\u00e0n to\u00e0n cho tr\u1ea3i nghi\u1ec7m \u0111\u1ed3ng \u0111\u1ed9i: t\u1eeb s\u0103n loot, l\u00e0m nhi\u1ec7m v\u1ee5 \u0111\u1ebfn phi\u00eau l\u01b0u t\u1ef1 do, h\u1ec7 th\u1ed1ng c\u00e2n b\u1eb1ng c\u1ea5p \u0111\u1ed9 v\u00e0 \u0111\u1ed9 kh\u00f3 \u0111\u1ea3m b\u1ea3o c\u1ea3 nh\u00f3m lu\u00f4n vui h\u1ebft c\u1ee1.<\/span><\/p>\n<h2 class=\"bb_tag\" style=\"text-align: center;\"><span class=\"bb_img_ctn\" style=\"font-size: 14pt;\"><video class=\"bb_img\" poster=\"https:\/\/shared.fastly.steamstatic.com\/store_item_assets\/steam\/apps\/1285190\/extras\/9d62706d109936012e6159d9c23376be.poster.avif?t=1757115537\" autoplay=\"autoplay\" loop=\"loop\" muted=\"\" width=\"780\" height=\"320\"><source src=\"https:\/\/shared.fastly.steamstatic.com\/store_item_assets\/steam\/apps\/1285190\/extras\/9d62706d109936012e6159d9c23376be.webm?t=1757115537\" type=\"video\/webm; codecs=vp9\" \/><source src=\"https:\/\/shared.fastly.steamstatic.com\/store_item_assets\/steam\/apps\/1285190\/extras\/9d62706d109936012e6159d9c23376be.mp4?t=1757115537\" type=\"video\/mp4\" \/><\/video><\/span><\/h2>\n<p class=\"bb_paragraph\"><span style=\"font-size: 14pt;\">Kh\u00e1m ph\u00e1 m\u1ed9t th\u1ebf gi\u1edbi r\u1ed9ng l\u1edbn, nguy hi\u1ec3m v\u00e0 h\u1ed7n lo\u1ea1n b\u1edfi nh\u1eefng phe ph\u00e1i \u0111\u1ed1i \u0111\u1ecbch. C\u01b0\u1ee1i <strong data-start=\"1591\" data-end=\"1605\">hover bike<\/strong> b\u0103ng qua \u0111\u1ed3ng c\u1ecf t\u01b0\u01a1i t\u1ed1t, \u0111\u1ec9nh n\u00fai h\u00f9ng v\u0129 v\u00e0 sa m\u1ea1c ch\u1ebft ch\u00f3c, n\u01a1i \u0111\u1ea7y r\u1eaby k\u1ebb th\u00f9 kh\u00e1t m\u00e1u, s\u1ef1 ki\u1ec7n b\u1ea5t ng\u1edd, v\u00e0 nh\u1eefng nhi\u1ec7m v\u1ee5 h\u1ea5p d\u1eabn v\u1edbi d\u00e0n nh\u00e2n v\u1eadt kh\u00f3 qu\u00ean. H\u00e3y c\u00f9ng ng\u01b0\u1eddi d\u00e2n Kairos v\u00f9ng l\u00ean, ch\u00e2m ng\u00f2i cho m\u1ed9t cu\u1ed9c c\u00e1ch m\u1ea1ng \u2013 v\u00e0 vi\u1ebft n\u00ean h\u00e0nh tr\u00ecnh c\u1ee7a ch\u00ednh b\u1ea1n trong tr\u1ea3i nghi\u1ec7m Borderlands li\u1ec1n m\u1ea1ch, t\u1ef1 do ch\u01b0a t\u1eebng c\u00f3.<\/span><\/p>\n<\/div>\n<h2><span style=\"font-size: 18pt;\">Y\u00eau c\u1ea7u h\u1ec7 th\u1ed1ng<\/span><\/h2>\n<div class=\"sysreq_contents\">\n<div class=\"game_area_sys_req sysreq_content active\" data-os=\"win\">\n<div class=\"game_area_sys_req_leftCol\"><span style=\"font-size: 14pt;\"><strong>T\u1ed1i thi\u1ec3u:<\/strong><\/span><\/p>\n<ul>\n<li style=\"list-style-type: none;\">\n<ul class=\"bb_ul\">\n<li><span style=\"font-size: 14pt;\">Y\u00eau c\u1ea7u vi x\u1eed l\u00fd v\u00e0 h\u1ec7 \u0111i\u1ec1u h\u00e0nh \u0111\u1ec1u ch\u1ea1y 64-bit<\/span><\/li>\n<li><span style=\"font-size: 14pt;\"><strong>H\u0110H:<\/strong>\u00a0Windows 10 \/ Windows 11<\/span><\/li>\n<li><span style=\"font-size: 14pt;\"><strong>B\u1ed9 x\u1eed l\u00fd:<\/strong>\u00a0Intel Core i7-9700 \/ AMD Ryzen 7 2700X<\/span><\/li>\n<li><span style=\"font-size: 14pt;\"><strong>B\u1ed9 nh\u1edb:<\/strong>\u00a016 GB RAM<\/span><\/li>\n<li><span style=\"font-size: 14pt;\"><strong>\u0110\u1ed3 h\u1ecda:<\/strong>\u00a0NVIDIA GeForce RTX 2070 \/ AMD Radeon RX 5700 XT \/ Intel Arc A580<\/span><\/li>\n<li><span style=\"font-size: 14pt;\"><strong>L\u01b0u tr\u1eef:<\/strong>\u00a0100 GB ch\u1ed7 tr\u1ed1ng kh\u1ea3 d\u1ee5ng<\/span><\/li>\n<li><span style=\"font-size: 14pt;\"><strong>Ghi ch\u00fa th\u00eam:<\/strong>\u00a0Requires a 64-bit processor and operating system. Requires 8 CPU Cores for processor. Requires 8 GB VRAM for graphics. SSD storage required<\/span><\/li>\n<\/ul>\n<\/li>\n<\/ul>\n<\/div>\n<div class=\"game_area_sys_req_rightCol\"><span style=\"font-size: 14pt;\"><strong>Khuy\u1ebfn ngh\u1ecb:<\/strong><\/span><\/p>\n<ul>\n<li style=\"list-style-type: none;\">\n<ul class=\"bb_ul\">\n<li><span style=\"font-size: 14pt;\">Y\u00eau c\u1ea7u vi x\u1eed l\u00fd v\u00e0 h\u1ec7 \u0111i\u1ec1u h\u00e0nh \u0111\u1ec1u ch\u1ea1y 64-bit<\/span><\/li>\n<li><span style=\"font-size: 14pt;\"><strong>H\u0110H:<\/strong>\u00a0Windows 10 \/ Windows 11<\/span><\/li>\n<li><span style=\"font-size: 14pt;\"><strong>B\u1ed9 x\u1eed l\u00fd:<\/strong>\u00a0Intel Core i7-12700 \/ AMD Ryzen 7 5800X<\/span><\/li>\n<li><span style=\"font-size: 14pt;\"><strong>B\u1ed9 nh\u1edb:<\/strong>\u00a032 GB RAM<\/span><\/li>\n<li><span style=\"font-size: 14pt;\"><strong>\u0110\u1ed3 h\u1ecda:<\/strong>\u00a0NVIDIA GeForce RTX 3080 \/ AMD Radeon RX 6800 XT \/ Intel Arc B580<\/span><\/li>\n<li><span style=\"font-size: 14pt;\"><strong>L\u01b0u tr\u1eef:<\/strong>\u00a0100 GB ch\u1ed7 tr\u1ed1ng kh\u1ea3 d\u1ee5ng<\/span><\/li>\n<li><span style=\"font-size: 14pt;\"><strong>Ghi ch\u00fa th\u00eam:<\/strong>\u00a0Requires a 64-bit processor and operating system. SSD storage required<\/span><\/li>\n<\/ul>\n<\/li>\n<\/ul>\n<\/div>\n<\/div>\n<\/div>\n<div id=\"game_area_description\" class=\"game_area_description\">\n<p class=\"bb_paragraph\">\n<p class=\"bb_paragraph\">\n<\/div>\n<p>&nbsp;<\/p>","protected":false},"excerpt":{"rendered":"<p>T\u00e0i kho\u1ea3n \u0111\u01b0\u1ee3c g\u1eedi v\u1ec1 Mail ngay sau khi thanh to\u00e1n T\u1ea3i v\u00e0 ch\u01a1i Game Tr\u1ef1c ti\u1ebfp \u1edf Steam, C\u00f3<\/p>","protected":false},"featured_media":24770,"comment_status":"open","ping_status":"closed","template":"","meta":[],"product_brand":[],"product_cat":[114,92],"product_tag":[],"class_list":{"0":"post-24769","1":"product","2":"type-product","3":"status-publish","4":"has-post-thumbnail","6":"product_cat-game-steam-ea-ubisoft","7":"product_cat-game-offline","9":"first","10":"instock","11":"sale","12":"downloadable","13":"virtual","14":"purchasable","15":"product-type-simple"},"_links":{"self":[{"href":"https:\/\/gameladeshop.com\/en\/wp-json\/wp\/v2\/product\/24769","targetHints":{"allow":["GET"]}}],"collection":[{"href":"https:\/\/gameladeshop.com\/en\/wp-json\/wp\/v2\/product"}],"about":[{"href":"https:\/\/gameladeshop.com\/en\/wp-json\/wp\/v2\/types\/product"}],"replies":[{"embeddable":true,"href":"https:\/\/gameladeshop.com\/en\/wp-json\/wp\/v2\/comments?post=24769"}],"version-history":[{"count":0,"href":"https:\/\/gameladeshop.com\/en\/wp-json\/wp\/v2\/product\/24769\/revisions"}],"wp:featuredmedia":[{"embeddable":true,"href":"https:\/\/gameladeshop.com\/en\/wp-json\/wp\/v2\/media\/24770"}],"wp:attachment":[{"href":"https:\/\/gameladeshop.com\/en\/wp-json\/wp\/v2\/media?parent=24769"}],"wp:term":[{"taxonomy":"product_brand","embeddable":true,"href":"https:\/\/gameladeshop.com\/en\/wp-json\/wp\/v2\/product_brand?post=24769"},{"taxonomy":"product_cat","embeddable":true,"href":"https:\/\/gameladeshop.com\/en\/wp-json\/wp\/v2\/product_cat?post=24769"},{"taxonomy":"product_tag","embeddable":true,"href":"https:\/\/gameladeshop.com\/en\/wp-json\/wp\/v2\/product_tag?post=24769"}],"curies":[{"name":"wp","href":"https:\/\/api.w.org\/{rel}","templated":true}]}}