{"id":24738,"date":"2025-09-09T06:53:50","date_gmt":"2025-09-09T06:53:50","guid":{"rendered":"https:\/\/gameladeshop.com\/?post_type=product&#038;p=24738"},"modified":"2026-03-03T12:23:46","modified_gmt":"2026-03-03T12:23:46","slug":"tai-khoan-steam-offline-nhieu-game-02-400-game","status":"publish","type":"product","link":"https:\/\/gameladeshop.com\/en\/tai-khoan-steam-offline-nhieu-game-02-400-game\/","title":{"rendered":"T\u00e0i Kho\u1ea3n Steam Offline Nhi\u1ec1u Game 02 (400 Game)"},"content":{"rendered":"<ul>\n<li aria-level=\"1\"><span style=\"font-size: 14pt;\"><strong>List Game c\u00f3 trong T\u00e0i Kho\u1ea3n:<\/strong><\/span><\/li>\n<li aria-level=\"1\"><span style=\"font-size: 14pt;\"><a href=\"https:\/\/docs.google.com\/document\/d\/1UI031P-DMTlQAa7YAJ0LPRkYASHByKHXobF53mE7qSA\/edit?tab=t.0\" target=\"_blank\" rel=\"noopener\">https:\/\/docs.google.com\/document\/d\/1UI031P-DMTlQAa7YAJ0LPRkYASHByKHXobF53mE7qSA\/edit?tab=t.0<\/a><\/span><\/li>\n<li aria-level=\"1\"><span style=\"font-size: 14pt;\">T\u1ea3i v\u00e0 ch\u01a1i Game Tr\u1ef1c ti\u1ebfp \u1edf Steam, C\u00f3 Update<\/span><\/li>\n<li aria-level=\"1\"><span style=\"font-size: 14pt;\">Ch\u01a1i Offline v\u00e0 c\u00f3 Save Game ri\u00eang<\/span><\/li>\n<li aria-level=\"1\"><span style=\"font-size: 14pt;\">R\u1ebb h\u01a1n Steam h\u01a1n 90%, C\u1ed1t truy\u1ec7n Game \u0111\u1ea7y \u0111\u1ee7<\/span><\/li>\n<li aria-level=\"1\"><span style=\"font-size: 14pt;\">C\u00f3 th\u1ec3 c\u00e0i th\u00eam Trainer, Mod Game, Vi\u1ec7t H\u00f3a N\u1ebfu C\u00f3<\/span><\/li>\n<li aria-level=\"1\"><span style=\"font-size: 14pt;\">B\u1ea3o H\u00e0nh n\u1ebfu t\u00e0i kho\u1ea3n c\u00f3 l\u1ed7i<\/span><\/li>\n<li aria-level=\"1\"><span style=\"font-size: 14pt;\">H\u01b0\u1edbng d\u1eabn v\u00e0 b\u1ea3o h\u00e0nh su\u1ed1t qu\u00e1 tr\u00ecnh ch\u01a1i Game<\/span><\/li>\n<\/ul>","protected":false},"excerpt":{"rendered":"<p>List Game c\u00f3 trong T\u00e0i Kho\u1ea3n: https:\/\/docs.google.com\/document\/d\/1UI031P-DMTlQAa7YAJ0LPRkYASHByKHXobF53mE7qSA\/edit?tab=t.0 T\u1ea3i v\u00e0 ch\u01a1i Game Tr\u1ef1c ti\u1ebfp \u1edf Steam, C\u00f3 Update Ch\u01a1i Offline v\u00e0<\/p>","protected":false},"featured_media":21464,"comment_status":"open","ping_status":"closed","template":"","meta":[],"product_brand":[],"product_cat":[114,157,92],"product_tag":[],"class_list":{"0":"post-24738","1":"product","2":"type-product","3":"status-publish","4":"has-post-thumbnail","6":"product_cat-game-steam-ea-ubisoft","7":"product_cat-combo-nhieu-game","8":"product_cat-game-offline","10":"first","11":"instock","12":"sale","13":"featured","14":"downloadable","15":"virtual","16":"purchasable","17":"product-type-simple"},"_links":{"self":[{"href":"https:\/\/gameladeshop.com\/en\/wp-json\/wp\/v2\/product\/24738","targetHints":{"allow":["GET"]}}],"collection":[{"href":"https:\/\/gameladeshop.com\/en\/wp-json\/wp\/v2\/product"}],"about":[{"href":"https:\/\/gameladeshop.com\/en\/wp-json\/wp\/v2\/types\/product"}],"replies":[{"embeddable":true,"href":"https:\/\/gameladeshop.com\/en\/wp-json\/wp\/v2\/comments?post=24738"}],"version-history":[{"count":0,"href":"https:\/\/gameladeshop.com\/en\/wp-json\/wp\/v2\/product\/24738\/revisions"}],"wp:featuredmedia":[{"embeddable":true,"href":"https:\/\/gameladeshop.com\/en\/wp-json\/wp\/v2\/media\/21464"}],"wp:attachment":[{"href":"https:\/\/gameladeshop.com\/en\/wp-json\/wp\/v2\/media?parent=24738"}],"wp:term":[{"taxonomy":"product_brand","embeddable":true,"href":"https:\/\/gameladeshop.com\/en\/wp-json\/wp\/v2\/product_brand?post=24738"},{"taxonomy":"product_cat","embeddable":true,"href":"https:\/\/gameladeshop.com\/en\/wp-json\/wp\/v2\/product_cat?post=24738"},{"taxonomy":"product_tag","embeddable":true,"href":"https:\/\/gameladeshop.com\/en\/wp-json\/wp\/v2\/product_tag?post=24738"}],"curies":[{"name":"wp","href":"https:\/\/api.w.org\/{rel}","templated":true}]}}