{"id":24492,"date":"2025-09-04T13:57:54","date_gmt":"2025-09-04T13:57:54","guid":{"rendered":"https:\/\/gameladeshop.com\/?post_type=product&#038;p=24492"},"modified":"2025-11-10T12:42:00","modified_gmt":"2025-11-10T12:42:00","slug":"hell-is-us-deluxe-edition-viet-hoa-tk-steam-offline","status":"publish","type":"product","link":"https:\/\/gameladeshop.com\/en\/hell-is-us-deluxe-edition-viet-hoa-tk-steam-offline\/","title":{"rendered":"Hell is Us &#8211; Deluxe Edition Vi\u1ec7t H\u00f3a TK Steam Offline"},"content":{"rendered":"<ul>\n<li aria-level=\"1\"><span style=\"font-size: 14pt;\">T\u00e0i kho\u1ea3n \u0111\u01b0\u1ee3c g\u1eedi v\u1ec1 Mail ngay sau khi thanh to\u00e1n<\/span><\/li>\n<li aria-level=\"1\"><span style=\"font-size: 14pt;\">T\u1ea3i v\u00e0 ch\u01a1i Game Tr\u1ef1c ti\u1ebfp \u1edf Steam, C\u00f3 Update<\/span><\/li>\n<li aria-level=\"1\"><span style=\"font-size: 14pt;\">Ch\u01a1i Offline v\u00e0 c\u00f3 Save Game ri\u00eang<\/span><\/li>\n<li aria-level=\"1\"><span style=\"font-size: 14pt;\">Ch\u01a1i v\u0129nh vi\u1ec5n kh\u00f4ng c\u00f3 th\u1eddi h\u1ea1n<\/span><\/li>\n<li aria-level=\"1\"><span style=\"font-size: 14pt;\">R\u1ebb h\u01a1n Steam h\u01a1n 90%, C\u1ed1t truy\u1ec7n Game \u0111\u1ea7y \u0111\u1ee7<\/span><\/li>\n<li aria-level=\"1\"><span style=\"font-size: 14pt;\">C\u00f3 th\u1ec3 c\u00e0i th\u00eam Trainer, Mod Game, Vi\u1ec7t H\u00f3a<\/span><\/li>\n<li aria-level=\"1\"><span style=\"font-size: 14pt;\">B\u1ea3o H\u00e0nh n\u1ebfu t\u00e0i kho\u1ea3n c\u00f3 l\u1ed7i<\/span><\/li>\n<li aria-level=\"1\"><span style=\"font-size: 14pt;\">H\u01b0\u1edbng d\u1eabn v\u00e0 b\u1ea3o h\u00e0nh su\u1ed1t qu\u00e1 tr\u00ecnh ch\u01a1i Game<\/span><\/li>\n<\/ul>\n<p>&nbsp;<\/p>\n<div id=\"game_area_description\" class=\"game_area_description\">\n<h2>V\u1ec1 tr\u00f2 ch\u01a1i n\u00e0y<\/h2>\n<p class=\"bb_paragraph\" style=\"text-align: center;\"><span class=\"bb_img_ctn\"><video class=\"bb_img\" poster=\"https:\/\/shared.fastly.steamstatic.com\/store_item_assets\/steam\/apps\/1620730\/extras\/86a58b56411a61d1e3140313cb507a76.poster.avif?t=1756972852\" autoplay=\"autoplay\" loop=\"loop\" muted=\"\" width=\"614\" height=\"2680\"><source src=\"https:\/\/shared.fastly.steamstatic.com\/store_item_assets\/steam\/apps\/1620730\/extras\/86a58b56411a61d1e3140313cb507a76.webm?t=1756972852\" type=\"video\/webm; codecs=vp9\" \/><source src=\"https:\/\/shared.fastly.steamstatic.com\/store_item_assets\/steam\/apps\/1620730\/extras\/86a58b56411a61d1e3140313cb507a76.mp4?t=1756972852\" type=\"video\/mp4\" \/><\/video><\/span><\/p>\n<p data-start=\"97\" data-end=\"134\">\ud83d\udd25 <strong data-start=\"100\" data-end=\"129\">M\u1ed8T TH\u1ebe GI\u1edaI \u0110\u1ea6Y TH\u00d9 \u0110\u1ecaCH<\/strong> \ud83d\udd25<\/p>\n<p data-start=\"136\" data-end=\"507\">M\u1ed9t v\u00f9ng \u0111\u1ea5t ch\u00ecm trong n\u1ed9i chi\u1ebfn\u2026 nh\u01b0ng \u0111\u00f3 ch\u01b0a ph\u1ea3i l\u00e0 n\u1ed7i kinh ho\u00e0ng duy nh\u1ea5t. M\u1ed9t th\u1ea3m h\u1ecda b\u00ed \u1ea9n \u0111\u00e3 gieo r\u1eafc nh\u1eefng sinh v\u1eadt si\u00eau nhi\u00ean m\u00e0 kh\u00f4ng m\u1ed9t v\u0169 kh\u00ed hi\u1ec7n \u0111\u1ea1i n\u00e0o c\u00f3 th\u1ec3 h\u1ea1 g\u1ee5c. Ch\u1ec9 c\u00f3 <strong data-start=\"330\" data-end=\"339\">drone<\/strong> v\u00e0 <strong data-start=\"343\" data-end=\"378\">thanh ki\u1ebfm t\u1eeb m\u1ed9t th\u1eddi \u0111\u1ea1i kh\u00e1c<\/strong> s\u1ebd \u0111\u1ed3ng h\u00e0nh c\u00f9ng b\u1ea1n, m\u1edf l\u1ed1i qua nh\u1eefng v\u00f9ng \u0111\u1ea5t nhu\u1ed1m m\u00e1u, n\u01a1i l\u0169 Chimera kh\u00e1t m\u00e1u th\u1ed1ng tr\u1ecb\u2026 v\u00e0 b\u00ed \u1ea9n \u0111ang ch\u1edd \u0111\u01b0\u1ee3c v\u00e9n m\u00e0n.<\/p>\n<p data-start=\"509\" data-end=\"544\">\u2694\ufe0f <strong data-start=\"512\" data-end=\"539\">KH\u00c1M PH\u00c1 KH\u00d4NG GI\u1edaI H\u1ea0N<\/strong> \u2694\ufe0f<\/p>\n<p data-start=\"546\" data-end=\"768\">Kh\u00f4ng b\u1ea3n \u0111\u1ed3. Kh\u00f4ng la b\u00e0n. Kh\u00f4ng ch\u1ec9 d\u1eabn. Ch\u1ec9 c\u00f3 b\u1ea3n n\u0103ng d\u1eabn l\u1ed1i. H\u00e3y \u0111\u1ec3 m\u1ed7i b\u01b0\u1edbc ch\u00e2n \u0111\u01b0a b\u1ea1n v\u00e0o m\u1ed9t h\u00e0nh tr\u00ecnh ho\u00e0n to\u00e0n kh\u00e1c bi\u1ec7t, n\u01a1i b\u1ea1n t\u1ef1 m\u00ecnh quy\u1ebft \u0111\u1ecbnh, t\u1ef1 m\u00ecnh kh\u00e1m ph\u00e1\u2026 v\u00e0 m\u1ecdi b\u00ed m\u1eadt ch\u1ec9 thu\u1ed9c v\u1ec1 ri\u00eang b\u1ea1n.<\/p>\n<p data-start=\"770\" data-end=\"823\">\ud83d\udc79 <strong data-start=\"773\" data-end=\"818\">CHI\u1ebeN \u0110\u1ea4U V\u1edaI NH\u1eeeNG \u00c1C TH\u00da CH\u01afA T\u1eeaNG TH\u1ea4Y<\/strong> \ud83d\udc79<\/p>\n<p data-start=\"825\" data-end=\"1004\">Ki\u1ebfm, gi\u00e1o, r\u00ecu \u2013 nh\u1eefng v\u0169 kh\u00ed \u0111\u01b0\u1ee3c r\u00e8n n\u00ean ch\u1ec9 \u0111\u1ec3 ch\u1ed1ng l\u1ea1i ch\u00fang. H\u00e3y h\u1ecdc c\u00e1ch h\u1ea1 g\u1ee5c l\u0169 qu\u00e1i v\u1eadt kinh ho\u00e0ng v\u00e0 t\u1eadn d\u1ee5ng s\u1ee9c m\u1ea1nh drone c\u1ee7a b\u1ea1n \u0111\u1ec3 s\u1ed1ng s\u00f3t trong \u0111\u1ecba ng\u1ee5c n\u00e0y.<\/p>\n<blockquote data-start=\"1006\" data-end=\"1185\">\n<p data-start=\"1008\" data-end=\"1185\">\u201cCh\u1ee7 \u0111\u1ec1 trung t\u00e2m c\u1ee7a <em data-start=\"1030\" data-end=\"1042\">Hell is Us<\/em> ch\u00ednh l\u00e0 b\u1ea1o l\u1ef1c \u2013 v\u00f2ng l\u1eb7p v\u00f4 t\u1eadn \u0111\u01b0\u1ee3c nu\u00f4i d\u01b0\u1ee1ng b\u1edfi c\u1ea3m x\u00fac v\u00e0 \u0111am m\u00ea c\u1ee7a con ng\u01b0\u1eddi.\u201d<br data-start=\"1131\" data-end=\"1134\" \/>\u2013 Jonathan Jacques-Bellet\u00eate, Gi\u00e1m \u0111\u1ed1c S\u00e1ng t\u1ea1o<\/p>\n<\/blockquote>\n<h2>Y\u00eau c\u1ea7u h\u1ec7 th\u1ed1ng<\/h2>\n<div class=\"sysreq_contents\">\n<div class=\"game_area_sys_req sysreq_content active\" data-os=\"win\">\n<div class=\"game_area_sys_req_leftCol\">\n<p><strong>T\u1ed1i thi\u1ec3u:<\/strong><\/p>\n<ul>\n<li style=\"list-style-type: none;\">\n<ul class=\"bb_ul\">\n<li>Y\u00eau c\u1ea7u vi x\u1eed l\u00fd v\u00e0 h\u1ec7 \u0111i\u1ec1u h\u00e0nh \u0111\u1ec1u ch\u1ea1y 64-bit<\/li>\n<li><strong>H\u0110H:<\/strong>\u00a0Windows 10\/11 64-bit<\/li>\n<li><strong>B\u1ed9 x\u1eed l\u00fd:<\/strong>\u00a0Intel Core i7-7700K or AMD Ryzen 3 3300X<\/li>\n<li><strong>B\u1ed9 nh\u1edb:<\/strong>\u00a016 GB RAM<\/li>\n<li><strong>\u0110\u1ed3 h\u1ecda:<\/strong>\u00a0NVIDIA GeForce GTX 1070, 8GB\u00a0or AMD Radeon RX 5600 XT, 6GB or Intel Arc A750, 8GB<\/li>\n<li><strong>DirectX:<\/strong>\u00a0Phi\u00ean b\u1ea3n 12<\/li>\n<li><strong>L\u01b0u tr\u1eef:<\/strong>\u00a030 GB ch\u1ed7 tr\u1ed1ng kh\u1ea3 d\u1ee5ng<\/li>\n<li><strong>Card \u00e2m thanh:<\/strong>\u00a0Windows Compatible Audio Device<\/li>\n<li><strong>Ghi ch\u00fa th\u00eam:<\/strong>\u00a0HDD Supported, SSD Recommended. The above specifications were tested with performance upscaling enabled.<\/li>\n<\/ul>\n<\/li>\n<\/ul>\n<\/div>\n<div class=\"game_area_sys_req_rightCol\">\n<p><strong>Khuy\u1ebfn ngh\u1ecb:<\/strong><\/p>\n<ul>\n<li style=\"list-style-type: none;\">\n<ul class=\"bb_ul\">\n<li>Y\u00eau c\u1ea7u vi x\u1eed l\u00fd v\u00e0 h\u1ec7 \u0111i\u1ec1u h\u00e0nh \u0111\u1ec1u ch\u1ea1y 64-bit<\/li>\n<li><strong>H\u0110H:<\/strong>\u00a0Windows 10\/11 64-bit<\/li>\n<li><strong>B\u1ed9 x\u1eed l\u00fd:<\/strong>\u00a0Intel Core i7-11700K or AMD Ryzen 5 7600<\/li>\n<li><strong>B\u1ed9 nh\u1edb:<\/strong>\u00a016 GB RAM<\/li>\n<li><strong>\u0110\u1ed3 h\u1ecda:<\/strong>\u00a0NVIDIA GeForce RTX 2080 Ti, 11GB\u00a0or AMD Radeon RX 6750 XT, 12GB or Intel Arc B580, 12GB<\/li>\n<li><strong>DirectX:<\/strong>\u00a0Phi\u00ean b\u1ea3n 12<\/li>\n<li><strong>L\u01b0u tr\u1eef:<\/strong>\u00a030 GB ch\u1ed7 tr\u1ed1ng kh\u1ea3 d\u1ee5ng<\/li>\n<li><strong>Card \u00e2m thanh:<\/strong>\u00a0Windows Compatible Audio Device<\/li>\n<li><strong>Ghi ch\u00fa th\u00eam:<\/strong>\u00a0SSD Required. The above specifications were tested with balanced upscaling enabled.<\/li>\n<\/ul>\n<\/li>\n<\/ul>\n<\/div>\n<\/div>\n<\/div>\n<\/div>\n<p>&nbsp;<\/p>","protected":false},"excerpt":{"rendered":"<p>T\u00e0i kho\u1ea3n \u0111\u01b0\u1ee3c g\u1eedi v\u1ec1 Mail ngay sau khi thanh to\u00e1n T\u1ea3i v\u00e0 ch\u01a1i Game Tr\u1ef1c ti\u1ebfp \u1edf Steam, C\u00f3<\/p>","protected":false},"featured_media":24494,"comment_status":"open","ping_status":"closed","template":"","meta":[],"product_brand":[],"product_cat":[114,92],"product_tag":[],"class_list":{"0":"post-24492","1":"product","2":"type-product","3":"status-publish","4":"has-post-thumbnail","6":"product_cat-game-steam-ea-ubisoft","7":"product_cat-game-offline","9":"first","10":"instock","11":"sale","12":"downloadable","13":"virtual","14":"purchasable","15":"product-type-simple"},"_links":{"self":[{"href":"https:\/\/gameladeshop.com\/en\/wp-json\/wp\/v2\/product\/24492","targetHints":{"allow":["GET"]}}],"collection":[{"href":"https:\/\/gameladeshop.com\/en\/wp-json\/wp\/v2\/product"}],"about":[{"href":"https:\/\/gameladeshop.com\/en\/wp-json\/wp\/v2\/types\/product"}],"replies":[{"embeddable":true,"href":"https:\/\/gameladeshop.com\/en\/wp-json\/wp\/v2\/comments?post=24492"}],"version-history":[{"count":0,"href":"https:\/\/gameladeshop.com\/en\/wp-json\/wp\/v2\/product\/24492\/revisions"}],"wp:featuredmedia":[{"embeddable":true,"href":"https:\/\/gameladeshop.com\/en\/wp-json\/wp\/v2\/media\/24494"}],"wp:attachment":[{"href":"https:\/\/gameladeshop.com\/en\/wp-json\/wp\/v2\/media?parent=24492"}],"wp:term":[{"taxonomy":"product_brand","embeddable":true,"href":"https:\/\/gameladeshop.com\/en\/wp-json\/wp\/v2\/product_brand?post=24492"},{"taxonomy":"product_cat","embeddable":true,"href":"https:\/\/gameladeshop.com\/en\/wp-json\/wp\/v2\/product_cat?post=24492"},{"taxonomy":"product_tag","embeddable":true,"href":"https:\/\/gameladeshop.com\/en\/wp-json\/wp\/v2\/product_tag?post=24492"}],"curies":[{"name":"wp","href":"https:\/\/api.w.org\/{rel}","templated":true}]}}