{"id":24372,"date":"2025-09-02T05:37:07","date_gmt":"2025-09-02T05:37:07","guid":{"rendered":"https:\/\/gameladeshop.com\/?post_type=product&#038;p=24372"},"modified":"2025-11-10T12:42:07","modified_gmt":"2025-11-10T12:42:07","slug":"cronos-the-new-dawn-deluxe-viet-hoa-tk-steam-offline","status":"publish","type":"product","link":"https:\/\/gameladeshop.com\/en\/cronos-the-new-dawn-deluxe-viet-hoa-tk-steam-offline\/","title":{"rendered":"Cronos: The New Dawn Deluxe Vi\u1ec7t H\u00f3a TK Steam Offline"},"content":{"rendered":"<ul>\n<li aria-level=\"1\"><span style=\"font-size: 14pt;\">T\u00e0i kho\u1ea3n \u0111\u01b0\u1ee3c g\u1eedi v\u1ec1 Mail ngay sau khi thanh to\u00e1n<\/span><\/li>\n<li aria-level=\"1\"><span style=\"font-size: 14pt;\">T\u1ea3i v\u00e0 ch\u01a1i Game Tr\u1ef1c ti\u1ebfp \u1edf Steam, C\u00f3 Update<\/span><\/li>\n<li aria-level=\"1\"><span style=\"font-size: 14pt;\">Ch\u01a1i Offline v\u00e0 c\u00f3 Save Game ri\u00eang<\/span><\/li>\n<li aria-level=\"1\"><span style=\"font-size: 14pt;\">Ch\u01a1i v\u0129nh vi\u1ec5n kh\u00f4ng c\u00f3 th\u1eddi h\u1ea1n<\/span><\/li>\n<li aria-level=\"1\"><span style=\"font-size: 14pt;\">R\u1ebb h\u01a1n Steam h\u01a1n 90%, C\u1ed1t truy\u1ec7n Game \u0111\u1ea7y \u0111\u1ee7<\/span><\/li>\n<li aria-level=\"1\"><span style=\"font-size: 14pt;\">C\u00f3 th\u1ec3 c\u00e0i th\u00eam Trainer, Mod Game, Vi\u1ec7t H\u00f3a<\/span><\/li>\n<li aria-level=\"1\"><span style=\"font-size: 14pt;\">B\u1ea3o H\u00e0nh n\u1ebfu t\u00e0i kho\u1ea3n c\u00f3 l\u1ed7i<\/span><\/li>\n<li aria-level=\"1\"><span style=\"font-size: 14pt;\">H\u01b0\u1edbng d\u1eabn v\u00e0 b\u1ea3o h\u00e0nh su\u1ed1t qu\u00e1 tr\u00ecnh ch\u01a1i Game<\/span><\/li>\n<\/ul>\n<div id=\"game_area_description\" class=\"game_area_description\">\n<h2><\/h2>\n<p class=\"bb_paragraph\"><span class=\"bb_img_ctn\"><video class=\"bb_img\" crossorigin=\"anonymous\" poster=\"https:\/\/shared.fastly.steamstatic.com\/store_item_assets\/steam\/apps\/2101960\/extras\/437bafe758260388a1c34682b81be232.poster.avif?t=1755633396\" autoplay=\"autoplay\" loop=\"loop\" muted=\"\" width=\"800\" height=\"343\"><source src=\"https:\/\/shared.fastly.steamstatic.com\/store_item_assets\/steam\/apps\/2101960\/extras\/437bafe758260388a1c34682b81be232.webm?t=1755633396\" type=\"video\/webm; codecs=vp9\" \/><\/video><\/span><\/p>\n<div class=\"bb_img_icons\">\n<div class=\"bb_img_play_pause playing\" role=\"button\" data-panel=\"{&quot;focusable&quot;:true,&quot;clickOnActivate&quot;:true}\" data-tooltip=\"Tr\u00ecnh duy\u1ec7t c\u1ee7a b\u1ea1n \u0111\u00e3 b\u1eadt thi\u1ebft l\u1eadp gi\u1ea3m chuy\u1ec3n \u0111\u1ed9ng tr\u00ean m\u00e0n h\u00ecnh, n\u00ean \u1ea3nh \u0111\u1ed9ng n\u00e0y s\u1ebd m\u1eb7c \u0111\u1ecbnh t\u1ea1m d\u1eebng.\" data-tooltip-visible=\"false\"><\/div>\n<\/div>\n<p class=\"bb_paragraph\"><strong>Cronos: The New Dawn<\/strong> l\u00e0 t\u1ef1a game kinh d\u1ecb \u2013 sinh t\u1ed3n g\u00f3c nh\u00ecn th\u1ee9 ba \u0111\u1ea7y kh\u1eafc nghi\u1ec7t, n\u01a1i b\u1ea1n ph\u1ea3i chi\u1ebfn \u0111\u1ea5u cho t\u01b0\u01a1ng lai b\u1eb1ng c\u00e1ch khai th\u00e1c t\u00e0n t\u00edch c\u1ee7a qu\u00e1 kh\u1ee9. Thi\u00eau r\u1ee5i qu\u00e1i v\u1eadt tr\u01b0\u1edbc khi ch\u00fang h\u1ee3p th\u1ec3. H\u1ea5p th\u1ee5 linh h\u1ed3n t\u1eeb k\u1ebb s\u1ed1ng. Th\u00edch nghi \u2013 ho\u1eb7c di\u1ec7t vong.<\/p>\n<p class=\"bb_paragraph\"><span class=\"bb_img_ctn\"><img decoding=\"async\" class=\"bb_img\" src=\"https:\/\/gameladeshop.com\/wp-content\/uploads\/2025\/09\/4b2581ebfe1156ada1be3f41459bde30.webp\" width=\"616\" height=\"29\" \/><\/span><\/p>\n<div class=\"bb_img_icons\"><\/div>\n<p>&nbsp;<\/p>\n<p class=\"bb_paragraph\"><span class=\"bb_img_ctn\"><video class=\"bb_img\" crossorigin=\"anonymous\" poster=\"https:\/\/shared.fastly.steamstatic.com\/store_item_assets\/steam\/apps\/2101960\/extras\/b8184442b11cd14d8dea4026ef7fc2f9.poster.avif?t=1755633396\" autoplay=\"autoplay\" loop=\"loop\" muted=\"\" width=\"780\" height=\"333\"><source src=\"https:\/\/shared.fastly.steamstatic.com\/store_item_assets\/steam\/apps\/2101960\/extras\/b8184442b11cd14d8dea4026ef7fc2f9.webm?t=1755633396\" type=\"video\/webm; codecs=vp9\" \/><\/video><\/span><\/p>\n<p>&nbsp;<\/p>\n<p data-start=\"405\" data-end=\"616\">Trong m\u1ed9t th\u1ebf gi\u1edbi u \u00e1m, n\u01a1i ch\u1ee7 ngh\u0129a t\u00e0n b\u1ea1o \u0110\u00f4ng \u00c2u h\u00f2a quy\u1ec7n c\u00f9ng c\u00f4ng ngh\u1ec7 retro-futurist, <strong data-start=\"501\" data-end=\"526\">Cronos: B\u00ecnh Minh M\u1edbi<\/strong> mang \u0111\u1ebfn cho b\u1ea1n m\u1ed9t c\u00e2u chuy\u1ec7n k\u1ecbch t\u00ednh, n\u1eb1m gi\u1eefa ranh gi\u1edbi c\u1ee7a qu\u00e1 kh\u1ee9 v\u00e0 t\u01b0\u01a1ng lai.<\/p>\n<p data-start=\"618\" data-end=\"904\">\u1ede <strong data-start=\"620\" data-end=\"631\">qu\u00e1 kh\u1ee9<\/strong>, b\u1ea1n s\u1ebd ch\u1ee9ng ki\u1ebfn Th\u1eddi Kh\u1eafc Bi\u1ebfn \u0110\u1ed5i \u2013 s\u1ef1 ki\u1ec7n th\u1ea3m kh\u1ed1c \u0111\u00e3 v\u0129nh vi\u1ec5n thay \u0111\u1ed5i lo\u00e0i ng\u01b0\u1eddi. \u1ede <strong data-start=\"726\" data-end=\"739\">t\u01b0\u01a1ng lai<\/strong>, gi\u1eefa v\u00f9ng hoang t\u00e0n \u0111\u1ed5 n\u00e1t, t\u1eebng gi\u00e2y t\u1eebng ph\u00fat l\u00e0 m\u1ed9t cu\u1ed9c chi\u1ebfn sinh t\u1ed3n ch\u1ed1ng l\u1ea1i nh\u1eefng qu\u00e1i v\u1eadt d\u1ecb h\u00ecnh, th\u1eed th\u00e1ch c\u1ea3 ph\u1ea3n x\u1ea1 l\u1eabn t\u01b0 duy chi\u1ebfn thu\u1eadt c\u1ee7a b\u1ea1n.<\/p>\n<p data-start=\"906\" data-end=\"1117\">B\u1ea1n v\u00e0o vai m\u1ed9t <strong data-start=\"922\" data-end=\"936\">K\u1ebb Du H\u00e0nh<\/strong>, ph\u1ee5c v\u1ee5 cho t\u1ed5 ch\u1ee9c b\u00ed \u1ea9n mang t\u00ean Collective, \u0111\u01b0\u1ee3c giao nhi\u1ec7m v\u1ee5 l\u00f9ng s\u1ee5c v\u00f9ng \u0111\u1ea5t hoang t\u00e0n t\u01b0\u01a1ng lai \u0111\u1ec3 t\u00ecm c\u00e1c khe n\u1ee9t th\u1eddi gian \u2013 n\u01a1i \u0111\u01b0a b\u1ea1n quay v\u1ec1 Ba Lan th\u1eadp ni\u00ean 1980.<\/p>\n<p class=\"bb_paragraph\"><img decoding=\"async\" class=\"bb_img\" src=\"https:\/\/gameladeshop.com\/wp-content\/uploads\/2025\/09\/5e48f5bed611ad3bfe85e11b0d540d23.webp\" width=\"616\" height=\"29\" \/><\/p>\n<div class=\"bb_img_icons\"><\/div>\n<p>&nbsp;<\/p>\n<p class=\"bb_paragraph\"><span class=\"bb_img_ctn\"><video class=\"bb_img\" crossorigin=\"anonymous\" poster=\"https:\/\/shared.fastly.steamstatic.com\/store_item_assets\/steam\/apps\/2101960\/extras\/1c5d79321f18a136fdd47227615939ca.poster.avif?t=1755633396\" autoplay=\"autoplay\" loop=\"loop\" muted=\"\" width=\"780\" height=\"333\"><source src=\"https:\/\/shared.fastly.steamstatic.com\/store_item_assets\/steam\/apps\/2101960\/extras\/1c5d79321f18a136fdd47227615939ca.webm?t=1755633396\" type=\"video\/webm; codecs=vp9\" \/><\/video><\/span><\/p>\n<p>&nbsp;<\/p>\n<p data-start=\"1119\" data-end=\"1381\">Trong th\u1ebf gi\u1edbi c\u1eb1n c\u1ed7i \u0111\u1ea7y r\u1eaby hi\u1ec3m nguy, s\u1ed1ng s\u00f3t ph\u1ee5 thu\u1ed9c v\u00e0o kh\u1ea3 n\u0103ng t\u00ednh to\u00e1n v\u00e0 chu\u1ea9n b\u1ecb k\u1ef9 l\u01b0\u1ee1ng c\u1ee7a b\u1ea1n. K\u1ebb th\u00f9 \u1edf \u0111\u00e2y l\u00e0 nh\u1eefng sinh v\u1eadt \u00e1c m\u1ed9ng, \u0111\u01b0\u1ee3c sinh ra t\u1eeb t\u00e0n d\u01b0 c\u1ee7a lo\u00e0i ng\u01b0\u1eddi \u2013 \u0111\u1ec3 \u0111\u00e1nh b\u1ea1i ch\u00fang, b\u1ea1n ph\u1ea3i t\u1eadn d\u1ee5ng to\u00e0n b\u1ed9 kho v\u0169 kh\u00ed trong tay.<\/p>\n<p data-start=\"1383\" data-end=\"1671\">B\u1ea1n c\u00f3 th\u1ec3 thao t\u00fang <strong data-start=\"1404\" data-end=\"1427\">d\u1ecb th\u01b0\u1eddng th\u1eddi gian<\/strong> \u0111\u1ec3 m\u1edf \u0111\u01b0\u1eddng trong m\u00f4i tr\u01b0\u1eddng kh\u1eafc nghi\u1ec7t, \u0111\u1ed3ng th\u1eddi ph\u1ea3i thu nh\u1eb7t t\u00e0i nguy\u00ean \u0111\u1ec3 b\u1ed5 sung \u0111\u1ea1n d\u01b0\u1ee3c v\u00e0 v\u1eadt ph\u1ea9m. S\u1ef1 chu\u1ea9n b\u1ecb t\u1ed1t l\u00e0 y\u1ebfu t\u1ed1 then ch\u1ed1t. Khi b\u01b0\u1edbc v\u00e0o chi\u1ebfn \u0111\u1ea5u, m\u1ed9t quy\u1ebft \u0111\u1ecbnh trong t\u00edch t\u1eafc c\u00f3 th\u1ec3 quy\u1ebft \u0111\u1ecbnh gi\u1eefa <strong data-start=\"1652\" data-end=\"1668\">s\u1ed1ng v\u00e0 ch\u1ebft<\/strong>.<\/p>\n<p class=\"bb_paragraph\"><span class=\"bb_img_ctn\"><img decoding=\"async\" class=\"bb_img\" src=\"https:\/\/gameladeshop.com\/wp-content\/uploads\/2025\/09\/44c46f52781b4ba1d4a9e6e1f57cc9a2.webp\" width=\"616\" height=\"29\" \/><\/span><\/p>\n<div class=\"bb_img_icons\"><\/div>\n<p>&nbsp;<\/p>\n<p class=\"bb_paragraph\"><span class=\"bb_img_ctn\"><video class=\"bb_img\" crossorigin=\"anonymous\" poster=\"https:\/\/shared.fastly.steamstatic.com\/store_item_assets\/steam\/apps\/2101960\/extras\/6a79cf364a81183d460802bb087df117.poster.avif?t=1755633396\" autoplay=\"autoplay\" loop=\"loop\" muted=\"\" width=\"800\" height=\"343\"><source src=\"https:\/\/shared.fastly.steamstatic.com\/store_item_assets\/steam\/apps\/2101960\/extras\/6a79cf364a81183d460802bb087df117.webm?t=1755633396\" type=\"video\/webm; codecs=vp9\" \/><\/video><\/span><\/p>\n<p>&nbsp;<\/p>\n<p data-start=\"1673\" data-end=\"1883\">Nh\u01b0ng h\u00e3y c\u1ea9n tr\u1ecdng: <strong data-start=\"1694\" data-end=\"1728\">l\u0169 qu\u00e1i v\u1eadt kh\u00f4ng ch\u1ebft m\u00e3i m\u00e3i<\/strong>. K\u1ebb ng\u00e3 xu\u1ed1ng c\u00f3 th\u1ec3 b\u1ecb \u0111\u1ed3ng lo\u1ea1i h\u1ea5p th\u1ee5 \u2013 qua m\u1ed9t qu\u00e1 tr\u00ecnh gh\u00ea t\u1edfm g\u1ecdi l\u00e0 <strong data-start=\"1806\" data-end=\"1817\">H\u1ee3p Th\u1ec3<\/strong> \u2013 \u0111\u1ec3 tr\u1edf n\u00ean nhanh h\u01a1n, m\u1ea1nh h\u01a1n, v\u00e0 ch\u1ebft ch\u00f3c h\u01a1n bao gi\u1edd h\u1ebft.<\/p>\n<p data-start=\"1885\" data-end=\"2091\">C\u00e1ch duy nh\u1ea5t \u0111\u1ec3 ng\u0103n ch\u1eb7n ch\u00fang? <strong data-start=\"1919\" data-end=\"1959\">Thi\u00eau x\u00e1c ch\u00fang. V\u00e0 ph\u1ea3i th\u1eadt nhanh.<\/strong><br data-start=\"1959\" data-end=\"1962\" \/>N\u1ebfu kh\u00f4ng, b\u1ea1n s\u1ebd ph\u1ea3i \u0111\u1ed1i m\u1eb7t v\u1edbi nh\u1eefng d\u1ecb th\u1ec3 ti\u1ebfn h\u00f3a kh\u00f4ng ng\u1eebng, bu\u1ed9c b\u1ea1n ph\u1ea3i bung to\u00e0n b\u1ed9 k\u1ef9 n\u0103ng chi\u1ebfn \u0111\u1ea5u \u0111\u1ec3 sinh t\u1ed3n.<\/p>\n<p class=\"bb_paragraph\"><span class=\"bb_img_ctn\"><img loading=\"lazy\" decoding=\"async\" class=\"bb_img\" src=\"https:\/\/gameladeshop.com\/wp-content\/uploads\/2025\/09\/f7b3c590690bef96f61b7f9f775c2483.webp\" width=\"616\" height=\"29\" \/><\/span><\/p>\n<div class=\"bb_img_icons\"><\/div>\n<p>&nbsp;<\/p>\n<p class=\"bb_paragraph\"><span class=\"bb_img_ctn\"><video class=\"bb_img\" crossorigin=\"anonymous\" poster=\"https:\/\/shared.fastly.steamstatic.com\/store_item_assets\/steam\/apps\/2101960\/extras\/c43cce90f0e7ba1b0ef40889d8f48653.poster.avif?t=1755633396\" autoplay=\"autoplay\" loop=\"loop\" muted=\"\" width=\"780\" height=\"333\"><source src=\"https:\/\/shared.fastly.steamstatic.com\/store_item_assets\/steam\/apps\/2101960\/extras\/c43cce90f0e7ba1b0ef40889d8f48653.webm?t=1755633396\" type=\"video\/webm; codecs=vp9\" \/><\/video><\/span><\/p>\n<p>&nbsp;<\/p>\n<p data-start=\"2093\" data-end=\"2317\">Nhi\u1ec7m v\u1ee5 c\u1ee7a b\u1ea1n l\u00e0 truy t\u00ecm nh\u1eefng con ng\u01b0\u1eddi quan tr\u1ecdng t\u1eeb qu\u00e1 kh\u1ee9, nh\u1eefng k\u1ebb \u0111\u00e3 b\u1ecf m\u1ea1ng trong ng\u00e0y t\u1eadn th\u1ebf. V\u1edbi c\u1ed7 m\u00e1y <strong data-start=\"2212\" data-end=\"2225\">Harvester<\/strong> quy\u1ec1n n\u0103ng, b\u1ea1n c\u00f3 th\u1ec3 tr\u00edch xu\u1ea5t <strong data-start=\"2260\" data-end=\"2272\">B\u1ea3n Ch\u1ea5t<\/strong> c\u1ee7a h\u1ecd v\u00e0 \u0111\u01b0a c\u00f9ng m\u00ecnh tr\u1edf l\u1ea1i t\u01b0\u01a1ng lai.<\/p>\n<p data-start=\"2319\" data-end=\"2621\">Th\u1ebf nh\u01b0ng h\u00e3y c\u1ea3nh gi\u00e1c: nh\u1eefng B\u1ea3n Ch\u1ea5t \u1ea5y \u1ea3nh h\u01b0\u1edfng s\u00e2u s\u1eafc \u0111\u1ebfn h\u00e0nh tr\u00ecnh c\u1ee7a b\u1ea1n. C\u00e0ng mang theo nhi\u1ec1u, b\u1ed9 gi\u00e1p c\u1ee7a b\u1ea1n c\u00e0ng tr\u1edf n\u00ean ma \u00e1m \u2013 trao cho b\u1ea1n s\u1ee9c m\u1ea1nh v\u01b0\u1ee3t tr\u1ed9i, nh\u01b0ng \u0111\u1ed3ng th\u1eddi c\u0169ng gieo v\u00e0o tai nh\u1eefng l\u1eddi th\u00ec th\u1ea7m, tr\u01b0\u1edbc m\u1eaft nh\u1eefng \u1ea3o \u1ea3nh\u2026 d\u1ea7n d\u1ea7n k\u00e9o b\u1ea1n \u0111\u1ebfn b\u1edd v\u1ef1c c\u1ee7a <strong data-start=\"2605\" data-end=\"2618\">\u0111i\u00ean lo\u1ea1n<\/strong>.<\/p>\n<\/div>\n<div class=\"game_page_autocollapse_ctn\">\n<div class=\"game_page_autocollapse sys_req\">\n<h2>Y\u00eau c\u1ea7u h\u1ec7 th\u1ed1ng<\/h2>\n<div class=\"sysreq_contents\">\n<div class=\"game_area_sys_req sysreq_content active\" data-os=\"win\">\n<div class=\"game_area_sys_req_leftCol\">\n<p><strong>T\u1ed1i thi\u1ec3u:<\/strong><\/p>\n<ul>\n<li style=\"list-style-type: none;\">\n<ul class=\"bb_ul\">\n<li>Y\u00eau c\u1ea7u vi x\u1eed l\u00fd v\u00e0 h\u1ec7 \u0111i\u1ec1u h\u00e0nh \u0111\u1ec1u ch\u1ea1y 64-bit<\/li>\n<li><strong>H\u0110H:<\/strong>\u00a0Windows 10 x64<\/li>\n<li><strong>B\u1ed9 x\u1eed l\u00fd:<\/strong>\u00a0Intel Core i5-8400F, Intel Core I5-8600K | Amd Ryzen 5 3600<\/li>\n<li><strong>B\u1ed9 nh\u1edb:<\/strong>\u00a016 GB RAM<\/li>\n<li><strong>\u0110\u1ed3 h\u1ecda:<\/strong>\u00a0NVIDIA\u00ae GeForce\u00ae GTX 1080, or AMD Radeon\u2122 RX 5700-XT, or Intel\u00ae Arc\u2122 A770<\/li>\n<li><strong>DirectX:<\/strong>\u00a0Phi\u00ean b\u1ea3n 12<\/li>\n<li><strong>L\u01b0u tr\u1eef:<\/strong>\u00a050 GB ch\u1ed7 tr\u1ed1ng kh\u1ea3 d\u1ee5ng<\/li>\n<li><strong>Card \u00e2m thanh:<\/strong>\u00a0Windows compatible Audio Device<\/li>\n<\/ul>\n<\/li>\n<\/ul>\n<\/div>\n<div class=\"game_area_sys_req_rightCol\">\n<p><strong>Khuy\u1ebfn ngh\u1ecb:<\/strong><\/p>\n<ul>\n<li style=\"list-style-type: none;\">\n<ul class=\"bb_ul\">\n<li>Y\u00eau c\u1ea7u vi x\u1eed l\u00fd v\u00e0 h\u1ec7 \u0111i\u1ec1u h\u00e0nh \u0111\u1ec1u ch\u1ea1y 64-bit<\/li>\n<li><strong>H\u0110H:<\/strong>\u00a0Windows 10 x64<\/li>\n<li><strong>B\u1ed9 x\u1eed l\u00fd:<\/strong>\u00a0Intel Core i7-10700K | Amd Ryzen 5 3600X<\/li>\n<li><strong>B\u1ed9 nh\u1edb:<\/strong>\u00a016 GB RAM<\/li>\n<li><strong>\u0110\u1ed3 h\u1ecda:<\/strong>\u00a0NVIDIA\u00ae GeForce\u00aeRTX 3080, or AMD Radeon\u2122 RX6800 -XT, or Intel\u00ae Arc\u2122 B580 (allows for gameplay in 1080p)<\/li>\n<li><strong>DirectX:<\/strong>\u00a0Phi\u00ean b\u1ea3n 12<\/li>\n<li><strong>L\u01b0u tr\u1eef:<\/strong>\u00a050 GB ch\u1ed7 tr\u1ed1ng kh\u1ea3 d\u1ee5ng<\/li>\n<li><strong>Card \u00e2m thanh:<\/strong>\u00a0Windows compatible Audio Device<\/li>\n<\/ul>\n<\/li>\n<\/ul>\n<\/div>\n<div><\/div>\n<\/div>\n<\/div>\n<\/div>\n<\/div>\n<div class=\"game_page_autocollapse_ctn\">\n<div class=\"game_page_autocollapse\">\n<div id=\"game_area_legal\"><\/div>\n<\/div>\n<\/div>","protected":false},"excerpt":{"rendered":"<p>T\u00e0i kho\u1ea3n \u0111\u01b0\u1ee3c g\u1eedi v\u1ec1 Mail ngay sau khi thanh to\u00e1n T\u1ea3i v\u00e0 ch\u01a1i Game Tr\u1ef1c ti\u1ebfp \u1edf Steam, C\u00f3<\/p>","protected":false},"featured_media":24373,"comment_status":"open","ping_status":"closed","template":"","meta":[],"product_brand":[],"product_cat":[114,92],"product_tag":[],"class_list":{"0":"post-24372","1":"product","2":"type-product","3":"status-publish","4":"has-post-thumbnail","6":"product_cat-game-steam-ea-ubisoft","7":"product_cat-game-offline","9":"first","10":"instock","11":"sale","12":"downloadable","13":"virtual","14":"purchasable","15":"product-type-simple"},"_links":{"self":[{"href":"https:\/\/gameladeshop.com\/en\/wp-json\/wp\/v2\/product\/24372","targetHints":{"allow":["GET"]}}],"collection":[{"href":"https:\/\/gameladeshop.com\/en\/wp-json\/wp\/v2\/product"}],"about":[{"href":"https:\/\/gameladeshop.com\/en\/wp-json\/wp\/v2\/types\/product"}],"replies":[{"embeddable":true,"href":"https:\/\/gameladeshop.com\/en\/wp-json\/wp\/v2\/comments?post=24372"}],"version-history":[{"count":0,"href":"https:\/\/gameladeshop.com\/en\/wp-json\/wp\/v2\/product\/24372\/revisions"}],"wp:featuredmedia":[{"embeddable":true,"href":"https:\/\/gameladeshop.com\/en\/wp-json\/wp\/v2\/media\/24373"}],"wp:attachment":[{"href":"https:\/\/gameladeshop.com\/en\/wp-json\/wp\/v2\/media?parent=24372"}],"wp:term":[{"taxonomy":"product_brand","embeddable":true,"href":"https:\/\/gameladeshop.com\/en\/wp-json\/wp\/v2\/product_brand?post=24372"},{"taxonomy":"product_cat","embeddable":true,"href":"https:\/\/gameladeshop.com\/en\/wp-json\/wp\/v2\/product_cat?post=24372"},{"taxonomy":"product_tag","embeddable":true,"href":"https:\/\/gameladeshop.com\/en\/wp-json\/wp\/v2\/product_tag?post=24372"}],"curies":[{"name":"wp","href":"https:\/\/api.w.org\/{rel}","templated":true}]}}