{"id":22831,"date":"2025-08-03T03:05:49","date_gmt":"2025-08-03T03:05:49","guid":{"rendered":"https:\/\/gameladeshop.com\/?post_type=product&#038;p=22831"},"modified":"2025-08-04T05:19:29","modified_gmt":"2025-08-04T05:19:29","slug":"titan-quest-2-tk-steam-offline","status":"publish","type":"product","link":"https:\/\/gameladeshop.com\/en\/titan-quest-2-tk-steam-offline\/","title":{"rendered":"Titan Quest 2 TK Steam Offline"},"content":{"rendered":"<ul>\n<li aria-level=\"1\"><span style=\"font-size: 14pt;\">T\u00e0i kho\u1ea3n \u0111\u01b0\u1ee3c g\u1eedi v\u1ec1 Mail ngay sau khi thanh to\u00e1n<\/span><\/li>\n<li aria-level=\"1\"><span style=\"font-size: 14pt;\">T\u1ea3i v\u00e0 ch\u01a1i Game b\u1eb1ng t\u00e0i kho\u1ea3n Epic C\u00f3 Update<\/span><\/li>\n<li aria-level=\"1\"><span style=\"font-size: 14pt;\">Ch\u01a1i Online v\u00e0 Offline, \u0110\u1ed5i \u0111\u01b0\u1ee3c Mail v\u00e0 Pass<\/span><\/li>\n<li aria-level=\"1\"><span style=\"font-size: 14pt;\">Ch\u01a1i v\u0129nh vi\u1ec5n kh\u00f4ng c\u00f3 th\u1eddi h\u1ea1n<\/span><\/li>\n<li aria-level=\"1\"><span style=\"font-size: 14pt;\">C\u00f3 th\u1ec3 c\u00e0i th\u00eam Trainer, Mod Game, Vi\u1ec7t H\u00f3a<\/span><\/li>\n<li aria-level=\"1\"><span style=\"font-size: 14pt;\">B\u1ea3o H\u00e0nh n\u1ebfu t\u00e0i kho\u1ea3n c\u00f3 l\u1ed7i<\/span><\/li>\n<li aria-level=\"1\"><span style=\"font-size: 14pt;\">H\u01b0\u1edbng d\u1eabn v\u00e0 b\u1ea3o h\u00e0nh su\u1ed1t qu\u00e1 tr\u00ecnh ch\u01a1i Game<\/span><\/li>\n<\/ul>\n<p><img decoding=\"async\" src=\"https:\/\/gameladeshop.com\/wp-content\/uploads\/2025\/08\/3c668899bfb2c5d4fa719a19b910da86.\" \/><\/p>\n<p data-start=\"99\" data-end=\"190\"><strong data-start=\"102\" data-end=\"190\">Titan Quest II \u2013 Huy\u1ec1n Tho\u1ea1i Th\u1ee9c T\u1ec9nh Trong Th\u1ebf Gi\u1edbi Th\u1ea7n Tho\u1ea1i Hy L\u1ea1p<\/strong><\/p>\n<p data-start=\"192\" data-end=\"409\">Titan Quest II \u0111\u01b0a ng\u01b0\u1eddi ch\u01a1i tr\u1edf l\u1ea1i th\u1ebf gi\u1edbi th\u1ea7n tho\u1ea1i c\u1ed5 \u0111i\u1ec3n, n\u01a1i b\u1ea1n s\u1ebd \u0111\u1ed1i \u0111\u1ea7u tr\u1ef1c ti\u1ebfp v\u1edbi nh\u1eefng qu\u00e1i v\u1eadt huy\u1ec1n tho\u1ea1i trong h\u00e0nh tr\u00ecnh xuy\u00ean su\u1ed1t v\u00f9ng \u0111\u1ea5t Hy L\u1ea1p c\u1ed5 \u0111\u1ea1i \u0111\u01b0\u1ee3c t\u00e1i hi\u1ec7n \u0111\u1ea7y m\u00e0u s\u1eafc v\u00e0 s\u1ed1ng \u0111\u1ed9ng.<\/p>\n<p data-start=\"411\" data-end=\"853\">\ud83c\udf29\ufe0f <strong data-start=\"415\" data-end=\"454\">C\u1ed1t truy\u1ec7n h\u1ea5p d\u1eabn, \u0111\u1eadm ch\u1ea5t s\u1eed thi<\/strong><br data-start=\"454\" data-end=\"457\" \/>Nemesis \u2013 N\u1eef th\u1ea7n B\u00e1o Th\u00f9 \u2013 \u0111\u00e3 m\u1ea5t ki\u1ec3m so\u00e1t. B\u00e0 \u0111ang thao t\u00fang S\u1ee3i Ch\u1ec9 \u0110\u1ecbnh M\u1ec7nh v\u00e0 tr\u1eebng ph\u1ea1t v\u0129nh vi\u1ec5n b\u1ea5t c\u1ee9 ai ch\u1ed1ng l\u1ea1i m\u00ecnh, bao g\u1ed3m c\u1ea3 b\u1ea1n. Trong vai m\u1ed9t anh h\u00f9ng tr\u1ebb, b\u1ea1n s\u1ebd ph\u1ea3i \u0111\u1ee9ng l\u00ean, chi\u1ebfn \u0111\u1ea5u c\u00f9ng c\u00e1c v\u1ecb th\u1ea7n v\u00e0 \u0111\u1ed1i m\u1eb7t v\u1edbi nh\u1eefng th\u1ebf l\u1ef1c m\u1ea1nh m\u1ebd nh\u1ea5t trong th\u1ea7n tho\u1ea1i Hy L\u1ea1p \u0111\u1ec3 ng\u0103n ch\u1eb7n Nemesis, c\u1ee9u l\u1ea5y nh\u1eefng linh h\u1ed3n b\u1ecb tr\u1eebng ph\u1ea1t v\u00e0 t\u1ef1 tay vi\u1ebft n\u00ean huy\u1ec1n tho\u1ea1i c\u1ee7a ch\u00ednh m\u00ecnh.<\/p>\n<p data-start=\"411\" data-end=\"853\"><img decoding=\"async\" src=\"https:\/\/gameladeshop.com\/wp-content\/uploads\/2025\/08\/e19ddead97d3957b69b07bdfb82442da.\" \/><\/p>\n<p data-start=\"855\" data-end=\"1213\">\ud83c\udf0d <strong data-start=\"858\" data-end=\"907\">Th\u1ebf gi\u1edbi th\u1ee7 c\u00f4ng tuy\u1ec7t \u0111\u1eb9p v\u00e0 gi\u00e0u chi\u1ec1u s\u00e2u<\/strong><br data-start=\"907\" data-end=\"910\" \/>T\u1eeb nh\u1eefng b\u00e3i bi\u1ec3n n\u00ean th\u01a1, c\u00e1c \u0111\u1ec1n \u0111\u00e0i Hy L\u1ea1p c\u1ed5 k\u00ednh cho \u0111\u1ebfn t\u00e0n t\u00edch u \u00e1m n\u01a1i linh h\u1ed3n lang thang, th\u1eadm ch\u00ed c\u1ea3 c\u00f5i Moirai huy\u1ec1n b\u00ed \u2013 m\u1ed7i b\u01b0\u1edbc ch\u00e2n trong Titan Quest II l\u00e0 m\u1ed9t kh\u00e1m ph\u00e1 \u0111\u1ea7y m\u00ea ho\u1eb7c. Th\u1ebf gi\u1edbi trong game \u0111\u01b0\u1ee3c thi\u1ebft k\u1ebf th\u1ee7 c\u00f4ng \u0111\u1ea7y t\u00e2m huy\u1ebft, mang \u0111\u1ebfn nh\u1eefng \u0111\u1ecba danh v\u1eeba h\u00f9ng v\u0129 v\u1eeba b\u00ed \u1ea9n.<\/p>\n<p data-start=\"1215\" data-end=\"1547\">\ud83d\udc09 <strong data-start=\"1218\" data-end=\"1269\">K\u1ebb th\u00f9 huy\u1ec1n tho\u1ea1i \u2013 Nh\u1eefng tr\u1eadn chi\u1ebfn kh\u1ed1c li\u1ec7t<\/strong><br data-start=\"1269\" data-end=\"1272\" \/>B\u1ea1n s\u1ebd ch\u1ea1m tr\u00e1n nh\u1eefng sinh v\u1eadt huy\u1ec1n tho\u1ea1i nh\u01b0 nh\u00e2n m\u00e3, m\u00e3ng x\u00e0, qu\u00e1i ng\u01b0, c\u1ef1 nh\u00e2n Cyclops hay \u0111\u1ea1i b\u00e0ng Gryphon \u2013 t\u1ea5t c\u1ea3 \u0111\u1ec1u \u0111\u01b0\u1ee3c t\u00e1i hi\u1ec7n s\u1ed1ng \u0111\u1ed9ng v\u00e0 mang l\u1ea1i c\u1ea3m gi\u00e1c chi\u1ebfn \u0111\u1ea5u ngh\u1eb9t th\u1edf. M\u1ed7i tr\u1eadn chi\u1ebfn l\u00e0 m\u1ed9t th\u1eed th\u00e1ch \u0111\u00f2i h\u1ecfi s\u1ef1 kh\u00e9o l\u00e9o, k\u1ef9 n\u0103ng v\u00e0 chi\u1ebfn thu\u1eadt h\u1ee3p l\u00fd.<\/p>\n<p data-start=\"1215\" data-end=\"1547\"><img decoding=\"async\" src=\"https:\/\/gameladeshop.com\/wp-content\/uploads\/2025\/08\/57dcf4f989fbdc44cb6f8db273b632d8.\" \/><\/p>\n<p data-start=\"1549\" data-end=\"1895\">\ud83d\udee1\ufe0f <strong data-start=\"1553\" data-end=\"1610\">T\u00f9y bi\u1ebfn nh\u00e2n v\u1eadt linh ho\u1ea1t \u2013 Kh\u00e1m ph\u00e1 l\u1ed1i ch\u01a1i ri\u00eang<\/strong><br data-start=\"1610\" data-end=\"1613\" \/>H\u1ec7 th\u1ed1ng t\u1ea1o nh\u00e2n v\u1eadt \u0111\u1ed9c \u0111\u00e1o cho ph\u00e9p b\u1ea1n k\u1ebft h\u1ee3p 2 h\u1ec7 ph\u00e1i (masteries) \u0111\u1ec3 t\u1ea1o n\u00ean m\u1ed9t l\u1edbp nh\u00e2n v\u1eadt lai \u0111\u1ed9c nh\u1ea5t v\u00f4 nh\u1ecb. M\u1ed7i k\u1ef9 n\u0103ng, thu\u1ed9c t\u00ednh v\u00e0 trang b\u1ecb \u0111\u1ec1u g\u00f3p ph\u1ea7n t\u1ea1o n\u00ean l\u1ed1i ch\u01a1i ri\u00eang bi\u1ec7t. B\u1ea1n c\u00f3 th\u1ec3 ph\u00e1t tri\u1ec3n t\u1eeb m\u1ed9t ng\u01b0\u1eddi ph\u00e0m th\u00e0nh m\u1ed9t anh h\u00f9ng s\u00e1nh ngang c\u00e1c v\u1ecb th\u1ea7n!<\/p>\n<p data-start=\"1897\" data-end=\"2255\">\u2694\ufe0f <strong data-start=\"1900\" data-end=\"1954\">Chi\u1ebfn \u0111\u1ea5u h\u1ea5p d\u1eabn \u2013 \u0110\u00f2i h\u1ecfi ph\u1ea3n x\u1ea1 v\u00e0 chi\u1ebfn thu\u1eadt<\/strong><br data-start=\"1954\" data-end=\"1957\" \/>K\u1ebb \u0111\u1ecbch trong Titan Quest II kh\u00f4ng h\u1ec1 \u0111\u01a1n gi\u1ea3n \u2013 ch\u00fang bi\u1ebft ph\u1ed1i h\u1ee3p, l\u1eadp chi\u1ebfn thu\u1eadt v\u00e0 t\u1eadn d\u1ee5ng k\u1ef9 n\u0103ng ri\u00eang. B\u1ea1n c\u1ea7n n\u00e9 tr\u00e1nh, ph\u1ea3n \u0111\u00f2n v\u00e0 tung ra nh\u1eefng chu\u1ed7i \u0111\u00f2n t\u1ea5n c\u00f4ng \u0111\u00fang l\u00fac \u0111\u1ec3 gi\u00e0nh chi\u1ebfn th\u1eafng. C\u00e1c nghi l\u1ec5 trong game c\u00f2n cho ph\u00e9p b\u1ea1n \u0111i\u1ec1u ch\u1ec9nh \u0111\u1ed9 kh\u00f3, ph\u00f9 h\u1ee3p v\u1edbi m\u1ecdi ki\u1ec3u ng\u01b0\u1eddi ch\u01a1i.<\/p>\n<p data-start=\"1897\" data-end=\"2255\"><img decoding=\"async\" src=\"https:\/\/gameladeshop.com\/wp-content\/uploads\/2025\/08\/752a1f7554f75f9a7d121cd721b8c658.\" \/><\/p>\n<p data-start=\"2257\" data-end=\"2493\">\ud83d\udc8e <strong data-start=\"2260\" data-end=\"2313\">Trang b\u1ecb c\u00f3 \u00fd ngh\u0129a \u2013 Kh\u00e1m ph\u00e1 v\u00e0 s\u0103n t\u00ecm b\u00e1u v\u1eadt<\/strong><br data-start=\"2313\" data-end=\"2316\" \/>Kh\u00f4ng c\u00f3 m\u00f3n \u0111\u1ed3 n\u00e0o th\u1eeba trong Titan Quest II. T\u1eebng m\u00f3n trang b\u1ecb \u0111\u1ec1u c\u00f3 c\u00f4ng d\u1ee5ng ri\u00eang, ph\u00f9 h\u1ee3p v\u1edbi t\u1eebng phong c\u00e1ch chi\u1ebfn \u0111\u1ea5u, gi\u00fap b\u1ea1n tho\u1ea3 s\u1ee9c th\u1eed nghi\u1ec7m v\u00e0 s\u0103n l\u00f9ng kho b\u00e1u.<\/p>\n<p data-start=\"2495\" data-end=\"2726\">\ud83c\udfb6 <strong data-start=\"2498\" data-end=\"2533\">\u00c2m thanh \u0111\u1eadm ch\u1ea5t s\u1eed thi Hy L\u1ea1p<\/strong><br data-start=\"2533\" data-end=\"2536\" \/>Titan Quest II s\u1edf h\u1eefu nh\u1ea1c n\u1ec1n \u0111\u01b0\u1ee3c ph\u1ed1i h\u1ee3p h\u00e0i h\u00f2a gi\u1eefa nh\u1ea1c c\u1ee5 truy\u1ec1n th\u1ed1ng Hy L\u1ea1p v\u00e0 d\u00e0n nh\u1ea1c hi\u1ec7n \u0111\u1ea1i, t\u1ea1o n\u00ean nh\u1eefng b\u1ea3n nh\u1ea1c n\u1ec1n h\u00f9ng tr\u00e1ng, cu\u1ed1n ng\u01b0\u1eddi ch\u01a1i v\u00e0o h\u00e0nh tr\u00ecnh huy\u1ec1n tho\u1ea1i.<\/p>\n<hr data-start=\"2728\" data-end=\"2731\" \/>\n<p data-start=\"2733\" data-end=\"3089\"><img decoding=\"async\" src=\"https:\/\/gameladeshop.com\/wp-content\/uploads\/2025\/08\/9c45afb095f165d64868b9a6f37d056b.\" \/><\/p>\n<p data-start=\"2733\" data-end=\"3089\">\ud83c\udfaf <strong data-start=\"2736\" data-end=\"2749\">T\u1ed5ng k\u1ebft:<\/strong><br data-start=\"2749\" data-end=\"2752\" \/>Titan Quest II l\u00e0 m\u1ed9t tuy\u1ec7t ph\u1ea9m nh\u1eadp vai h\u00e0nh \u0111\u1ed9ng \u0111\u1eadm ch\u1ea5t th\u1ea7n tho\u1ea1i, v\u1eeba k\u1ebf th\u1eeba tinh hoa t\u1eeb ph\u1ea7n \u0111\u1ea7u, v\u1eeba mang \u0111\u1ebfn nhi\u1ec1u n\u00e2ng c\u1ea5p \u0111\u1ed9t ph\u00e1 v\u1ec1 h\u00ecnh \u1ea3nh, \u00e2m thanh, gameplay v\u00e0 th\u1ebf gi\u1edbi m\u1edf. N\u1ebfu b\u1ea1n l\u00e0 ng\u01b0\u1eddi y\u00eau th\u00edch th\u1ea7n tho\u1ea1i Hy L\u1ea1p, nh\u1eefng cu\u1ed9c phi\u00eau l\u01b0u k\u1ef3 \u1ea3o v\u00e0 nh\u1eefng tr\u1eadn chi\u1ebfn \u0111\u1ea7y k\u1ecbch t\u00ednh, \u0111\u00e2y ch\u00ednh l\u00e0 t\u1ef1a game kh\u00f4ng th\u1ec3 b\u1ecf l\u1ee1.<\/p>\n<div class=\"game_page_autocollapse_ctn\">\n<div class=\"game_page_autocollapse sys_req\">\n<h2>Y\u00eau c\u1ea7u h\u1ec7 th\u1ed1ng<\/h2>\n<div class=\"sysreq_contents\">\n<div class=\"game_area_sys_req sysreq_content active\" data-os=\"win\">\n<div class=\"game_area_sys_req_leftCol\">\n<p><strong>T\u1ed1i thi\u1ec3u:<\/strong><\/p>\n<ul>\n<li style=\"list-style-type: none;\">\n<ul class=\"bb_ul\">\n<li>Y\u00eau c\u1ea7u vi x\u1eed l\u00fd v\u00e0 h\u1ec7 \u0111i\u1ec1u h\u00e0nh \u0111\u1ec1u ch\u1ea1y 64-bit<\/li>\n<li><strong>H\u0110H:<\/strong>\u00a0Windows 10 64bit \/ Windows 11 64bit<\/li>\n<li><strong>B\u1ed9 x\u1eed l\u00fd:<\/strong>\u00a0Intel Core i5-8600K \/ AMD Ryzen 5 2600X<\/li>\n<li><strong>B\u1ed9 nh\u1edb:<\/strong>\u00a016 GB RAM<\/li>\n<li><strong>\u0110\u1ed3 h\u1ecda:<\/strong>\u00a08 GB VRAM, AMD RX 6700 XT or NVIDIA GeForce RTX 2070<\/li>\n<li><strong>DirectX:<\/strong>\u00a0Phi\u00ean b\u1ea3n 12<\/li>\n<li><strong>L\u01b0u tr\u1eef:<\/strong>\u00a050 GB ch\u1ed7 tr\u1ed1ng kh\u1ea3 d\u1ee5ng<\/li>\n<li><strong>Card \u00e2m thanh:<\/strong>\u00a0DirectX compatible<\/li>\n<li><strong>Ghi ch\u00fa th\u00eam:<\/strong>\u00a0SSD required<\/li>\n<\/ul>\n<\/li>\n<\/ul>\n<\/div>\n<div class=\"game_area_sys_req_rightCol\">\n<p><strong>Khuy\u1ebfn ngh\u1ecb:<\/strong><\/p>\n<ul>\n<li style=\"list-style-type: none;\">\n<ul class=\"bb_ul\">\n<li>Y\u00eau c\u1ea7u vi x\u1eed l\u00fd v\u00e0 h\u1ec7 \u0111i\u1ec1u h\u00e0nh \u0111\u1ec1u ch\u1ea1y 64-bit<\/li>\n<li><strong>H\u0110H:<\/strong>\u00a0Windows 10 64bit \/ Windows 11 64bit<\/li>\n<li><strong>B\u1ed9 x\u1eed l\u00fd:<\/strong>\u00a0Intel Core i5-12400 \/ Ryzen 5 5600X<\/li>\n<li><strong>B\u1ed9 nh\u1edb:<\/strong>\u00a032 GB RAM<\/li>\n<li><strong>\u0110\u1ed3 h\u1ecda:<\/strong>\u00a012 GB VRAM, Nvidia GeForce RTX 3070 Ti \/ Nvidia GeForce RTX 4070 \/ AMD Radeon RX 6800 XT<\/li>\n<li><strong>DirectX:<\/strong>\u00a0Phi\u00ean b\u1ea3n 12<\/li>\n<li><strong>L\u01b0u tr\u1eef:<\/strong>\u00a050 GB ch\u1ed7 tr\u1ed1ng kh\u1ea3 d\u1ee5ng<\/li>\n<li><strong>Card \u00e2m thanh:<\/strong>\u00a0DirectX compatible<\/li>\n<li><strong>Ghi ch\u00fa th\u00eam:<\/strong>\u00a0SSD required<\/li>\n<\/ul>\n<\/li>\n<\/ul>\n<\/div>\n<div><\/div>\n<\/div>\n<\/div>\n<\/div>\n<\/div>\n<div class=\"game_page_autocollapse_ctn\">\n<div class=\"game_page_autocollapse\">\n<div id=\"game_area_legal\"><\/div>\n<\/div>\n<\/div>","protected":false},"excerpt":{"rendered":"<p>T\u00e0i kho\u1ea3n \u0111\u01b0\u1ee3c g\u1eedi v\u1ec1 Mail ngay sau khi thanh to\u00e1n T\u1ea3i v\u00e0 ch\u01a1i Game b\u1eb1ng t\u00e0i kho\u1ea3n Epic C\u00f3<\/p>","protected":false},"featured_media":22835,"comment_status":"open","ping_status":"closed","template":"","meta":[],"product_brand":[],"product_cat":[114,92],"product_tag":[],"class_list":{"0":"post-22831","1":"product","2":"type-product","3":"status-publish","4":"has-post-thumbnail","6":"product_cat-game-steam-ea-ubisoft","7":"product_cat-game-offline","9":"first","10":"instock","11":"sale","12":"downloadable","13":"virtual","14":"purchasable","15":"product-type-simple"},"_links":{"self":[{"href":"https:\/\/gameladeshop.com\/en\/wp-json\/wp\/v2\/product\/22831","targetHints":{"allow":["GET"]}}],"collection":[{"href":"https:\/\/gameladeshop.com\/en\/wp-json\/wp\/v2\/product"}],"about":[{"href":"https:\/\/gameladeshop.com\/en\/wp-json\/wp\/v2\/types\/product"}],"replies":[{"embeddable":true,"href":"https:\/\/gameladeshop.com\/en\/wp-json\/wp\/v2\/comments?post=22831"}],"version-history":[{"count":0,"href":"https:\/\/gameladeshop.com\/en\/wp-json\/wp\/v2\/product\/22831\/revisions"}],"wp:featuredmedia":[{"embeddable":true,"href":"https:\/\/gameladeshop.com\/en\/wp-json\/wp\/v2\/media\/22835"}],"wp:attachment":[{"href":"https:\/\/gameladeshop.com\/en\/wp-json\/wp\/v2\/media?parent=22831"}],"wp:term":[{"taxonomy":"product_brand","embeddable":true,"href":"https:\/\/gameladeshop.com\/en\/wp-json\/wp\/v2\/product_brand?post=22831"},{"taxonomy":"product_cat","embeddable":true,"href":"https:\/\/gameladeshop.com\/en\/wp-json\/wp\/v2\/product_cat?post=22831"},{"taxonomy":"product_tag","embeddable":true,"href":"https:\/\/gameladeshop.com\/en\/wp-json\/wp\/v2\/product_tag?post=22831"}],"curies":[{"name":"wp","href":"https:\/\/api.w.org\/{rel}","templated":true}]}}