{"id":22571,"date":"2025-07-29T03:56:19","date_gmt":"2025-07-29T03:56:19","guid":{"rendered":"https:\/\/gameladeshop.com\/?post_type=product&#038;p=22571"},"modified":"2026-02-18T15:57:18","modified_gmt":"2026-02-18T15:57:18","slug":"killing-floor-3-2-1-tai-khoan-steam-offline","status":"publish","type":"product","link":"https:\/\/gameladeshop.com\/en\/killing-floor-3-2-1-tai-khoan-steam-offline\/","title":{"rendered":"Killing Floor 3 + 2 + 1 T\u00e0i Kho\u1ea3n Steam Offline"},"content":{"rendered":"<ul>\n<li aria-level=\"1\"><span style=\"font-size: 14pt;\">T\u00e0i kho\u1ea3n \u0111\u01b0\u1ee3c g\u1eedi v\u1ec1 Mail ngay sau khi thanh to\u00e1n<\/span><\/li>\n<li aria-level=\"1\"><span style=\"font-size: 14pt;\">T\u1ea3i v\u00e0 ch\u01a1i Game Tr\u1ef1c ti\u1ebfp \u1edf Steam, C\u00f3 Update<\/span><\/li>\n<li aria-level=\"1\"><span style=\"font-size: 14pt;\">Ch\u01a1i Offline v\u00e0 c\u00f3 Save Game ri\u00eang<\/span><\/li>\n<li aria-level=\"1\"><span style=\"font-size: 14pt;\">Ch\u01a1i v\u0129nh vi\u1ec5n kh\u00f4ng c\u00f3 th\u1eddi h\u1ea1n<\/span><\/li>\n<li aria-level=\"1\"><span style=\"font-size: 14pt;\">R\u1ebb h\u01a1n Steam h\u01a1n 90%, C\u1ed1t truy\u1ec7n Game \u0111\u1ea7y \u0111\u1ee7<\/span><\/li>\n<li aria-level=\"1\"><span style=\"font-size: 14pt;\">C\u00f3 th\u1ec3 c\u00e0i th\u00eam Trainer, Mod Game, Vi\u1ec7t H\u00f3a<\/span><\/li>\n<li aria-level=\"1\"><span style=\"font-size: 14pt;\">B\u1ea3o H\u00e0nh n\u1ebfu t\u00e0i kho\u1ea3n c\u00f3 l\u1ed7i<\/span><\/li>\n<li aria-level=\"1\"><span style=\"font-size: 14pt;\">H\u01b0\u1edbng d\u1eabn v\u00e0 b\u1ea3o h\u00e0nh su\u1ed1t qu\u00e1 tr\u00ecnh ch\u01a1i Game<\/span><\/li>\n<\/ul>\n<p><img decoding=\"async\" src=\"https:\/\/gameladeshop.com\/wp-content\/uploads\/2025\/10\/Header.webp\" \/><\/p>\n<h3 data-section-id=\"10za3u3\" data-start=\"143\" data-end=\"243\"><strong data-start=\"147\" data-end=\"243\">N\u0103m 2091. T\u01b0\u01a1ng lai c\u1ee7a nh\u00e2n lo\u1ea1i n\u1eb1m trong tay b\u1ea1n\u2026 n\u1ebfu b\u1ea1n c\u00f2n s\u1ed1ng \u0111\u1ee7 l\u00e2u \u0111\u1ec3 ch\u1ea1m t\u1edbi n\u00f3.<\/strong><\/h3>\n<p data-start=\"245\" data-end=\"396\">Tham gia v\u00e0o <strong data-start=\"258\" data-end=\"271\">Nightfall<\/strong> \u2013 l\u1ef1c l\u01b0\u1ee3ng ph\u00f2ng th\u1ee7 cu\u1ed1i c\u00f9ng c\u1ee7a th\u1ebf gi\u1edbi tr\u01b0\u1edbc \u0111\u1ed9i qu\u00e2n qu\u00e1i v\u1eadt v\u00f4 nh\u00e2n t\u00ednh do t\u1eadp \u0111o\u00e0n kh\u1ed5ng l\u1ed3 <strong data-start=\"375\" data-end=\"386\">Horzine<\/strong> t\u1ea1o ra.<\/p>\n<p data-start=\"400\" data-end=\"758\"><strong data-start=\"400\" data-end=\"419\">Killing Floor 3<\/strong> l\u00e0 ph\u1ea7n ti\u1ebfp theo \u0111\u01b0\u1ee3c mong \u0111\u1ee3i trong lo\u1ea1t game h\u00e0nh \u0111\u1ed9ng\u2013kinh d\u1ecb huy\u1ec1n tho\u1ea1i. \u0110\u00e2y l\u00e0 t\u1ef1a game b\u1eafn s\u00fang g\u00f3c nh\u00ecn th\u1ee9 nh\u1ea5t (FPS) v\u1edbi nh\u1ecbp \u0111\u1ed9 \u0111i\u00ean cu\u1ed3ng, n\u01a1i b\u1ea1n s\u1ebd v\u00e0o vai m\u1ed9t chi\u1ebfn binh Nightfall, s\u00e1t c\u00e1nh c\u00f9ng t\u1ed1i \u0111a 5 \u0111\u1ed3ng \u0111\u1ed9i \u0111\u1ec3 ti\u00eau di\u1ec7t t\u1eebng \u0111\u1ee3t Zed kh\u00e1t m\u00e1u, ki\u1ebfm ti\u1ec1n (<strong data-start=\"696\" data-end=\"704\">dosh<\/strong>), m\u1edf kh\u00f3a k\u1ef9 n\u0103ng, v\u00e0 x\u00e2y d\u1ef1ng kho v\u0169 kh\u00ed t\u1ed1i th\u01b0\u1ee3ng.<\/p>\n<hr data-start=\"760\" data-end=\"763\" \/>\n<h3 data-section-id=\"zx7nq2\" data-start=\"765\" data-end=\"899\"><img decoding=\"async\" src=\"https:\/\/gameladeshop.com\/wp-content\/uploads\/2025\/10\/Coop.webp\" \/><\/h3>\n<p><img decoding=\"async\" src=\"https:\/\/gameladeshop.com\/wp-content\/uploads\/2025\/10\/No_Shadow_0004_Layer-1.webp\" \/><\/p>\n<h3 data-section-id=\"zx7nq2\" data-start=\"765\" data-end=\"899\"><strong data-start=\"769\" data-end=\"899\">T\u1eadp h\u1ee3p \u0111\u1ed9i s\u0103n Zed \u0111\u1ec9nh cao trong ch\u1ebf \u0111\u1ed9 co-op 6 ng\u01b0\u1eddi, ho\u1eb7c m\u1ed9t m\u00ecnh chi\u1ebfn \u0111\u1ea5u sinh t\u1eed trong ch\u1ebf \u0111\u1ed9 ch\u01a1i \u0111\u01a1n \u0111\u1ea7y c\u0103ng th\u1eb3ng.<\/strong><\/h3>\n<hr data-start=\"901\" data-end=\"904\" \/>\n<h3 data-section-id=\"nntnn1\" data-start=\"906\" data-end=\"975\"><img decoding=\"async\" src=\"https:\/\/gameladeshop.com\/wp-content\/uploads\/2025\/07\/Zeds.png\" \/><\/h3>\n<p><img decoding=\"async\" src=\"https:\/\/gameladeshop.com\/wp-content\/uploads\/2025\/10\/No_Shadow_0003_SteamPageMockText_0003_RElentless-zeds.webp\" \/><\/p>\n<h3 data-section-id=\"nntnn1\" data-start=\"906\" data-end=\"975\"><strong data-start=\"910\" data-end=\"973\">Nh\u1eefng con Zed nguy hi\u1ec3m nh\u1ea5t t\u1eeb tr\u01b0\u1edbc \u0111\u1ebfn nay \u0111\u00e3 xu\u1ea5t hi\u1ec7n.<\/strong><\/h3>\n<p data-start=\"976\" data-end=\"1105\">Ch\u00fang \u0111\u01b0\u1ee3c thi\u1ebft k\u1ebf l\u1ea1i ho\u00e0n to\u00e0n, s\u1edf h\u1eefu tr\u00ed tu\u1ec7 nh\u00e2n t\u1ea1o th\u00f4ng minh h\u01a1n, nhanh h\u01a1n, t\u00e0n \u0111\u1ed9c h\u01a1n v\u00e0 chi\u1ebfn thu\u1eadt h\u01a1n bao gi\u1edd h\u1ebft.<\/p>\n<hr data-start=\"1107\" data-end=\"1110\" \/>\n<h3 data-section-id=\"o7wpx1\" data-start=\"1112\" data-end=\"1170\"><img decoding=\"async\" src=\"https:\/\/gameladeshop.com\/wp-content\/uploads\/2025\/10\/Weapons.webp\" \/><\/h3>\n<p><img decoding=\"async\" src=\"https:\/\/gameladeshop.com\/wp-content\/uploads\/2025\/10\/No_Shadow_0001_SteamPageMockText_0002_survival-tech.webp\" \/><\/p>\n<h3 data-section-id=\"o7wpx1\" data-start=\"1112\" data-end=\"1170\"><strong data-start=\"1116\" data-end=\"1168\">Kho v\u0169 kh\u00ed \u0111a d\u1ea1ng cho m\u1ecdi phong c\u00e1ch chi\u1ebfn \u0111\u1ea5u:<\/strong><\/h3>\n<p data-start=\"1171\" data-end=\"1318\">T\u1eeb s\u00fang phun l\u1eeda, shotgun cho \u0111\u1ebfn katana \u2013 b\u1ea1n s\u1ebd \u0111\u01b0\u1ee3c t\u1ef1 do t\u00f9y ch\u1ec9nh c\u00e1ch &#8220;l\u00e0m th\u1ecbt&#8221; Zed v\u1edbi h\u00e0ng tr\u0103m b\u1ea3n n\u00e2ng c\u1ea5p, thi\u1ebft b\u1ecb v\u00e0 k\u1ef9 n\u0103ng \u0111\u1ed9c \u0111\u00e1o.<\/p>\n<hr data-start=\"1320\" data-end=\"1323\" \/>\n<h3 data-section-id=\"1amzrh3\" data-start=\"1325\" data-end=\"1372\"><img decoding=\"async\" src=\"https:\/\/gameladeshop.com\/wp-content\/uploads\/2025\/10\/Scrake.webp\" \/><\/h3>\n<p><img decoding=\"async\" src=\"https:\/\/gameladeshop.com\/wp-content\/uploads\/2025\/10\/No_Shadow_0002_SteamPageMockText_0001_dangerous-locations.webp\" \/><\/p>\n<h3 data-section-id=\"1amzrh3\" data-start=\"1325\" data-end=\"1372\"><strong data-start=\"1329\" data-end=\"1370\">\u0110\u1ed5 b\u1ed9 v\u00e0o nh\u1eefng \u0111i\u1ec3m n\u00f3ng kh\u1eafc nghi\u1ec7t<\/strong><\/h3>\n<p data-start=\"1373\" data-end=\"1534\">Ch\u1eb7n \u0111\u1ee9ng s\u1ef1 lan r\u1ed9ng c\u1ee7a d\u1ecbch b\u1ec7nh ch\u1ebft ng\u01b0\u1eddi b\u1eb1ng c\u00e1ch t\u1eadn d\u1ee5ng \u0111\u1ecba h\u00ecnh: k\u00edch ho\u1ea1t th\u00e1p ph\u00e1o, qu\u1ea1t c\u00f4ng nghi\u1ec7p v\u00e0 c\u00e1c b\u1eaby h\u1ee7y di\u1ec7t kh\u00e1c \u0111\u1ec3 \u0111\u1ea3o ng\u01b0\u1ee3c t\u00ecnh th\u1ebf.<\/p>\n<hr data-start=\"1536\" data-end=\"1539\" \/>\n<h3 data-section-id=\"pwc75u\" data-start=\"1541\" data-end=\"1616\"><img decoding=\"async\" src=\"https:\/\/gameladeshop.com\/wp-content\/uploads\/2025\/10\/Gorefast__1.webp\" \/><\/h3>\n<p><img decoding=\"async\" src=\"https:\/\/gameladeshop.com\/wp-content\/uploads\/2025\/10\/No_Shadow_0000_SteamPageMockText_0000_more-gore.webp\" \/><\/p>\n<h3 data-section-id=\"pwc75u\" data-start=\"1541\" data-end=\"1616\"><strong data-start=\"1545\" data-end=\"1614\">H\u1ec7 th\u1ed1ng M.E.A.T. tr\u1edf l\u1ea1i \u2013 t\u00e0n b\u1ea1o v\u00e0 ch\u00e2n th\u1ef1c h\u01a1n bao gi\u1edd h\u1ebft.<\/strong><\/h3>\n<p data-start=\"1617\" data-end=\"1763\">C\u00e1c \u0111i\u1ec3m \u0111\u1ee9t r\u1eddi tr\u00ean c\u01a1 th\u1ec3, m\u00e1u me dai d\u1eb3ng v\u00e0 hi\u1ec7u \u1ee9ng ph\u1ea3n \u1ee9ng v\u1eadt l\u00fd khi\u1ebfn t\u1eebng c\u00fa \u0111\u00e1nh, t\u1eebng ph\u00e1t b\u1eafn \u0111\u1ec1u tr\u1edf n\u00ean r\u00f9ng r\u1ee3n \u0111\u1ebfn m\u1ee9c th\u1ecfa m\u00e3n.<\/p>\n<hr data-start=\"1765\" data-end=\"1768\" \/>\n<h2 data-section-id=\"18zckkq\" data-start=\"1770\" data-end=\"1811\">\ud83d\udd1e <strong data-start=\"1776\" data-end=\"1811\">C\u1ea3nh b\u00e1o n\u1ed9i dung tr\u01b0\u1edfng th\u00e0nh:<\/strong><\/h2>\n<p data-start=\"1812\" data-end=\"1882\">Theo m\u00f4 t\u1ea3 t\u1eeb nh\u00e0 ph\u00e1t tri\u1ec3n, <strong data-start=\"1842\" data-end=\"1861\">Killing Floor 3<\/strong> ch\u1ee9a c\u00e1c y\u1ebfu t\u1ed1 sau:<\/p>\n<ul data-start=\"1884\" data-end=\"2380\">\n<li data-start=\"1884\" data-end=\"2010\">\n<p data-start=\"1886\" data-end=\"2010\"><strong data-start=\"1886\" data-end=\"1904\">B\u1ea1o l\u1ef1c \u0111\u1ed3 h\u1ecda<\/strong>: C\u00e1c tr\u1eadn chi\u1ebfn FPS c\u1ef1c k\u1ef3 d\u1eef d\u1ed9i, v\u1edbi c\u1ea3nh ch\u1eb7t ch\u00e9m, ch\u1eb7t \u0111\u1ea7u, c\u01a1 th\u1ec3 ph\u00e1t n\u1ed5 v\u00e0 m\u00e1u me b\u1eafn tung t\u00f3e.<\/p>\n<\/li>\n<li data-start=\"2011\" data-end=\"2156\">\n<p data-start=\"2013\" data-end=\"2156\"><strong data-start=\"2013\" data-end=\"2035\">M\u00e1u me v\u00e0 x\u00e1c ch\u1ebft<\/strong>: M\u00f4i tr\u01b0\u1eddng v\u00e0 nh\u00e2n v\u1eadt li\u00ean t\u1ee5c d\u00ednh \u0111\u1ea7y m\u00e1u; x\u00e1c Zed b\u1ecb thi\u00eau ch\u00e1y, tan ch\u1ea3y ho\u1eb7c x\u00e9 n\u00e1t th\u01b0\u1eddng n\u1eb1m l\u1ea1i hi\u1ec7n tr\u01b0\u1eddng.<\/p>\n<\/li>\n<li data-start=\"2157\" data-end=\"2250\">\n<p data-start=\"2159\" data-end=\"2250\"><strong data-start=\"2159\" data-end=\"2176\">Ng\u00f4n ng\u1eef m\u1ea1nh<\/strong>: Nh\u00e2n v\u1eadt v\u00e0 NPC th\u01b0\u1eddng xuy\u00ean s\u1eed d\u1ee5ng ng\u00f4n ng\u1eef th\u00f4 t\u1ee5c trong l\u1eddi tho\u1ea1i.<\/p>\n<\/li>\n<li data-start=\"2251\" data-end=\"2380\">\n<p data-start=\"2253\" data-end=\"2380\"><strong data-start=\"2253\" data-end=\"2271\">Ch\u1ee7 \u0111\u1ec1 g\u00e2y s\u1ed1c<\/strong>: N\u1ed9i dung xoay quanh th\u00ed nghi\u1ec7m sinh h\u1ecdc v\u00e0 y\u1ebfu t\u1ed1 kinh d\u1ecb c\u01a1 th\u1ec3 c\u00f3 th\u1ec3 g\u00e2y \u00e1m \u1ea3nh cho ng\u01b0\u1eddi ch\u01a1i nh\u1ecf tu\u1ed5i.<\/p>\n<\/li>\n<\/ul>\n<hr data-start=\"2382\" data-end=\"2385\" \/>\n<p data-start=\"2387\" data-end=\"2528\">N\u1ebfu b\u1ea1n l\u00e0 fan c\u1ee7a nh\u1eefng tr\u1eadn chi\u1ebfn kinh ho\u00e0ng v\u00e0 l\u1ed1i ch\u01a1i h\u00e0nh \u0111\u1ed9ng c\u0103ng th\u1eb3ng, <strong data-start=\"2468\" data-end=\"2487\">Killing Floor 3<\/strong> s\u1ebd l\u00e0 c\u01a1n \u00e1c m\u1ed9ng b\u1ea1n kh\u00f4ng th\u1ec3 r\u1eddi m\u1eaft.<\/p>\n<div class=\"game_page_autocollapse_ctn\">\n<div class=\"game_page_autocollapse sys_req\">\n<h2>Y\u00eau c\u1ea7u h\u1ec7 th\u1ed1ng<\/h2>\n<div class=\"sysreq_contents\">\n<div class=\"game_area_sys_req sysreq_content active\" data-os=\"win\">\n<div class=\"game_area_sys_req_leftCol\">\n<p><strong>T\u1ed1i thi\u1ec3u:<\/strong><\/p>\n<ul>\n<li style=\"list-style-type: none;\">\n<ul class=\"bb_ul\">\n<li>Y\u00eau c\u1ea7u vi x\u1eed l\u00fd v\u00e0 h\u1ec7 \u0111i\u1ec1u h\u00e0nh \u0111\u1ec1u ch\u1ea1y 64-bit<\/li>\n<li><strong>H\u0110H:<\/strong>\u00a0Windows 10<\/li>\n<li><strong>B\u1ed9 x\u1eed l\u00fd:<\/strong>\u00a0AMD Ryzen 5 2600 or Intel Core i7-4790<\/li>\n<li><strong>B\u1ed9 nh\u1edb:<\/strong>\u00a016 GB RAM<\/li>\n<li><strong>\u0110\u1ed3 h\u1ecda:<\/strong>\u00a0NVIDIA GeForce GTX 1060, AMD Radeon RX 480 or or Intel Arc A580<\/li>\n<li><strong>DirectX:<\/strong>\u00a0Phi\u00ean b\u1ea3n 12<\/li>\n<li><strong>K\u1ebft n\u1ed1i:<\/strong>\u00a0C\u00e1p m\u1ea1ng Internet<\/li>\n<li><strong>L\u01b0u tr\u1eef:<\/strong>\u00a030 GB ch\u1ed7 tr\u1ed1ng kh\u1ea3 d\u1ee5ng<\/li>\n<li><strong>Ghi ch\u00fa th\u00eam:<\/strong>\u00a0SSD Required<\/li>\n<\/ul>\n<\/li>\n<\/ul>\n<\/div>\n<div class=\"game_area_sys_req_rightCol\">\n<p><strong>Khuy\u1ebfn ngh\u1ecb:<\/strong><\/p>\n<ul>\n<li style=\"list-style-type: none;\">\n<ul class=\"bb_ul\">\n<li>Y\u00eau c\u1ea7u vi x\u1eed l\u00fd v\u00e0 h\u1ec7 \u0111i\u1ec1u h\u00e0nh \u0111\u1ec1u ch\u1ea1y 64-bit<\/li>\n<li><strong>H\u0110H:<\/strong>\u00a0Windows 11<\/li>\n<li><strong>B\u1ed9 x\u1eed l\u00fd:<\/strong>\u00a0AMD Ryzen 7 7700X or Intel Core i7-12700K<\/li>\n<li><strong>B\u1ed9 nh\u1edb:<\/strong>\u00a016 GB RAM<\/li>\n<li><strong>\u0110\u1ed3 h\u1ecda:<\/strong>\u00a0AMD Radeon RX 6750 XT, GeForce RTX 3060 or Intel Arc A770<\/li>\n<li><strong>DirectX:<\/strong>\u00a0Phi\u00ean b\u1ea3n 12<\/li>\n<li><strong>K\u1ebft n\u1ed1i:<\/strong>\u00a0C\u00e1p m\u1ea1ng Internet<\/li>\n<li><strong>L\u01b0u tr\u1eef:<\/strong>\u00a030 GB ch\u1ed7 tr\u1ed1ng kh\u1ea3 d\u1ee5ng<\/li>\n<li><strong>Ghi ch\u00fa th\u00eam:<\/strong>\u00a0SSD Required<\/li>\n<\/ul>\n<\/li>\n<\/ul>\n<\/div>\n<\/div>\n<\/div>\n<\/div>\n<\/div>","protected":false},"excerpt":{"rendered":"<p>T\u00e0i kho\u1ea3n \u0111\u01b0\u1ee3c g\u1eedi v\u1ec1 Mail ngay sau khi thanh to\u00e1n T\u1ea3i v\u00e0 ch\u01a1i Game Tr\u1ef1c ti\u1ebfp \u1edf Steam, C\u00f3<\/p>","protected":false},"featured_media":22574,"comment_status":"open","ping_status":"closed","template":"","meta":[],"product_brand":[],"product_cat":[114,92],"product_tag":[],"class_list":{"0":"post-22571","1":"product","2":"type-product","3":"status-publish","4":"has-post-thumbnail","6":"product_cat-game-steam-ea-ubisoft","7":"product_cat-game-offline","9":"first","10":"instock","11":"sale","12":"downloadable","13":"virtual","14":"purchasable","15":"product-type-simple"},"_links":{"self":[{"href":"https:\/\/gameladeshop.com\/en\/wp-json\/wp\/v2\/product\/22571","targetHints":{"allow":["GET"]}}],"collection":[{"href":"https:\/\/gameladeshop.com\/en\/wp-json\/wp\/v2\/product"}],"about":[{"href":"https:\/\/gameladeshop.com\/en\/wp-json\/wp\/v2\/types\/product"}],"replies":[{"embeddable":true,"href":"https:\/\/gameladeshop.com\/en\/wp-json\/wp\/v2\/comments?post=22571"}],"version-history":[{"count":0,"href":"https:\/\/gameladeshop.com\/en\/wp-json\/wp\/v2\/product\/22571\/revisions"}],"wp:featuredmedia":[{"embeddable":true,"href":"https:\/\/gameladeshop.com\/en\/wp-json\/wp\/v2\/media\/22574"}],"wp:attachment":[{"href":"https:\/\/gameladeshop.com\/en\/wp-json\/wp\/v2\/media?parent=22571"}],"wp:term":[{"taxonomy":"product_brand","embeddable":true,"href":"https:\/\/gameladeshop.com\/en\/wp-json\/wp\/v2\/product_brand?post=22571"},{"taxonomy":"product_cat","embeddable":true,"href":"https:\/\/gameladeshop.com\/en\/wp-json\/wp\/v2\/product_cat?post=22571"},{"taxonomy":"product_tag","embeddable":true,"href":"https:\/\/gameladeshop.com\/en\/wp-json\/wp\/v2\/product_tag?post=22571"}],"curies":[{"name":"wp","href":"https:\/\/api.w.org\/{rel}","templated":true}]}}