{"id":22206,"date":"2025-07-21T08:05:19","date_gmt":"2025-07-21T08:05:19","guid":{"rendered":"https:\/\/gameladeshop.com\/?post_type=product&#038;p=22206"},"modified":"2025-08-04T01:59:50","modified_gmt":"2025-08-04T01:59:50","slug":"tainted-grail-the-fall-of-avalon-supporter-edition-viet-hoa","status":"publish","type":"product","link":"https:\/\/gameladeshop.com\/en\/tainted-grail-the-fall-of-avalon-supporter-edition-viet-hoa\/","title":{"rendered":"Tainted Grail The Fall of Avalon Supporter Edition Vi\u1ec7t H\u00f3a"},"content":{"rendered":"<ul>\n<li aria-level=\"1\"><span style=\"font-size: 14pt;\">T\u00e0i kho\u1ea3n \u0111\u01b0\u1ee3c g\u1eedi v\u1ec1 Mail ngay sau khi thanh to\u00e1n<\/span><\/li>\n<li aria-level=\"1\"><span style=\"font-size: 14pt;\">T\u1ea3i v\u00e0 ch\u01a1i Game Tr\u1ef1c ti\u1ebfp \u1edf Steam, C\u00f3 Update<\/span><\/li>\n<li aria-level=\"1\"><span style=\"font-size: 14pt;\">Ch\u01a1i Offline v\u00e0 c\u00f3 Save Game ri\u00eang<\/span><\/li>\n<li aria-level=\"1\"><span style=\"font-size: 14pt;\">Ch\u01a1i v\u0129nh vi\u1ec5n kh\u00f4ng c\u00f3 th\u1eddi h\u1ea1n<\/span><\/li>\n<li aria-level=\"1\"><span style=\"font-size: 14pt;\">R\u1ebb h\u01a1n Steam h\u01a1n 90%, C\u1ed1t truy\u1ec7n Game \u0111\u1ea7y \u0111\u1ee7<\/span><\/li>\n<li aria-level=\"1\"><span style=\"font-size: 14pt;\">C\u00f3 th\u1ec3 c\u00e0i th\u00eam Trainer, Mod Game, Vi\u1ec7t H\u00f3a<\/span><\/li>\n<li aria-level=\"1\"><span style=\"font-size: 14pt;\">B\u1ea3o H\u00e0nh n\u1ebfu t\u00e0i kho\u1ea3n c\u00f3 l\u1ed7i<\/span><\/li>\n<li aria-level=\"1\"><span style=\"font-size: 14pt;\">H\u01b0\u1edbng d\u1eabn v\u00e0 b\u1ea3o h\u00e0nh su\u1ed1t qu\u00e1 tr\u00ecnh ch\u01a1i Game<\/span><\/li>\n<\/ul>\n<p><img decoding=\"async\" src=\"https:\/\/gameladeshop.com\/wp-content\/uploads\/2025\/10\/STEAM_HEADERS_700px_2.webp\" \/><\/p>\n<h2 data-start=\"180\" data-end=\"241\">\ud83c\udfae <strong data-start=\"186\" data-end=\"241\">Ch\u00e0o m\u1eebng \u0111\u1ebfn v\u1edbi Tainted Grail: The Fall of Avalon<\/strong><\/h2>\n<p data-start=\"243\" data-end=\"437\">B\u01b0\u1edbc ch\u00e2n v\u00e0o <strong data-start=\"257\" data-end=\"294\">Tainted Grail: The Fall of Avalon<\/strong> \u2013 m\u1ed9t t\u1ef1a game nh\u1eadp vai th\u1ebf gi\u1edbi m\u1edf g\u00f3c nh\u00ecn th\u1ee9 nh\u1ea5t, l\u1ea5y c\u1ea3m h\u1ee9ng t\u1eeb truy\u1ec1n thuy\u1ebft Arthur, \u0111\u1eadm ch\u1ea5t <strong data-start=\"397\" data-end=\"434\">gi\u1ea3 t\u01b0\u1edfng \u0111en t\u1ed1i v\u00e0 tr\u01b0\u1edfng th\u00e0nh<\/strong>.<\/p>\n<p data-start=\"439\" data-end=\"642\">B\u1ea1n s\u1ebd kh\u00e1m ph\u00e1 m\u1ed9t c\u1ed1t truy\u1ec7n ch\u00ednh ph\u1ee9c t\u1ea1p, ph\u00e2n nh\u00e1nh s\u00e2u r\u1ed9ng, n\u01a1i nh\u1eefng l\u1ef1a ch\u1ecdn c\u1ee7a b\u1ea1n <strong data-start=\"534\" data-end=\"602\">\u0111\u1ecbnh h\u00ecnh di s\u1ea3n c\u00f2n l\u1ea1i sau 600 n\u0103m k\u1ec3 t\u1eeb khi Vua Arthur s\u1ee5p \u0111\u1ed5<\/strong> trong m\u1ed9t th\u1ebf gi\u1edbi ch\u00ecm trong h\u1ed7n lo\u1ea1n.<\/p>\n<p data-start=\"644\" data-end=\"798\">\u0110\u00e2y l\u00e0 <strong data-start=\"651\" data-end=\"737\">m\u1ed9t b\u1ee9c th\u01b0 t\u00ecnh d\u00e0nh cho nh\u1eefng ng\u01b0\u1eddi y\u00eau th\u00edch d\u00f2ng game nh\u1eadp vai FPP th\u1ebf gi\u1edbi m\u1edf<\/strong> \u2013 v\u00e0 n\u00f3 \u0111ang ch\u1edd b\u1ea1n vi\u1ebft ti\u1ebfp ch\u01b0\u01a1ng s\u1eed thi c\u1ee7a ri\u00eang m\u00ecnh.<\/p>\n<hr data-start=\"800\" data-end=\"803\" \/>\n<h2 data-start=\"805\" data-end=\"832\"><img decoding=\"async\" src=\"https:\/\/gameladeshop.com\/wp-content\/uploads\/2025\/10\/STEAM_HEADERS_700px_3.webp\" \/><\/h2>\n<h2 data-start=\"805\" data-end=\"832\">\ud83d\udd11 <strong data-start=\"811\" data-end=\"832\">T\u00ednh n\u0103ng n\u1ed5i b\u1eadt<\/strong><\/h2>\n<h3 data-start=\"834\" data-end=\"882\">\ud83c\udf0d <strong data-start=\"841\" data-end=\"880\">Th\u1ebf gi\u1edbi r\u1ed9ng l\u1edbn, n\u1ed9i dung d\u00e0y \u0111\u1eb7c<\/strong><\/h3>\n<p data-start=\"883\" data-end=\"976\">Tham gia v\u00e0o <strong data-start=\"896\" data-end=\"914\">50\u201370 gi\u1edd ch\u01a1i<\/strong> v\u1edbi ba khu v\u1ef1c r\u1ed9ng l\u1edbn, \u0111\u1ea7y \u1eafp nhi\u1ec7m v\u1ee5, b\u00ed m\u1eadt v\u00e0 kh\u00e1m ph\u00e1.<\/p>\n<h3 data-start=\"978\" data-end=\"1027\">\ud83e\udded <strong data-start=\"985\" data-end=\"1025\">C\u1ed1t truy\u1ec7n ph\u00e2n nh\u00e1nh, \u0111\u1ea7y chi\u1ec1u s\u00e2u<\/strong><\/h3>\n<p data-start=\"1028\" data-end=\"1174\">Theo d\u00f5i c\u00e2u chuy\u1ec7n ch\u00ednh ly k\u1ef3 c\u00f9ng <strong data-start=\"1065\" data-end=\"1091\">h\u00e0ng tr\u0103m nhi\u1ec7m v\u1ee5 ph\u1ee5<\/strong>, nh\u00e2n v\u1eadt \u0111\u01b0\u1ee3c <strong data-start=\"1107\" data-end=\"1131\">l\u1ed3ng ti\u1ebfng s\u1ed1ng \u0111\u1ed9ng<\/strong>, v\u00e0 v\u00f4 s\u1ed1 l\u1ef1a ch\u1ecdn \u1ea3nh h\u01b0\u1edfng \u0111\u1ebfn k\u1ebft th\u00fac.<\/p>\n<h3 data-start=\"1176\" data-end=\"1259\">\ud83d\udee1\ufe0f <strong data-start=\"1184\" data-end=\"1257\">L\u1ed1i ch\u01a1i t\u1ef1 do \u2013 B\u1ea1n l\u00e0 ng\u01b0\u1eddi \u0111\u1ecbnh h\u00ecnh phong c\u00e1ch chi\u1ebfn \u0111\u1ea5u c\u1ee7a m\u00ecnh<\/strong><\/h3>\n<p data-start=\"1260\" data-end=\"1369\">T\u00f9y bi\u1ebfn nh\u00e2n v\u1eadt theo \u00fd th\u00edch: k\u1ebft h\u1ee3p k\u1ef9 n\u0103ng, ch\u1ec9 s\u1ed1, v\u0169 kh\u00ed v\u00e0 ph\u00e9p thu\u1eadt \u0111\u1ec3 t\u1ea1o n\u00ean chi\u1ebfn binh \u0111\u1ed9c nh\u1ea5t.<\/p>\n<hr data-start=\"1371\" data-end=\"1374\" \/>\n<h2 data-start=\"1376\" data-end=\"1428\">\ud83d\udd0d <strong data-start=\"1382\" data-end=\"1428\">Avalon \u2013 V\u00f9ng \u0111\u1ea5t c\u1ee7a kh\u00e1m ph\u00e1 v\u00e0 hi\u1ec3m h\u1ecda<\/strong><\/h2>\n<p data-start=\"1430\" data-end=\"1577\">M\u1ed7i ng\u00f3c ng\u00e1ch trong Avalon \u0111\u1ec1u \u1ea9n ch\u1ee9a \u0111i\u1ec1u k\u1ef3 b\u00ed: v\u1eadt ph\u1ea9m qu\u00fd hi\u1ebfm, b\u00ed m\u1eadt c\u1ed5 x\u01b0a, k\u1ebb th\u00f9 k\u1ef3 d\u1ecb, ng\u1ee5c t\u1ed1i, nhi\u1ec7m v\u1ee5 \u0111\u1ed9c \u0111\u00e1o v\u00e0 c\u00e1c NPC \u0111\u00e1ng nh\u1edb.<\/p>\n<p data-start=\"1430\" data-end=\"1577\"><img decoding=\"async\" src=\"https:\/\/gameladeshop.com\/wp-content\/uploads\/2025\/10\/STEAM_HEADERS_700px_4.webp\" \/><\/p>\n<h3 data-start=\"1579\" data-end=\"1627\">\u2694\ufe0f <strong data-start=\"1586\" data-end=\"1625\">Chi\u1ebfn \u0111\u1ea5u linh ho\u1ea1t, kh\u00f4ng gi\u1edbi h\u1ea1n<\/strong><\/h3>\n<p data-start=\"1628\" data-end=\"1816\">T\u1ef1 do chuy\u1ec3n \u0111\u1ed5i gi\u1eefa <strong data-start=\"1650\" data-end=\"1719\">ki\u1ebfm, khi\u00ean, cung t\u00ean, ph\u00e9p thu\u1eadt, thu\u1ed1c n\u00e9m, v\u00e0 h\u1ed7n h\u1ee3p \u0111\u1ed9c d\u01b0\u1ee3c<\/strong>. Tr\u00e1nh n\u00e9, \u0111\u1ee1 \u0111\u00f2n, t\u1ea5n c\u00f4ng \u2013 m\u1ecdi k\u1ef9 n\u0103ng \u0111\u1ec1u c\u1ea7n b\u1ea1n tinh ch\u1ec9nh \u0111\u1ec3 <strong data-start=\"1788\" data-end=\"1815\">ch\u1ebf ng\u1ef1 k\u1ebb th\u00f9 hung h\u00e3n<\/strong>.<\/p>\n<p data-start=\"1628\" data-end=\"1816\"><img decoding=\"async\" src=\"https:\/\/gameladeshop.com\/wp-content\/uploads\/2025\/10\/STEAM_HEADERS_700px_5__1.webp\" \/><\/p>\n<h3 data-start=\"1818\" data-end=\"1855\">\ud83d\udca1 <strong data-start=\"1825\" data-end=\"1855\">T\u1ef1 x\u00e2y d\u1ef1ng l\u1ed1i ch\u01a1i ri\u00eang<\/strong><\/h3>\n<ul data-start=\"1856\" data-end=\"2095\">\n<li data-start=\"1856\" data-end=\"1947\">\n<p data-start=\"1858\" data-end=\"1947\">Mu\u1ed1n tr\u1edf th\u00e0nh m\u1ed9t <strong data-start=\"1877\" data-end=\"1933\">gi\u1ea3 kim s\u0129 \u0111i\u00ean lo\u1ea1n, \u0111\u1ea5m tay kh\u00f4ng ti\u00eau di\u1ec7t k\u1ebb th\u00f9<\/strong>? \u0110\u01b0\u1ee3c lu\u00f4n.<\/p>\n<\/li>\n<li data-start=\"1948\" data-end=\"2012\">\n<p data-start=\"1950\" data-end=\"2012\">M\u1ed9t <strong data-start=\"1954\" data-end=\"1992\">th\u1ee3 r\u00e8n ph\u00e1p s\u01b0 tri\u1ec7u h\u1ed3i x\u00e1c s\u1ed1ng<\/strong>? Ch\u00fang t\u00f4i c\u00f3 \u0111\u1ee7.<\/p>\n<\/li>\n<li data-start=\"2013\" data-end=\"2095\">\n<p data-start=\"2015\" data-end=\"2095\">Hay m\u1ed9t <strong data-start=\"2023\" data-end=\"2060\">cung th\u1ee7 t\u00e0ng h\u00ecnh trong b\u00f3ng t\u1ed1i<\/strong>? \u0110\u00e2y ch\u00ednh l\u00e0 thi\u00ean \u0111\u01b0\u1eddng c\u1ee7a b\u1ea1n.<\/p>\n<\/li>\n<\/ul>\n<hr data-start=\"2097\" data-end=\"2100\" \/>\n<h2 data-start=\"2102\" data-end=\"2149\"><img decoding=\"async\" src=\"https:\/\/gameladeshop.com\/wp-content\/uploads\/2025\/10\/STEAM_HEADERS_700px_6.webp\" \/><\/h2>\n<h2 data-start=\"2102\" data-end=\"2149\">\ud83d\uddfa\ufe0f <strong data-start=\"2109\" data-end=\"2149\">3 v\u00f9ng \u0111\u1ea5t ri\u00eang bi\u1ec7t, \u0111\u1ea7y s\u1eafc th\u00e1i:<\/strong><\/h2>\n<ul data-start=\"2150\" data-end=\"2316\">\n<li data-start=\"2150\" data-end=\"2198\">\n<p data-start=\"2152\" data-end=\"2198\"><strong data-start=\"2152\" data-end=\"2167\">Misty Horns<\/strong> \u2013 v\u00f9ng \u0111\u1ed3i s\u01b0\u01a1ng m\u00f9 ph\u00eda Nam<\/p>\n<\/li>\n<li data-start=\"2199\" data-end=\"2254\">\n<p data-start=\"2201\" data-end=\"2254\"><strong data-start=\"2201\" data-end=\"2221\">Cuanacht Village<\/strong> \u2013 ng\u00f4i l\u00e0ng tr\u00e0n ng\u1eadp \u00e1nh n\u1eafng<\/p>\n<\/li>\n<li data-start=\"2255\" data-end=\"2316\">\n<p data-start=\"2257\" data-end=\"2316\"><strong data-start=\"2257\" data-end=\"2275\">Forlorn Swords<\/strong> \u2013 \u0111\u1ec9nh n\u00fai tuy\u1ebft ph\u1ee7, l\u1ea1nh l\u1ebdo v\u00e0 c\u00f4 l\u1eadp<\/p>\n<\/li>\n<\/ul>\n<hr data-start=\"2318\" data-end=\"2321\" \/>\n<h2 data-start=\"2323\" data-end=\"2380\"><img decoding=\"async\" src=\"https:\/\/gameladeshop.com\/wp-content\/uploads\/2025\/10\/STEAM_HEADERS_700px_8.webp\" \/><\/h2>\n<h2 data-start=\"2323\" data-end=\"2380\">\ud83e\uddf6 <strong data-start=\"2329\" data-end=\"2380\">Ho\u1ea1t \u0111\u1ed9ng ph\u1ee5 phong ph\u00fa, kh\u00f4ng ch\u1ec9 l\u00e0 chi\u1ebfn \u0111\u1ea5u<\/strong><\/h2>\n<p data-start=\"2382\" data-end=\"2574\">Tr\u1ea3i nghi\u1ec7m cu\u1ed9c s\u1ed1ng \u0111a chi\u1ec1u: <strong data-start=\"2414\" data-end=\"2438\">v\u1ebd s\u1ed5 tay h\u00e0nh tr\u00ecnh<\/strong>, <strong data-start=\"2440\" data-end=\"2450\">c\u00e2u c\u00e1<\/strong>, <strong data-start=\"2452\" data-end=\"2466\">tr\u1ed3ng tr\u1ecdt<\/strong>, <strong data-start=\"2468\" data-end=\"2479\">l\u00e0m r\u00e8n<\/strong>, <strong data-start=\"2481\" data-end=\"2491\">n\u1ea5u \u0103n<\/strong>, <strong data-start=\"2493\" data-end=\"2506\">l\u00e0m thu\u1ed1c<\/strong>, <strong data-start=\"2508\" data-end=\"2523\">khai kho\u00e1ng<\/strong>, <strong data-start=\"2525\" data-end=\"2551\">qu\u1ea3n l\u00fd ng\u00f4i nh\u00e0 ri\u00eang<\/strong>, v\u00e0 nhi\u1ec1u h\u01a1n th\u1ebf n\u1eefa.<\/p>\n<hr data-start=\"2576\" data-end=\"2579\" \/>\n<h2 data-start=\"2581\" data-end=\"2642\"><img decoding=\"async\" src=\"https:\/\/gameladeshop.com\/wp-content\/uploads\/2025\/10\/STEAM_HEADERS_700px_9.webp\" \/><\/h2>\n<h2 data-start=\"2581\" data-end=\"2642\">\ud83c\udf0c <strong data-start=\"2587\" data-end=\"2642\">Khi m\u00e0n \u0111\u00eam bu\u00f4ng xu\u1ed1ng \u2013 Th\u1ebf l\u1ef1c h\u1ed7n lo\u1ea1n tr\u1ed7i d\u1eady<\/strong><\/h2>\n<p data-start=\"2644\" data-end=\"2856\">Ban \u0111\u00eam, l\u1ef1c l\u01b0\u1ee3ng h\u1ed7n mang c\u1ed5 x\u01b0a \u2013 <strong data-start=\"2681\" data-end=\"2693\">Wyrdness<\/strong> \u2013 ph\u1ee7 b\u00f3ng l\u00ean Avalon. M\u1ecdi th\u1ef1c t\u1ea1i tr\u1edf n\u00ean m\u00e9o m\u00f3, k\u1ebb th\u00f9 m\u1ea1nh h\u01a1n v\u00e0 <strong data-start=\"2765\" data-end=\"2807\">sai l\u1ea7m nh\u1ecf nh\u1ea5t c\u0169ng d\u1eabn \u0111\u1ebfn c\u00e1i ch\u1ebft<\/strong>. S\u1ed1ng s\u00f3t hay b\u1ecb ti\u00eau di\u1ec7t \u2013 l\u1ef1a ch\u1ecdn n\u1eb1m \u1edf b\u1ea1n.<\/p>\n<hr data-start=\"2858\" data-end=\"2861\" \/>\n<h2 data-start=\"2863\" data-end=\"2909\">\u2696\ufe0f <strong data-start=\"2869\" data-end=\"2909\">Nh\u1eefng l\u1ef1a ch\u1ecdn \u0111\u1ea1o \u0111\u1ee9c \u0111\u1ea7y th\u1eed th\u00e1ch<\/strong><\/h2>\n<p data-start=\"2911\" data-end=\"3109\">\u0110\u1ed1i m\u1eb7t v\u1edbi h\u01a1n <strong data-start=\"2927\" data-end=\"2943\">250 nh\u00e2n v\u1eadt<\/strong> v\u00e0 <strong data-start=\"2947\" data-end=\"2968\">200+ nhi\u1ec7m v\u1ee5 ph\u1ee5<\/strong>, n\u01a1i m\u1ed7i quy\u1ebft \u0111\u1ecbnh c\u1ee7a b\u1ea1n <strong data-start=\"2997\" data-end=\"3031\">\u1ea3nh h\u01b0\u1edfng \u0111\u1ebfn t\u01b0\u01a1ng lai Avalon<\/strong>. Li\u1ec7u b\u1ea1n s\u1ebd ti\u1ebfp n\u1ed1i hay ph\u00e1 b\u1ecf di s\u1ea3n \u0111en t\u1ed1i c\u1ee7a <strong data-start=\"3084\" data-end=\"3108\">Vua Arthur Pendragon<\/strong>?<\/p>\n<div class=\"page_content\" data-panel=\"[]\">\n<div class=\"leftcol game_description_column\" data-panel=\"{&quot;flow-children&quot;:&quot;column&quot;}\">\n<div class=\"game_page_autocollapse_ctn\">\n<div class=\"game_page_autocollapse sys_req\">\n<h2>Y\u00eau c\u1ea7u h\u1ec7 th\u1ed1ng<\/h2>\n<div class=\"sysreq_contents\">\n<div class=\"game_area_sys_req sysreq_content active\" data-os=\"win\">\n<div class=\"game_area_sys_req_leftCol\">\n<p><strong>T\u1ed1i thi\u1ec3u:<\/strong><\/p>\n<ul>\n<li style=\"list-style-type: none;\">\n<ul class=\"bb_ul\">\n<li>Y\u00eau c\u1ea7u vi x\u1eed l\u00fd v\u00e0 h\u1ec7 \u0111i\u1ec1u h\u00e0nh \u0111\u1ec1u ch\u1ea1y 64-bit<\/li>\n<li><strong>H\u0110H:<\/strong>\u00a0Windows 10 64-bit<\/li>\n<li><strong>B\u1ed9 x\u1eed l\u00fd:<\/strong>\u00a0i5 8th gen or AMD equivalent<\/li>\n<li><strong>B\u1ed9 nh\u1edb:<\/strong>\u00a012 GB RAM<\/li>\n<li><strong>\u0110\u1ed3 h\u1ecda:<\/strong>\u00a0GTX 1060 6GB or AMD equivalent<\/li>\n<li><strong>DirectX:<\/strong>\u00a0Phi\u00ean b\u1ea3n 11<\/li>\n<li><strong>L\u01b0u tr\u1eef:<\/strong>\u00a031 GB ch\u1ed7 tr\u1ed1ng kh\u1ea3 d\u1ee5ng<\/li>\n<li><strong>Ghi ch\u00fa th\u00eam:<\/strong>\u00a0Low settings, 30 FPS, Full HD, SSD Strongly Recommended<\/li>\n<\/ul>\n<\/li>\n<\/ul>\n<\/div>\n<div class=\"game_area_sys_req_rightCol\">\n<p><strong>Khuy\u1ebfn ngh\u1ecb:<\/strong><\/p>\n<ul>\n<li style=\"list-style-type: none;\">\n<ul class=\"bb_ul\">\n<li>Y\u00eau c\u1ea7u vi x\u1eed l\u00fd v\u00e0 h\u1ec7 \u0111i\u1ec1u h\u00e0nh \u0111\u1ec1u ch\u1ea1y 64-bit<\/li>\n<li><strong>H\u0110H:<\/strong>\u00a0Windows 10\/11 (64-bit)<\/li>\n<li><strong>B\u1ed9 x\u1eed l\u00fd:<\/strong>\u00a0i7 13th gen<\/li>\n<li><strong>B\u1ed9 nh\u1edb:<\/strong>\u00a016 GB RAM<\/li>\n<li><strong>\u0110\u1ed3 h\u1ecda:<\/strong>\u00a0RTX 2070 Super<\/li>\n<li><strong>DirectX:<\/strong>\u00a0Phi\u00ean b\u1ea3n 11<\/li>\n<li><strong>L\u01b0u tr\u1eef:<\/strong>\u00a031 GB ch\u1ed7 tr\u1ed1ng kh\u1ea3 d\u1ee5ng<\/li>\n<li><strong>Ghi ch\u00fa th\u00eam:<\/strong>\u00a0Ultra settings, 60 FPS, Full HD, SSD Strongly Recommended<\/li>\n<\/ul>\n<\/li>\n<\/ul>\n<\/div>\n<\/div>\n<\/div>\n<\/div>\n<\/div>\n<\/div>\n<\/div>","protected":false},"excerpt":{"rendered":"<p>T\u00e0i kho\u1ea3n \u0111\u01b0\u1ee3c g\u1eedi v\u1ec1 Mail ngay sau khi thanh to\u00e1n T\u1ea3i v\u00e0 ch\u01a1i Game Tr\u1ef1c ti\u1ebfp \u1edf Steam, C\u00f3<\/p>","protected":false},"featured_media":22207,"comment_status":"open","ping_status":"closed","template":"","meta":[],"product_brand":[],"product_cat":[114,92],"product_tag":[],"class_list":{"0":"post-22206","1":"product","2":"type-product","3":"status-publish","4":"has-post-thumbnail","6":"product_cat-game-steam-ea-ubisoft","7":"product_cat-game-offline","9":"first","10":"instock","11":"sale","12":"downloadable","13":"virtual","14":"purchasable","15":"product-type-simple"},"_links":{"self":[{"href":"https:\/\/gameladeshop.com\/en\/wp-json\/wp\/v2\/product\/22206","targetHints":{"allow":["GET"]}}],"collection":[{"href":"https:\/\/gameladeshop.com\/en\/wp-json\/wp\/v2\/product"}],"about":[{"href":"https:\/\/gameladeshop.com\/en\/wp-json\/wp\/v2\/types\/product"}],"replies":[{"embeddable":true,"href":"https:\/\/gameladeshop.com\/en\/wp-json\/wp\/v2\/comments?post=22206"}],"version-history":[{"count":0,"href":"https:\/\/gameladeshop.com\/en\/wp-json\/wp\/v2\/product\/22206\/revisions"}],"wp:featuredmedia":[{"embeddable":true,"href":"https:\/\/gameladeshop.com\/en\/wp-json\/wp\/v2\/media\/22207"}],"wp:attachment":[{"href":"https:\/\/gameladeshop.com\/en\/wp-json\/wp\/v2\/media?parent=22206"}],"wp:term":[{"taxonomy":"product_brand","embeddable":true,"href":"https:\/\/gameladeshop.com\/en\/wp-json\/wp\/v2\/product_brand?post=22206"},{"taxonomy":"product_cat","embeddable":true,"href":"https:\/\/gameladeshop.com\/en\/wp-json\/wp\/v2\/product_cat?post=22206"},{"taxonomy":"product_tag","embeddable":true,"href":"https:\/\/gameladeshop.com\/en\/wp-json\/wp\/v2\/product_tag?post=22206"}],"curies":[{"name":"wp","href":"https:\/\/api.w.org\/{rel}","templated":true}]}}