{"id":22126,"date":"2025-07-19T15:38:46","date_gmt":"2025-07-19T15:38:46","guid":{"rendered":"https:\/\/gameladeshop.com\/?post_type=product&#038;p=22126"},"modified":"2025-07-19T15:38:46","modified_gmt":"2025-07-19T15:38:46","slug":"inside-limbo-metro-last-light-complete-edition-life-is-strange-12","status":"publish","type":"product","link":"https:\/\/gameladeshop.com\/en\/inside-limbo-metro-last-light-complete-edition-life-is-strange-12\/","title":{"rendered":"Inside + Limbo + Metro: Last Light Complete Edition + Life is Strange 1+2"},"content":{"rendered":"<ul>\n<li aria-level=\"1\"><span style=\"font-size: 14pt;\">T\u00e0i kho\u1ea3n \u0111\u01b0\u1ee3c g\u1eedi v\u1ec1 Mail ngay sau khi thanh to\u00e1n<\/span><\/li>\n<li aria-level=\"1\"><span style=\"font-size: 14pt;\">T\u1ea3i v\u00e0 ch\u01a1i Game Tr\u1ef1c ti\u1ebfp \u1edf Steam, C\u00f3 Update<\/span><\/li>\n<li aria-level=\"1\"><span style=\"font-size: 14pt;\">Ch\u01a1i Offline v\u00e0 c\u00f3 Save Game ri\u00eang<\/span><\/li>\n<li aria-level=\"1\"><span style=\"font-size: 14pt;\">Ch\u01a1i v\u0129nh vi\u1ec5n kh\u00f4ng c\u00f3 th\u1eddi h\u1ea1n<\/span><\/li>\n<li aria-level=\"1\"><span style=\"font-size: 14pt;\">R\u1ebb h\u01a1n Steam h\u01a1n 90%, C\u1ed1t truy\u1ec7n Game \u0111\u1ea7y \u0111\u1ee7<\/span><\/li>\n<li aria-level=\"1\"><span style=\"font-size: 14pt;\">C\u00f3 th\u1ec3 c\u00e0i th\u00eam Trainer, Mod Game, Vi\u1ec7t H\u00f3a<\/span><\/li>\n<li aria-level=\"1\"><span style=\"font-size: 14pt;\">B\u1ea3o H\u00e0nh n\u1ebfu t\u00e0i kho\u1ea3n c\u00f3 l\u1ed7i<\/span><\/li>\n<li aria-level=\"1\"><span style=\"font-size: 14pt;\">H\u01b0\u1edbng d\u1eabn v\u00e0 b\u1ea3o h\u00e0nh su\u1ed1t qu\u00e1 tr\u00ecnh ch\u01a1i Game<\/span><\/li>\n<\/ul>\n<p><img decoding=\"async\" src=\"https:\/\/gameladeshop.com\/wp-content\/uploads\/2025\/07\/gif5.gif\" \/><\/p>\n<p data-start=\"0\" data-end=\"88\">B\u1ecb s\u0103n \u0111u\u1ed5i v\u00e0 c\u00f4 \u0111\u1ed9c, m\u1ed9t c\u1eadu b\u00e9 th\u1ea5y m\u00ecnh b\u1ecb cu\u1ed1n v\u00e0o trung t\u00e2m c\u1ee7a m\u1ed9t d\u1ef1 \u00e1n \u0111en t\u1ed1i.<\/p>\n<p data-start=\"90\" data-end=\"423\" data-is-last-node=\"\" data-is-only-node=\"\">H\u00e3y th\u1eed tr\u1ea3i nghi\u1ec7m t\u1ef1a game phi\u00eau l\u01b0u indie t\u1eebng \u0111o\u1ea1t gi\u1ea3i c\u1ee7a Playdead. <strong data-start=\"164\" data-end=\"174\">INSIDE<\/strong> l\u00e0 m\u1ed9t tr\u00f2 ch\u01a1i platformer \u0111\u1eadm ch\u1ea5t u t\u1ed1i, d\u1eabn d\u1eaft b\u1edfi c\u1ed1t truy\u1ec7n, k\u1ebft h\u1ee3p gi\u1eefa h\u00e0nh \u0111\u1ed9ng k\u1ecbch t\u00ednh v\u00e0 nh\u1eefng c\u00e2u \u0111\u1ed1 \u0111\u1ea7y th\u1eed th\u00e1ch. Tr\u00f2 ch\u01a1i nh\u1eadn \u0111\u01b0\u1ee3c nhi\u1ec1u l\u1eddi khen ng\u1ee3i nh\u1edd phong c\u00e1ch ngh\u1ec7 thu\u1eadt u \u00e1m, nh\u1ea1c n\u1ec1n \u0111\u1ea7y \u00e1m \u1ea3nh v\u00e0 b\u1ea7u kh\u00f4ng kh\u00ed r\u00f9ng r\u1ee3n.<\/p>","protected":false},"excerpt":{"rendered":"<p>T\u00e0i kho\u1ea3n \u0111\u01b0\u1ee3c g\u1eedi v\u1ec1 Mail ngay sau khi thanh to\u00e1n T\u1ea3i v\u00e0 ch\u01a1i Game Tr\u1ef1c ti\u1ebfp \u1edf Steam, C\u00f3<\/p>","protected":false},"featured_media":22129,"comment_status":"open","ping_status":"closed","template":"","meta":[],"product_brand":[],"product_cat":[114,92],"product_tag":[],"class_list":{"0":"post-22126","1":"product","2":"type-product","3":"status-publish","4":"has-post-thumbnail","6":"product_cat-game-steam-ea-ubisoft","7":"product_cat-game-offline","9":"first","10":"instock","11":"sale","12":"downloadable","13":"virtual","14":"purchasable","15":"product-type-simple"},"_links":{"self":[{"href":"https:\/\/gameladeshop.com\/en\/wp-json\/wp\/v2\/product\/22126","targetHints":{"allow":["GET"]}}],"collection":[{"href":"https:\/\/gameladeshop.com\/en\/wp-json\/wp\/v2\/product"}],"about":[{"href":"https:\/\/gameladeshop.com\/en\/wp-json\/wp\/v2\/types\/product"}],"replies":[{"embeddable":true,"href":"https:\/\/gameladeshop.com\/en\/wp-json\/wp\/v2\/comments?post=22126"}],"version-history":[{"count":0,"href":"https:\/\/gameladeshop.com\/en\/wp-json\/wp\/v2\/product\/22126\/revisions"}],"wp:featuredmedia":[{"embeddable":true,"href":"https:\/\/gameladeshop.com\/en\/wp-json\/wp\/v2\/media\/22129"}],"wp:attachment":[{"href":"https:\/\/gameladeshop.com\/en\/wp-json\/wp\/v2\/media?parent=22126"}],"wp:term":[{"taxonomy":"product_brand","embeddable":true,"href":"https:\/\/gameladeshop.com\/en\/wp-json\/wp\/v2\/product_brand?post=22126"},{"taxonomy":"product_cat","embeddable":true,"href":"https:\/\/gameladeshop.com\/en\/wp-json\/wp\/v2\/product_cat?post=22126"},{"taxonomy":"product_tag","embeddable":true,"href":"https:\/\/gameladeshop.com\/en\/wp-json\/wp\/v2\/product_tag?post=22126"}],"curies":[{"name":"wp","href":"https:\/\/api.w.org\/{rel}","templated":true}]}}