{"id":22101,"date":"2025-07-19T07:35:49","date_gmt":"2025-07-19T07:35:49","guid":{"rendered":"https:\/\/gameladeshop.com\/?post_type=product&#038;p=22101"},"modified":"2026-01-01T16:05:24","modified_gmt":"2026-01-01T16:05:24","slug":"6-game-naruto-4-3-2-1-storm-connections-storm-revolution-tai-khoan-steam-offline","status":"publish","type":"product","link":"https:\/\/gameladeshop.com\/en\/6-game-naruto-4-3-2-1-storm-connections-storm-revolution-tai-khoan-steam-offline\/","title":{"rendered":"6 Game Naruto 4\/3\/2\/1 + STORM CONNECTIONS + STORM Revolution T\u00e0i Kho\u1ea3n Steam Offline"},"content":{"rendered":"<ul>\n<li aria-level=\"1\"><span style=\"font-size: 14pt;\">T\u00e0i kho\u1ea3n \u0111\u01b0\u1ee3c g\u1eedi v\u1ec1 Mail ngay sau khi thanh to\u00e1n<\/span><\/li>\n<li aria-level=\"1\"><span style=\"font-size: 14pt;\">T\u1ea3i v\u00e0 ch\u01a1i Game Tr\u1ef1c ti\u1ebfp \u1edf Steam, C\u00f3 Update<\/span><\/li>\n<li aria-level=\"1\"><span style=\"font-size: 14pt;\">Ch\u01a1i Offline v\u00e0 c\u00f3 Save Game ri\u00eang<\/span><\/li>\n<li aria-level=\"1\"><span style=\"font-size: 14pt;\">Ch\u01a1i v\u0129nh vi\u1ec5n kh\u00f4ng c\u00f3 th\u1eddi h\u1ea1n<\/span><\/li>\n<li aria-level=\"1\"><span style=\"font-size: 14pt;\">R\u1ebb h\u01a1n Steam h\u01a1n 90%, C\u1ed1t truy\u1ec7n Game \u0111\u1ea7y \u0111\u1ee7<\/span><\/li>\n<li aria-level=\"1\"><span style=\"font-size: 14pt;\">C\u00f3 th\u1ec3 c\u00e0i th\u00eam Trainer, Mod Game, Vi\u1ec7t H\u00f3a<\/span><\/li>\n<li aria-level=\"1\"><span style=\"font-size: 14pt;\">B\u1ea3o H\u00e0nh n\u1ebfu t\u00e0i kho\u1ea3n c\u00f3 l\u1ed7i<\/span><\/li>\n<li aria-level=\"1\"><span style=\"font-size: 14pt;\">H\u01b0\u1edbng d\u1eabn v\u00e0 b\u1ea3o h\u00e0nh su\u1ed1t qu\u00e1 tr\u00ecnh ch\u01a1i Game<\/span><\/li>\n<\/ul>\n<p>&nbsp;<\/p>\n<p data-start=\"112\" data-end=\"363\"><strong data-start=\"112\" data-end=\"184\">Huy\u1ec1n tho\u1ea1i nh\u1eabn gi\u1ea3 h\u1ed9i t\u1ee5 trong ph\u1ea7n game m\u1edbi nh\u1ea5t c\u1ee7a d\u00f2ng STORM!<\/strong><br data-start=\"184\" data-end=\"187\" \/><strong data-start=\"187\" data-end=\"239\">NARUTO X BORUTO Ultimate Ninja STORM CONNECTIONS<\/strong> l\u00e0 t\u1ef1a game h\u00e0nh \u0111\u1ed9ng \u2013 \u0111\u1ed1i kh\u00e1ng t\u1ed1c \u0111\u1ed9 cao, n\u01a1i nh\u1eefng tr\u1eadn chi\u1ebfn nh\u1eabn gi\u1ea3 b\u00f9ng n\u1ed5 c\u00f9ng <strong data-start=\"329\" data-end=\"354\">hai ch\u1ebf \u0111\u1ed9 c\u1ed1t truy\u1ec7n<\/strong> h\u1ea5p d\u1eabn.<\/p>\n<p data-start=\"112\" data-end=\"363\"><img decoding=\"async\" src=\"https:\/\/gameladeshop.com\/wp-content\/uploads\/2025\/07\/NBUNSC_GIF1_Roster_616x236.gif\" \/><\/p>\n<p data-start=\"365\" data-end=\"655\">\ud83c\udf1f <strong data-start=\"368\" data-end=\"426\">D\u00e0n nh\u00e2n v\u1eadt \u0111\u1ed3 s\u1ed9 nh\u1ea5t trong l\u1ecbch s\u1eed d\u00f2ng game STORM!<\/strong><br data-start=\"426\" data-end=\"429\" \/>T\u1ea5t c\u1ea3 c\u00e1c nh\u00e2n v\u1eadt t\u1eebng xu\u1ea5t hi\u1ec7n trong c\u00e1c ph\u1ea7n tr\u01b0\u1edbc c\u1ee7a STORM nay c\u00f9ng g\u00f3p m\u1eb7t, b\u00ean c\u1ea1nh <strong data-start=\"522\" data-end=\"554\">nh\u1eefng nh\u00e2n v\u1eadt ho\u00e0n to\u00e0n m\u1edbi<\/strong>!<br data-start=\"555\" data-end=\"558\" \/>H\u01a1n <strong data-start=\"562\" data-end=\"596\">130 nh\u00e2n v\u1eadt c\u00f3 th\u1ec3 \u0111i\u1ec1u khi\u1ec3n<\/strong> cho b\u1ea1n l\u1ef1a ch\u1ecdn v\u00e0 tham gia v\u00e0o c\u00e1c tr\u1eadn chi\u1ebfn r\u1ef1c l\u1eeda!<\/p>\n<p data-start=\"657\" data-end=\"862\">Ch\u1ebf \u0111\u1ed9 <strong data-start=\"664\" data-end=\"679\">Simple Mode<\/strong> m\u1edbi gi\u00fap ng\u01b0\u1eddi ch\u01a1i d\u1ec5 d\u00e0ng tung ra c\u00e1c combo nh\u1eabn thu\u1eadt \u0111\u1eb9p m\u1eaft \u2013 d\u00f9 b\u1ea1n l\u00e0 ng\u01b0\u1eddi m\u1edbi hay cao th\u1ee7 k\u1ef3 c\u1ef1u, ai c\u0169ng c\u00f3 th\u1ec3 t\u1eadn h\u01b0\u1edfng nh\u1eefng tr\u1eadn \u0111\u1ea5u \u0111\u1ec9nh cao c\u00f9ng nh\u1eabn gi\u1ea3 y\u00eau th\u00edch!<\/p>\n<p data-start=\"657\" data-end=\"862\"><img decoding=\"async\" src=\"https:\/\/gameladeshop.com\/wp-content\/uploads\/2025\/07\/NBUNSC_GIF2_NarutoSasuke_616x236.gif\" \/><\/p>\n<p data-start=\"864\" data-end=\"1306\">\ud83d\udd25 <strong data-start=\"867\" data-end=\"977\">L\u1ea7n \u0111\u1ea7u ti\u00ean: C\u00e2u chuy\u1ec7n \u0111\u1ed1i \u0111\u1ea7u gi\u1eefa Naruto v\u00e0 Sasuke \u0111\u01b0\u1ee3c t\u00e1i hi\u1ec7n tr\u1ecdn v\u1eb9n trong m\u1ed9t t\u1ef1a game duy nh\u1ea5t!<\/strong><br data-start=\"977\" data-end=\"980\" \/>K\u1ebft h\u1ee3p c\u00e1c c\u1ea3nh phim g\u1ed1c t\u1eeb anime Naruto v\u1edbi ch\u1ea5t l\u01b0\u1ee3ng chi\u1ebfn \u0111\u1ea5u \u0111\u1ec9nh cao quen thu\u1ed9c c\u1ee7a d\u00f2ng STORM, tr\u00f2 ch\u01a1i mang \u0111\u1ebfn nh\u1eefng kho\u1ea3nh kh\u1eafc \u0111\u00e1ng nh\u1edb nh\u1ea5t \u2013 t\u1eeb nh\u1eefng ng\u00e0y \u0111\u1ea7u Naruto b\u01b0\u1edbc ch\u00e2n v\u00e0o con \u0111\u01b0\u1eddng nh\u1eabn gi\u1ea3, cho \u0111\u1ebfn <strong data-start=\"1202\" data-end=\"1245\">tr\u1eadn chi\u1ebfn cu\u1ed1i c\u00f9ng \u0111\u1ecbnh \u0111o\u1ea1t v\u1eadn m\u1ec7nh<\/strong>.<br data-start=\"1246\" data-end=\"1249\" \/><strong data-start=\"1249\" data-end=\"1306\">H\u1ed3i t\u01b0\u1edfng l\u1ea1i h\u00e0nh tr\u00ecnh c\u1ee7a hai huy\u1ec1n tho\u1ea1i l\u00e0ng L\u00e1!<\/strong><\/p>\n<p data-start=\"864\" data-end=\"1306\"><img decoding=\"async\" src=\"https:\/\/gameladeshop.com\/wp-content\/uploads\/2025\/07\/NBUNSC_GIF3_StoryBoruto_616x236.gif\" \/><\/p>\n<p data-start=\"1308\" data-end=\"1688\">\ud83c\udf0c <strong data-start=\"1311\" data-end=\"1382\">Tr\u1ea3i nghi\u1ec7m m\u1ed9t c\u1ed1t truy\u1ec7n ho\u00e0n to\u00e0n m\u1edbi trong th\u1eddi \u0111\u1ea1i h\u1eadu Naruto!<\/strong><br data-start=\"1382\" data-end=\"1385\" \/>Trong ph\u1ea7n c\u1ed1t truy\u1ec7n g\u1ed1c \u0111\u1eb7c bi\u1ec7t, <strong data-start=\"1421\" data-end=\"1439\">Boruto Uzumaki<\/strong> \u2013 con trai c\u1ee7a Hokage \u0110\u1ec7 Th\u1ea5t v\u00e0 l\u00e0 nh\u1eabn gi\u1ea3 c\u1ee7a th\u1ebf h\u1ec7 m\u1edbi \u2013 b\u1ecb cu\u1ed1n v\u00e0o m\u1ed9t cu\u1ed9c chi\u1ebfn quy m\u00f4 to\u00e0n th\u1ebf gi\u1edbi sau khi g\u1eb7p m\u1ed9t c\u00f4 g\u00e1i b\u00ed \u1ea9n trong m\u1ed9t tr\u00f2 ch\u01a1i tr\u1ef1c tuy\u1ebfn n\u1ed5i ti\u1ebfng.<br data-start=\"1619\" data-end=\"1622\" \/>M\u1ed9t c\u00e2u chuy\u1ec7n m\u1edbi m\u1edf ra, \u0111\u01b0a b\u1ea1n v\u00e0o tr\u1eadn chi\u1ebfn c\u1ee7a th\u1eddi \u0111\u1ea1i m\u1edbi!<\/p>\n<p data-start=\"1308\" data-end=\"1688\"><img decoding=\"async\" src=\"https:\/\/gameladeshop.com\/wp-content\/uploads\/2025\/07\/NBUNSC_GIF4_Customization_616x236.gif\" \/><\/p>\n<p data-start=\"1690\" data-end=\"1985\">\ud83c\udfa8 <strong data-start=\"1693\" data-end=\"1759\">T\u00f9y ch\u1ec9nh nh\u00e2n v\u1eadt \u2013 \u0111i\u1ec3m nh\u1ea5n d\u00e0nh cho fan Naruto ch\u00ednh hi\u1ec7u!<\/strong><br data-start=\"1759\" data-end=\"1762\" \/>Trong su\u1ed1t h\u00e0nh tr\u00ecnh, ng\u01b0\u1eddi ch\u01a1i c\u00f3 th\u1ec3 <strong data-start=\"1803\" data-end=\"1834\">thu th\u1eadp v\u1eadt ph\u1ea9m trang tr\u00ed<\/strong> th\u00f4ng qua ph\u1ea7n th\u01b0\u1edfng tr\u1eadn \u0111\u1ea5u, t\u1eeb \u0111\u00f3 t\u1ea1o n\u00ean <strong data-start=\"1881\" data-end=\"1910\">tr\u1ea3i nghi\u1ec7m \u201cc\u00e1 nh\u00e2n h\u00f3a\u201d<\/strong> \u0111\u1ed9c \u0111\u00e1o ch\u1ec9 c\u00f3 trong <strong data-start=\"1932\" data-end=\"1984\">NARUTO X BORUTO Ultimate Ninja STORM CONNECTIONS<\/strong>.<\/p>","protected":false},"excerpt":{"rendered":"<p>T\u00e0i kho\u1ea3n \u0111\u01b0\u1ee3c g\u1eedi v\u1ec1 Mail ngay sau khi thanh to\u00e1n T\u1ea3i v\u00e0 ch\u01a1i Game Tr\u1ef1c ti\u1ebfp \u1edf Steam, C\u00f3<\/p>","protected":false},"featured_media":22103,"comment_status":"open","ping_status":"closed","template":"","meta":[],"product_brand":[],"product_cat":[114,157,92],"product_tag":[],"class_list":{"0":"post-22101","1":"product","2":"type-product","3":"status-publish","4":"has-post-thumbnail","6":"product_cat-game-steam-ea-ubisoft","7":"product_cat-combo-nhieu-game","8":"product_cat-game-offline","10":"first","11":"instock","12":"sale","13":"featured","14":"downloadable","15":"virtual","16":"purchasable","17":"product-type-simple"},"_links":{"self":[{"href":"https:\/\/gameladeshop.com\/en\/wp-json\/wp\/v2\/product\/22101","targetHints":{"allow":["GET"]}}],"collection":[{"href":"https:\/\/gameladeshop.com\/en\/wp-json\/wp\/v2\/product"}],"about":[{"href":"https:\/\/gameladeshop.com\/en\/wp-json\/wp\/v2\/types\/product"}],"replies":[{"embeddable":true,"href":"https:\/\/gameladeshop.com\/en\/wp-json\/wp\/v2\/comments?post=22101"}],"version-history":[{"count":0,"href":"https:\/\/gameladeshop.com\/en\/wp-json\/wp\/v2\/product\/22101\/revisions"}],"wp:featuredmedia":[{"embeddable":true,"href":"https:\/\/gameladeshop.com\/en\/wp-json\/wp\/v2\/media\/22103"}],"wp:attachment":[{"href":"https:\/\/gameladeshop.com\/en\/wp-json\/wp\/v2\/media?parent=22101"}],"wp:term":[{"taxonomy":"product_brand","embeddable":true,"href":"https:\/\/gameladeshop.com\/en\/wp-json\/wp\/v2\/product_brand?post=22101"},{"taxonomy":"product_cat","embeddable":true,"href":"https:\/\/gameladeshop.com\/en\/wp-json\/wp\/v2\/product_cat?post=22101"},{"taxonomy":"product_tag","embeddable":true,"href":"https:\/\/gameladeshop.com\/en\/wp-json\/wp\/v2\/product_tag?post=22101"}],"curies":[{"name":"wp","href":"https:\/\/api.w.org\/{rel}","templated":true}]}}