{"id":22082,"date":"2025-07-19T06:22:35","date_gmt":"2025-07-19T06:22:35","guid":{"rendered":"https:\/\/gameladeshop.com\/?post_type=product&#038;p=22082"},"modified":"2026-03-12T03:21:02","modified_gmt":"2026-03-12T03:21:02","slug":"worldbox-god-simulator-tai-khoan-steam-offline","status":"publish","type":"product","link":"https:\/\/gameladeshop.com\/en\/worldbox-god-simulator-tai-khoan-steam-offline\/","title":{"rendered":"WorldBox &#8211; God Simulator T\u00e0i Kho\u1ea3n Steam Offline"},"content":{"rendered":"<ul>\n<li aria-level=\"1\"><span style=\"font-size: 14pt;\">T\u00e0i kho\u1ea3n \u0111\u01b0\u1ee3c g\u1eedi v\u1ec1 Mail ngay sau khi thanh to\u00e1n<\/span><\/li>\n<li aria-level=\"1\"><span style=\"font-size: 14pt;\">T\u1ea3i v\u00e0 ch\u01a1i Game Tr\u1ef1c ti\u1ebfp \u1edf Steam, C\u00f3 Update<\/span><\/li>\n<li aria-level=\"1\"><span style=\"font-size: 14pt;\">Ch\u01a1i Offline v\u00e0 c\u00f3 Save Game ri\u00eang<\/span><\/li>\n<li aria-level=\"1\"><span style=\"font-size: 14pt;\">Ch\u01a1i v\u0129nh vi\u1ec5n kh\u00f4ng c\u00f3 th\u1eddi h\u1ea1n<\/span><\/li>\n<li aria-level=\"1\"><span style=\"font-size: 14pt;\">R\u1ebb h\u01a1n Steam h\u01a1n 90%, C\u1ed1t truy\u1ec7n Game \u0111\u1ea7y \u0111\u1ee7<\/span><\/li>\n<li aria-level=\"1\"><span style=\"font-size: 14pt;\">C\u00f3 th\u1ec3 c\u00e0i th\u00eam Trainer, Mod Game, Vi\u1ec7t H\u00f3a<\/span><\/li>\n<li aria-level=\"1\"><span style=\"font-size: 14pt;\">B\u1ea3o H\u00e0nh n\u1ebfu t\u00e0i kho\u1ea3n c\u00f3 l\u1ed7i<\/span><\/li>\n<li aria-level=\"1\"><span style=\"font-size: 14pt;\">H\u01b0\u1edbng d\u1eabn v\u00e0 b\u1ea3o h\u00e0nh su\u1ed1t qu\u00e1 tr\u00ecnh ch\u01a1i Game<\/span><\/li>\n<\/ul>\n<p>&nbsp;<\/p>\n<h3><strong>WorldBox \u2013 God Simulator \u2013 Tr\u1edf Th\u00e0nh \u0110\u1ea5ng S\u00e1ng T\u1ea1o Trong Th\u1ebf Gi\u1edbi Sandbox V\u00f4 H\u1ea1n<\/strong><\/h3>\n<p><img decoding=\"async\" src=\"https:\/\/gameladeshop.com\/wp-content\/uploads\/2025\/10\/w1000.webp\" sizes=\"(max-width: 600px) 300px, (max-width: 1200px) 400px, 500px\" srcset=\"https:\/\/gameladeshop.com\/wp-content\/uploads\/2025\/10\/w300.webp 300w, https:\/\/gameladeshop.com\/wp-content\/uploads\/2025\/10\/w400.webp 400w, https:\/\/gameladeshop.com\/wp-content\/uploads\/2025\/10\/w1000.webp 500w\" alt=\"\" \/><\/p>\n<p>WorldBox \u2013 God Simulator l\u00e0 m\u1ed9t tr\u00f2 ch\u01a1i m\u00f4 ph\u1ecfng sandbox \u0111\u1ed9c \u0111\u00e1o do Maxim Karpenko ph\u00e1t tri\u1ec3n. Ng\u01b0\u1eddi ch\u01a1i c\u00f3 th\u1ec3 t\u1ea3i game<\/p>\n<h3><strong>\u0110i\u1ec3m N\u1ed5i B\u1eadt C\u1ee7a WorldBox \u2013 God Simulator<\/strong><\/h3>\n<p><img decoding=\"async\" src=\"https:\/\/gameladeshop.com\/wp-content\/uploads\/2025\/10\/1_w1000.webp\" sizes=\"(max-width: 600px) 300px, (max-width: 1200px) 400px, 500px\" srcset=\"https:\/\/gameladeshop.com\/wp-content\/uploads\/2025\/10\/1_w300.webp 300w, https:\/\/gameladeshop.com\/wp-content\/uploads\/2025\/10\/1_w400.webp 400w, https:\/\/gameladeshop.com\/wp-content\/uploads\/2025\/10\/1_w1000.webp 500w\" alt=\"\" \/><\/p>\n<p>Tr\u00f2 ch\u01a1i mang \u0111\u1ebfn m\u1ed9t tr\u1ea3i nghi\u1ec7m m\u00f4 ph\u1ecfng th\u1ea7n th\u00e1nh v\u00f4 c\u00f9ng s\u00e1ng t\u1ea1o, cho ph\u00e9p ng\u01b0\u1eddi ch\u01a1i h\u00f3a th\u00e2n th\u00e0nh m\u1ed9t v\u1ecb th\u1ea7n v\u1edbi quy\u1ec1n n\u0103ng t\u1ea1o d\u1ef1ng v\u00e0 ki\u1ec3m so\u00e1t to\u00e0n b\u1ed9 th\u1ebf gi\u1edbi ri\u00eang c\u1ee7a m\u00ecnh. T\u1eeb vi\u1ec7c thi\u1ebft k\u1ebf \u0111\u1ecba h\u00ecnh, \u0111i\u1ec1u ch\u1ec9nh kh\u00ed h\u1eadu, \u0111\u1ebfn vi\u1ec7c sinh s\u1ea3n c\u00e1c lo\u00e0i sinh v\u1eadt v\u00e0 qu\u1ea3n l\u00fd c\u00e1c n\u1ec1n v\u0103n minh, ng\u01b0\u1eddi ch\u01a1i ho\u00e0n to\u00e0n l\u00e0m ch\u1ee7 s\u1ed1 ph\u1eadn c\u1ee7a th\u1ebf gi\u1edbi m\u00e0 m\u00ecnh t\u1ea1o ra.<\/p>\n<p>Ng\u01b0\u1eddi ch\u01a1i c\u00f3 c\u01a1 h\u1ed9i kh\u00e1m ph\u00e1 s\u1ef1 s\u00e1ng t\u1ea1o v\u00f4 h\u1ea1n th\u00f4ng qua b\u1ed9 c\u00f4ng c\u1ee5 phong ph\u00fa, gi\u00fap h\u1ecd x\u00e2y d\u1ef1ng nhi\u1ec1u lo\u1ea1i \u0111\u1ecba h\u00ecnh kh\u00e1c nhau nh\u01b0 n\u00fai, \u0111\u1ed3ng b\u1eb1ng, sa m\u1ea1c, r\u1eebng r\u1eadm, \u0111\u1ed3ng th\u1eddi t\u00f9y ch\u1ec9nh c\u00e1c y\u1ebfu t\u1ed1 kh\u00ed h\u1eadu chi ti\u1ebft c\u1ee7a th\u1ebf gi\u1edbi.<\/p>\n<h3><strong>Nh\u1eefng t\u00ednh n\u0103ng n\u1ed5i b\u1eadt trong WorldBox \u2013 God Simulator:<\/strong><\/h3>\n<p><img decoding=\"async\" src=\"https:\/\/gameladeshop.com\/wp-content\/uploads\/2025\/10\/2_w1000.webp\" sizes=\"(max-width: 600px) 300px, (max-width: 1200px) 400px, 500px\" srcset=\"https:\/\/gameladeshop.com\/wp-content\/uploads\/2025\/10\/2_w300.webp 300w, https:\/\/gameladeshop.com\/wp-content\/uploads\/2025\/10\/2_w400.webp 400w, https:\/\/gameladeshop.com\/wp-content\/uploads\/2025\/10\/2_w1000.webp 500w\" alt=\"\" \/><\/p>\n<ul>\n<li>T\u1ea1o l\u1eadp th\u1ebf gi\u1edbi: Thi\u1ebft k\u1ebf \u0111\u1ecba h\u00ecnh, kh\u00ed h\u1eadu v\u00e0 m\u00f4i tr\u01b0\u1eddng s\u1ed1ng \u0111a d\u1ea1ng<\/li>\n<li>Qu\u1ea3n l\u00fd sinh v\u1eadt: T\u1ea1o ra nhi\u1ec1u lo\u00e0i \u0111\u1ed9ng v\u1eadt v\u00e0 c\u00e1c ch\u1ee7ng t\u1ed9c ng\u01b0\u1eddi nh\u01b0 con ng\u01b0\u1eddi, y\u00eau tinh, ng\u01b0\u1eddi l\u00f9n<\/li>\n<li>S\u1ee9c m\u1ea1nh th\u1ea7n th\u00e1nh: S\u1eed d\u1ee5ng c\u00e1c ph\u00e9p thu\u1eadt v\u00e0 g\u00e2y ra th\u1ea3m h\u1ecda thi\u00ean nhi\u00ean nh\u01b0 m\u01b0a, l\u1eeda, s\u1ea5m s\u00e9t, \u0111\u1ed9ng \u0111\u1ea5t, n\u00fai l\u1eeda<\/li>\n<li>Theo d\u00f5i n\u1ec1n v\u0103n minh: Quan s\u00e1t c\u00e1c ch\u1ee7ng t\u1ed9c x\u00e2y d\u1ef1ng v\u01b0\u01a1ng qu\u1ed1c, thu\u1ed9c \u0111\u1ecba v\u00e0 chi\u1ebfn tranh<\/li>\n<\/ul>\n<h3><strong>C\u01a1 Ch\u1ebf Gameplay \u0110a D\u1ea1ng. Game gi\u1edbi thi\u1ec7u nhi\u1ec1u y\u1ebfu t\u1ed1 gameplay h\u1ea5p d\u1eabn:<\/strong><\/h3>\n<p><img decoding=\"async\" src=\"https:\/\/gameladeshop.com\/wp-content\/uploads\/2025\/10\/3_w1000.webp\" sizes=\"(max-width: 600px) 300px, (max-width: 1200px) 400px, 500px\" srcset=\"https:\/\/gameladeshop.com\/wp-content\/uploads\/2025\/10\/3_w300.webp 300w, https:\/\/gameladeshop.com\/wp-content\/uploads\/2025\/10\/3_w400.webp 400w, https:\/\/gameladeshop.com\/wp-content\/uploads\/2025\/10\/3_w1000.webp 500w\" alt=\"\" \/><\/p>\n<ul>\n<li>T\u1ef1 do s\u00e1ng t\u1ea1o: Kh\u00f4ng b\u1ecb gi\u1edbi h\u1ea1n b\u1edfi nhi\u1ec7m v\u1ee5 hay t\u00e0i nguy\u00ean, cho ph\u00e9p s\u00e1ng t\u1ea1o t\u1ed1i \u0111a<\/li>\n<li>T\u1ed1c \u0111\u1ed9 th\u1eddi gian: C\u00f3 th\u1ec3 t\u0103ng t\u1ed1c \u0111\u1ed9 l\u00ean t\u1edbi 5x \u0111\u1ec3 quan s\u00e1t s\u1ef1 ph\u00e1t tri\u1ec3n c\u1ee7a th\u1ebf gi\u1edbi<\/li>\n<li>H\u1ec7 th\u1ed1ng th\u1eddi \u0111\u1ea1i: Th\u1ebf gi\u1edbi c\u00f3 th\u1ec3 tr\u1ea3i qua c\u00e1c \u201cth\u1eddi \u0111\u1ea1i\u201d kh\u00e1c nhau, \u1ea3nh h\u01b0\u1edfng \u0111\u1ebfn sinh v\u1eadt v\u00e0 m\u00f4i tr\u01b0\u1eddng<\/li>\n<li>T\u00f9y ch\u1ec9nh chi ti\u1ebft: C\u00f3 th\u1ec3 t\u00f9y ch\u1ec9nh bi\u1ec3u t\u01b0\u1ee3ng v\u00e0 bi\u1ec3u tr\u01b0ng c\u1ee7a c\u00e1c v\u01b0\u01a1ng qu\u1ed1c<\/li>\n<\/ul>\n<p>WorldBox \u2013 God Simulator c\u00f3 th\u1ec3 ch\u01a1i \u1edf ch\u1ebf \u0111\u1ed9 ngo\u1ea1i tuy\u1ebfn sau khi t\u1ea3i v\u1ec1, cho ph\u00e9p ng\u01b0\u1eddi ch\u01a1i kh\u00f4ng ph\u1ea3i k\u1ebft n\u1ed1i internet m\u1ecdi l\u00fac. \u0110\u1ec3 ch\u01a1i WorldBox \u2013 God Simulator \u1edf ch\u1ebf \u0111\u1ed9 offline, b\u1ea1n c\u1ea7n b\u1eadt t\u00ednh n\u0103ng offline mode tr\u00ean Steam tr\u01b0\u1edbc khi kh\u1edfi \u0111\u1ed9ng tr\u00f2 ch\u01a1i.<\/p>\n<ul>\n<li>Ch\u01a1i v\u00e0 c\u1eadp nh\u1eadt b\u1ea3n quy\u1ec1n Steam 100%, \u0111\u1ea3m b\u1ea3o tr\u1ea3i nghi\u1ec7m game \u0111\u1ea7y \u0111\u1ee7 t\u00ednh n\u0103ng v\u00e0 c\u1eadp nh\u1eadt li\u00ean t\u1ee5c<\/li>\n<li>Th\u1eddi h\u1ea1n s\u1eed d\u1ee5ng v\u0129nh vi\u1ec5n, kh\u00f4ng lo h\u1ebft h\u1ea1n hay m\u1ea5t t\u00e0i kho\u1ea3n<\/li>\n<li>Save game ri\u00eang, gi\u00fap b\u1ea1n l\u01b0u ti\u1ebfn \u0111\u1ed9 ch\u01a1i game m\u1ed9t c\u00e1ch an to\u00e0n<\/li>\n<li>C\u00f3 th\u1ec3 c\u00e0i \u0111\u1eb7t Mods v\u00e0 Vi\u1ec7t h\u00f3a, t\u00f9y ch\u1ec9nh tr\u1ea3i nghi\u1ec7m game theo \u00fd mu\u1ed1n<\/li>\n<li>\u0110\u01b0\u1ee3c h\u01b0\u1edbng d\u1eabn chi ti\u1ebft v\u00e0 b\u1ea3o h\u00e0nh trong su\u1ed1t qu\u00e1 tr\u00ecnh ch\u01a1i game<\/li>\n<\/ul>","protected":false},"excerpt":{"rendered":"<p>T\u00e0i kho\u1ea3n \u0111\u01b0\u1ee3c g\u1eedi v\u1ec1 Mail ngay sau khi thanh to\u00e1n T\u1ea3i v\u00e0 ch\u01a1i Game Tr\u1ef1c ti\u1ebfp \u1edf Steam, C\u00f3<\/p>","protected":false},"featured_media":22083,"comment_status":"open","ping_status":"closed","template":"","meta":[],"product_brand":[],"product_cat":[114,92],"product_tag":[],"class_list":{"0":"post-22082","1":"product","2":"type-product","3":"status-publish","4":"has-post-thumbnail","6":"product_cat-game-steam-ea-ubisoft","7":"product_cat-game-offline","9":"first","10":"instock","11":"sale","12":"downloadable","13":"virtual","14":"purchasable","15":"product-type-simple"},"_links":{"self":[{"href":"https:\/\/gameladeshop.com\/en\/wp-json\/wp\/v2\/product\/22082","targetHints":{"allow":["GET"]}}],"collection":[{"href":"https:\/\/gameladeshop.com\/en\/wp-json\/wp\/v2\/product"}],"about":[{"href":"https:\/\/gameladeshop.com\/en\/wp-json\/wp\/v2\/types\/product"}],"replies":[{"embeddable":true,"href":"https:\/\/gameladeshop.com\/en\/wp-json\/wp\/v2\/comments?post=22082"}],"version-history":[{"count":0,"href":"https:\/\/gameladeshop.com\/en\/wp-json\/wp\/v2\/product\/22082\/revisions"}],"wp:featuredmedia":[{"embeddable":true,"href":"https:\/\/gameladeshop.com\/en\/wp-json\/wp\/v2\/media\/22083"}],"wp:attachment":[{"href":"https:\/\/gameladeshop.com\/en\/wp-json\/wp\/v2\/media?parent=22082"}],"wp:term":[{"taxonomy":"product_brand","embeddable":true,"href":"https:\/\/gameladeshop.com\/en\/wp-json\/wp\/v2\/product_brand?post=22082"},{"taxonomy":"product_cat","embeddable":true,"href":"https:\/\/gameladeshop.com\/en\/wp-json\/wp\/v2\/product_cat?post=22082"},{"taxonomy":"product_tag","embeddable":true,"href":"https:\/\/gameladeshop.com\/en\/wp-json\/wp\/v2\/product_tag?post=22082"}],"curies":[{"name":"wp","href":"https:\/\/api.w.org\/{rel}","templated":true}]}}