{"id":22071,"date":"2025-07-19T06:12:33","date_gmt":"2025-07-19T06:12:33","guid":{"rendered":"https:\/\/gameladeshop.com\/?post_type=product&#038;p=22071"},"modified":"2025-07-25T10:52:59","modified_gmt":"2025-07-25T10:52:59","slug":"the-alters-deluxe-edition","status":"publish","type":"product","link":"https:\/\/gameladeshop.com\/en\/the-alters-deluxe-edition\/","title":{"rendered":"The Alters: Deluxe Edition"},"content":{"rendered":"<ul>\n<li aria-level=\"1\"><span style=\"font-size: 14pt;\">T\u00e0i kho\u1ea3n \u0111\u01b0\u1ee3c g\u1eedi v\u1ec1 Mail ngay sau khi thanh to\u00e1n<\/span><\/li>\n<li aria-level=\"1\"><span style=\"font-size: 14pt;\">T\u1ea3i v\u00e0 ch\u01a1i Game Tr\u1ef1c ti\u1ebfp \u1edf Steam, C\u00f3 Update<\/span><\/li>\n<li aria-level=\"1\"><span style=\"font-size: 14pt;\">Ch\u01a1i Offline v\u00e0 c\u00f3 Save Game ri\u00eang<\/span><\/li>\n<li aria-level=\"1\"><span style=\"font-size: 14pt;\">Ch\u01a1i v\u0129nh vi\u1ec5n kh\u00f4ng c\u00f3 th\u1eddi h\u1ea1n<\/span><\/li>\n<li aria-level=\"1\"><span style=\"font-size: 14pt;\">R\u1ebb h\u01a1n Steam h\u01a1n 90%, C\u1ed1t truy\u1ec7n Game \u0111\u1ea7y \u0111\u1ee7<\/span><\/li>\n<li aria-level=\"1\"><span style=\"font-size: 14pt;\">C\u00f3 th\u1ec3 c\u00e0i th\u00eam Trainer, Mod Game, Vi\u1ec7t H\u00f3a<\/span><\/li>\n<li aria-level=\"1\"><span style=\"font-size: 14pt;\">B\u1ea3o H\u00e0nh n\u1ebfu t\u00e0i kho\u1ea3n c\u00f3 l\u1ed7i<\/span><\/li>\n<li aria-level=\"1\"><span style=\"font-size: 14pt;\">H\u01b0\u1edbng d\u1eabn v\u00e0 b\u1ea3o h\u00e0nh su\u1ed1t qu\u00e1 tr\u00ecnh ch\u01a1i Game<\/span><\/li>\n<\/ul>\n<p>&nbsp;<\/p>\n<p data-start=\"71\" data-end=\"156\"><strong data-start=\"71\" data-end=\"156\">The Alters \u2013 Tr\u00f2 ch\u01a1i sinh t\u1ed3n khoa h\u1ecdc vi\u1ec5n t\u01b0\u1edfng v\u1edbi m\u1ed9t b\u01b0\u1edbc ngo\u1eb7t \u0111\u1ea7y \u0111\u1ed9c \u0111\u00e1o<\/strong><\/p>\n<p data-start=\"158\" data-end=\"490\"><em data-start=\"158\" data-end=\"170\">The Alters<\/em> l\u00e0 m\u1ed9t t\u1ef1a game sinh t\u1ed3n khoa h\u1ecdc vi\u1ec5n t\u01b0\u1edfng \u0111\u1ea7y tham v\u1ecdng v\u1edbi l\u1ed1i ch\u01a1i m\u1edbi l\u1ea1. B\u1ea1n s\u1ebd v\u00e0o vai <strong data-start=\"266\" data-end=\"280\">Jan Dolski<\/strong>, ng\u01b0\u1eddi s\u1ed1ng s\u00f3t duy nh\u1ea5t sau m\u1ed9t v\u1ee5 r\u01a1i t\u00e0u th\u1ea3m kh\u1ed1c tr\u00ean m\u1ed9t h\u00e0nh tinh \u0111\u1ea7y hi\u1ec3m nguy. \u0110\u1ec3 s\u1ed1ng s\u00f3t, Jan bu\u1ed9c ph\u1ea3i t\u1ea1o ra m\u1ed9t \u201cphi h\u00e0nh \u0111o\u00e0n m\u1edbi\u201d cho c\u0103n c\u1ee9 di \u0111\u1ed9ng c\u1ee7a m\u00ecnh \u2013 nh\u01b0ng b\u1eb1ng m\u1ed9t c\u00e1ch ch\u01b0a t\u1eebng c\u00f3.<\/p>\n<p data-start=\"158\" data-end=\"490\"><img decoding=\"async\" src=\"https:\/\/gameladeshop.com\/wp-content\/uploads\/2025\/07\/02_Alters_GIF.gif\" \/><\/p>\n<p data-start=\"492\" data-end=\"701\">S\u1eed d\u1ee5ng m\u1ed9t ch\u1ea5t b\u00ed \u1ea9n mang t\u00ean <strong data-start=\"524\" data-end=\"536\">Rapidium<\/strong>, b\u1ea1n s\u1ebd t\u1ea1o ra nh\u1eefng phi\u00ean b\u1ea3n thay th\u1ebf c\u1ee7a ch\u00ednh Jan \u2013 g\u1ecdi l\u00e0 <strong data-start=\"600\" data-end=\"614\">THE ALTERS<\/strong> \u2013 m\u1ed7i ng\u01b0\u1eddi l\u00e0 k\u1ebft qu\u1ea3 c\u1ee7a m\u1ed9t quy\u1ebft \u0111\u1ecbnh then ch\u1ed1t kh\u00e1c nhau trong qu\u00e1 kh\u1ee9 c\u1ee7a anh.<\/p>\n<p data-start=\"703\" data-end=\"887\">Khi b\u1ea1n l\u1ea7n l\u01b0\u1ee3t \u0111\u1ed1i m\u1eb7t v\u1edbi nh\u1eefng l\u1ef1a ch\u1ecdn sinh t\u1ed3n v\u00e0 \u0111\u1ea1o \u0111\u1ee9c, c\u1ed1t truy\u1ec7n ph\u00e2n nh\u00e1nh d\u1ea7n h\u00e9 l\u1ed9 nh\u1eefng m\u1ed1i quan h\u1ec7 s\u00e2u s\u1eafc gi\u1eefa c\u00e1c phi\u00ean b\u1ea3n Jan c\u00f9ng nh\u1eefng quy\u1ebft \u0111\u1ecbnh \u0111\u1ea7y th\u1eed th\u00e1ch.<\/p>\n<p data-start=\"703\" data-end=\"887\"><img decoding=\"async\" src=\"https:\/\/gameladeshop.com\/wp-content\/uploads\/2025\/07\/15_The_Emotional_SI-FI_story_GIF.gif\" \/><\/p>\n<p data-start=\"889\" data-end=\"1143\">Tr\u00f2 ch\u01a1i \u0111\u1ed3ng th\u1eddi \u0111\u1eb7t b\u1ea1n tr\u01b0\u1edbc m\u1ed9t trong nh\u1eefng c\u00e2u h\u1ecfi c\u1ed1t l\u00f5i c\u1ee7a cu\u1ed9c s\u1ed1ng: <strong data-start=\"969\" data-end=\"1052\">Li\u1ec7u ch\u00fang ta l\u00e0 ng\u01b0\u1eddi \u0111\u1ecbnh h\u00ecnh s\u1ed1 ph\u1eadn, hay ch\u00ednh s\u1ed1 ph\u1eadn \u0111\u1ecbnh h\u00ecnh ch\u00fang ta?<\/strong> Ch\u00ednh \u0111i\u1ec1u n\u00e0y khi\u1ebfn cu\u1ed9c h\u00e0nh tr\u00ecnh sinh t\u1ed3n c\u1ee7a b\u1ea1n tr\u1edf n\u00ean \u0111\u1ea7y t\u00ednh c\u00e1 nh\u00e2n v\u00e0 s\u00e2u s\u1eafc.<\/p>\n<p data-start=\"1145\" data-end=\"1516\">S\u1eed d\u1ee5ng m\u00e1y t\u00ednh l\u01b0\u1ee3ng t\u1eed tr\u00ean t\u00e0u, b\u1ea1n c\u00f3 th\u1ec3 m\u00f4 ph\u1ecfng nh\u1eefng k\u1ebft qu\u1ea3 kh\u00e1c nhau d\u1ef1a tr\u00ean c\u00e1c l\u1ef1a ch\u1ecdn qu\u00e1 kh\u1ee9 \u2013 t\u1eeb \u0111\u00f3 kh\u00e1m ph\u00e1 c\u00e1c l\u1ed1i r\u1ebd cu\u1ed9c \u0111\u1eddi kh\u00e1c nhau c\u1ee7a Jan. M\u1ed7i <strong data-start=\"1315\" data-end=\"1324\">Alter<\/strong> \u0111\u01b0\u1ee3c t\u1ea1o ra nh\u1edd Rapidium \u0111\u1ec1u s\u1edf h\u1eefu k\u1ef9 n\u0103ng ri\u00eang v\u00e0 c\u1ea3m x\u00fac ri\u00eang bi\u1ec7t. H\u1ecd v\u1eeba l\u00e0 c\u01a1 h\u1ed9i, v\u1eeba l\u00e0 th\u1eed th\u00e1ch khi b\u1ea1n ph\u1ea3i qu\u1ea3n l\u00fd nh\u1eefng xung \u0111\u1ed9t n\u1ed9i t\u00e2m v\u00e0 s\u1ef1 c\u00e2n b\u1eb1ng mong manh trong \u0111\u1ed9i ng\u0169.<\/p>\n<p data-start=\"1145\" data-end=\"1516\"><img decoding=\"async\" src=\"https:\/\/gameladeshop.com\/wp-content\/uploads\/2025\/07\/ALTERS_STEAMPAGE_GIF2_v5.gif\" \/><\/p>\n<p data-start=\"1518\" data-end=\"1866\">\u0110\u1ec3 v\u1eadn h\u00e0nh c\u0103n c\u1ee9 di \u0111\u1ed9ng, b\u1ea1n ph\u1ea3i m\u1ea1o hi\u1ec3m kh\u00e1m ph\u00e1 b\u1ec1 m\u1eb7t h\u00e0nh tinh, thu th\u1eadp t\u00e0i nguy\u00ean qu\u00fd gi\u00e1 nh\u01b0 kim lo\u1ea1i v\u00e0 h\u1ee3p ch\u1ea5t h\u1eefu c\u01a1. Nh\u01b0ng r\u1eddi kh\u1ecfi \u201cv\u00f9ng an to\u00e0n\u201d \u0111\u1ed3ng ngh\u0129a v\u1edbi vi\u1ec7c \u0111\u1ed1i m\u1eb7t v\u1edbi c\u00e1c d\u1ecb th\u1ec3 ch\u1ebft ng\u01b0\u1eddi, c\u00f9ng b\u1ee9c x\u1ea1 m\u1eb7t tr\u1eddi lu\u00f4n r\u00ecnh r\u1eadp. V\u00ec v\u1eady, h\u00e3y ch\u00fa \u00fd \u0111\u1ebfn chu k\u1ef3 ng\u00e0y \u2013 \u0111\u00eam trong game v\u00e0 l\u00ean k\u1ebf ho\u1ea1ch h\u1ee3p l\u00fd cho t\u1eebng ho\u1ea1t \u0111\u1ed9ng!<\/p>\n<p data-start=\"1868\" data-end=\"2109\">C\u00e2u chuy\u1ec7n trong <em data-start=\"1885\" data-end=\"1897\">The Alters<\/em> \u0111\u01b0\u1ee3c x\u00e2y d\u1ef1ng v\u1edbi nhi\u1ec1u l\u1ef1a ch\u1ecdn \u0111\u1ea1o \u0111\u1ee9c, l\u1ed1i \u0111i ph\u00e2n nh\u00e1nh v\u00e0 k\u1ebft th\u00fac \u0111a d\u1ea1ng. M\u1ed7i quy\u1ebft \u0111\u1ecbnh b\u1ea1n \u0111\u01b0a ra kh\u00f4ng ch\u1ec9 \u1ea3nh h\u01b0\u1edfng \u0111\u1ebfn m\u1ed1i quan h\u1ec7 gi\u1eefa Jan v\u00e0 c\u00e1c Alters m\u00e0 c\u00f2n \u0111\u1ecbnh h\u00ecnh to\u00e0n b\u1ed9 h\u00e0nh tr\u00ecnh sinh t\u1ed3n.<\/p>\n<p data-start=\"1868\" data-end=\"2109\"><img decoding=\"async\" src=\"https:\/\/gameladeshop.com\/wp-content\/uploads\/2025\/10\/08_Deadly_sun.webp\" \/><\/p>\n<p data-start=\"2111\" data-end=\"2532\">T\u00e0i nguy\u00ean thu th\u1eadp \u0111\u01b0\u1ee3c c\u00f3 th\u1ec3 s\u1eed d\u1ee5ng \u0111\u1ec3 ch\u1ebf t\u1ea1o v\u1eadt ph\u1ea9m ho\u1eb7c m\u1edf r\u1ed9ng c\u0103n c\u1ee9 v\u1edbi c\u00e1c m\u00f4-\u0111un nh\u01b0 <strong data-start=\"2210\" data-end=\"2230\">Ph\u00f2ng Nghi\u00ean c\u1ee9u<\/strong> ho\u1eb7c <strong data-start=\"2236\" data-end=\"2262\">Ph\u00f2ng Giao ti\u1ebfp X\u00e3 h\u1ed9i<\/strong>. Tuy nhi\u00ean, s\u1ebd c\u00f3 l\u00fac b\u1ea1n ph\u1ea3i l\u1ef1a ch\u1ecdn gi\u1eefa vi\u1ec7c ch\u1ebf t\u1ea1o v\u1eadt ph\u1ea9m h\u1ed7 tr\u1ee3 cho m\u1ed9t Alter c\u1ee5 th\u1ec3, ho\u1eb7c nh\u1eefng thi\u1ebft b\u1ecb ph\u1ee5c v\u1ee5 cho nhi\u1ec7m v\u1ee5 chung \u2013 nh\u01b0 m\u00e1y d\u00f2 d\u1ecb th\u1ec3 hay b\u1ed9 l\u1ecdc b\u1ee9c x\u1ea1. G\u00e1nh n\u1eb7ng l\u1ef1a ch\u1ecdn s\u1ebd lu\u00f4n \u0111\u1eb7t l\u00ean vai b\u1ea1n, v\u00ec kh\u00f4ng th\u1ec3 l\u00e0m h\u00e0i l\u00f2ng t\u1ea5t c\u1ea3 m\u1ecdi ng\u01b0\u1eddi.<\/p>\n<p data-start=\"2111\" data-end=\"2532\"><img decoding=\"async\" src=\"https:\/\/gameladeshop.com\/wp-content\/uploads\/2025\/07\/10_Branching_Storylines_GIF.gif\" \/><\/p>\n<p data-start=\"2534\" data-end=\"3094\">H\u00e0nh tinh n\u01a1i Jan r\u01a1i xu\u1ed1ng c\u00f3 nhi\u1ec1u v\u00f9ng sinh th\u00e1i \u0111\u1eb7c bi\u1ec7t, ch\u1ee9a \u0111\u1ef1ng nh\u1eefng b\u00ed \u1ea9n ch\u01b0a \u0111\u01b0\u1ee3c kh\u00e1m ph\u00e1. Th\u1ebf nh\u01b0ng, nh\u1eefng d\u1ecb th\u1ec3 nguy hi\u1ec3m lu\u00f4n r\u00ecnh r\u1eadp: t\u1eeb c\u00e1c kh\u1ed1i \u0111\u00e1 l\u01a1 l\u1eedng \u0111\u1ebfn c\u00e1c hi\u1ec7n t\u01b0\u1ee3ng th\u1ef1c t\u1ea1i m\u00e9o m\u00f3. M\u1ed9t s\u1ed1 d\u1ecb th\u1ec3 ch\u1ec9 c\u00f3 th\u1ec3 ph\u00e1t hi\u1ec7n b\u1eb1ng thi\u1ebft b\u1ecb \u0111\u1eb7c bi\u1ec7t, nh\u01b0ng d\u00f9 th\u1ebf n\u00e0o, b\u1ea1n c\u0169ng ph\u1ea3i lu\u00f4n c\u1ea9n tr\u1ecdng \u2013 b\u1edfi ch\u1ec9 m\u1ed9t sai s\u00f3t nh\u1ecf c\u00f3 th\u1ec3 d\u1eabn \u0111\u1ebfn t\u1eed vong ngay l\u1eadp t\u1ee9c, b\u1ecb th\u01b0\u01a1ng do b\u1ee9c x\u1ea1, ho\u1eb7c th\u1eadm ch\u00ed l\u00e0 s\u1ef1 tan r\u00e3 c\u1ee7a kh\u00f4ng \u2013 th\u1eddi gian. \u0110\u1eb7c bi\u1ec7t, \u0111\u1eebng li\u1ec1u m\u00ecnh kh\u00e1m ph\u00e1 v\u00e0o th\u1eddi \u0111i\u1ec3m b\u1ee9c x\u1ea1 m\u1ea1nh \u2013 khi m\u00e0 b\u1ed9 \u0111\u1ed3 b\u1ea3o h\u1ed9 c\u0169ng kh\u00f4ng th\u1ec3 b\u1ea3o v\u1ec7 b\u1ea1n!<\/p>\n<p data-start=\"2534\" data-end=\"3094\"><img decoding=\"async\" src=\"https:\/\/gameladeshop.com\/wp-content\/uploads\/2025\/07\/12_Expand_your_base_GIF.gif\" \/><\/p>\n<p data-start=\"3096\" data-end=\"3413\">Trong <em data-start=\"3102\" data-end=\"3114\">The Alters<\/em>, Jan Dolski s\u1ebd ph\u1ea3i \u0111\u1ed1i m\u1eb7t v\u1edbi c\u00e2u h\u1ecfi mu\u00f4n thu\u1edf: <strong data-start=\"3166\" data-end=\"3197\">&#8220;\u0110i\u1ec1u g\u00ec s\u1ebd x\u1ea3y ra n\u1ebfu&#8230;?&#8221;<\/strong> \u2013 th\u00f4ng qua ch\u00ednh nh\u1eefng phi\u00ean b\u1ea3n thay th\u1ebf c\u1ee7a b\u1ea3n th\u00e2n. \u0110i\u1ec1u n\u00e0y khi\u1ebfn cu\u1ed9c h\u00e0nh tr\u00ecnh c\u1ee7a anh tr\u1edf n\u00ean n\u1eb7ng n\u1ec1 h\u01a1n bao gi\u1edd h\u1ebft, khi t\u1eebng l\u1ef1a ch\u1ecdn d\u00f9 nh\u1ecf nh\u1ea5t c\u0169ng c\u00f3 th\u1ec3 \u1ea3nh h\u01b0\u1edfng tr\u1ef1c ti\u1ebfp \u0111\u1ebfn s\u1ef1 s\u1ed1ng c\u00f2n c\u1ee7a anh.<\/p>\n<p data-start=\"3415\" data-end=\"3499\"><strong data-start=\"3415\" data-end=\"3499\">The Alters \u2013 n\u01a1i nh\u1eefng c\u00e2u h\u1ecfi tr\u0103n tr\u1edf nh\u1ea5t c\u1ee7a cu\u1ed9c s\u1ed1ng \u0111\u01b0\u1ee3c \u0111\u1eb7t l\u00ean b\u00e0n c\u00e2n.<\/strong><\/p>\n<p data-start=\"3415\" data-end=\"3499\"><img decoding=\"async\" src=\"https:\/\/gameladeshop.com\/wp-content\/uploads\/2025\/07\/ALTERS_STEAMPAGE_GIF6_V2.gif\" \/><\/p>\n<p>&nbsp;<\/p>","protected":false},"excerpt":{"rendered":"<p>T\u00e0i kho\u1ea3n \u0111\u01b0\u1ee3c g\u1eedi v\u1ec1 Mail ngay sau khi thanh to\u00e1n T\u1ea3i v\u00e0 ch\u01a1i Game Tr\u1ef1c ti\u1ebfp \u1edf Steam, C\u00f3<\/p>","protected":false},"featured_media":22073,"comment_status":"open","ping_status":"closed","template":"","meta":[],"product_brand":[],"product_cat":[114,92],"product_tag":[],"class_list":{"0":"post-22071","1":"product","2":"type-product","3":"status-publish","4":"has-post-thumbnail","6":"product_cat-game-steam-ea-ubisoft","7":"product_cat-game-offline","9":"first","10":"instock","11":"sale","12":"downloadable","13":"virtual","14":"purchasable","15":"product-type-simple"},"_links":{"self":[{"href":"https:\/\/gameladeshop.com\/en\/wp-json\/wp\/v2\/product\/22071","targetHints":{"allow":["GET"]}}],"collection":[{"href":"https:\/\/gameladeshop.com\/en\/wp-json\/wp\/v2\/product"}],"about":[{"href":"https:\/\/gameladeshop.com\/en\/wp-json\/wp\/v2\/types\/product"}],"replies":[{"embeddable":true,"href":"https:\/\/gameladeshop.com\/en\/wp-json\/wp\/v2\/comments?post=22071"}],"version-history":[{"count":0,"href":"https:\/\/gameladeshop.com\/en\/wp-json\/wp\/v2\/product\/22071\/revisions"}],"wp:featuredmedia":[{"embeddable":true,"href":"https:\/\/gameladeshop.com\/en\/wp-json\/wp\/v2\/media\/22073"}],"wp:attachment":[{"href":"https:\/\/gameladeshop.com\/en\/wp-json\/wp\/v2\/media?parent=22071"}],"wp:term":[{"taxonomy":"product_brand","embeddable":true,"href":"https:\/\/gameladeshop.com\/en\/wp-json\/wp\/v2\/product_brand?post=22071"},{"taxonomy":"product_cat","embeddable":true,"href":"https:\/\/gameladeshop.com\/en\/wp-json\/wp\/v2\/product_cat?post=22071"},{"taxonomy":"product_tag","embeddable":true,"href":"https:\/\/gameladeshop.com\/en\/wp-json\/wp\/v2\/product_tag?post=22071"}],"curies":[{"name":"wp","href":"https:\/\/api.w.org\/{rel}","templated":true}]}}