{"id":21985,"date":"2025-07-17T05:49:37","date_gmt":"2025-07-17T05:49:37","guid":{"rendered":"https:\/\/gameladeshop.com\/?post_type=product&#038;p=21985"},"modified":"2025-08-04T01:59:26","modified_gmt":"2025-08-04T01:59:26","slug":"animal-revolt-battle-simulator","status":"publish","type":"product","link":"https:\/\/gameladeshop.com\/en\/animal-revolt-battle-simulator\/","title":{"rendered":"Animal Revolt Battle Simulator"},"content":{"rendered":"<ul>\n<li aria-level=\"1\"><span style=\"font-size: 14pt;\">T\u00e0i kho\u1ea3n \u0111\u01b0\u1ee3c g\u1eedi v\u1ec1 Mail ngay sau khi thanh to\u00e1n<\/span><\/li>\n<li aria-level=\"1\"><span style=\"font-size: 14pt;\">T\u1ea3i v\u00e0 ch\u01a1i Game Tr\u1ef1c ti\u1ebfp \u1edf Steam, C\u00f3 Update<\/span><\/li>\n<li aria-level=\"1\"><span style=\"font-size: 14pt;\">Ch\u01a1i Offline v\u00e0 c\u00f3 Save Game ri\u00eang<\/span><\/li>\n<li aria-level=\"1\"><span style=\"font-size: 14pt;\">Ch\u01a1i v\u0129nh vi\u1ec5n kh\u00f4ng c\u00f3 th\u1eddi h\u1ea1n<\/span><\/li>\n<li aria-level=\"1\"><span style=\"font-size: 14pt;\">R\u1ebb h\u01a1n Steam h\u01a1n 90%, C\u1ed1t truy\u1ec7n Game \u0111\u1ea7y \u0111\u1ee7<\/span><\/li>\n<li aria-level=\"1\"><span style=\"font-size: 14pt;\">C\u00f3 th\u1ec3 c\u00e0i th\u00eam Trainer, Mod Game, Vi\u1ec7t H\u00f3a<\/span><\/li>\n<li aria-level=\"1\"><span style=\"font-size: 14pt;\">B\u1ea3o H\u00e0nh n\u1ebfu t\u00e0i kho\u1ea3n c\u00f3 l\u1ed7i<\/span><\/li>\n<li aria-level=\"1\"><span style=\"font-size: 14pt;\">H\u01b0\u1edbng d\u1eabn v\u00e0 b\u1ea3o h\u00e0nh su\u1ed1t qu\u00e1 tr\u00ecnh ch\u01a1i Game<\/span><\/li>\n<\/ul>\n<p><img decoding=\"async\" src=\"https:\/\/gameladeshop.com\/wp-content\/uploads\/2025\/07\/Battle.gif\" \/><\/p>\n<h3 data-start=\"145\" data-end=\"201\">\ud83d\uddfa\ufe0f T\u1ef1 tay x\u00e2y b\u1ea3n \u0111\u1ed3 ho\u1eb7c ch\u1ecdn t\u1eeb kho b\u1ea3n \u0111\u1ed3 c\u00f3 s\u1eb5n<\/h3>\n<p data-start=\"203\" data-end=\"324\">T\u1ea1o n\u00ean nh\u1eefng chi\u1ebfn tr\u01b0\u1eddng \u0111\u1ed9c \u0111\u00e1o theo phong c\u00e1ch c\u1ee7a b\u1ea1n, ho\u1eb7c lao ngay v\u00e0o h\u00e0nh \u0111\u1ed9ng v\u1edbi c\u00e1c b\u1ea3n \u0111\u1ed3 \u0111\u01b0\u1ee3c thi\u1ebft k\u1ebf s\u1eb5n.<\/p>\n<hr data-start=\"326\" data-end=\"329\" \/>\n<h3 data-start=\"331\" data-end=\"383\">\u2694\ufe0f T\u1ed1i \u0111a 7 \u0111\u1ed9i qu\u00e2n \u2013 1 tr\u1eadn chi\u1ebfn ho\u00e0nh tr\u00e1ng!<\/h3>\n<p data-start=\"385\" data-end=\"611\">Tri\u1ec3n khai t\u1ed1i \u0111a <strong data-start=\"403\" data-end=\"422\">b\u1ea3y phe \u0111\u1ed1i \u0111\u1ea7u<\/strong>, m\u1ed7i phe g\u1ed3m nh\u1eefng sinh v\u1eadt qu\u00e1i d\u1ecb kh\u00e1c nhau v\u00e0 ch\u1ee9ng ki\u1ebfn m\u00e0n h\u1ed7n chi\u1ebfn kh\u00f4ng khoan nh\u01b0\u1ee3ng!<br data-start=\"516\" data-end=\"519\" \/>Ho\u1eb7c nh\u1ea3y v\u00e0o tr\u1eadn \u0111\u1ea5u \u1edf <strong data-start=\"544\" data-end=\"572\">ch\u1ebf \u0111\u1ed9 g\u00f3c nh\u00ecn th\u1ee9 nh\u1ea5t<\/strong>, c\u1ea7m s\u00fang v\u00e0 t\u1ef1 tay ti\u00eau di\u1ec7t k\u1ebb \u0111\u1ecbch!<\/p>\n<hr data-start=\"613\" data-end=\"616\" \/>\n<h3 data-start=\"618\" data-end=\"670\"><img decoding=\"async\" src=\"https:\/\/gameladeshop.com\/wp-content\/uploads\/2025\/07\/UnitCreator.gif\" \/><\/h3>\n<h3 data-start=\"618\" data-end=\"670\">\ud83d\udc32 H\u01a1n 70 lo\u00e0i qu\u00e1i v\u1eadt \u2013 c\u1eadp nh\u1eadt th\u01b0\u1eddng xuy\u00ean!<\/h3>\n<p data-start=\"672\" data-end=\"763\">L\u1ef1a ch\u1ecdn t\u1eeb h\u01a1n <strong data-start=\"688\" data-end=\"711\">70 sinh v\u1eadt \u0111\u1ed9c \u0111\u00e1o<\/strong>, v\u1edbi nhi\u1ec1u lo\u00e0i m\u1edbi \u0111\u01b0\u1ee3c b\u1ed5 sung <strong data-start=\"745\" data-end=\"762\">c\u1ee9 m\u1ed7i 2 tu\u1ea7n<\/strong>!<\/p>\n<hr data-start=\"765\" data-end=\"768\" \/>\n<h3 data-start=\"770\" data-end=\"801\">\ud83e\uddec T\u1ea1o qu\u00e1i v\u1eadt theo \u00fd b\u1ea1n!<\/h3>\n<ul data-start=\"803\" data-end=\"994\">\n<li data-start=\"803\" data-end=\"875\">\n<p data-start=\"805\" data-end=\"875\">T\u00f9y bi\u1ebfn qu\u00e1i v\u1eadt b\u1eb1ng c\u00e1ch k\u1ebft h\u1ee3p <strong data-start=\"841\" data-end=\"875\">nhi\u1ec1u b\u1ed9 ph\u1eadn c\u01a1 th\u1ec3 kh\u00e1c nhau<\/strong><\/p>\n<\/li>\n<li data-start=\"876\" data-end=\"918\">\n<p data-start=\"878\" data-end=\"918\"><strong data-start=\"878\" data-end=\"897\">G\u1eafn th\u00eam v\u0169 kh\u00ed<\/strong> cho sinh v\u1eadt c\u1ee7a b\u1ea1n<\/p>\n<\/li>\n<li data-start=\"919\" data-end=\"994\">\n<p data-start=\"921\" data-end=\"994\">G\u1eafn <strong data-start=\"925\" data-end=\"961\">b\u1ea5t k\u1ef3 b\u1ed9 ph\u1eadn n\u00e0o, \u1edf b\u1ea5t c\u1ee9 \u0111\u00e2u<\/strong> \u2013 t\u1ef1 do s\u00e1ng t\u1ea1o kh\u00f4ng gi\u1edbi h\u1ea1n!<\/p>\n<\/li>\n<\/ul>\n<hr data-start=\"996\" data-end=\"999\" \/>\n<h3 data-start=\"1001\" data-end=\"1039\">\ud83c\udf0d Kho n\u1ed9i dung c\u1ed9ng \u0111\u1ed3ng kh\u1ed5ng l\u1ed3<\/h3>\n<ul data-start=\"1041\" data-end=\"1209\">\n<li data-start=\"1041\" data-end=\"1145\">\n<p data-start=\"1043\" data-end=\"1145\"><strong data-start=\"1043\" data-end=\"1053\">T\u1ea3i v\u1ec1<\/strong> h\u00e0ng lo\u1ea1t qu\u00e1i v\u1eadt, b\u1ea3n \u0111\u1ed3 v\u00e0 c\u00f4ng tr\u00ecnh do ng\u01b0\u1eddi ch\u01a1i kh\u00e1c chia s\u1ebb tr\u00ean <strong data-start=\"1127\" data-end=\"1145\">Steam Workshop<\/strong><\/p>\n<\/li>\n<li data-start=\"1146\" data-end=\"1209\">\n<p data-start=\"1148\" data-end=\"1209\"><strong data-start=\"1148\" data-end=\"1159\">Chia s\u1ebb<\/strong> s\u00e1ng t\u1ea1o c\u1ee7a b\u1ea1n cho c\u1ea3 th\u1ebf gi\u1edbi c\u00f9ng tr\u1ea3i nghi\u1ec7m<\/p>\n<\/li>\n<\/ul>\n<hr data-start=\"1211\" data-end=\"1214\" \/>\n<h3 data-start=\"1216\" data-end=\"1268\">\ud83e\udde0 Th\u1eed th\u00e1ch chi\u1ebfn thu\u1eadt trong ch\u1ebf \u0111\u1ed9 Chi\u1ebfn D\u1ecbch<\/h3>\n<p data-start=\"1270\" data-end=\"1474\">Ch\u1ecdn \u0111\u00fang \u0111\u1ed9i qu\u00e2n, s\u1eafp x\u1ebfp h\u1ee3p l\u00fd v\u00e0 \u0111i\u1ec1u khi\u1ec3n th\u00f4ng minh \u0111\u1ec3 gi\u00e0nh chi\u1ebfn th\u1eafng.<br data-start=\"1351\" data-end=\"1354\" \/><strong data-start=\"1354\" data-end=\"1390\">Gi\u00e1 ti\u1ec1n kh\u00f4ng quy\u1ebft \u0111\u1ecbnh t\u1ea5t c\u1ea3<\/strong> \u2013 m\u1ed7i \u0111\u01a1n v\u1ecb \u0111\u1ec1u c\u00f3 \u0111i\u1ec3m m\u1ea1nh, \u0111i\u1ec3m y\u1ebfu ri\u00eang. Khai th\u00e1c ch\u00fang \u0111\u1ec3 l\u00e0m ch\u1ee7 tr\u1eadn \u0111\u1ea5u!<\/p>","protected":false},"excerpt":{"rendered":"<p>T\u00e0i kho\u1ea3n \u0111\u01b0\u1ee3c g\u1eedi v\u1ec1 Mail ngay sau khi thanh to\u00e1n T\u1ea3i v\u00e0 ch\u01a1i Game Tr\u1ef1c ti\u1ebfp \u1edf Steam, C\u00f3<\/p>","protected":false},"featured_media":21989,"comment_status":"open","ping_status":"closed","template":"","meta":[],"product_brand":[],"product_cat":[114,92],"product_tag":[],"class_list":{"0":"post-21985","1":"product","2":"type-product","3":"status-publish","4":"has-post-thumbnail","6":"product_cat-game-steam-ea-ubisoft","7":"product_cat-game-offline","9":"first","10":"instock","11":"sale","12":"downloadable","13":"virtual","14":"purchasable","15":"product-type-simple"},"_links":{"self":[{"href":"https:\/\/gameladeshop.com\/en\/wp-json\/wp\/v2\/product\/21985","targetHints":{"allow":["GET"]}}],"collection":[{"href":"https:\/\/gameladeshop.com\/en\/wp-json\/wp\/v2\/product"}],"about":[{"href":"https:\/\/gameladeshop.com\/en\/wp-json\/wp\/v2\/types\/product"}],"replies":[{"embeddable":true,"href":"https:\/\/gameladeshop.com\/en\/wp-json\/wp\/v2\/comments?post=21985"}],"version-history":[{"count":0,"href":"https:\/\/gameladeshop.com\/en\/wp-json\/wp\/v2\/product\/21985\/revisions"}],"wp:featuredmedia":[{"embeddable":true,"href":"https:\/\/gameladeshop.com\/en\/wp-json\/wp\/v2\/media\/21989"}],"wp:attachment":[{"href":"https:\/\/gameladeshop.com\/en\/wp-json\/wp\/v2\/media?parent=21985"}],"wp:term":[{"taxonomy":"product_brand","embeddable":true,"href":"https:\/\/gameladeshop.com\/en\/wp-json\/wp\/v2\/product_brand?post=21985"},{"taxonomy":"product_cat","embeddable":true,"href":"https:\/\/gameladeshop.com\/en\/wp-json\/wp\/v2\/product_cat?post=21985"},{"taxonomy":"product_tag","embeddable":true,"href":"https:\/\/gameladeshop.com\/en\/wp-json\/wp\/v2\/product_tag?post=21985"}],"curies":[{"name":"wp","href":"https:\/\/api.w.org\/{rel}","templated":true}]}}