{"id":21902,"date":"2025-07-15T08:09:04","date_gmt":"2025-07-15T08:09:04","guid":{"rendered":"https:\/\/gameladeshop.com\/?post_type=product&#038;p=21902"},"modified":"2025-11-07T03:06:10","modified_gmt":"2025-11-07T03:06:10","slug":"wuchang-fallen-feathers-deluxe-edition","status":"publish","type":"product","link":"https:\/\/gameladeshop.com\/en\/wuchang-fallen-feathers-deluxe-edition\/","title":{"rendered":"Wuchang: Fallen Feathers Deluxe Edition Vi\u1ec7t H\u00f3a TK Steam Offline"},"content":{"rendered":"<ul>\n<li aria-level=\"1\"><span style=\"font-size: 14pt;\">T\u00e0i kho\u1ea3n \u0111\u01b0\u1ee3c g\u1eedi v\u1ec1 Mail ngay sau khi thanh to\u00e1n<\/span><\/li>\n<li aria-level=\"1\"><span style=\"font-size: 14pt;\">T\u1ea3i v\u00e0 ch\u01a1i Game Tr\u1ef1c ti\u1ebfp \u1edf Steam, C\u00f3 Update<\/span><\/li>\n<li aria-level=\"1\"><span style=\"font-size: 14pt;\">Ch\u01a1i Offline v\u00e0 c\u00f3 Save Game ri\u00eang<\/span><\/li>\n<li aria-level=\"1\"><span style=\"font-size: 14pt;\">Ch\u01a1i v\u0129nh vi\u1ec5n kh\u00f4ng c\u00f3 th\u1eddi h\u1ea1n<\/span><\/li>\n<li aria-level=\"1\"><span style=\"font-size: 14pt;\">R\u1ebb h\u01a1n Steam h\u01a1n 90%, C\u1ed1t truy\u1ec7n Game \u0111\u1ea7y \u0111\u1ee7<\/span><\/li>\n<li aria-level=\"1\"><span style=\"font-size: 14pt;\">C\u00f3 th\u1ec3 c\u00e0i th\u00eam Trainer, Mod Game, Vi\u1ec7t H\u00f3a<\/span><\/li>\n<li aria-level=\"1\"><span style=\"font-size: 14pt;\">B\u1ea3o H\u00e0nh n\u1ebfu t\u00e0i kho\u1ea3n c\u00f3 l\u1ed7i<\/span><\/li>\n<li aria-level=\"1\"><span style=\"font-size: 14pt;\">H\u01b0\u1edbng d\u1eabn v\u00e0 b\u1ea3o h\u00e0nh su\u1ed1t qu\u00e1 tr\u00ecnh ch\u01a1i Game<\/span><\/li>\n<\/ul>\n<p><img decoding=\"async\" src=\"https:\/\/gameladeshop.com\/wp-content\/uploads\/2025\/07\/Wuchang-Logo-EN.gif\" \/><\/p>\n<p data-start=\"0\" data-end=\"266\"><strong data-start=\"0\" data-end=\"28\">WUCHANG: Fallen Feathers<\/strong> l\u00e0 m\u1ed9t game h\u00e0nh \u0111\u1ed9ng nh\u1eadp vai mang phong c\u00e1ch Soulslike, l\u1ea5y b\u1ed1i c\u1ea3nh t\u1ea1i v\u00f9ng \u0111\u1ea5t Th\u1ee5c v\u00e0o giai \u0111o\u1ea1n u \u00e1m v\u00e0 h\u1ed7n lo\u1ea1n cu\u1ed1i tri\u1ec1u \u0111\u1ea1i nh\u00e0 Minh, n\u01a1i b\u1ecb t\u00e0n ph\u00e1 b\u1edfi c\u00e1c phe ph\u00e1i \u0111\u1ed1i \u0111\u1ea7u v\u00e0 m\u1ed9t c\u0103n b\u1ec7nh b\u00ed \u1ea9n t\u1ea1o ra nh\u1eefng sinh v\u1eadt qu\u00e1i d\u1ecb.<\/p>\n<p data-start=\"0\" data-end=\"266\"><img decoding=\"async\" src=\"https:\/\/gameladeshop.com\/wp-content\/uploads\/2025\/07\/WUCHANG_GIF-5_600x200.gif\" \/><\/p>\n<p data-start=\"268\" data-end=\"851\">B\u1ea1n s\u1ebd nh\u1eadp vai Wuchang \u2014 m\u1ed9t n\u1eef chi\u1ebfn binh c\u01b0\u1edbp bi\u1ec3n t\u00e0i gi\u1ecfi nh\u01b0ng b\u1ecb m\u1ea5t tr\u00ed nh\u1edb \u2014 ph\u1ea3i t\u00ecm c\u00e1ch \u0111\u1ed1i m\u1eb7t v\u1edbi qu\u00e1 kh\u1ee9 m\u1edd m\u1ecbt c\u1ee7a m\u00ecnh trong khi \u0111ang b\u1ecb c\u0103n b\u1ec7nh l\u00f4ng v\u0169 kinh ho\u00e0ng h\u00e0nh h\u1ea1. Kh\u00e1m ph\u00e1 v\u00f9ng \u0111\u1ea5t Th\u1ee5c s\u00e2u th\u1eb3m, n\u00e2ng c\u1ea5p kho v\u0169 kh\u00ed v\u00e0 h\u1ecdc h\u1ecfi c\u00e1c k\u1ef9 n\u0103ng m\u1edbi t\u1eeb nh\u1eefng k\u1ebb th\u00f9 b\u1ecb h\u1ea1 g\u1ee5c. Ph\u00e1t tri\u1ec3n phong c\u00e1ch chi\u1ebfn \u0111\u1ea5u c\u1ee7a b\u1ea1n b\u1eb1ng c\u00e1ch hy sinh Th\u1ee7y Ng\u00e2n \u0110\u1ecf qu\u00fd hi\u1ebfm v\u00e0 ti\u1ebfp t\u1ee5c m\u1edf kh\u00f3a c\u00e1c k\u1ef9 thu\u1eadt m\u1edbi tr\u00ean h\u00e0nh tr\u00ecnh \u0111\u1ea7y h\u00e0nh \u0111\u1ed9ng. T\u0103ng c\u01b0\u1eddng s\u1ee9c m\u1ea1nh cho c\u00e1c lo\u1ea1i v\u0169 kh\u00ed b\u1eb1ng nh\u1eefng b\u00f9a ph\u00e9p \u0111\u1eb7c bi\u1ec7t, cho ph\u00e9p b\u1ea1n t\u1ea1o n\u00ean phong c\u00e1ch chi\u1ebfn \u0111\u1ea5u v\u00e0 chi\u1ebfn l\u01b0\u1ee3c ri\u00eang bi\u1ec7t.<\/p>\n<p data-start=\"268\" data-end=\"851\"><img decoding=\"async\" src=\"https:\/\/gameladeshop.com\/wp-content\/uploads\/2025\/07\/WUCHANG_GIF-1_600x200.gif\" \/><\/p>\n<p data-start=\"853\" data-end=\"1310\">Chi\u1ebfn \u0111\u1ea5u v\u1edbi nh\u1eefng sinh v\u1eadt qu\u00e1i \u0111\u1ea3n, khai th\u00e1c tri th\u1ee9c c\u1ed5 x\u01b0a \u0111\u1ec3 ch\u1ed1ng l\u1ea1i b\u00f3ng t\u1ed1i \u0111ang lan r\u1ed9ng v\u00e0 \u0111e d\u1ecda ph\u1ea7n nh\u00e2n t\u00ednh c\u00f2n s\u00f3t l\u1ea1i. Cu\u1ed9c h\u00e0nh tr\u00ecnh t\u00ecm ki\u1ebfm s\u1ef1 th\u1eadt s\u1ebd \u0111\u01b0a b\u1ea1n qua c\u00e1c ng\u00f4i \u0111\u1ec1n b\u1ecb l\u00e3ng qu\u00ean, nh\u1eefng t\u00e0n t\u00edch ph\u1ee7 \u0111\u1ea7y d\u00e2y leo v\u00e0 nh\u1eefng con \u0111\u01b0\u1eddng t\u0103m t\u1ed1i \u0111\u1ea7y r\u1eaby hi\u1ec3m nguy. Khi b\u1ea1n d\u1ea7n kh\u00e1m ph\u00e1 k\u00fd \u1ee9c b\u1ecb \u0111\u00e1nh m\u1ea5t c\u1ee7a Wuchang, c\u00e1c l\u1ef1a ch\u1ecdn c\u1ee7a b\u1ea1n \u2014 nh\u1eefng b\u00ed m\u1eadt b\u1ea1n kh\u00e1m ph\u00e1 v\u00e0 \u0111\u1ed3ng minh b\u1ea1n tin t\u01b0\u1edfng \u2014 s\u1ebd d\u1eabn \u0111\u1ebfn nhi\u1ec1u k\u1ebft th\u00fac kh\u00e1c nhau.<\/p>\n<p data-start=\"853\" data-end=\"1310\"><img decoding=\"async\" src=\"https:\/\/gameladeshop.com\/wp-content\/uploads\/2025\/07\/WUCHANG_GIF-2_600x200.gif\" \/><\/p>\n<p data-start=\"1312\" data-end=\"1644\" data-is-last-node=\"\" data-is-only-node=\"\">H\u00e3y \u0111\u1eafm m\u00ecnh trong c\u1ed1t truy\u1ec7n s\u00e2u s\u1eafc, h\u1ec7 th\u1ed1ng chi\u1ebfn \u0111\u1ea5u linh ho\u1ea1t v\u00e0 \u0111\u1ed3 h\u1ecda tuy\u1ec7t \u0111\u1eb9p, mang \u0111\u1ebfn m\u1ed9t cu\u1ed9c phi\u00eau l\u01b0u kh\u00f4ng th\u1ec3 n\u00e0o qu\u00ean qua v\u00f9ng \u0111\u1ea5t ng\u1eadp tr\u00e0n h\u1ed7n lo\u1ea1n v\u00e0 c\u00e1i ch\u1ebft. Li\u1ec7u b\u1ea1n c\u00f3 th\u1ec3 v\u00e9n m\u00e0n l\u1eddi nguy\u1ec1n c\u1ee7a Wuchang v\u00e0 \u0111em l\u1ea1i h\u00f2a b\u00ecnh cho Th\u1ee5c, hay s\u1ebd b\u1ecb b\u00f3ng t\u1ed1i nu\u1ed1t ch\u1eedng? S\u1ed1 ph\u1eadn c\u1ee7a v\u00f9ng \u0111\u1ea5t n\u00e0y n\u1eb1m trong tay b\u1ea1n.<\/p>\n<p data-start=\"1312\" data-end=\"1644\" data-is-last-node=\"\" data-is-only-node=\"\"><img decoding=\"async\" src=\"https:\/\/gameladeshop.com\/wp-content\/uploads\/2025\/07\/WUCHANG_GIF-3_600x200.gif\" \/><\/p>","protected":false},"excerpt":{"rendered":"<p>T\u00e0i kho\u1ea3n \u0111\u01b0\u1ee3c g\u1eedi v\u1ec1 Mail ngay sau khi thanh to\u00e1n T\u1ea3i v\u00e0 ch\u01a1i Game Tr\u1ef1c ti\u1ebfp \u1edf Steam, C\u00f3<\/p>","protected":false},"featured_media":21905,"comment_status":"open","ping_status":"closed","template":"","meta":[],"product_brand":[],"product_cat":[114,92],"product_tag":[],"class_list":{"0":"post-21902","1":"product","2":"type-product","3":"status-publish","4":"has-post-thumbnail","6":"product_cat-game-steam-ea-ubisoft","7":"product_cat-game-offline","9":"first","10":"instock","11":"sale","12":"downloadable","13":"virtual","14":"purchasable","15":"product-type-simple"},"_links":{"self":[{"href":"https:\/\/gameladeshop.com\/en\/wp-json\/wp\/v2\/product\/21902","targetHints":{"allow":["GET"]}}],"collection":[{"href":"https:\/\/gameladeshop.com\/en\/wp-json\/wp\/v2\/product"}],"about":[{"href":"https:\/\/gameladeshop.com\/en\/wp-json\/wp\/v2\/types\/product"}],"replies":[{"embeddable":true,"href":"https:\/\/gameladeshop.com\/en\/wp-json\/wp\/v2\/comments?post=21902"}],"version-history":[{"count":0,"href":"https:\/\/gameladeshop.com\/en\/wp-json\/wp\/v2\/product\/21902\/revisions"}],"wp:featuredmedia":[{"embeddable":true,"href":"https:\/\/gameladeshop.com\/en\/wp-json\/wp\/v2\/media\/21905"}],"wp:attachment":[{"href":"https:\/\/gameladeshop.com\/en\/wp-json\/wp\/v2\/media?parent=21902"}],"wp:term":[{"taxonomy":"product_brand","embeddable":true,"href":"https:\/\/gameladeshop.com\/en\/wp-json\/wp\/v2\/product_brand?post=21902"},{"taxonomy":"product_cat","embeddable":true,"href":"https:\/\/gameladeshop.com\/en\/wp-json\/wp\/v2\/product_cat?post=21902"},{"taxonomy":"product_tag","embeddable":true,"href":"https:\/\/gameladeshop.com\/en\/wp-json\/wp\/v2\/product_tag?post=21902"}],"curies":[{"name":"wp","href":"https:\/\/api.w.org\/{rel}","templated":true}]}}