{"id":21119,"date":"2025-06-29T10:36:37","date_gmt":"2025-06-29T10:36:37","guid":{"rendered":"https:\/\/gameladeshop.com\/?post_type=product&#038;p=21119"},"modified":"2025-06-29T10:40:18","modified_gmt":"2025-06-29T10:40:18","slug":"wartales-the-mercenaries-edition-dlc-tk-steam-offline","status":"publish","type":"product","link":"https:\/\/gameladeshop.com\/en\/wartales-the-mercenaries-edition-dlc-tk-steam-offline\/","title":{"rendered":"Wartales: The Mercenaries Edition + DLC TK Steam Offline"},"content":{"rendered":"<ul>\n<li aria-level=\"1\"><span style=\"font-size: 14pt;\">T\u00e0i kho\u1ea3n \u0111\u01b0\u1ee3c g\u1eedi v\u1ec1 Mail ngay sau khi thanh to\u00e1n<\/span><\/li>\n<li aria-level=\"1\"><span style=\"font-size: 14pt;\">T\u1ea3i v\u00e0 ch\u01a1i Game Tr\u1ef1c ti\u1ebfp \u1edf Steam, C\u00f3 Update<\/span><\/li>\n<li aria-level=\"1\"><span style=\"font-size: 14pt;\">Ch\u01a1i Offline v\u00e0 c\u00f3 Save Game ri\u00eang<\/span><\/li>\n<li aria-level=\"1\"><span style=\"font-size: 14pt;\">Ch\u01a1i v\u0129nh vi\u1ec5n kh\u00f4ng c\u00f3 th\u1eddi h\u1ea1n<\/span><\/li>\n<li aria-level=\"1\"><span style=\"font-size: 14pt;\">R\u1ebb h\u01a1n Steam h\u01a1n 90%, C\u1ed1t truy\u1ec7n Game \u0111\u1ea7y \u0111\u1ee7<\/span><\/li>\n<li aria-level=\"1\"><span style=\"font-size: 14pt;\">C\u00f3 th\u1ec3 c\u00e0i th\u00eam Trainer, Mod Game, Vi\u1ec7t H\u00f3a<\/span><\/li>\n<li aria-level=\"1\"><span style=\"font-size: 14pt;\">B\u1ea3o H\u00e0nh n\u1ebfu t\u00e0i kho\u1ea3n c\u00f3 l\u1ed7i<\/span><\/li>\n<li aria-level=\"1\"><span style=\"font-size: 14pt;\">H\u01b0\u1edbng d\u1eabn v\u00e0 b\u1ea3o h\u00e0nh su\u1ed1t qu\u00e1 tr\u00ecnh ch\u01a1i Game<\/span><\/li>\n<\/ul>\n<p><img decoding=\"async\" src=\"https:\/\/gameladeshop.com\/wp-content\/uploads\/2025\/10\/fight_english.webp\" \/><\/p>\n<p><img decoding=\"async\" src=\"https:\/\/gameladeshop.com\/wp-content\/uploads\/2025\/06\/WT_fight5.gif\" \/><\/p>\n<p data-start=\"68\" data-end=\"339\">M\u1ed9t th\u1ebf k\u1ef7 \u0111\u00e3 tr\u00f4i qua k\u1ec3 t\u1eeb khi <strong data-start=\"101\" data-end=\"118\">\u0110\u1ebf ch\u1ebf Edoran<\/strong> s\u1ee5p \u0111\u1ed5 b\u1edfi m\u1ed9t tr\u1eadn \u0111\u1ea1i d\u1ecbch ch\u01b0a t\u1eebng c\u00f3, qu\u00e9t s\u1ea1ch c\u1ea3 qu\u1ed1c gia. Gi\u1edd \u0111\u00e2y, v\u00f9ng \u0111\u1ea5t n\u00e0y tr\u00e0n ng\u1eadp nh\u1eefng k\u1ebb \u0111\u00e1nh thu\u00ea, c\u01b0\u1edbp b\u00f3c v\u00e0 tr\u1ed9m c\u1eafp, trong khi <strong data-start=\"269\" data-end=\"280\">danh d\u1ef1<\/strong> \u0111\u00e3 g\u1ea7n nh\u01b0 tr\u1edf th\u00e0nh m\u1ed9t kh\u00e1i ni\u1ec7m b\u1ecb l\u00e3ng qu\u00ean ho\u00e0n to\u00e0n.<\/p>\n<p data-start=\"341\" data-end=\"738\">Gi\u1edd l\u00e0 l\u00fac b\u1ea1n d\u1eabn d\u1eaft m\u1ed9t nh\u00f3m nh\u1eefng k\u1ebb kh\u00f4ng m\u1ea5y l\u01b0\u01a1ng thi\u1ec7n trong m\u1ed9t <strong data-start=\"414\" data-end=\"438\">th\u1ebf gi\u1edbi m\u1edf r\u1ed9ng l\u1edbn<\/strong>, n\u01a1i chi\u1ebfn \u0111\u1ea5u, c\u00e1i ch\u1ebft v\u00e0 l\u00f2ng tham s\u1ebd quy\u1ebft \u0111\u1ecbnh cu\u1ed9c s\u1ed1ng h\u1eb1ng ng\u00e0y c\u1ee7a b\u1ea1n.<br data-start=\"519\" data-end=\"522\" \/><strong data-start=\"522\" data-end=\"552\">B\u1ea1n kh\u00f4ng ph\u1ea3i l\u00e0 anh h\u00f9ng<\/strong> trong c\u00e2u chuy\u1ec7n n\u00e0y \u2013 kh\u00f4ng c\u00f3 \u0111\u1ecbnh m\u1ec7nh mang l\u1ea1i h\u00f2a b\u00ecnh.<br data-start=\"613\" data-end=\"616\" \/><strong data-start=\"616\" data-end=\"738\">M\u1ee5c ti\u00eau duy nh\u1ea5t c\u1ee7a b\u1ea1n l\u00e0 sinh t\u1ed3n v\u00e0 h\u01b0ng th\u1ecbnh trong m\u1ed9t th\u1ebf gi\u1edbi t\u00e0n nh\u1eabn v\u00e0 kh\u1eafc nghi\u1ec7t, b\u1eb1ng b\u1ea5t c\u1ee9 gi\u00e1 n\u00e0o&#8230;<\/strong><\/p>\n<p data-start=\"740\" data-end=\"845\">Ch\u1ec9 nh\u1eefng k\u1ebb <strong data-start=\"753\" data-end=\"769\">qu\u1ea3 c\u1ea3m nh\u1ea5t<\/strong> v\u00e0 <strong data-start=\"773\" data-end=\"791\">tham v\u1ecdng nh\u1ea5t<\/strong> m\u1edbi c\u00f3 hy v\u1ecdng \u0111\u01b0\u1ee3c vi\u1ebft t\u00ean m\u00ecnh trong <strong data-start=\"832\" data-end=\"844\">Wartales<\/strong>!<\/p>\n<hr data-start=\"847\" data-end=\"850\" \/>\n<h3 data-start=\"852\" data-end=\"877\"><strong data-start=\"856\" data-end=\"877\">T\u00cdNH N\u0102NG N\u1ed4I B\u1eacT<\/strong><\/h3>\n<p><img decoding=\"async\" src=\"https:\/\/gameladeshop.com\/wp-content\/uploads\/2025\/10\/develop_english.webp\" \/><\/p>\n<p><img decoding=\"async\" src=\"https:\/\/gameladeshop.com\/wp-content\/uploads\/2025\/06\/wt_develop2.gif\" \/><\/p>\n<p data-start=\"879\" data-end=\"1140\">\ud83d\udd39 <strong data-start=\"882\" data-end=\"917\">D\u1eabn d\u1eaft m\u1ed9t nh\u00f3m l\u00ednh \u0111\u00e1nh thu\u00ea<\/strong> tr\u00ean h\u00e0nh tr\u00ecnh nguy hi\u1ec3m t\u00ecm ki\u1ebfm v\u00e0ng b\u1ea1c v\u00e0 danh ti\u1ebfng trong m\u1ed9t th\u1ebf gi\u1edbi Trung c\u1ed5 b\u1ecb t\u00e0n ph\u00e1 b\u1edfi ngh\u00e8o \u0111\u00f3i v\u00e0 l\u00f2ng tham. Tuy\u1ec3n m\u1ed9 nh\u1eefng \u0111\u1ed3ng \u0111\u1ed9i m\u1edbi v\u1edbi c\u00e1c k\u1ef9 n\u0103ng, chuy\u00ean m\u00f4n, s\u1edf th\u00edch v\u0169 kh\u00ed v\u00e0 t\u00ednh c\u00e1ch ri\u00eang bi\u1ec7t.<\/p>\n<p data-start=\"1142\" data-end=\"1357\">\ud83d\udd39 <strong data-start=\"1145\" data-end=\"1188\">T\u00f9y ch\u1ec9nh k\u1ef9 n\u0103ng, trang b\u1ecb v\u00e0 di\u1ec7n m\u1ea1o<\/strong> c\u1ee7a nh\u00f3m b\u1eb1ng h\u1ec7 th\u1ed1ng nh\u1eadp vai v\u00e0 ch\u1ebf t\u1ea1o tr\u1ef1c quan. Ph\u00e1t tri\u1ec3n tr\u1ea1i c\u1ee7a b\u1ea1n v\u1edbi ti\u1ec7n nghi, c\u00f4ng c\u1ee5 v\u00e0 thi\u1ebft b\u1ecb gi\u00fap c\u1ea3 nh\u00f3m v\u01b0\u1ee3t qua nh\u1eefng kh\u00f3 kh\u0103n m\u1ed7i ng\u00e0y mang l\u1ea1i.<\/p>\n<p data-start=\"1142\" data-end=\"1357\"><img decoding=\"async\" src=\"https:\/\/gameladeshop.com\/wp-content\/uploads\/2025\/10\/explore_english.webp\" \/><\/p>\n<p data-start=\"1142\" data-end=\"1357\"><img decoding=\"async\" src=\"https:\/\/gameladeshop.com\/wp-content\/uploads\/2025\/06\/WT_explore2.gif\" \/><\/p>\n<p data-start=\"1359\" data-end=\"1610\">\ud83d\udd39 <strong data-start=\"1362\" data-end=\"1398\">Du h\u00e0nh qua th\u1ebf gi\u1edbi m\u1edf r\u1ed9ng l\u1edbn<\/strong> \u0111\u1ec3 t\u00ecm ki\u1ebfm danh v\u1ecdng, t\u00e0i s\u1ea3n v\u00e0 s\u1ef1 c\u00f4ng nh\u1eadn. H\u00f2a m\u00ecnh v\u00e0o c\u00e1c ng\u00f4i l\u00e0ng s\u00f4i \u0111\u1ed9ng v\u00e0 t\u00e0n t\u00edch c\u1ee7a th\u1eddi \u0111\u1ea1i \u0111\u00e3 qua. Kh\u00e1m ph\u00e1 nh\u1eefng h\u1ea7m m\u1ecf, ng\u00f4i m\u1ed9 v\u00e0 tr\u1ea1i b\u1ecf hoang \u0111\u1ec3 d\u1ea7n h\u00e9 m\u1edf l\u1ecbch s\u1eed \u0111en t\u1ed1i c\u1ee7a th\u1ebf gi\u1edbi n\u00e0y.<\/p>\n<p data-start=\"1612\" data-end=\"1815\">\ud83d\udd39 <strong data-start=\"1615\" data-end=\"1656\">S\u0103n ti\u1ec1n th\u01b0\u1edfng v\u00e0 nh\u1eadn h\u1ee3p \u0111\u1ed3ng thu\u00ea<\/strong> \u2013 t\u1eeb vi\u1ec7c b\u1ea3o v\u1ec7 ng\u01b0\u1eddi d\u00e2n v\u00f4 t\u1ed9i kh\u1ecfi nh\u1eefng t\u00ean tr\u1ed9m v\u1eb7t cho \u0111\u1ebfn h\u1ea1 g\u1ee5c c\u00e1c nh\u00e2n v\u1eadt kh\u00e9t ti\u1ebfng nh\u1ea5t v\u00f9ng. Kh\u00f4ng c\u00f3 kho\u1ea3n l\u1ee3i nhu\u1eadn n\u00e0o l\u00e0 qu\u00e1 nh\u1ecf \u0111\u1ec3 b\u1ecf qua.<\/p>\n<p data-start=\"1612\" data-end=\"1815\"><img decoding=\"async\" src=\"https:\/\/gameladeshop.com\/wp-content\/uploads\/2025\/10\/prosper_english.webp\" \/><\/p>\n<p data-start=\"1612\" data-end=\"1815\"><img decoding=\"async\" src=\"https:\/\/gameladeshop.com\/wp-content\/uploads\/2025\/06\/WT_prosper2.gif\" \/><\/p>\n<p data-start=\"1817\" data-end=\"2022\">\ud83d\udd39 <strong data-start=\"1820\" data-end=\"1843\">Chi\u1ebfn \u0111\u1ea5u theo l\u01b0\u1ee3t<\/strong> trong h\u1ec7 th\u1ed1ng chi\u1ebfn thu\u1eadt \u0111\u00f2i h\u1ecfi k\u1ebf ho\u1ea1ch t\u1ec9 m\u1ec9 v\u00e0 t\u01b0 duy chi\u1ebfn l\u01b0\u1ee3c. L\u1ef1a ch\u1ecdn t\u1ed5 \u0111\u1ed9i, trang b\u1ecb v\u00e0 chi\u1ebfn thu\u1eadt ph\u00f9 h\u1ee3p \u0111\u1ec3 gi\u00e0nh chi\u1ebfn th\u1eafng trong t\u1eebng tr\u1eadn chi\u1ebfn \u0111\u1ea7y th\u1eed th\u00e1ch.<\/p>\n<p data-start=\"1817\" data-end=\"2022\"><img decoding=\"async\" src=\"https:\/\/gameladeshop.com\/wp-content\/uploads\/2025\/10\/4player_english.webp\" \/><\/p>\n<p data-start=\"1817\" data-end=\"2022\"><img decoding=\"async\" src=\"https:\/\/gameladeshop.com\/wp-content\/uploads\/2025\/06\/WT17.gif\" \/><\/p>\n<p data-start=\"2024\" data-end=\"2187\">\ud83d\udd39 <strong data-start=\"2027\" data-end=\"2063\">H\u1ee3p t\u00e1c c\u00f9ng t\u1ed1i \u0111a 4 ng\u01b0\u1eddi ch\u01a1i<\/strong> trong ch\u1ebf \u0111\u1ed9 co-op, c\u00f9ng l\u00ean chi\u1ebfn l\u01b0\u1ee3c v\u00e0 ph\u1ed1i h\u1ee3p \u0111\u1ec3 ti\u00eau di\u1ec7t nh\u1eefng th\u1ebf l\u1ef1c th\u00f9 \u0111\u1ecbch lang thang kh\u1eafp v\u00f9ng \u0111\u1ea5t b\u00ed \u1ea9n n\u00e0y.<\/p>\n<p data-start=\"2189\" data-end=\"2386\">\ud83d\udd39 <strong data-start=\"2192\" data-end=\"2238\">Chia s\u1ebb chi\u1ebfn l\u1ee3i ph\u1ea9m, t\u00e0i nguy\u00ean, b\u1eefa \u0103n<\/strong> b\u00ean b\u1ebfp l\u1eeda m\u1ed7i t\u1ed1i c\u00f9ng c\u00e1c \u0111\u1ed3ng \u0111\u1ed9i trung th\u00e0nh \u2013 x\u00e2y d\u1ef1ng t\u00ecnh c\u1ea3m v\u00e0 ni\u1ec1m tin \u0111\u1ec3 v\u01b0\u1ee3t qua m\u1ecdi th\u1eed th\u00e1ch tr\u00ean con \u0111\u01b0\u1eddng \u0111\u1ea7y gian nan ph\u00eda tr\u01b0\u1edbc.<\/p>\n<p data-start=\"2189\" data-end=\"2386\">\n<h2>Y\u00eau c\u1ea7u h\u1ec7 th\u1ed1ng<\/h2>\n<div class=\"sysreq_contents\">\n<div class=\"game_area_sys_req sysreq_content active\" data-os=\"win\">\n<div class=\"game_area_sys_req_leftCol\"><strong>T\u1ed1i thi\u1ec3u:<\/strong><\/p>\n<ul>\n<li style=\"list-style-type: none;\">\n<ul class=\"bb_ul\">\n<li>Y\u00eau c\u1ea7u vi x\u1eed l\u00fd v\u00e0 h\u1ec7 \u0111i\u1ec1u h\u00e0nh \u0111\u1ec1u ch\u1ea1y 64-bit<\/li>\n<li><strong>H\u0110H *:<\/strong>\u00a0Windows 7 64bit<\/li>\n<li><strong>B\u1ed9 x\u1eed l\u00fd:<\/strong>\u00a0Intel Core i5 2.5 GHz \/ AMD Ryzen 5<\/li>\n<li><strong>B\u1ed9 nh\u1edb:<\/strong>\u00a08 GB RAM<\/li>\n<li><strong>\u0110\u1ed3 h\u1ecda:<\/strong>\u00a0NVidia GTX 1050 \/ AMD RX550<\/li>\n<li><strong>DirectX:<\/strong>\u00a0Phi\u00ean b\u1ea3n 10<\/li>\n<li><strong>L\u01b0u tr\u1eef:<\/strong>\u00a030 GB ch\u1ed7 tr\u1ed1ng kh\u1ea3 d\u1ee5ng<\/li>\n<\/ul>\n<\/li>\n<\/ul>\n<\/div>\n<div class=\"game_area_sys_req_rightCol\"><strong>Khuy\u1ebfn ngh\u1ecb:<\/strong><\/p>\n<ul>\n<li style=\"list-style-type: none;\">\n<ul class=\"bb_ul\">\n<li>Y\u00eau c\u1ea7u vi x\u1eed l\u00fd v\u00e0 h\u1ec7 \u0111i\u1ec1u h\u00e0nh \u0111\u1ec1u ch\u1ea1y 64-bit<\/li>\n<li><strong>H\u0110H:<\/strong>\u00a0Windows 10 64bit<\/li>\n<li><strong>B\u1ed9 x\u1eed l\u00fd:<\/strong>\u00a0Intel Core i7 2.8 GHz \/ AMD Ryzen 7<\/li>\n<li><strong>B\u1ed9 nh\u1edb:<\/strong>\u00a016 GB RAM<\/li>\n<li><strong>\u0110\u1ed3 h\u1ecda:<\/strong>\u00a0NVidia GTX 1080 \/ AMD RX 5600<\/li>\n<li><strong>DirectX:<\/strong>\u00a0Phi\u00ean b\u1ea3n 10<\/li>\n<li><strong>L\u01b0u tr\u1eef:<\/strong>\u00a030 GB ch\u1ed7 tr\u1ed1ng kh\u1ea3 d\u1ee5ng<\/li>\n<\/ul>\n<\/li>\n<\/ul>\n<\/div>\n<\/div>\n<\/div>","protected":false},"excerpt":{"rendered":"<p>T\u00e0i kho\u1ea3n \u0111\u01b0\u1ee3c g\u1eedi v\u1ec1 Mail ngay sau khi thanh to\u00e1n T\u1ea3i v\u00e0 ch\u01a1i Game Tr\u1ef1c ti\u1ebfp \u1edf Steam, C\u00f3<\/p>","protected":false},"featured_media":21120,"comment_status":"open","ping_status":"closed","template":"","meta":[],"product_brand":[],"product_cat":[114,92],"product_tag":[],"class_list":{"0":"post-21119","1":"product","2":"type-product","3":"status-publish","4":"has-post-thumbnail","6":"product_cat-game-steam-ea-ubisoft","7":"product_cat-game-offline","9":"first","10":"instock","11":"sale","12":"downloadable","13":"virtual","14":"purchasable","15":"product-type-simple"},"_links":{"self":[{"href":"https:\/\/gameladeshop.com\/en\/wp-json\/wp\/v2\/product\/21119","targetHints":{"allow":["GET"]}}],"collection":[{"href":"https:\/\/gameladeshop.com\/en\/wp-json\/wp\/v2\/product"}],"about":[{"href":"https:\/\/gameladeshop.com\/en\/wp-json\/wp\/v2\/types\/product"}],"replies":[{"embeddable":true,"href":"https:\/\/gameladeshop.com\/en\/wp-json\/wp\/v2\/comments?post=21119"}],"version-history":[{"count":0,"href":"https:\/\/gameladeshop.com\/en\/wp-json\/wp\/v2\/product\/21119\/revisions"}],"wp:featuredmedia":[{"embeddable":true,"href":"https:\/\/gameladeshop.com\/en\/wp-json\/wp\/v2\/media\/21120"}],"wp:attachment":[{"href":"https:\/\/gameladeshop.com\/en\/wp-json\/wp\/v2\/media?parent=21119"}],"wp:term":[{"taxonomy":"product_brand","embeddable":true,"href":"https:\/\/gameladeshop.com\/en\/wp-json\/wp\/v2\/product_brand?post=21119"},{"taxonomy":"product_cat","embeddable":true,"href":"https:\/\/gameladeshop.com\/en\/wp-json\/wp\/v2\/product_cat?post=21119"},{"taxonomy":"product_tag","embeddable":true,"href":"https:\/\/gameladeshop.com\/en\/wp-json\/wp\/v2\/product_tag?post=21119"}],"curies":[{"name":"wp","href":"https:\/\/api.w.org\/{rel}","templated":true}]}}