{"id":21109,"date":"2025-06-29T10:14:59","date_gmt":"2025-06-29T10:14:59","guid":{"rendered":"https:\/\/gameladeshop.com\/?post_type=product&#038;p=21109"},"modified":"2025-07-18T08:32:04","modified_gmt":"2025-07-18T08:32:04","slug":"raidou-remastered-the-mystery-of-the-soulless-army","status":"publish","type":"product","link":"https:\/\/gameladeshop.com\/en\/raidou-remastered-the-mystery-of-the-soulless-army\/","title":{"rendered":"RAIDOU Remastered: The Mystery of the Soulless Army"},"content":{"rendered":"<ul>\n<li aria-level=\"1\"><span style=\"font-size: 14pt;\">T\u00e0i kho\u1ea3n \u0111\u01b0\u1ee3c g\u1eedi v\u1ec1 Mail ngay sau khi thanh to\u00e1n<\/span><\/li>\n<li aria-level=\"1\"><span style=\"font-size: 14pt;\">T\u1ea3i v\u00e0 ch\u01a1i Game Tr\u1ef1c ti\u1ebfp \u1edf Steam, C\u00f3 Update<\/span><\/li>\n<li aria-level=\"1\"><span style=\"font-size: 14pt;\">Ch\u01a1i Offline v\u00e0 c\u00f3 Save Game ri\u00eang<\/span><\/li>\n<li aria-level=\"1\"><span style=\"font-size: 14pt;\">Ch\u01a1i v\u0129nh vi\u1ec5n kh\u00f4ng c\u00f3 th\u1eddi h\u1ea1n<\/span><\/li>\n<li aria-level=\"1\"><span style=\"font-size: 14pt;\">R\u1ebb h\u01a1n Steam h\u01a1n 90%, C\u1ed1t truy\u1ec7n Game \u0111\u1ea7y \u0111\u1ee7<\/span><\/li>\n<li aria-level=\"1\"><span style=\"font-size: 14pt;\">C\u00f3 th\u1ec3 c\u00e0i th\u00eam Trainer, Mod Game, Vi\u1ec7t H\u00f3a<\/span><\/li>\n<li aria-level=\"1\"><span style=\"font-size: 14pt;\">B\u1ea3o H\u00e0nh n\u1ebfu t\u00e0i kho\u1ea3n c\u00f3 l\u1ed7i<\/span><\/li>\n<li aria-level=\"1\"><span style=\"font-size: 14pt;\">H\u01b0\u1edbng d\u1eabn v\u00e0 b\u1ea3o h\u00e0nh su\u1ed1t qu\u00e1 tr\u00ecnh ch\u01a1i Game<\/span><\/li>\n<\/ul>\n<p>&nbsp;<\/p>\n<p><img decoding=\"async\" src=\"https:\/\/gameladeshop.com\/wp-content\/uploads\/2025\/06\/Raidou_SteamStoreBanner_HERO2.gif\" \/><\/p>\n<p data-start=\"68\" data-end=\"386\"><strong data-start=\"68\" data-end=\"135\">Tham gia v\u1ee5 \u00e1n th\u1ebf k\u1ef7 trong ki\u1ec7t t\u00e1c kh\u00f4ng th\u1ec3 b\u1ecf qua t\u1eeb ATLUS.<\/strong><br data-start=\"135\" data-end=\"138\" \/>H\u00e3ng ph\u00e1t tri\u1ec3n \u0111\u1ee9ng sau lo\u1ea1t game Shin Megami Tensei mang \u0111\u1ebfn b\u1ea3n l\u00e0m l\u1ea1i c\u1ee7a <strong data-start=\"217\" data-end=\"276\">\u201cDevil Summoner: Raidou Kuzunoha vs. The Soulless Army\u201d<\/strong> v\u1edbi \u0111\u1ed3 h\u1ecda c\u1ea3i ti\u1ebfn, c\u00e1c c\u1eadp nh\u1eadt ti\u1ec7n \u00edch (QOL), l\u1ed3ng ti\u1ebfng m\u1edbi v\u00e0 h\u1ec7 th\u1ed1ng chi\u1ebfn \u0111\u1ea5u \u0111\u01b0\u1ee3c \u0111\u1ea1i tu to\u00e0n di\u1ec7n!<\/p>\n<p data-start=\"388\" data-end=\"869\"><strong data-start=\"388\" data-end=\"423\">N\u0103m Taisho th\u1ee9 20, t\u1ea1i Kinh \u0110\u00f4\u2014<\/strong><br data-start=\"423\" data-end=\"426\" \/>M\u1ed9t ti\u1ec3u th\u01b0 tr\u1ebb tu\u1ed5i t\u00ecm \u0111\u1ebfn V\u0103n ph\u00f2ng Th\u00e1m t\u1eed Narumi v\u1edbi m\u1ed9t y\u00eau c\u1ea7u k\u1ef3 l\u1ea1&#8230; mu\u1ed1n \u0111\u01b0\u1ee3c gi\u1ebft ch\u1ebft. Ch\u01b0a k\u1ecbp gi\u1ea3i th\u00edch g\u00ec th\u00eam, c\u00f4 \u0111\u00e3 b\u1ecb b\u1eaft c\u00f3c.<br data-start=\"573\" data-end=\"576\" \/>Th\u00e1m t\u1eed t\u1eadp s\u1ef1 <strong data-start=\"591\" data-end=\"614\">Raidou Kuzunoha XIV<\/strong>, ng\u01b0\u1eddi \u0111\u1ed3ng th\u1eddi l\u00e0 m\u1ed9t <strong data-start=\"639\" data-end=\"657\">Devil Summoner<\/strong> \u0111\u01b0\u1ee3c giao nhi\u1ec7m v\u1ee5 b\u1ea3o v\u1ec7 Kinh \u0110\u00f4, nhanh ch\u00f3ng nh\u1eadn v\u1ee5 \u00e1n.<br data-start=\"716\" data-end=\"719\" \/>Raidou b\u1eaft \u0111\u1ea7u \u0111i\u1ec1u tra kh\u1eafp th\u00e0nh ph\u1ed1, k\u1ec3 c\u1ea3 vi\u1ec7c b\u01b0\u1edbc v\u00e0o <strong data-start=\"779\" data-end=\"795\">C\u00f5i B\u00f3ng T\u1ed1i<\/strong>\u2014m\u1ed9t giao l\u1ed9 nguy hi\u1ec3m gi\u1eefa th\u1ebf gi\u1edbi th\u1ef1c v\u00e0 \u0111\u1ecba ng\u1ee5c, n\u01a1i \u0111\u1ea7y r\u1eaby ma qu\u1ef7.<\/p>\n<p data-start=\"871\" data-end=\"1110\"><strong data-start=\"871\" data-end=\"905\">H\u00f3a th\u00e2n th\u00e0nh Raidou Kuzunoha<\/strong> v\u00e0 h\u1ee3p t\u00e1c c\u00f9ng c\u00e1c \u00e1c qu\u1ef7 \u0111\u1ed3ng minh \u0111\u1ec3 kh\u00e1m ph\u00e1 nh\u1eefng b\u00ed \u1ea9n c\u1ea3n b\u01b0\u1edbc b\u1ea1n. M\u1ed9t v\u1ee5 m\u1ea5t t\u00edch \u0111\u01a1n thu\u1ea7n nhanh ch\u00f3ng leo thang th\u00e0nh m\u1ed9t \u00e2m m\u01b0u \u0111en t\u1ed1i c\u00f3 th\u1ec3 l\u00e0m rung chuy\u1ec3n kh\u00f4ng ch\u1ec9 Kinh \u0110\u00f4 m\u00e0 c\u1ea3 \u0111\u1ea5t n\u01b0\u1edbc.<\/p>\n<hr data-start=\"1112\" data-end=\"1115\" \/>\n<h3 data-start=\"1117\" data-end=\"1144\"><img decoding=\"async\" src=\"https:\/\/gameladeshop.com\/wp-content\/uploads\/2025\/06\/Raidou_SteamStoreBanner_Raidou2.gif\" \/><\/h3>\n<h3 data-start=\"1117\" data-end=\"1144\"><strong data-start=\"1121\" data-end=\"1144\">C\u00c1C T\u00cdNH N\u0102NG CH\u00cdNH<\/strong><\/h3>\n<p data-start=\"1146\" data-end=\"1534\">\ud83d\udd39 <strong data-start=\"1149\" data-end=\"1202\">B\u1ea3n l\u00e0m l\u1ea1i trung th\u00e0nh nh\u01b0ng n\u00e2ng c\u1ea5p to\u00e0n di\u1ec7n:<\/strong><br data-start=\"1202\" data-end=\"1205\" \/>T\u1ef1a game h\u00e0nh \u0111\u1ed9ng nh\u1eadp vai si\u00eau nhi\u00ean kinh \u0111i\u1ec3n tr\u1edf l\u1ea1i, \u0111\u01b0\u1ee3c l\u00e0m m\u1edbi v\u1edbi \u0111\u1ed3 h\u1ecda, \u00e2m thanh v\u00e0 chi\u1ebfn \u0111\u1ea5u hi\u1ec7n \u0111\u1ea1i, trong khi v\u1eabn gi\u1eef nguy\u00ean phong c\u00e1ch \u0111\u1eb7c tr\u01b0ng c\u1ee7a b\u1ea3n g\u1ed1c. Giao di\u1ec7n m\u1edbi, l\u1ed3ng ti\u1ebfng \u0111\u1ea7y \u0111\u1ee7, m\u00f4i tr\u01b0\u1eddng 3D m\u1edf r\u1ed9ng v\u00e0 nhi\u1ec1u c\u1ea3i ti\u1ebfn kh\u00e1c mang \u0111\u1ebfn tr\u1ea3i nghi\u1ec7m v\u1eeba ho\u00e0i ni\u1ec7m v\u1eeba h\u1ea5p d\u1eabn cho c\u1ea3 ng\u01b0\u1eddi ch\u01a1i c\u0169 l\u1eabn m\u1edbi.<\/p>\n<p data-start=\"1146\" data-end=\"1534\"><img decoding=\"async\" src=\"https:\/\/gameladeshop.com\/wp-content\/uploads\/2025\/06\/Raidou_SteamStoreBanner_Narumi2.gif\" \/><\/p>\n<p data-start=\"1536\" data-end=\"1836\">\ud83d\udd39 <strong data-start=\"1539\" data-end=\"1566\">Cu\u1ed9c \u0111i\u1ec1u tra huy\u1ec1n b\u00ed:<\/strong><br data-start=\"1566\" data-end=\"1569\" \/>Tr\u1edf th\u00e0nh th\u00e1m t\u1eed trong m\u1ed9t cu\u1ed9c phi\u00eau l\u01b0u si\u00eau nhi\u00ean h\u1ea5p d\u1eabn c\u00f9ng d\u00e0n nh\u00e2n v\u1eadt c\u00e1 t\u00ednh v\u00e0 ph\u1ee9c t\u1ea1p. V\u1ea1ch tr\u1ea7n s\u1ef1 th\u1eadt \u1ea9n sau nh\u1eefng \u00e2m m\u01b0u xoay quanh Kinh \u0110\u00f4 v\u1edbi h\u00e0ng lo\u1ea1t b\u1ea5t ng\u1edd ph\u00eda tr\u01b0\u1edbc. S\u1eed d\u1ee5ng tr\u00ed tu\u1ec7 v\u00e0 s\u1ee9c m\u1ea1nh c\u1ee7a ma qu\u1ef7 \u0111\u1ec3 kh\u00f4ng b\u1ecf s\u00f3t b\u1ea5t k\u1ef3 manh m\u1ed1i n\u00e0o.<\/p>\n<p data-start=\"1536\" data-end=\"1836\"><img decoding=\"async\" src=\"https:\/\/gameladeshop.com\/wp-content\/uploads\/2025\/06\/Raidou_SteamStoreBanner_JackFrost2.gif\" \/><\/p>\n<p data-start=\"1838\" data-end=\"2149\">\ud83d\udd39 <strong data-start=\"1841\" data-end=\"1878\">Cu\u1ed9c phi\u00eau l\u01b0u k\u1ef3 \u1ea3o th\u1eddi Taisho:<\/strong><br data-start=\"1878\" data-end=\"1881\" \/>Kh\u00e1m ph\u00e1 nh\u1eefng con ph\u1ed1 l\u1ecbch s\u1eed c\u1ee7a Tokyo nh\u1eefng n\u0103m 1930 v\u1edbi phong c\u00e1ch k\u1ef3 \u1ea3o, ho\u1eb7c lao v\u00e0o C\u00f5i B\u00f3ng T\u1ed1i u \u00e1m, n\u01a1i c\u00e1c lo\u00e0i qu\u1ef7 \u0111ang r\u00ecnh r\u1eadp. V\u1edbi h\u01a1n <strong data-start=\"2031\" data-end=\"2045\">120 \u00e1c qu\u1ef7<\/strong> c\u00f3 th\u1ec3 tri\u1ec7u h\u1ed3i, h\u00e3y ch\u1ecdn \u0111\u1ed3ng minh m\u1ed9t c\u00e1ch kh\u00f4n ngoan \u0111\u1ec3 ng\u0103n ch\u1eb7n nh\u00e2n lo\u1ea1i b\u1ecb b\u00f3ng t\u1ed1i nu\u1ed1t ch\u1eedng.<\/p>\n<h2>Y\u00eau c\u1ea7u h\u1ec7 th\u1ed1ng<\/h2>\n<div class=\"sysreq_contents\">\n<div class=\"game_area_sys_req sysreq_content active\" data-os=\"win\">\n<div class=\"game_area_sys_req_leftCol\"><strong>T\u1ed1i thi\u1ec3u:<\/strong><\/p>\n<ul>\n<li style=\"list-style-type: none;\">\n<ul class=\"bb_ul\">\n<li>Y\u00eau c\u1ea7u vi x\u1eed l\u00fd v\u00e0 h\u1ec7 \u0111i\u1ec1u h\u00e0nh \u0111\u1ec1u ch\u1ea1y 64-bit<\/li>\n<li><strong>H\u0110H:<\/strong>\u00a0Windows 10<\/li>\n<li><strong>B\u1ed9 x\u1eed l\u00fd:<\/strong>\u00a0Intel Core i5-2550K or AMD FX-4350<\/li>\n<li><strong>B\u1ed9 nh\u1edb:<\/strong>\u00a06 GB RAM<\/li>\n<li><strong>\u0110\u1ed3 h\u1ecda:<\/strong>\u00a0NVIDIA GeForce GTS 450, 1GB or AMD Radeon R7 250, 1GB<\/li>\n<li><strong>DirectX:<\/strong>\u00a0Phi\u00ean b\u1ea3n 11<\/li>\n<li><strong>L\u01b0u tr\u1eef:<\/strong>\u00a020 GB ch\u1ed7 tr\u1ed1ng kh\u1ea3 d\u1ee5ng<\/li>\n<li><strong>Ghi ch\u00fa th\u00eam:<\/strong>\u00a0Low 720p @ 60 FPS<\/li>\n<\/ul>\n<\/li>\n<\/ul>\n<\/div>\n<div class=\"game_area_sys_req_rightCol\"><strong>Khuy\u1ebfn ngh\u1ecb:<\/strong><\/p>\n<ul>\n<li style=\"list-style-type: none;\">\n<ul class=\"bb_ul\">\n<li>Y\u00eau c\u1ea7u vi x\u1eed l\u00fd v\u00e0 h\u1ec7 \u0111i\u1ec1u h\u00e0nh \u0111\u1ec1u ch\u1ea1y 64-bit<\/li>\n<li><strong>H\u0110H:<\/strong>\u00a0Windows 10<\/li>\n<li><strong>B\u1ed9 x\u1eed l\u00fd:<\/strong>\u00a0Intel Core i5-6600 or AMD Ryzen 3 2300X<\/li>\n<li><strong>B\u1ed9 nh\u1edb:<\/strong>\u00a08 GB RAM<\/li>\n<li><strong>\u0110\u1ed3 h\u1ecda:<\/strong>\u00a0NVIDIA GeForce GTX 760, 4 GB or AMD Radeon RX 560, 4 GB or Intel Arc A310, 4GB<\/li>\n<li><strong>DirectX:<\/strong>\u00a0Phi\u00ean b\u1ea3n 11<\/li>\n<li><strong>L\u01b0u tr\u1eef:<\/strong>\u00a020 GB ch\u1ed7 tr\u1ed1ng kh\u1ea3 d\u1ee5ng<\/li>\n<li><strong>Ghi ch\u00fa th\u00eam:<\/strong>\u00a0High 1080p @ 60 FPS<\/li>\n<\/ul>\n<\/li>\n<\/ul>\n<\/div>\n<\/div>\n<\/div>","protected":false},"excerpt":{"rendered":"<p>T\u00e0i kho\u1ea3n \u0111\u01b0\u1ee3c g\u1eedi v\u1ec1 Mail ngay sau khi thanh to\u00e1n T\u1ea3i v\u00e0 ch\u01a1i Game Tr\u1ef1c ti\u1ebfp \u1edf Steam, C\u00f3<\/p>","protected":false},"featured_media":21111,"comment_status":"open","ping_status":"closed","template":"","meta":[],"product_brand":[],"product_cat":[114,92],"product_tag":[],"class_list":{"0":"post-21109","1":"product","2":"type-product","3":"status-publish","4":"has-post-thumbnail","6":"product_cat-game-steam-ea-ubisoft","7":"product_cat-game-offline","9":"first","10":"instock","11":"sale","12":"downloadable","13":"virtual","14":"purchasable","15":"product-type-simple"},"_links":{"self":[{"href":"https:\/\/gameladeshop.com\/en\/wp-json\/wp\/v2\/product\/21109","targetHints":{"allow":["GET"]}}],"collection":[{"href":"https:\/\/gameladeshop.com\/en\/wp-json\/wp\/v2\/product"}],"about":[{"href":"https:\/\/gameladeshop.com\/en\/wp-json\/wp\/v2\/types\/product"}],"replies":[{"embeddable":true,"href":"https:\/\/gameladeshop.com\/en\/wp-json\/wp\/v2\/comments?post=21109"}],"version-history":[{"count":0,"href":"https:\/\/gameladeshop.com\/en\/wp-json\/wp\/v2\/product\/21109\/revisions"}],"wp:featuredmedia":[{"embeddable":true,"href":"https:\/\/gameladeshop.com\/en\/wp-json\/wp\/v2\/media\/21111"}],"wp:attachment":[{"href":"https:\/\/gameladeshop.com\/en\/wp-json\/wp\/v2\/media?parent=21109"}],"wp:term":[{"taxonomy":"product_brand","embeddable":true,"href":"https:\/\/gameladeshop.com\/en\/wp-json\/wp\/v2\/product_brand?post=21109"},{"taxonomy":"product_cat","embeddable":true,"href":"https:\/\/gameladeshop.com\/en\/wp-json\/wp\/v2\/product_cat?post=21109"},{"taxonomy":"product_tag","embeddable":true,"href":"https:\/\/gameladeshop.com\/en\/wp-json\/wp\/v2\/product_tag?post=21109"}],"curies":[{"name":"wp","href":"https:\/\/api.w.org\/{rel}","templated":true}]}}