{"id":21089,"date":"2025-06-29T09:22:55","date_gmt":"2025-06-29T09:22:55","guid":{"rendered":"https:\/\/gameladeshop.com\/?post_type=product&#038;p=21089"},"modified":"2025-06-29T09:23:00","modified_gmt":"2025-06-29T09:23:00","slug":"broken-arrow-vanguard-edition-tk-steam-offline","status":"publish","type":"product","link":"https:\/\/gameladeshop.com\/en\/broken-arrow-vanguard-edition-tk-steam-offline\/","title":{"rendered":"Broken Arrow Vanguard Edition &#8211; TK Steam Offline"},"content":{"rendered":"<ul>\n<li aria-level=\"1\"><span style=\"font-size: 14pt;\">T\u00e0i kho\u1ea3n \u0111\u01b0\u1ee3c g\u1eedi v\u1ec1 Mail ngay sau khi thanh to\u00e1n<\/span><\/li>\n<li aria-level=\"1\"><span style=\"font-size: 14pt;\">T\u1ea3i v\u00e0 ch\u01a1i Game Tr\u1ef1c ti\u1ebfp \u1edf Steam, C\u00f3 Update<\/span><\/li>\n<li aria-level=\"1\"><span style=\"font-size: 14pt;\">Ch\u01a1i Offline v\u00e0 c\u00f3 Save Game ri\u00eang<\/span><\/li>\n<li aria-level=\"1\"><span style=\"font-size: 14pt;\">Ch\u01a1i v\u0129nh vi\u1ec5n kh\u00f4ng c\u00f3 th\u1eddi h\u1ea1n<\/span><\/li>\n<li aria-level=\"1\"><span style=\"font-size: 14pt;\">R\u1ebb h\u01a1n Steam h\u01a1n 90%, C\u1ed1t truy\u1ec7n Game \u0111\u1ea7y \u0111\u1ee7<\/span><\/li>\n<li aria-level=\"1\"><span style=\"font-size: 14pt;\">C\u00f3 th\u1ec3 c\u00e0i th\u00eam Trainer, Mod Game, Vi\u1ec7t H\u00f3a<\/span><\/li>\n<li aria-level=\"1\"><span style=\"font-size: 14pt;\">B\u1ea3o H\u00e0nh n\u1ebfu t\u00e0i kho\u1ea3n c\u00f3 l\u1ed7i<\/span><\/li>\n<li aria-level=\"1\"><span style=\"font-size: 14pt;\">H\u01b0\u1edbng d\u1eabn v\u00e0 b\u1ea3o h\u00e0nh su\u1ed1t qu\u00e1 tr\u00ecnh ch\u01a1i Game<\/span><\/li>\n<\/ul>\n<p>&nbsp;<\/p>\n<blockquote><p><strong>Broken Arrow<\/strong> l\u00e0 game chi\u1ebfn thu\u1eadt th\u1eddi gian th\u1ef1c quy m\u00f4 l\u1edbn m\u00f4 ph\u1ecfng <strong>chi\u1ebfn tranh hi\u1ec7n \u0111\u1ea1i<\/strong>, k\u1ebft h\u1ee3p \u0111\u1ed9 ph\u1ee9c t\u1ea1p c\u1ee7a tr\u00f2 ch\u01a1i chi\u1ebfn thu\u1eadt \u0111a binh ch\u1ee7ng v\u1edbi l\u1ed1i ch\u01a1i h\u00e0nh \u0111\u1ed9ng gay c\u1ea5n. Game \u0111\u01b0\u1ee3c ph\u00e1t tri\u1ec3n b\u1edfi studio Nga Steel Balalaika v\u00e0 ph\u00e1t h\u00e0nh b\u1edfi Slitherine Ltd, ra m\u1eaft ch\u00ednh th\u1ee9c v\u00e0o 19 th\u00e1ng 6 n\u0103m 2025.<\/p><\/blockquote>\n<p><img decoding=\"async\" class=\"wptangtoc-lazy entered gtloader\" title=\"Broken Arrow Vanguard Edition Full DLC - T\u00e0i Kho\u1ea3n Steam Offline 1 new KAMIKEY\" src=\"https:\/\/gameladeshop.com\/wp-content\/uploads\/2025\/06\/1_new.gif\" alt=\"1 new\" data-src=\"https:\/\/gameladeshop.com\/wp-content\/uploads\/2025\/06\/1_new.gif\" data-ll-status=\"loaded\" \/><a title=\"B\u00e0i vi\u1ebft \u0111\u01b0\u1ee3c copy t\u1eeb Kamikey.com Ngu\u1ed3n b\u00e0i vi\u1ebft : Broken Arrow Vanguard Edition - T\u00e0i Kho\u1ea3n Steam Offline\" href=\"https:\/\/kamikey.com\/products\/broken-arrow-offline\/\" target=\"_blank\" rel=\"dofollow noopener\"><img decoding=\"async\" title=\"Broken Arrow Vanguard Edition - T\u00e0i Kho\u1ea3n Steam Offline\" src=\"https:\/\/gameladeshop.com\/wp-content\/uploads\/2025\/06\/px.gif\" alt=\"Broken Arrow Vanguard Edition - T\u00e0i Kho\u1ea3n Steam Offline\" width=\"1\" height=\"1\" border=\"0\" \/><\/a><\/p>\n<p>V\u1edbi h\u01a1n <strong>300 \u0111\u01a1n v\u1ecb qu\u00e2n s\u1ef1<\/strong> ch\u00e2n th\u1ef1c v\u00e0 c\u00f4ng ngh\u1ec7 ti\u00ean ti\u1ebfn, m\u1ed7i tr\u1eadn chi\u1ebfn mang \u0111\u1ebfn tr\u1ea3i nghi\u1ec7m s\u1ed1ng \u0111\u1ed9ng v\u1edbi kh\u1ea3 n\u0103ng ch\u01a1i l\u1ea1i v\u00f4 t\u1eadn. Game \u0111\u00e3 thu h\u00fat h\u01a1n 800,000 ng\u01b0\u1eddi \u0111\u01b0a v\u00e0o danh s\u00e1ch \u01b0\u1edbc t\u1eeb Steam v\u00e0 c\u00f3 h\u01a1n 500,000 ng\u01b0\u1eddi tham gia th\u1eed nghi\u1ec7m beta m\u1edf.<\/p>\n<p><img fetchpriority=\"high\" decoding=\"async\" class=\"alignnone size-full wp-image-18787 wptangtoc-lazy entered gtloader\" title=\"Broken Arrow Vanguard Edition Full DLC - T\u00e0i Kho\u1ea3n Steam Offline Broken Arrow 1 KAMIKEY\" src=\"https:\/\/gameladeshop.com\/wp-content\/uploads\/2025\/10\/Broken-Arrow-1.webp\" sizes=\"(max-width: 600px) 100vw, 600px\" alt=\"Broken Arrow 1\" width=\"600\" height=\"337\" data-src=\"https:\/\/gameladeshop.com\/wp-content\/uploads\/2025\/10\/Broken-Arrow-1.webp\" data-sizes=\"(max-width: 600px) 100vw, 600px\" data-ll-status=\"loaded\" \/><\/p>\n<p>Chi\u1ebfn d\u1ecbch \u0111\u01a1n ng\u01b0\u1eddi ch\u01a1i g\u1ed3m <strong>19 nhi\u1ec7m v\u1ee5 th\u1ee7 c\u00f4ng<\/strong> \u0111\u01b0\u1ee3c thi\u1ebft k\u1ebf t\u1ec9 m\u1ec9, di\u1ec5n ra t\u1ea1i v\u00f9ng Baltic v\u1edbi g\u00f3c nh\u00ecn t\u1eeb c\u1ea3 Hoa K\u1ef3 v\u00e0 Nga. C\u1ed1t truy\u1ec7n xoay quanh c\u0103ng th\u1eb3ng to\u00e0n c\u1ea7u leo thang trong b\u1ed1i c\u1ea3nh <strong>Th\u1ebf chi\u1ebfn III t\u01b0\u1edfng t\u01b0\u1ee3ng<\/strong> v\u00e0o n\u0103m 2030, n\u01a1i m\u1ed7i nhi\u1ec7m v\u1ee5 \u0111\u1eb7t ra th\u00e1ch th\u1ee9c chi\u1ebfn thu\u1eadt m\u1edbi v\u00e0 ph\u00e1t tri\u1ec3n c\u00e2u chuy\u1ec7n h\u1ea5p d\u1eabn.<\/p>\n<p><img decoding=\"async\" class=\"alignnone size-full wp-image-18786 wptangtoc-lazy entered gtloader\" title=\"Broken Arrow Vanguard Edition Full DLC - T\u00e0i Kho\u1ea3n Steam Offline Broken Arrow 15 KAMIKEY\" src=\"https:\/\/gameladeshop.com\/wp-content\/uploads\/2025\/10\/Broken-Arrow-15.webp\" sizes=\"(max-width: 600px) 100vw, 600px\" alt=\"Broken Arrow 15\" width=\"600\" height=\"337\" data-src=\"https:\/\/gameladeshop.com\/wp-content\/uploads\/2025\/10\/Broken-Arrow-15.webp\" data-sizes=\"(max-width: 600px) 100vw, 600px\" data-ll-status=\"loaded\" \/><\/p>\n<p>Ngo\u00e0i chi\u1ebfn d\u1ecbch ch\u00ednh, game cung c\u1ea5p ch\u1ebf \u0111\u1ed9 <strong>Skirmish<\/strong> v\u1edbi 19 b\u1ea3n \u0111\u1ed3 d\u1ef1a tr\u00ean \u0111\u1ecba \u0111i\u1ec3m th\u1ef1c t\u1ebf, cho ph\u00e9p \u0111\u1ed1i \u0111\u1ea7u v\u1edbi AI \u1edf nhi\u1ec1u m\u1ee9c \u0111\u1ed9 kh\u00f3 kh\u00e1c nhau. Ch\u1ebf \u0111\u1ed9 multiplayer online h\u1ed7 tr\u1ee3 tr\u1eadn \u0111\u1ea5u <strong>5v5 gay c\u1ea5n<\/strong>, n\u01a1i ng\u01b0\u1eddi ch\u01a1i c\u00f3 th\u1ec3 theo d\u00f5i ti\u1ebfn \u0111\u1ed9 qua b\u1ea3ng x\u1ebfp h\u1ea1ng v\u00e0 t\u00edch l\u0169y kinh nghi\u1ec7m \u0111\u1ec3 th\u0103ng c\u1ea5p t\u01b0\u1edbng c\u00f9ng \u0111\u1ea1t \u0111\u01b0\u1ee3c huy ch\u01b0\u01a1ng m\u1edbi.<\/p>\n<p><img loading=\"lazy\" decoding=\"async\" class=\"alignnone size-full wp-image-18785 wptangtoc-lazy entered gtloader\" title=\"Broken Arrow Vanguard Edition Full DLC - T\u00e0i Kho\u1ea3n Steam Offline Broken Arrow 14 KAMIKEY\" src=\"https:\/\/gameladeshop.com\/wp-content\/uploads\/2025\/10\/Broken-Arrow-14.webp\" sizes=\"(max-width: 600px) 100vw, 600px\" alt=\"Broken Arrow 14\" width=\"600\" height=\"337\" data-src=\"https:\/\/gameladeshop.com\/wp-content\/uploads\/2025\/10\/Broken-Arrow-14.webp\" data-sizes=\"(max-width: 600px) 100vw, 600px\" data-ll-status=\"loaded\" \/><\/p>\n<p>C\u00f4ng c\u1ee5 <strong>Scenario Editor<\/strong> m\u1ea1nh m\u1ebd cho ph\u00e9p ng\u01b0\u1eddi ch\u01a1i t\u1ea1o ra c\u00e1c k\u1ecbch b\u1ea3n t\u00f9y ch\u1ec9nh ho\u00e0n ch\u1ec9nh v\u1edbi cutscene v\u00e0 \u0111\u1ed1i tho\u1ea1i th\u00f4ng qua h\u1ec7 th\u1ed1ng scripting tr\u1ef1c quan, kh\u00f4ng c\u1ea7n vi\u1ebft code. N\u1ed9i dung s\u00e1ng t\u1ea1o c\u00f3 th\u1ec3 chia s\u1ebb qua Steam Workshop ho\u1eb7c t\u1ea3i v\u1ec1 \u0111\u1ec3 tr\u1ea3i nghi\u1ec7m n\u1ed9i dung v\u00f4 t\u1eadn do c\u1ed9ng \u0111\u1ed3ng t\u1ea1o ra.<\/p>\n<p><img loading=\"lazy\" decoding=\"async\" class=\"alignnone size-full wp-image-18784 wptangtoc-lazy entered gtloader\" title=\"Broken Arrow Vanguard Edition Full DLC - T\u00e0i Kho\u1ea3n Steam Offline Broken Arrow 13 KAMIKEY\" src=\"https:\/\/gameladeshop.com\/wp-content\/uploads\/2025\/10\/Broken-Arrow-13.webp\" sizes=\"(max-width: 600px) 100vw, 600px\" alt=\"Broken Arrow 13\" width=\"600\" height=\"337\" data-src=\"https:\/\/gameladeshop.com\/wp-content\/uploads\/2025\/10\/Broken-Arrow-13.webp\" data-sizes=\"(max-width: 600px) 100vw, 600px\" data-ll-status=\"loaded\" \/><\/p>\n<p>H\u1ec7 th\u1ed1ng <strong>x\u00e2y d\u1ef1ng qu\u00e2n \u0111\u1ed9i<\/strong> \u0111a d\u1ea1ng cho ph\u00e9p l\u1ef1a ch\u1ecdn t\u1eeb kho v\u0169 kh\u00ed kh\u1ed5ng l\u1ed3, m\u1ed7i \u0111\u01a1n v\u1ecb \u0111\u1ec1u c\u00f3 th\u1ec3 t\u00f9y ch\u1ec9nh ph\u00f9 h\u1ee3p v\u1edbi chi\u1ebfn l\u01b0\u1ee3c. V\u1edbi h\u01a1n 300 \u0111\u01a1n v\u1ecb v\u00e0 h\u01a1n 1,500 t\u1ed5 h\u1ee3p kh\u1ea3 d\u0129, ng\u01b0\u1eddi ch\u01a1i c\u00f3 th\u1ec3 \u0111i\u1ec1u ch\u1ec9nh l\u1ef1c l\u01b0\u1ee3ng theo phong c\u00e1ch ri\u00eang. Xe t\u0103ng v\u00e0 m\u00e1y bay c\u00f3 th\u1ec3 <strong>n\u00e2ng c\u1ea5p<\/strong> v\u1edbi c\u00e1c g\u00f3i v\u0169 kh\u00ed, gi\u00e1p v\u00e0 h\u1ec7 th\u1ed1ng h\u1ed7 tr\u1ee3 kh\u00e1c nhau.<\/p>\n<p><img loading=\"lazy\" decoding=\"async\" class=\"alignnone size-full wp-image-18783 wptangtoc-lazy entered gtloader\" title=\"Broken Arrow Vanguard Edition Full DLC - T\u00e0i Kho\u1ea3n Steam Offline Broken Arrow 12 KAMIKEY\" src=\"https:\/\/gameladeshop.com\/wp-content\/uploads\/2025\/10\/Broken-Arrow-12.webp\" sizes=\"(max-width: 600px) 100vw, 600px\" alt=\"Broken Arrow 12\" width=\"600\" height=\"337\" data-src=\"https:\/\/gameladeshop.com\/wp-content\/uploads\/2025\/10\/Broken-Arrow-12.webp\" data-sizes=\"(max-width: 600px) 100vw, 600px\" data-ll-status=\"loaded\" \/><\/p>\n<p>C\u00e1c \u0111\u01a1n v\u1ecb \u0111\u01b0\u1ee3c ph\u00e2n lo\u1ea1i th\u00e0nh s\u00e1u vai tr\u00f2 ch\u00ednh: <strong>Trinh s\u00e1t<\/strong> (chuy\u00ean ph\u00e1t hi\u1ec7n v\u00e0 \u0111\u00e1nh d\u1ea5u v\u1ecb tr\u00ed \u0111\u1ecbch), B\u1ed9 binh (l\u00ednh b\u1ed9 \u0111a n\u0103ng v\u1edbi v\u0169 kh\u00ed \u0111a d\u1ea1ng), Xe chi\u1ebfn \u0111\u1ea5u (xe t\u0103ng, xe ph\u00f3ng t\u00ean l\u1eeda ch\u1ed1ng t\u0103ng), H\u1ed7 tr\u1ee3 (ph\u00e1o binh v\u00e0 ph\u00f2ng kh\u00f4ng t\u1ea7m xa), Tr\u1ef1c th\u0103ng (tri\u1ec3n khai nhanh v\u00e0 chi\u1ebfn thu\u1eadt \u0111\u00e1nh v\u00e0 ch\u1ea1y), v\u00e0 <strong>M\u00e1y bay<\/strong> (ki\u1ec3m so\u00e1t kh\u00f4ng ph\u1eadn v\u1edbi ti\u00eam k\u00edch v\u00e0 m\u00e1y bay t\u1ea5n c\u00f4ng m\u1eb7t \u0111\u1ea5t).<\/p>\n<p><img loading=\"lazy\" decoding=\"async\" class=\"alignnone size-full wp-image-18782 wptangtoc-lazy entered gtloader\" title=\"Broken Arrow Vanguard Edition Full DLC - T\u00e0i Kho\u1ea3n Steam Offline Broken Arrow 11 KAMIKEY\" src=\"https:\/\/gameladeshop.com\/wp-content\/uploads\/2025\/10\/Broken-Arrow-11.webp\" sizes=\"(max-width: 600px) 100vw, 600px\" alt=\"Broken Arrow 11\" width=\"600\" height=\"337\" data-src=\"https:\/\/gameladeshop.com\/wp-content\/uploads\/2025\/10\/Broken-Arrow-11.webp\" data-sizes=\"(max-width: 600px) 100vw, 600px\" data-ll-status=\"loaded\" \/><\/p>\n<p>Game \u0111\u1eb7c bi\u1ec7t n\u1ed5i b\u1eadt v\u1edbi vi\u1ec7c t\u00edch h\u1ee3p \u0111\u1ea7y \u0111\u1ee7 c\u00e1c t\u00e0i s\u1ea3n h\u1ed7 tr\u1ee3 tr\u00ean b\u1ea3n \u0111\u1ed3 thay v\u00ec ngo\u00e0i b\u1ea3n \u0111\u1ed3, bao g\u1ed3m ph\u00e1o binh, m\u00e1y bay, t\u00ean l\u1eeda h\u00e0nh tr\u00ecnh v\u00e0 \u0111\u1ea1n \u0111\u1ea1o, th\u1eadm ch\u00ed c\u1ea3 <strong>m\u00e1y bay n\u00e9m bom h\u1ea1t nh\u00e2n<\/strong>. T\u1ea5t c\u1ea3 c\u00e1c lo\u1ea1i v\u0169 kh\u00ed hi\u1ec7n \u0111\u1ea1i t\u1eeb th\u1eadp ni\u00ean 1990 \u0111\u1ebfn 2030s \u0111\u01b0\u1ee3c t\u00e1i hi\u1ec7n ch\u00e2n th\u1ef1c, k\u1ec3 c\u1ea3 c\u00e1c v\u0169 kh\u00ed nguy\u00ean m\u1eabu v\u00e0 d\u1ef1 \u00e1n b\u1ecb h\u1ee7y b\u1ecf nh\u01b0 RAH-66, EFV, A-12.<\/p>\n<p><img loading=\"lazy\" decoding=\"async\" class=\"alignnone size-full wp-image-18781 wptangtoc-lazy entered gtloader\" title=\"Broken Arrow Vanguard Edition Full DLC - T\u00e0i Kho\u1ea3n Steam Offline Broken Arrow 10 KAMIKEY\" src=\"https:\/\/gameladeshop.com\/wp-content\/uploads\/2025\/10\/Broken-Arrow-10.webp\" sizes=\"(max-width: 600px) 100vw, 600px\" alt=\"Broken Arrow 10\" width=\"600\" height=\"337\" data-src=\"https:\/\/gameladeshop.com\/wp-content\/uploads\/2025\/10\/Broken-Arrow-10.webp\" data-sizes=\"(max-width: 600px) 100vw, 600px\" data-ll-status=\"loaded\" \/><\/p>\n<p>C\u00e1c tr\u1eadn chi\u1ebfn di\u1ec5n ra tr\u00ean <strong>chi\u1ebfn tr\u01b0\u1eddng r\u1ed9ng l\u1edbn<\/strong> l\u1ea5y c\u1ea3m h\u1ee9ng t\u1eeb \u0111\u1ecba \u0111i\u1ec3m th\u1ef1c t\u1ebf trong v\u00f9ng Baltic, bao g\u1ed3m c\u00e1c th\u00e0nh ph\u1ed1 ch\u00ednh, c\u1ea3ng c\u00f4ng nghi\u1ec7p, c\u0103n c\u1ee9 kh\u00f4ng qu\u00e2n, s\u00e2n bay, nh\u00e0 m\u00e1y \u0111i\u1ec7n h\u1ea1t nh\u00e2n v\u00e0 \u0111\u1eadp n\u01b0\u1edbc. Ng\u01b0\u1eddi ch\u01a1i c\u00f3 th\u1ec3 tri\u1ec3n khai l\u1ef1c l\u01b0\u1ee3ng qua \u0111\u01b0\u1eddng b\u1ed9, bi\u1ec3n v\u00e0 kh\u00f4ng, s\u1eed d\u1ee5ng l\u00ednh nh\u1ea3y d\u00f9 v\u00e0 tr\u1ef1c th\u0103ng \u0111\u1ec3 nhanh ch\u00f3ng chi\u1ebfm gi\u1eef v\u1ecb tr\u00ed then ch\u1ed1t.<\/p>\n<p><img loading=\"lazy\" decoding=\"async\" class=\"alignnone size-full wp-image-18780 wptangtoc-lazy entered gtloader\" title=\"Broken Arrow Vanguard Edition Full DLC - T\u00e0i Kho\u1ea3n Steam Offline Broken Arrow 9 KAMIKEY\" src=\"https:\/\/gameladeshop.com\/wp-content\/uploads\/2025\/10\/Broken-Arrow-9.webp\" sizes=\"(max-width: 600px) 100vw, 600px\" alt=\"Broken Arrow 9\" width=\"600\" height=\"337\" data-src=\"https:\/\/gameladeshop.com\/wp-content\/uploads\/2025\/10\/Broken-Arrow-9.webp\" data-sizes=\"(max-width: 600px) 100vw, 600px\" data-ll-status=\"loaded\" \/><\/p>\n<p>H\u1ec7 th\u1ed1ng <strong>t\u00f9y ch\u1ec9nh chi ti\u1ebft<\/strong> cho ph\u00e9p thay \u0111\u1ed5i v\u0169 kh\u00ed b\u1ed9 binh, g\u00f3i gi\u00e1p xe t\u0103ng, lo\u1ea1i t\u00ean l\u1eeda v\u00e0 bom cho m\u00e1y bay, th\u1eadm ch\u00ed lo\u1ea1i \u0111\u1ea1n d\u00f9ng cho ph\u00e1o binh. B\u1ed9 binh c\u00f3 k\u1ef9 n\u0103ng ch\u1ea1y n\u01b0\u1edbc r\u00fat \u0111\u1ec3 di chuy\u1ec3n nhanh ho\u1eb7c r\u00fat lui kh\u1ecfi chi\u1ebfn tr\u01b0\u1eddng khi b\u1ecb \u00e1p \u0111\u1ea3o. H\u1ea7u h\u1ebft xe c\u1ed9 \u0111\u1ec1u trang b\u1ecb l\u1ef1u \u0111\u1ea1n kh\u00f3i ti\u00eau chu\u1ea9n \u0111\u1ec3 tr\u00e1nh t\u00ean l\u1eeda ch\u1ed1ng t\u0103ng c\u1ee7a \u0111\u1ecbch.<\/p>\n<p><img loading=\"lazy\" decoding=\"async\" class=\"alignnone size-full wp-image-18779 wptangtoc-lazy entered gtloader\" title=\"Broken Arrow Vanguard Edition Full DLC - T\u00e0i Kho\u1ea3n Steam Offline Broken Arrow 8 KAMIKEY\" src=\"https:\/\/gameladeshop.com\/wp-content\/uploads\/2025\/10\/Broken-Arrow-8.webp\" sizes=\"(max-width: 600px) 100vw, 600px\" alt=\"Broken Arrow 8\" width=\"600\" height=\"337\" data-src=\"https:\/\/gameladeshop.com\/wp-content\/uploads\/2025\/10\/Broken-Arrow-8.webp\" data-sizes=\"(max-width: 600px) 100vw, 600px\" data-ll-status=\"loaded\" \/><\/p>\n<p>Game h\u01b0\u1edbng \u0111\u1ebfn s\u1ef1 c\u00e2n b\u1eb1ng gi\u1eefa <strong>t\u00ednh ch\u00e2n th\u1ef1c v\u00e0 kh\u1ea3 n\u0103ng ti\u1ebfp c\u1eadn<\/strong>, kh\u00f4ng c\u1ed1 g\u1eafng tr\u1edf th\u00e0nh m\u00f4 ph\u1ecfng ho\u00e0n to\u00e0n m\u00e0 s\u1eed d\u1ee5ng ch\u1ee7 ngh\u0129a hi\u1ec7n th\u1ef1c nh\u01b0 c\u00f4ng c\u1ee5 gi\u00fap ng\u01b0\u1eddi ch\u01a1i hi\u1ec3u c\u01a1 ch\u1ebf game nhanh h\u01a1n. \u0110\u01b0\u1ee3c v\u00ed nh\u01b0 s\u1ef1 k\u1ebft h\u1ee3p gi\u1eefa World in Conflict v\u00e0 Command & Conquer, Broken Arrow mang \u0111\u1ebfn tr\u1ea3i nghi\u1ec7m chi\u1ebfn thu\u1eadt s\u00e2u s\u1eafc nh\u01b0ng v\u1eabn d\u1ec5 ti\u1ebfp c\u1eadn cho c\u1ea3 ng\u01b0\u1eddi m\u1edbi v\u00e0 chuy\u00ean gia RTS.<\/p>\n<p><img loading=\"lazy\" decoding=\"async\" class=\"alignnone size-full wp-image-18778 wptangtoc-lazy entered gtloader\" title=\"Broken Arrow Vanguard Edition Full DLC - T\u00e0i Kho\u1ea3n Steam Offline Broken Arrow 7 KAMIKEY\" src=\"https:\/\/gameladeshop.com\/wp-content\/uploads\/2025\/10\/Broken-Arrow-7.webp\" sizes=\"(max-width: 600px) 100vw, 600px\" alt=\"Broken Arrow 7\" width=\"600\" height=\"337\" data-src=\"https:\/\/gameladeshop.com\/wp-content\/uploads\/2025\/10\/Broken-Arrow-7.webp\" data-sizes=\"(max-width: 600px) 100vw, 600px\" data-ll-status=\"loaded\" \/><\/p>\n<p><img loading=\"lazy\" decoding=\"async\" class=\"alignnone size-full wp-image-18777 wptangtoc-lazy entered gtloader\" title=\"Broken Arrow Vanguard Edition Full DLC - T\u00e0i Kho\u1ea3n Steam Offline Broken Arrow 6 KAMIKEY\" src=\"https:\/\/gameladeshop.com\/wp-content\/uploads\/2025\/10\/Broken-Arrow-6.webp\" sizes=\"(max-width: 600px) 100vw, 600px\" alt=\"Broken Arrow 6\" width=\"600\" height=\"337\" data-src=\"https:\/\/gameladeshop.com\/wp-content\/uploads\/2025\/10\/Broken-Arrow-6.webp\" data-sizes=\"(max-width: 600px) 100vw, 600px\" data-ll-status=\"loaded\" \/><\/p>\n<p><img loading=\"lazy\" decoding=\"async\" class=\"alignnone size-full wp-image-18776 wptangtoc-lazy entered gtloader\" title=\"Broken Arrow Vanguard Edition Full DLC - T\u00e0i Kho\u1ea3n Steam Offline Broken Arrow 5 KAMIKEY\" src=\"https:\/\/gameladeshop.com\/wp-content\/uploads\/2025\/10\/Broken-Arrow-5.webp\" sizes=\"(max-width: 600px) 100vw, 600px\" alt=\"Broken Arrow 5\" width=\"600\" height=\"337\" data-src=\"https:\/\/gameladeshop.com\/wp-content\/uploads\/2025\/10\/Broken-Arrow-5.webp\" data-sizes=\"(max-width: 600px) 100vw, 600px\" data-ll-status=\"loaded\" \/><\/p>\n<p><img loading=\"lazy\" decoding=\"async\" class=\"alignnone size-full wp-image-18775 wptangtoc-lazy entered gtloader\" title=\"Broken Arrow Vanguard Edition Full DLC - T\u00e0i Kho\u1ea3n Steam Offline Broken Arrow 4 KAMIKEY\" src=\"https:\/\/gameladeshop.com\/wp-content\/uploads\/2025\/10\/Broken-Arrow-4.webp\" sizes=\"(max-width: 600px) 100vw, 600px\" alt=\"Broken Arrow 4\" width=\"600\" height=\"337\" data-src=\"https:\/\/gameladeshop.com\/wp-content\/uploads\/2025\/10\/Broken-Arrow-4.webp\" data-sizes=\"(max-width: 600px) 100vw, 600px\" data-ll-status=\"loaded\" \/><\/p>\n<p><img loading=\"lazy\" decoding=\"async\" class=\"alignnone size-full wp-image-18774 wptangtoc-lazy entered gtloader\" title=\"Broken Arrow Vanguard Edition Full DLC - T\u00e0i Kho\u1ea3n Steam Offline Broken Arrow 3 KAMIKEY\" src=\"https:\/\/gameladeshop.com\/wp-content\/uploads\/2025\/10\/Broken-Arrow-3.webp\" sizes=\"(max-width: 600px) 100vw, 600px\" alt=\"Broken Arrow 3\" width=\"600\" height=\"337\" data-src=\"https:\/\/gameladeshop.com\/wp-content\/uploads\/2025\/10\/Broken-Arrow-3.webp\" data-sizes=\"(max-width: 600px) 100vw, 600px\" data-ll-status=\"loaded\" \/><\/p>\n<p><img loading=\"lazy\" decoding=\"async\" class=\"alignnone size-full wp-image-18773 wptangtoc-lazy entered gtloader\" title=\"Broken Arrow Vanguard Edition Full DLC - T\u00e0i Kho\u1ea3n Steam Offline Broken Arrow 2 KAMIKEY\" src=\"https:\/\/gameladeshop.com\/wp-content\/uploads\/2025\/10\/Broken-Arrow-2.webp\" sizes=\"(max-width: 600px) 100vw, 600px\" alt=\"Broken Arrow 2\" width=\"600\" height=\"337\" data-src=\"https:\/\/gameladeshop.com\/wp-content\/uploads\/2025\/10\/Broken-Arrow-2.webp\" data-sizes=\"(max-width: 600px) 100vw, 600px\" data-ll-status=\"loaded\" \/><\/p>\n<div class=\"game_page_autocollapse_ctn\">\n<div class=\"game_page_autocollapse sys_req\">\n<h2>Y\u00eau c\u1ea7u h\u1ec7 th\u1ed1ng<\/h2>\n<div class=\"sysreq_contents\">\n<div class=\"game_area_sys_req sysreq_content active\" data-os=\"win\">\n<div class=\"game_area_sys_req_leftCol\"><strong>T\u1ed1i thi\u1ec3u:<\/strong><\/p>\n<ul>\n<li style=\"list-style-type: none;\">\n<ul class=\"bb_ul\">\n<li>Y\u00eau c\u1ea7u vi x\u1eed l\u00fd v\u00e0 h\u1ec7 \u0111i\u1ec1u h\u00e0nh \u0111\u1ec1u ch\u1ea1y 64-bit<\/li>\n<li><strong>H\u0110H:<\/strong>\u00a0Windows 10 x64<\/li>\n<li><strong>B\u1ed9 x\u1eed l\u00fd:<\/strong>\u00a0Intel Core i7-6700 (4* 3400) \/ AMD Ryzen 3 2200G (4 * 3500)<\/li>\n<li><strong>B\u1ed9 nh\u1edb:<\/strong>\u00a08 GB RAM<\/li>\n<li><strong>\u0110\u1ed3 h\u1ecda:<\/strong>\u00a0GeForce GTX 1650 (4096 MB) \/ Radeon RX 570 (4096 MB)<\/li>\n<li><strong>L\u01b0u tr\u1eef:<\/strong>\u00a085 GB ch\u1ed7 tr\u1ed1ng kh\u1ea3 d\u1ee5ng<\/li>\n<\/ul>\n<\/li>\n<\/ul>\n<\/div>\n<div class=\"game_area_sys_req_rightCol\"><strong>Khuy\u1ebfn ngh\u1ecb:<\/strong><\/p>\n<ul>\n<li style=\"list-style-type: none;\">\n<ul class=\"bb_ul\">\n<li>Y\u00eau c\u1ea7u vi x\u1eed l\u00fd v\u00e0 h\u1ec7 \u0111i\u1ec1u h\u00e0nh \u0111\u1ec1u ch\u1ea1y 64-bit<\/li>\n<li><strong>H\u0110H:<\/strong>\u00a0Windows 10 x64<\/li>\n<li><strong>B\u1ed9 x\u1eed l\u00fd:<\/strong>\u00a0Intel Core i9-9900k (8 * 3600) \/ AMD Ryzen 7 5800X3D (8 * 3400)<\/li>\n<li><strong>B\u1ed9 nh\u1edb:<\/strong>\u00a016 GB RAM<\/li>\n<li><strong>\u0110\u1ed3 h\u1ecda:<\/strong>\u00a0GeForce RTX 3080 (10240 MB) \/ Radeon RX 6800 XT (16384 MB)<\/li>\n<li><strong>L\u01b0u tr\u1eef:<\/strong>\u00a085 GB ch\u1ed7 tr\u1ed1ng kh\u1ea3 d\u1ee5ng<\/li>\n<\/ul>\n<\/li>\n<\/ul>\n<\/div>\n<div><\/div>\n<\/div>\n<\/div>\n<\/div>\n<\/div>\n<div class=\"game_page_autocollapse_ctn\">\n<div class=\"game_page_autocollapse\">\n<div id=\"game_area_legal\"><\/div>\n<\/div>\n<\/div>","protected":false},"excerpt":{"rendered":"<p>T\u00e0i kho\u1ea3n \u0111\u01b0\u1ee3c g\u1eedi v\u1ec1 Mail ngay sau khi thanh to\u00e1n T\u1ea3i v\u00e0 ch\u01a1i Game Tr\u1ef1c ti\u1ebfp \u1edf Steam, C\u00f3<\/p>","protected":false},"featured_media":21090,"comment_status":"open","ping_status":"closed","template":"","meta":[],"product_brand":[],"product_cat":[114,92],"product_tag":[],"class_list":{"0":"post-21089","1":"product","2":"type-product","3":"status-publish","4":"has-post-thumbnail","6":"product_cat-game-steam-ea-ubisoft","7":"product_cat-game-offline","9":"first","10":"instock","11":"sale","12":"downloadable","13":"virtual","14":"purchasable","15":"product-type-simple"},"_links":{"self":[{"href":"https:\/\/gameladeshop.com\/en\/wp-json\/wp\/v2\/product\/21089","targetHints":{"allow":["GET"]}}],"collection":[{"href":"https:\/\/gameladeshop.com\/en\/wp-json\/wp\/v2\/product"}],"about":[{"href":"https:\/\/gameladeshop.com\/en\/wp-json\/wp\/v2\/types\/product"}],"replies":[{"embeddable":true,"href":"https:\/\/gameladeshop.com\/en\/wp-json\/wp\/v2\/comments?post=21089"}],"version-history":[{"count":0,"href":"https:\/\/gameladeshop.com\/en\/wp-json\/wp\/v2\/product\/21089\/revisions"}],"wp:featuredmedia":[{"embeddable":true,"href":"https:\/\/gameladeshop.com\/en\/wp-json\/wp\/v2\/media\/21090"}],"wp:attachment":[{"href":"https:\/\/gameladeshop.com\/en\/wp-json\/wp\/v2\/media?parent=21089"}],"wp:term":[{"taxonomy":"product_brand","embeddable":true,"href":"https:\/\/gameladeshop.com\/en\/wp-json\/wp\/v2\/product_brand?post=21089"},{"taxonomy":"product_cat","embeddable":true,"href":"https:\/\/gameladeshop.com\/en\/wp-json\/wp\/v2\/product_cat?post=21089"},{"taxonomy":"product_tag","embeddable":true,"href":"https:\/\/gameladeshop.com\/en\/wp-json\/wp\/v2\/product_tag?post=21089"}],"curies":[{"name":"wp","href":"https:\/\/api.w.org\/{rel}","templated":true}]}}