{"id":18962,"date":"2025-05-20T05:42:52","date_gmt":"2025-05-20T05:42:52","guid":{"rendered":"https:\/\/gameladeshop.com\/?post_type=product&#038;p=18962"},"modified":"2025-11-16T03:40:42","modified_gmt":"2025-11-16T03:40:42","slug":"stellar-blade-complete-edition","status":"publish","type":"product","link":"https:\/\/gameladeshop.com\/en\/stellar-blade-complete-edition\/","title":{"rendered":"Stellar Blade Complete Edition Vi\u1ec7t H\u00f3a TK Steam Offline"},"content":{"rendered":"<ul>\n<li aria-level=\"1\"><span style=\"font-size: 14pt;\">T\u00e0i kho\u1ea3n \u0111\u01b0\u1ee3c g\u1eedi v\u1ec1 Mail ngay sau khi thanh to\u00e1n<\/span><\/li>\n<li aria-level=\"1\"><span style=\"font-size: 14pt;\">T\u1ea3i v\u00e0 ch\u01a1i Game Tr\u1ef1c ti\u1ebfp \u1edf Steam, C\u00f3 Update<\/span><\/li>\n<li aria-level=\"1\"><span style=\"font-size: 14pt;\">Ch\u01a1i Offline v\u00e0 c\u00f3 Save Game ri\u00eang<\/span><\/li>\n<li aria-level=\"1\"><span style=\"font-size: 14pt;\">Ch\u01a1i v\u0129nh vi\u1ec5n kh\u00f4ng c\u00f3 th\u1eddi h\u1ea1n<\/span><\/li>\n<li aria-level=\"1\"><span style=\"font-size: 14pt;\">R\u1ebb h\u01a1n Steam h\u01a1n 90%, C\u1ed1t truy\u1ec7n Game \u0111\u1ea7y \u0111\u1ee7<\/span><\/li>\n<li aria-level=\"1\"><span style=\"font-size: 14pt;\">C\u00f3 th\u1ec3 c\u00e0i th\u00eam Trainer, Mod Game, Vi\u1ec7t H\u00f3a<\/span><\/li>\n<li aria-level=\"1\"><span style=\"font-size: 14pt;\">B\u1ea3o H\u00e0nh n\u1ebfu t\u00e0i kho\u1ea3n c\u00f3 l\u1ed7i<\/span><\/li>\n<li aria-level=\"1\"><span style=\"font-size: 14pt;\">H\u01b0\u1edbng d\u1eabn v\u00e0 b\u1ea3o h\u00e0nh su\u1ed1t qu\u00e1 tr\u00ecnh ch\u01a1i Game<\/span><\/li>\n<\/ul>\n<p>&nbsp;<\/p>\n<div class=\"game_page_autocollapse_ctn expanded\">\n<div id=\"aboutThisGame\" class=\"game_page_autocollapse\" data-panel=\"{&quot;type&quot;:&quot;PanelGroup&quot;}\">\n<div id=\"game_area_description\" class=\"game_area_description\">\n<h2 class=\"bb_tag\">\u0110\u00f2i l\u1ea1i Tr\u00e1i \u0110\u1ea5t cho nh\u00e2n lo\u1ea1i<\/h2>\n<p class=\"bb_paragraph\">Tr\u1ea3i nghi\u1ec7m game \u0103n kh\u00e1ch Stellar Blade\u2122 tr\u00ean PlayStation\u00ae5 t\u1eeb nh\u00e0 ph\u00e1t tri\u1ec3n H\u00e0n Qu\u1ed1c SHIFT UP, hi\u1ec7n \u0111\u00e3 \u0111\u01b0\u1ee3c t\u1ed1i \u01b0u h\u00f3a cho PC.<\/p>\n<h2 class=\"bb_tag\">Kh\u00e1m ph\u00e1 th\u1ebf gi\u1edbi h\u1eadu t\u1eadn th\u1ebf \u0111\u1ea7y cho\u00e1ng ng\u1ee3p<\/h2>\n<div class=\"bb_wide_img_ctn\"><img decoding=\"async\" class=\"bb_img\" src=\"https:\/\/gameladeshop.com\/wp-content\/uploads\/2025\/06\/SB_GIF_for_Steam_Masked_01.gif\" \/><\/div>\n<p class=\"bb_paragraph\">T\u01b0\u01a1ng lai c\u1ee7a nh\u00e2n lo\u1ea1i \u0111ang n\u1eb1m ch\u00eanh v\u00eanh tr\u00ean l\u01b0\u1ee1i ki\u1ebfm. B\u1ecb t\u00e0n ph\u00e1 b\u1edfi nh\u1eefng sinh v\u1eadt k\u1ef3 l\u1ea1,v\u00e0 m\u1ea1nh m\u1ebd, Tr\u00e1i \u0110\u1ea5t \u0111\u00e3 b\u1ecb b\u1ecf hoang v\u00e0 nh\u1eefng ng\u01b0\u1eddi s\u1ed1ng s\u00f3t \u0111\u00e3 ch\u1ea1y tr\u1ed1n \u0111\u1ebfn m\u1ed9t Thu\u1ed9c \u0110\u1ecba ngo\u00e0i kh\u00f4ng gian.<\/p>\n<p class=\"bb_paragraph\">Sau chuy\u1ebfn du h\u00e0nh t\u1eeb Thu\u1ed9c \u0110\u1ecba, EVE \u0111\u1ebfn nh\u1eefng t\u00e0n t\u00edch hoang v\u1eafng c\u1ee7a h\u00e0nh tinh ch\u00fang ta v\u1edbi m\u1ed9t s\u1ee9 m\u1ec7nh r\u00f5 r\u00e0ng: c\u1ee9u lo\u00e0i ng\u01b0\u1eddi b\u1eb1ng c\u00e1ch gi\u00e0nh l\u1ea1i Tr\u00e1i \u0110\u1ea5t kh\u1ecfi Naytiba &#8211; th\u1ebf l\u1ef1c \u0111\u1ed9c \u00e1c \u0111\u00e3 t\u00e0n ph\u00e1 n\u01a1i \u0111\u00e2y.<\/p>\n<p class=\"bb_paragraph\">Nh\u01b0ng khi t\u1eebng b\u01b0\u1edbc \u0111\u1ed1i \u0111\u1ea7u Naytiba, EVE \u0111\u00e3 ch\u1eafp n\u1ed1i nh\u1eefng b\u00ed \u1ea9n c\u1ee7a qu\u00e1 kh\u1ee9 trong \u0111\u1ed1ng \u0111\u1ed5 n\u00e1t c\u1ee7a n\u1ec1n v\u0103n minh nh\u00e2n lo\u1ea1i, c\u00f4 nh\u1eadn ra r\u1eb1ng nhi\u1ec7m v\u1ee5 c\u1ee7a m\u00ecnh kh\u00f4ng h\u1ec1 \u0111\u01a1n gi\u1ea3n. Th\u1ef1c ra, nhi\u1ec7m v\u1ee5 n\u00e0y r\u1ea5t kh\u00e1c\u2026<\/p>\n<h2 class=\"bb_tag\">Nh\u1eefng pha h\u00e0nh \u0111\u1ed9ng s\u1eafc b\u00e9n<\/h2>\n<div class=\"bb_wide_img_ctn\"><img decoding=\"async\" class=\"bb_img\" src=\"https:\/\/gameladeshop.com\/wp-content\/uploads\/2025\/06\/SB_GIF_for_Steam_Masked_02.gif\" \/><\/div>\n<p class=\"bb_paragraph\">Tham gia nh\u1eefng tr\u1eadn chi\u1ebfn t\u1ed1c \u0111\u1ed9 cao, n\u01a1i b\u1ea1n s\u1ebd vung ki\u1ebfm v\u01b0\u1ee3t qua k\u1ebb th\u00f9 m\u1edf \u0111\u01b0\u1eddng gi\u00e0nh l\u1ea1i Tr\u00e1i \u0110\u1ea5t. Thi tri\u1ec3n nh\u1eefng combo t\u1ea5n c\u00f4ng b\u1ea1o li\u1ec7t, m\u1edf kh\u00f3a chi\u00eau th\u1ee9c m\u1edbi v\u00e0 n\u00e2ng c\u1ea5p v\u0169 kh\u00ed, nh\u1eefng tr\u1eadn \u0111\u1ea5u tr\u00f9m ho\u00e0nh tr\u00e1ng s\u1ebd th\u00e1ch th\u1ee9c \u0111\u1ed3ng \u0111\u1ec1u c\u1ea3 t\u00e0i n\u0103ng v\u00e0 tr\u00ed tu\u1ec7 c\u1ee7a b\u1ea1n.<\/p>\n<h2 class=\"bb_tag\">Tr\u1ea3i nghi\u1ec7m th\u1ecb gi\u00e1c tuy\u1ec7t di\u1ec7u<\/h2>\n<div class=\"bb_wide_img_ctn\"><img decoding=\"async\" class=\"bb_img\" src=\"https:\/\/gameladeshop.com\/wp-content\/uploads\/2025\/06\/SB_GIF_for_Steam_Masked_03.gif\" \/><\/div>\n<p class=\"bb_paragraph\">\u0110\u1eafm ch\u00ecm trong m\u1ed9t th\u1ebf gi\u1edbi h\u1eadu t\u1eadn th\u1ebf chi ti\u1ebft cao, pha tr\u1ed9n gi\u1eefa \u0111\u1eb9p \u0111\u1ebd v\u00e0 kinh d\u1ecb t\u1ea1o n\u00ean hi\u1ec7u \u1ee9ng ngo\u1ea1n m\u1ee5c.<\/p>\n<h2 class=\"bb_tag\">M\u1ed9t cu\u1ed9c phi\u00eau l\u01b0u s\u00e2u s\u1eafc \u0111\u1ebfn kh\u00f3 qu\u00ean<\/h2>\n<div class=\"bb_wide_img_ctn\"><img decoding=\"async\" class=\"bb_img\" src=\"https:\/\/gameladeshop.com\/wp-content\/uploads\/2025\/06\/SB_GIF_for_Steam_Masked_04.gif\" \/><\/div>\n<p class=\"bb_paragraph\">L\u00e0m s\u00e1ng t\u1ecf m\u1ed9t c\u1ed1t truy\u1ec7n h\u1ea5p d\u1eabn v\u1ec1 s\u1ed1 ph\u1eadn lo\u00e0i ng\u01b0\u1eddi, v\u1edbi c\u00e1c ch\u1ee7 \u0111\u1ec1 ch\u00edn ch\u1eafn, m\u1ed9t c\u1ed1t truy\u1ec7n k\u00edch th\u00edch t\u01b0 duy v\u00e0 t\u00ecnh ti\u1ebft v\u00e9n m\u00e0n b\u00ed \u1ea9n \u0111\u1ea7y c\u1ea3m x\u00fac.<\/p>\n<h2 class=\"bb_tag\"><strong>N\u1ed9i dung m\u1edbi<\/strong><\/h2>\n<p>&nbsp;<\/p>\n<ul class=\"bb_ul\">\n<li>\n<p class=\"bb_paragraph\">Th\u1eed th\u00e1ch k\u1ef9 n\u0103ng v\u00e0 s\u1ee9c m\u1ea1nh c\u1ee7a b\u1ea1n tr\u01b0\u1edbc chi\u1ebfn binh \u0111\u00e1ng s\u1ee3 Mann, th\u1ee7 l\u0129nh c\u1ee7a Sentinels trong Ch\u1ebf \u0111\u1ed9 Th\u1eed th\u00e1ch Tr\u00f9m.<\/p>\n<\/li>\n<li>\n<p class=\"bb_paragraph\">H\u1ed7 tr\u1ee3 l\u1ed3ng ti\u1ebfng v\u00e0 nh\u00e9p m\u00f4i ti\u1ebfng Trung v\u00e0 ti\u1ebfng Nh\u1eadt.<\/p>\n<\/li>\n<li>\n<p class=\"bb_paragraph\">25 b\u1ed9 trang ph\u1ee5c, ba c\u1eb7p k\u00ednh v\u00e0 s\u00e1u \u0111\u00f4i b\u00f4ng tai.<\/p>\n<\/li>\n<\/ul>\n<h2 class=\"bb_tag\"><strong>Nh\u1eefng t\u00ednh n\u0103ng tr\u00ean PC<\/strong><\/h2>\n<p class=\"bb_paragraph\"><strong>H\u1ed7 tr\u1ee3 m\u00e0n h\u00ecnh si\u00eau r\u1ed9ng<\/strong><\/p>\n<ul class=\"bb_ul\">\n<li>\n<p class=\"bb_paragraph\">Du h\u00e0nh qua nh\u1eefng m\u00f4i tr\u01b0\u1eddng ngo\u1ea1n m\u1ee5c l\u1ea5y c\u1ea3m h\u1ee9ng t\u1eeb khoa h\u1ecdc vi\u1ec5n t\u01b0\u1edfng th\u00f4ng qua h\u1ed7 tr\u1ee3 m\u00e0n h\u00ecnh si\u00eau r\u1ed9ng, bao g\u1ed3m t\u1ef7 l\u1ec7 khung h\u00ecnh 21:9 v\u00e0 32:9.<\/p>\n<\/li>\n<\/ul>\n<p class=\"bb_paragraph\"><strong>\u0110\u1ed3 h\u1ecda t\u1ed1i \u01b0u cho PC<\/strong><\/p>\n<ul class=\"bb_ul\">\n<li>\n<p class=\"bb_paragraph\">Th\u1ed5i h\u1ed3n v\u00e0o th\u1ebf gi\u1edbi s\u1ed1ng \u0111\u1ed9ng tuy\u1ec7t \u0111\u1eb9p n\u00e0y b\u1eb1ng c\u00f4ng ngh\u1ec7 h\u1ed7 tr\u1ee3 t\u0103ng c\u01b0\u1eddng hi\u1ec7u su\u1ea5t bao g\u1ed3m \u0111\u1ed3 h\u1ecda NVIDIA DLSS 4 AI, c\u00f4ng ngh\u1ec7 t\u0103ng c\u01b0\u1eddng ch\u1ea5t l\u01b0\u1ee3ng h\u00ecnh \u1ea3nh NVIDIA DLAA, c\u00f4ng ngh\u1ec7 gi\u1ea3m \u0111\u1ed9 tr\u1ec5 h\u1ec7 th\u1ed1ng NVIDIA Reflex c\u0169ng nh\u01b0 c\u00f4ng ngh\u1ec7 n\u00e2ng c\u1ea5p AMD FSR 3.<\/p>\n<\/li>\n<\/ul>\n<p class=\"bb_paragraph\"><strong>T\u1ed1c \u0111\u1ed9 khung h\u00ecnh \u0111\u01b0\u1ee3c m\u1edf kh\u00f3a<\/strong><\/p>\n<ul class=\"bb_ul\">\n<li>\n<p class=\"bb_paragraph\">Gi\u1ea3i ph\u00f3ng to\u00e0n b\u1ed9 s\u1ee9c m\u1ea1nh ph\u1ea7n c\u1ee9ng c\u1ee7a b\u1ea1n \u0111\u1ec3 khai th\u00e1c to\u00e0n b\u1ed9 s\u1ee9c m\u1ea1nh c\u1ee7a phong c\u00e1ch chi\u1ebfn \u0111\u1ea5u \u0111\u1ea7y ph\u1ea5n kh\u00edch c\u1ee7a EVE v\u1edbi h\u1ed7 tr\u1ee3 t\u1ed1c \u0111\u1ed9 khung h\u00ecnh cao v\u00e0 t\u00ednh m\u01b0\u1ee3t m\u00e0 c\u1ee7a h\u00ecnh \u1ea3nh \u0111\u01b0\u1ee3c c\u1ea3i thi\u1ec7n.<\/p>\n<\/li>\n<\/ul>\n<p class=\"bb_paragraph\"><strong>H\u1ed7 tr\u1ee3 g\u00f3i texture<\/strong><\/p>\n<ul class=\"bb_ul\">\n<li>\n<p class=\"bb_paragraph\">L\u00e0m phong ph\u00fa th\u00eam v\u0169 tr\u1ee5 Stellar Blade th\u00f4ng qua t\u00f9y ch\u1ecdn 4K cho ch\u1ea5t l\u01b0\u1ee3ng ho\u1ea1t ti\u1ebft b\u1ec1 m\u1eb7t m\u00f4i tr\u01b0\u1eddng.<\/p>\n<\/li>\n<\/ul>\n<p class=\"bb_paragraph\"><strong>H\u1ed7 tr\u1ee3 b\u1ed9 \u0111i\u1ec1u khi\u1ec3n v\u00e0 b\u00e0n ph\u00edm<\/strong><\/p>\n<ul class=\"bb_ul\">\n<li>\n<p class=\"bb_paragraph\">H\u00e3y tham gia cu\u1ed9c phi\u00eau l\u01b0u v\u1edbi b\u1ed9 \u0111i\u1ec1u khi\u1ec3n PlayStation DualSense\u00ae k\u1ebft n\u1ed1i qua USB c\u00f3 d\u00e2y ho\u1eb7c h\u1ed7 tr\u1ee3 \u0111\u1ea7y \u0111\u1ee7 chu\u1ed9t v\u00e0 b\u00e0n ph\u00edm.<\/p>\n<\/li>\n<\/ul>\n<p class=\"bb_paragraph\"><u>Ph\u1ea3n h\u1ed3i rung<\/u><\/p>\n<ul class=\"bb_ul\">\n<li>\n<p class=\"bb_paragraph\">C\u1ea3m nh\u1eadn c\u1ea3m gi\u00e1c h\u1ed3i h\u1ed9p trong chi\u1ebfn \u0111\u1ea5u m\u1ed7i khi vung l\u01b0\u1ee1i ki\u1ebfm, v\u1edbi c\u1ea3m gi\u00e1c t\u0103ng c\u01b0\u1eddng nh\u1edd t\u00ednh n\u0103ng ph\u1ea3n h\u1ed3i rung c\u1ee7a b\u1ed9 \u0111i\u1ec1u khi\u1ec3n DualSense.<\/p>\n<\/li>\n<\/ul>\n<p class=\"bb_paragraph\"><u>C\u00f2 \u0111i\u1ec1u khi\u1ec3n th\u00edch \u1ee9ng<\/u><\/p>\n<ul class=\"bb_ul\">\n<li>\n<p class=\"bb_paragraph\">Th\u1ef1c hi\u1ec7n nh\u1eefng \u0111\u1ed9ng t\u00e1c nh\u00e0o l\u1ed9n m\u1ea1nh m\u1ebd nh\u01b0ng v\u1eabn \u0111\u1ea7y uy\u1ec3n chuy\u1ec3n v\u00e0 t\u01b0\u01a1ng t\u00e1c v\u1edbi t\u00e0n t\u00edch c\u00f4ng ngh\u1ec7 c\u00f2n s\u00f3t l\u1ea1i c\u1ee7a Tr\u00e1i \u0110\u1ea5t b\u1ecb b\u1ecf hoang b\u1eb1ng c\u00e1ch s\u1eed d\u1ee5ng c\u00f2 \u0111i\u1ec1u khi\u1ec3n th\u00edch \u1ee9ng c\u1ee7a b\u1ed9 \u0111i\u1ec1u khi\u1ec3n DualSense.<\/p>\n<\/li>\n<\/ul>\n<\/div>\n<\/div>\n<\/div>\n<div class=\"game_page_autocollapse_ctn\">\n<div class=\"game_page_autocollapse\">\n<div id=\"game_area_content_descriptors\" class=\"game_area_description\">\n<h2>M\u00f4 t\u1ea3 n\u1ed9i dung mang y\u1ebfu t\u1ed1 tr\u01b0\u1edfng th\u00e0nh<\/h2>\n<p>N\u1ed9i dung theo l\u1eddi t\u1ea3 c\u1ee7a nh\u00e0 ph\u00e1t tri\u1ec3n:<\/p>\n<p><i>Stellar Blade\u2122 l\u00e0 m\u1ed9t tr\u00f2 ch\u01a1i h\u00e0nh \u0111\u1ed9ng phi\u00eau l\u01b0u l\u1ea5y b\u1ed1i c\u1ea3nh th\u1ebf gi\u1edbi h\u1eadu t\u1eadn th\u1ebf. Ng\u01b0\u1eddi ch\u01a1i tham gia v\u00e0o tr\u1eadn chi\u1ebfn c\u1eadn chi\u1ebfn nh\u1ecbp \u0111\u1ed9 nhanh b\u1eb1ng c\u00e1c lo\u1ea1i v\u0169 kh\u00ed nh\u01b0 l\u01b0\u1ee1i ki\u1ebfm, s\u00fang m\u00e1y v\u00e0 s\u00fang b\u1eafn tia laser. C\u00e1c \u0111\u00f2n t\u1ea5n c\u00f4ng s\u1ebd t\u1ea1o ra hi\u1ec7u \u1ee9ng b\u1eafn tung t\u00f3e m\u00e0u \u0111en v\u00e0 c\u0169ng c\u00f3 th\u1ec3 \u0111\u00e2m xuy\u00ean, x\u00e9 x\u00e1c ho\u1eb7c ch\u1eb7t \u0111\u1ea7u k\u1ebb \u0111\u1ecbch. Tr\u00f2 ch\u01a1i s\u1edf h\u1eefu d\u00e0n nh\u00e2n v\u1eadt n\u1eef m\u1eb7c trang ph\u1ee5c g\u1ee3i c\u1ea3m. Tr\u00f2 ch\u01a1i c\u00f3 m\u1ed9t s\u1ed1 h\u00ecnh \u1ea3nh li\u00ean quan \u0111\u1ebfn t\u1ef1 t\u1eed v\u00e0 tra t\u1ea5n. C\u00f3 nh\u1eefng c\u1ea3nh mi\u00eau t\u1ea3 v\u1ec1 r\u01b0\u1ee3u v\u00e0 thu\u1ed1c l\u00e1. Ng\u00f4n ng\u1eef \u1edf tr\u00ecnh \u0111\u1ed9 trung b\u00ecnh th\u1ea5p \u0111\u01b0\u1ee3c s\u1eed d\u1ee5ng trong c\u00e1c \u0111o\u1ea1n h\u1ed9i tho\u1ea1i.<\/i><\/p>\n<\/div>\n<\/div>\n<\/div>\n<div class=\"game_page_autocollapse_ctn\">\n<div class=\"game_page_autocollapse sys_req\">\n<h2>Y\u00eau c\u1ea7u h\u1ec7 th\u1ed1ng<\/h2>\n<div class=\"sysreq_contents\">\n<div class=\"game_area_sys_req sysreq_content active\" data-os=\"win\">\n<div class=\"game_area_sys_req_leftCol\">\n<p><strong>T\u1ed1i thi\u1ec3u:<\/strong><\/p>\n<ul>\n<li style=\"list-style-type: none;\">\n<ul class=\"bb_ul\">\n<li>Y\u00eau c\u1ea7u vi x\u1eed l\u00fd v\u00e0 h\u1ec7 \u0111i\u1ec1u h\u00e0nh \u0111\u1ec1u ch\u1ea1y 64-bit<\/li>\n<li><strong>H\u0110H:<\/strong>\u00a0Windows 10 64-bit<\/li>\n<li><strong>B\u1ed9 x\u1eed l\u00fd:<\/strong>\u00a0Intel\u00ae Core\u2122 i5-7600k Processor \/ AMD Ryzen\u2122 5 1600X Processor<\/li>\n<li><strong>B\u1ed9 nh\u1edb:<\/strong>\u00a016 GB RAM<\/li>\n<li><strong>\u0110\u1ed3 h\u1ecda:<\/strong>\u00a0NVIDIA GeForce GTX 1060 6GB or AMD Radeon RX 580 8GB<\/li>\n<li><strong>DirectX:<\/strong>\u00a0Phi\u00ean b\u1ea3n 12<\/li>\n<li><strong>L\u01b0u tr\u1eef:<\/strong>\u00a075 GB ch\u1ed7 tr\u1ed1ng kh\u1ea3 d\u1ee5ng<\/li>\n<li><strong>Ghi ch\u00fa th\u00eam:<\/strong>\u00a01080P. Graphics Quality Preset \u201cLow\u201d. 60FPS Target. HDD Supported, SSD Recommended.<\/li>\n<\/ul>\n<\/li>\n<\/ul>\n<\/div>\n<div class=\"game_area_sys_req_rightCol\">\n<p><strong>Khuy\u1ebfn ngh\u1ecb:<\/strong><\/p>\n<ul>\n<li style=\"list-style-type: none;\">\n<ul class=\"bb_ul\">\n<li>Y\u00eau c\u1ea7u vi x\u1eed l\u00fd v\u00e0 h\u1ec7 \u0111i\u1ec1u h\u00e0nh \u0111\u1ec1u ch\u1ea1y 64-bit<\/li>\n<li><strong>H\u0110H:<\/strong>\u00a0Windows 10 64-bit<\/li>\n<li><strong>B\u1ed9 x\u1eed l\u00fd:<\/strong>\u00a0Intel\u00ae Core\u2122 i5-8400 Processor \/ AMD Ryzen\u2122 5 3600X Processor<\/li>\n<li><strong>B\u1ed9 nh\u1edb:<\/strong>\u00a016 GB RAM<\/li>\n<li><strong>\u0110\u1ed3 h\u1ecda:<\/strong>\u00a0NVIDIA GeForce RTX 2060 SUPER or AMD Radeon RX 5700 XT<\/li>\n<li><strong>DirectX:<\/strong>\u00a0Phi\u00ean b\u1ea3n 12<\/li>\n<li><strong>L\u01b0u tr\u1eef:<\/strong>\u00a075 GB ch\u1ed7 tr\u1ed1ng kh\u1ea3 d\u1ee5ng<\/li>\n<li><strong>Ghi ch\u00fa th\u00eam:<\/strong>\u00a01440p. Graphics Quality Preset \u201cMedium\u201d.\u00a0 60FPS Target. SSD Required.<\/li>\n<\/ul>\n<\/li>\n<\/ul>\n<\/div>\n<\/div>\n<\/div>\n<\/div>\n<\/div>","protected":false},"excerpt":{"rendered":"<p>T\u00e0i kho\u1ea3n \u0111\u01b0\u1ee3c g\u1eedi v\u1ec1 Mail ngay sau khi thanh to\u00e1n T\u1ea3i v\u00e0 ch\u01a1i Game Tr\u1ef1c ti\u1ebfp \u1edf Steam, C\u00f3<\/p>","protected":false},"featured_media":18963,"comment_status":"open","ping_status":"closed","template":"","meta":[],"product_brand":[],"product_cat":[114,92],"product_tag":[],"class_list":{"0":"post-18962","1":"product","2":"type-product","3":"status-publish","4":"has-post-thumbnail","6":"product_cat-game-steam-ea-ubisoft","7":"product_cat-game-offline","9":"first","10":"instock","11":"sale","12":"downloadable","13":"virtual","14":"purchasable","15":"product-type-simple"},"_links":{"self":[{"href":"https:\/\/gameladeshop.com\/en\/wp-json\/wp\/v2\/product\/18962","targetHints":{"allow":["GET"]}}],"collection":[{"href":"https:\/\/gameladeshop.com\/en\/wp-json\/wp\/v2\/product"}],"about":[{"href":"https:\/\/gameladeshop.com\/en\/wp-json\/wp\/v2\/types\/product"}],"replies":[{"embeddable":true,"href":"https:\/\/gameladeshop.com\/en\/wp-json\/wp\/v2\/comments?post=18962"}],"version-history":[{"count":0,"href":"https:\/\/gameladeshop.com\/en\/wp-json\/wp\/v2\/product\/18962\/revisions"}],"wp:featuredmedia":[{"embeddable":true,"href":"https:\/\/gameladeshop.com\/en\/wp-json\/wp\/v2\/media\/18963"}],"wp:attachment":[{"href":"https:\/\/gameladeshop.com\/en\/wp-json\/wp\/v2\/media?parent=18962"}],"wp:term":[{"taxonomy":"product_brand","embeddable":true,"href":"https:\/\/gameladeshop.com\/en\/wp-json\/wp\/v2\/product_brand?post=18962"},{"taxonomy":"product_cat","embeddable":true,"href":"https:\/\/gameladeshop.com\/en\/wp-json\/wp\/v2\/product_cat?post=18962"},{"taxonomy":"product_tag","embeddable":true,"href":"https:\/\/gameladeshop.com\/en\/wp-json\/wp\/v2\/product_tag?post=18962"}],"curies":[{"name":"wp","href":"https:\/\/api.w.org\/{rel}","templated":true}]}}