{"id":18940,"date":"2025-05-19T14:40:25","date_gmt":"2025-05-19T14:40:25","guid":{"rendered":"https:\/\/gameladeshop.com\/?post_type=product&#038;p=18940"},"modified":"2025-06-02T03:56:31","modified_gmt":"2025-06-02T03:56:31","slug":"the-precinct-viet-hoa","status":"publish","type":"product","link":"https:\/\/gameladeshop.com\/en\/the-precinct-viet-hoa\/","title":{"rendered":"The Precinct Vi\u1ec7t H\u00f3a TK Steam Offline"},"content":{"rendered":"<ul>\n<li aria-level=\"1\">T\u00e0i kho\u1ea3n \u0111\u01b0\u1ee3c g\u1eedi v\u1ec1 Mail ngay sau khi thanh to\u00e1n<\/li>\n<li aria-level=\"1\">T\u1ea3i v\u00e0 ch\u01a1i Game Tr\u1ef1c ti\u1ebfp \u1edf Steam, C\u00f3 Update<\/li>\n<li aria-level=\"1\">Ch\u01a1i Offline v\u00e0 c\u00f3 Save Game ri\u00eang<\/li>\n<li aria-level=\"1\">Ch\u01a1i v\u0129nh vi\u1ec5n kh\u00f4ng c\u00f3 th\u1eddi h\u1ea1n<\/li>\n<li aria-level=\"1\">R\u1ebb h\u01a1n Steam h\u01a1n 90%, C\u1ed1t truy\u1ec7n Game \u0111\u1ea7y \u0111\u1ee7<\/li>\n<li aria-level=\"1\">C\u00f3 th\u1ec3 c\u00e0i th\u00eam Trainer, Mod Game, Vi\u1ec7t H\u00f3a<\/li>\n<li aria-level=\"1\">B\u1ea3o H\u00e0nh n\u1ebfu t\u00e0i kho\u1ea3n c\u00f3 l\u1ed7i<\/li>\n<li aria-level=\"1\">H\u01b0\u1edbng d\u1eabn v\u00e0 b\u1ea3o h\u00e0nh su\u1ed1t qu\u00e1 tr\u00ecnh ch\u01a1i Game<\/li>\n<\/ul>","protected":false},"excerpt":{"rendered":"<p>T\u00e0i kho\u1ea3n \u0111\u01b0\u1ee3c g\u1eedi v\u1ec1 Mail ngay sau khi thanh to\u00e1n T\u1ea3i v\u00e0 ch\u01a1i Game Tr\u1ef1c ti\u1ebfp \u1edf Steam, C\u00f3<\/p>","protected":false},"featured_media":18941,"comment_status":"open","ping_status":"closed","template":"","meta":[],"product_brand":[],"product_cat":[114,92],"product_tag":[],"class_list":{"0":"post-18940","1":"product","2":"type-product","3":"status-publish","4":"has-post-thumbnail","6":"product_cat-game-steam-ea-ubisoft","7":"product_cat-game-offline","9":"first","10":"instock","11":"sale","12":"downloadable","13":"virtual","14":"purchasable","15":"product-type-simple"},"_links":{"self":[{"href":"https:\/\/gameladeshop.com\/en\/wp-json\/wp\/v2\/product\/18940","targetHints":{"allow":["GET"]}}],"collection":[{"href":"https:\/\/gameladeshop.com\/en\/wp-json\/wp\/v2\/product"}],"about":[{"href":"https:\/\/gameladeshop.com\/en\/wp-json\/wp\/v2\/types\/product"}],"replies":[{"embeddable":true,"href":"https:\/\/gameladeshop.com\/en\/wp-json\/wp\/v2\/comments?post=18940"}],"version-history":[{"count":0,"href":"https:\/\/gameladeshop.com\/en\/wp-json\/wp\/v2\/product\/18940\/revisions"}],"wp:featuredmedia":[{"embeddable":true,"href":"https:\/\/gameladeshop.com\/en\/wp-json\/wp\/v2\/media\/18941"}],"wp:attachment":[{"href":"https:\/\/gameladeshop.com\/en\/wp-json\/wp\/v2\/media?parent=18940"}],"wp:term":[{"taxonomy":"product_brand","embeddable":true,"href":"https:\/\/gameladeshop.com\/en\/wp-json\/wp\/v2\/product_brand?post=18940"},{"taxonomy":"product_cat","embeddable":true,"href":"https:\/\/gameladeshop.com\/en\/wp-json\/wp\/v2\/product_cat?post=18940"},{"taxonomy":"product_tag","embeddable":true,"href":"https:\/\/gameladeshop.com\/en\/wp-json\/wp\/v2\/product_tag?post=18940"}],"curies":[{"name":"wp","href":"https:\/\/api.w.org\/{rel}","templated":true}]}}