{"id":17508,"date":"2025-04-15T10:07:02","date_gmt":"2025-04-15T10:07:02","guid":{"rendered":"https:\/\/gameladeshop.com\/?post_type=product&#038;p=17508"},"modified":"2025-06-02T03:59:19","modified_gmt":"2025-06-02T03:59:19","slug":"football-life-simulator-viet-hoa","status":"publish","type":"product","link":"https:\/\/gameladeshop.com\/en\/football-life-simulator-viet-hoa\/","title":{"rendered":"Football Life Simulator Vi\u1ec7t H\u00f3a TK Steam Offline"},"content":{"rendered":"<ul>\n<li aria-level=\"1\"><span style=\"font-size: 14pt;\">T\u00e0i kho\u1ea3n \u0111\u01b0\u1ee3c g\u1eedi v\u1ec1 Mail ngay sau khi thanh to\u00e1n<\/span><\/li>\n<li aria-level=\"1\"><span style=\"font-size: 14pt;\">T\u1ea3i v\u00e0 ch\u01a1i Game Tr\u1ef1c ti\u1ebfp \u1edf Steam, C\u00f3 Update<\/span><\/li>\n<li aria-level=\"1\"><span style=\"font-size: 14pt;\">Ch\u01a1i Offline v\u00e0 c\u00f3 Save Game ri\u00eang<\/span><\/li>\n<li aria-level=\"1\"><span style=\"font-size: 14pt;\">Ch\u01a1i v\u0129nh vi\u1ec5n kh\u00f4ng c\u00f3 th\u1eddi h\u1ea1n<\/span><\/li>\n<li aria-level=\"1\"><span style=\"font-size: 14pt;\">R\u1ebb h\u01a1n Steam h\u01a1n 90%, C\u1ed1t truy\u1ec7n Game \u0111\u1ea7y \u0111\u1ee7<\/span><\/li>\n<li aria-level=\"1\"><span style=\"font-size: 14pt;\">C\u00f3 th\u1ec3 c\u00e0i th\u00eam Trainer, Mod Game, Vi\u1ec7t H\u00f3a<\/span><\/li>\n<li aria-level=\"1\"><span style=\"font-size: 14pt;\">B\u1ea3o H\u00e0nh n\u1ebfu t\u00e0i kho\u1ea3n c\u00f3 l\u1ed7i<\/span><\/li>\n<li aria-level=\"1\"><span style=\"font-size: 14pt;\">H\u01b0\u1edbng d\u1eabn v\u00e0 b\u1ea3o h\u00e0nh su\u1ed1t qu\u00e1 tr\u00ecnh ch\u01a1i Game<\/span><\/li>\n<\/ul>\n<p>&nbsp;<\/p>\n<p class=\"bb_paragraph\"><strong>Tr\u00ecnh Gi\u1ea3 L\u1eadp Cu\u1ed9c S\u1ed1ng B\u00f3ng \u0110\u00e1<\/strong>\u00a0l\u00e0 m\u1ed9t tr\u00f2 ch\u01a1i m\u00f4 ph\u1ecfng \u0111\u1ed9c \u0111\u00e1o cho ph\u00e9p b\u1ea1n tr\u1ea3i nghi\u1ec7m cu\u1ed9c s\u1ed1ng c\u1ee7a m\u1ed9t c\u1ea7u th\u1ee7 b\u00f3ng \u0111\u00e1 chuy\u00ean nghi\u1ec7p, c\u1ea3 trong v\u00e0 ngo\u00e0i s\u00e2n c\u1ecf.<\/p>\n<div class=\"bb_wide_img_ctn\"><img decoding=\"async\" class=\"bb_img\" src=\"https:\/\/gameladeshop.com\/wp-content\/uploads\/2025\/10\/1Improve2.webp\" \/><\/div>\n<p class=\"bb_paragraph\">N\u00e2ng cao k\u1ef9 n\u0103ng b\u00f3ng \u0111\u00e1 c\u1ee7a b\u1ea1n th\u00f4ng qua c\u00e1c b\u00e0i t\u1eadp hu\u1ea5n luy\u1ec7n th\u1ef1c t\u1ebf v\u00e0 tr\u00f2 ch\u01a1i nh\u1ecf, t\u1ecfa s\u00e1ng tr\u00ean s\u00e2n c\u1ecf.<\/p>\n<div class=\"bb_wide_img_ctn\"><img decoding=\"async\" class=\"bb_img\" src=\"https:\/\/gameladeshop.com\/wp-content\/uploads\/2025\/04\/Gif1Training.gif\" \/><\/div>\n<div class=\"bb_wide_img_ctn\"><img decoding=\"async\" class=\"bb_img\" src=\"https:\/\/gameladeshop.com\/wp-content\/uploads\/2025\/10\/2Work2.webp\" \/><\/div>\n<p class=\"bb_paragraph\">Ch\u1ea1y b\u1ed9 tr\u00ean m\u00e1y ch\u1ea1y, n\u00e2ng t\u1ea1, t\u0103ng c\u01b0\u1eddng th\u1ec3 l\u1ef1c v\u00e0 s\u1ee9c b\u1ec1n \u0111\u1ec3 v\u01b0\u1ee3t qua gi\u1edbi h\u1ea1n c\u1ee7a ch\u00ednh m\u00ecnh.<\/p>\n<div class=\"bb_wide_img_ctn\"><img decoding=\"async\" class=\"bb_img\" src=\"https:\/\/gameladeshop.com\/wp-content\/uploads\/2025\/04\/GifGym2.gif\" \/><\/div>\n<div class=\"bb_wide_img_ctn\"><img decoding=\"async\" class=\"bb_img\" src=\"https:\/\/gameladeshop.com\/wp-content\/uploads\/2025\/10\/3Enjoy.webp\" \/><\/div>\n<p class=\"bb_paragraph\">T\u1eadn h\u01b0\u1edfng c\u00e1c ho\u1ea1t \u0111\u1ed9ng x\u00e3 h\u1ed9i nh\u01b0 \u0111i bar, k\u1ebft b\u1ea1n v\u00e0 x\u00e2y d\u1ef1ng c\u00e1c m\u1ed1i quan h\u1ec7 l\u00e3ng m\u1ea1n.<\/p>\n<div class=\"bb_wide_img_ctn\"><img decoding=\"async\" class=\"bb_img\" src=\"https:\/\/gameladeshop.com\/wp-content\/uploads\/2025\/04\/GifBar.gif\" \/><\/div>\n<div class=\"bb_wide_img_ctn\"><img decoding=\"async\" class=\"bb_img\" src=\"https:\/\/gameladeshop.com\/wp-content\/uploads\/2025\/10\/4Hero.webp\" \/><\/div>\n<p class=\"bb_paragraph\">Th\u1ec3 hi\u1ec7n k\u1ef9 n\u0103ng c\u1ee7a b\u1ea1n trong c\u00e1c tr\u1eadn \u0111\u1ea5u, t\u1eadn d\u1ee5ng c\u01a1 h\u1ed9i \u0111\u1ec3 ghi b\u00e0n v\u00e0 khi\u1ebfn ng\u01b0\u1eddi h\u00e2m m\u1ed9 ph\u00e1t cu\u1ed3ng khi b\u1ea1n th\u0103ng ti\u1ebfn trong s\u1ef1 nghi\u1ec7p.<\/p>\n<div class=\"bb_wide_img_ctn\"><img decoding=\"async\" class=\"bb_img\" src=\"https:\/\/gameladeshop.com\/wp-content\/uploads\/2025\/04\/GifMatch.gif\" \/><\/div>\n<div class=\"bb_wide_img_ctn\"><img decoding=\"async\" class=\"bb_img\" src=\"https:\/\/gameladeshop.com\/wp-content\/uploads\/2025\/10\/5More.webp\" \/><\/div>\n<div class=\"bb_wide_img_ctn\"><img decoding=\"async\" class=\"bb_img\" src=\"https:\/\/gameladeshop.com\/wp-content\/uploads\/2025\/04\/Fridge.gif\" \/><\/div>\n<div class=\"bb_wide_img_ctn\"><img decoding=\"async\" class=\"bb_img\" src=\"https:\/\/gameladeshop.com\/wp-content\/uploads\/2025\/04\/GifHome.gif\" \/><\/div>\n<div class=\"bb_wide_img_ctn\"><img decoding=\"async\" class=\"bb_img\" src=\"https:\/\/gameladeshop.com\/wp-content\/uploads\/2025\/04\/GifGym.gif\" \/><\/div>\n<ul class=\"bb_ul\">\n<li>\n<p class=\"bb_paragraph\">Ch\u1ebf \u0111\u1ed9 s\u1ef1 nghi\u1ec7p m\u1edf r\u1ed9ng: B\u1eaft \u0111\u1ea7u t\u1eeb con s\u1ed1 kh\u00f4ng v\u00e0 v\u01b0\u01a1n l\u00ean tr\u1edf th\u00e0nh c\u1ea7u th\u1ee7 b\u00f3ng \u0111\u00e1 chuy\u00ean nghi\u1ec7p.<\/p>\n<\/li>\n<li>\n<p class=\"bb_paragraph\">H\u1ec7 th\u1ed1ng kinh t\u1ebf chi ti\u1ebft: Qu\u1ea3n l\u00fd t\u00e0i ch\u00ednh, ki\u1ec3m so\u00e1t chi ti\u00eau v\u00e0 \u0111\u1ea7u t\u01b0 th\u00f4ng minh.<\/p>\n<\/li>\n<li>\n<p class=\"bb_paragraph\">Truy\u1ec1n h\u00ecnh, radio v\u00e0 t\u1ea1p ch\u00ed: Th\u01b0 gi\u00e3n t\u1ea1i nh\u00e0 b\u1eb1ng c\u00e1ch xem TV, nghe radio ho\u1eb7c \u0111\u1ecdc t\u1ea1p ch\u00ed.<\/p>\n<\/li>\n<li>\n<p class=\"bb_paragraph\">Qu\u1ea3n l\u00fd m\u1ed1i quan h\u1ec7: X\u00e2y d\u1ef1ng t\u00ecnh b\u1ea1n v\u00e0 m\u1ed1i quan h\u1ec7 l\u00e3ng m\u1ea1n v\u1edbi c\u00e1c NPC.<\/p>\n<\/li>\n<li>\n<p class=\"bb_paragraph\">H\u1ecdp b\u00e1o: Tr\u1ea3 l\u1eddi c\u00e2u h\u1ecfi c\u1ee7a ph\u00f3ng vi\u00ean v\u00e0 n\u00e2ng cao danh ti\u1ebfng c\u1ee7a b\u1ea1n.<\/p>\n<\/li>\n<li>\n<p class=\"bb_paragraph\">C\u1edd b\u1ea1c v\u00e0 gi\u1ea3i tr\u00ed: Th\u1eed v\u1eadn may t\u1ea1i s\u00f2ng b\u1ea1c v\u00e0 tham gia c\u00e1c ho\u1ea1t \u0111\u1ed9ng gi\u1ea3i tr\u00ed.<\/p>\n<\/li>\n<li>\n<p class=\"bb_paragraph\">Ch\u1ea5n th\u01b0\u01a1ng v\u00e0 h\u1ed3i ph\u1ee5c: X\u1eed l\u00fd ch\u1ea5n th\u01b0\u01a1ng v\u00e0 chi\u1ebfn \u0111\u1ea5u \u0111\u1ec3 quay tr\u1edf l\u1ea1i s\u00e2n c\u1ecf.<\/p>\n<\/li>\n<li>\n<p class=\"bb_paragraph\">Xung \u0111\u1ed9t tr\u00ean s\u00e2n: Tham gia v\u00e0o c\u00e1c cu\u1ed9c xung \u0111\u1ed9t trong tr\u1eadn \u0111\u1ea5u v\u00e0 \u0111\u1ed1i m\u1eb7t v\u1edbi h\u1eadu qu\u1ea3.<\/p>\n<\/li>\n<li>\n<p class=\"bb_paragraph\">Trang tr\u00ed nh\u00e0 c\u1eeda: S\u1eed d\u1ee5ng ti\u1ec1n ki\u1ebfm \u0111\u01b0\u1ee3c \u0111\u1ec3 t\u00f9y ch\u1ec9nh v\u00e0 trang tr\u00ed kh\u00f4ng gian s\u1ed1ng c\u1ee7a b\u1ea1n.<\/p>\n<\/li>\n<li>\n<p class=\"bb_paragraph\">T\u00f9y ch\u1ec9nh nh\u00e2n v\u1eadt: T\u1ea1o c\u1ea7u th\u1ee7 b\u00f3ng \u0111\u00e1 \u0111\u1ed9c \u0111\u00e1o c\u1ee7a ri\u00eang b\u1ea1n b\u1eb1ng c\u00e1ch t\u00f9y ch\u1ec9nh ngo\u1ea1i h\u00ecnh v\u00e0 phong c\u00e1ch.<\/p>\n<\/li>\n<li>\n<p class=\"bb_paragraph\">Th\u00fa c\u01b0ng: Nh\u1eadn nu\u00f4i th\u00fa c\u01b0ng v\u00e0 l\u00e0m phong ph\u00fa th\u00eam \u0111\u1eddi s\u1ed1ng x\u00e3 h\u1ed9i c\u1ee7a b\u1ea1n.<\/p>\n<\/li>\n<\/ul>\n<div class=\"page_content\" data-panel=\"[]\">\n<div class=\"leftcol game_description_column\" data-panel=\"{&quot;flow-children&quot;:&quot;column&quot;}\">\n<div class=\"game_page_autocollapse_ctn\">\n<div class=\"game_page_autocollapse sys_req\">\n<h2>Y\u00eau c\u1ea7u h\u1ec7 th\u1ed1ng<\/h2>\n<div class=\"sysreq_contents\">\n<div class=\"game_area_sys_req sysreq_content active\" data-os=\"win\">\n<div class=\"game_area_sys_req_leftCol\">\n<p><strong>T\u1ed1i thi\u1ec3u:<\/strong><\/p>\n<ul>\n<li style=\"list-style-type: none;\">\n<ul class=\"bb_ul\">\n<li>Y\u00eau c\u1ea7u vi x\u1eed l\u00fd v\u00e0 h\u1ec7 \u0111i\u1ec1u h\u00e0nh \u0111\u1ec1u ch\u1ea1y 64-bit<\/li>\n<li><strong>H\u0110H:<\/strong>\u00a0Windows 10 (64-bit)<\/li>\n<li><strong>B\u1ed9 x\u1eed l\u00fd:<\/strong>\u00a0Intel Core i5-7500 \/ AMD Ryzen 5 1600<\/li>\n<li><strong>B\u1ed9 nh\u1edb:<\/strong>\u00a08 GB RAM<\/li>\n<li><strong>\u0110\u1ed3 h\u1ecda:<\/strong>\u00a0NVIDIA GeForce GTX 1050 \/ AMD R9 270X<\/li>\n<li><strong>DirectX:<\/strong>\u00a0Phi\u00ean b\u1ea3n 11<\/li>\n<li><strong>L\u01b0u tr\u1eef:<\/strong>\u00a05 GB ch\u1ed7 tr\u1ed1ng kh\u1ea3 d\u1ee5ng<\/li>\n<\/ul>\n<\/li>\n<\/ul>\n<\/div>\n<div class=\"game_area_sys_req_rightCol\"><\/div>\n<div><\/div>\n<\/div>\n<\/div>\n<\/div>\n<\/div>\n<\/div>\n<div><\/div>\n<\/div>\n<div class=\"related_items_ctn\">\n<div class=\"page_content game_description_column\">\n<div data-featuretarget=\"storeitems-carousel\" data-props=\"{&quot;title&quot;:&quot;s\u1ea3n ph\u1ea9m t\u01b0\u01a1ng t\u1ef1&quot;,&quot;seeAllLink&quot;:&quot;https:\/\/store.steampowered.com\/recommended\/morelike\/app\/3158270\/?snr=1_5_9__300&quot;,&quot;appIDs&quot;:[2670630,3070070,1442430,2928520,1331550,3531470,3098070,2709570,621060,2961880,3408110,2418520,3098470,3357250,2878420,1001270,2959610,1874490,3211680,1452250,3339330,3150440,2529170,3089130,3327470,1563180,362620,3453600,3137520,1009560],&quot;navKey&quot;:&quot;more_like_this_carousel&quot;,&quot;sortOrder&quot;:&quot;shuffle&quot;,&quot;scorePenaltyIfOwned&quot;:5}\">\n<div class=\"_2BG1JKMgeqn_cr0rbRhRNA\">\n<div class=\"kR_xyFf2ghgC-Jexsw_5v\"><\/div>\n<\/div>\n<\/div>\n<\/div>\n<\/div>","protected":false},"excerpt":{"rendered":"<p>T\u00e0i kho\u1ea3n \u0111\u01b0\u1ee3c g\u1eedi v\u1ec1 Mail ngay sau khi thanh to\u00e1n T\u1ea3i v\u00e0 ch\u01a1i Game Tr\u1ef1c ti\u1ebfp \u1edf Steam, C\u00f3<\/p>","protected":false},"featured_media":17509,"comment_status":"open","ping_status":"closed","template":"","meta":[],"product_brand":[],"product_cat":[114,92],"product_tag":[],"class_list":{"0":"post-17508","1":"product","2":"type-product","3":"status-publish","4":"has-post-thumbnail","6":"product_cat-game-steam-ea-ubisoft","7":"product_cat-game-offline","9":"first","10":"instock","11":"sale","12":"downloadable","13":"virtual","14":"purchasable","15":"product-type-simple"},"_links":{"self":[{"href":"https:\/\/gameladeshop.com\/en\/wp-json\/wp\/v2\/product\/17508","targetHints":{"allow":["GET"]}}],"collection":[{"href":"https:\/\/gameladeshop.com\/en\/wp-json\/wp\/v2\/product"}],"about":[{"href":"https:\/\/gameladeshop.com\/en\/wp-json\/wp\/v2\/types\/product"}],"replies":[{"embeddable":true,"href":"https:\/\/gameladeshop.com\/en\/wp-json\/wp\/v2\/comments?post=17508"}],"version-history":[{"count":0,"href":"https:\/\/gameladeshop.com\/en\/wp-json\/wp\/v2\/product\/17508\/revisions"}],"wp:featuredmedia":[{"embeddable":true,"href":"https:\/\/gameladeshop.com\/en\/wp-json\/wp\/v2\/media\/17509"}],"wp:attachment":[{"href":"https:\/\/gameladeshop.com\/en\/wp-json\/wp\/v2\/media?parent=17508"}],"wp:term":[{"taxonomy":"product_brand","embeddable":true,"href":"https:\/\/gameladeshop.com\/en\/wp-json\/wp\/v2\/product_brand?post=17508"},{"taxonomy":"product_cat","embeddable":true,"href":"https:\/\/gameladeshop.com\/en\/wp-json\/wp\/v2\/product_cat?post=17508"},{"taxonomy":"product_tag","embeddable":true,"href":"https:\/\/gameladeshop.com\/en\/wp-json\/wp\/v2\/product_tag?post=17508"}],"curies":[{"name":"wp","href":"https:\/\/api.w.org\/{rel}","templated":true}]}}