{"id":13331,"date":"2025-01-18T08:36:16","date_gmt":"2025-01-18T08:36:16","guid":{"rendered":"https:\/\/gameladeshop.com\/?post_type=product&#038;p=13331"},"modified":"2025-08-18T08:01:05","modified_gmt":"2025-08-18T08:01:05","slug":"five-nights-at-freddys-secret-of-the-mimic-complete-collection","status":"publish","type":"product","link":"https:\/\/gameladeshop.com\/en\/five-nights-at-freddys-secret-of-the-mimic-complete-collection\/","title":{"rendered":"Five Nights at Freddy&#8217;s: Secret of the Mimic + Complete Collection"},"content":{"rendered":"<ul>\n<li aria-level=\"1\"><span style=\"font-size: 14pt;\">T\u00e0i kho\u1ea3n bao g\u1ed3m :\u00a0<\/span><\/li>\n<\/ul>\n<p><span style=\"font-size: 14pt;\">\u00a0 \u00a0 \u00a0 \u00a01 Five Nights at Freddy's<\/span><br \/>\n<span style=\"font-size: 14pt;\">\u00a0 \u00a0 \u00a0 \u00a02 Five Nights at Freddy's 2<\/span><br \/>\n<span style=\"font-size: 14pt;\">\u00a0 \u00a0 \u00a0 \u00a03 Five Nights at Freddy's 3<\/span><br \/>\n<span style=\"font-size: 14pt;\">\u00a0 \u00a0 \u00a0 \u00a04 Five Nights at Freddy's 4<\/span><br \/>\n<span style=\"font-size: 14pt;\">\u00a0 \u00a0 \u00a0 \u00a05 Five Nights at Freddy's: Sister Location<\/span><br \/>\n<span style=\"font-size: 14pt;\">\u00a0 \u00a0 \u00a0 \u00a06 Five Nights at Freddy's: Help Wanted 1+2 + DLC Help Wanted &#8211; Curse of Dreadbear<\/span><br \/>\n<span style=\"font-size: 14pt;\">\u00a0 \u00a0 \u00a0 \u00a07 Five Nights at Freddy's: Security Breach + DLC Security Breach &#8211; Ruin<\/span><br \/>\n<span style=\"font-size: 14pt;\">\u00a0 \u00a0 \u00a0 \u00a08 Five Nights at Freddy's: Into the Pit<\/span><br \/>\n<span style=\"font-size: 14pt;\">\u00a0 \u00a0 \u00a0 \u00a09 Five Nights at Freddy's: Secret of the Mimic<\/span><br \/>\n<span style=\"font-size: 14pt;\">\u00a0 \u00a0 \u00a0 \u00a010 Five Nights at Freddy's: Security Beach<\/span><br \/>\n<span style=\"font-size: 14pt;\">\u00a0 \u00a0 \u00a0 \u00a011 Freddy Fazbear\u00b4s Pizzeria Simulator<\/span><\/p>\n<ul>\n<li aria-level=\"1\"><span style=\"font-size: 14pt;\">T\u00e0i kho\u1ea3n \u0111\u01b0\u1ee3c g\u1eedi v\u1ec1 Mail ngay sau khi thanh to\u00e1n<\/span><\/li>\n<li aria-level=\"1\"><span style=\"font-size: 14pt;\">T\u1ea3i v\u00e0 ch\u01a1i Game Tr\u1ef1c ti\u1ebfp \u1edf Steam, C\u00f3 Update<\/span><\/li>\n<li aria-level=\"1\"><span style=\"font-size: 14pt;\">Ch\u01a1i Offline v\u00e0 c\u00f3 Save Game ri\u00eang<\/span><\/li>\n<li aria-level=\"1\"><span style=\"font-size: 14pt;\">Ch\u01a1i v\u0129nh vi\u1ec5n kh\u00f4ng c\u00f3 th\u1eddi h\u1ea1n<\/span><\/li>\n<li aria-level=\"1\"><span style=\"font-size: 14pt;\">R\u1ebb h\u01a1n Steam h\u01a1n 90%, C\u1ed1t truy\u1ec7n Game \u0111\u1ea7y \u0111\u1ee7<\/span><\/li>\n<li aria-level=\"1\"><span style=\"font-size: 14pt;\">C\u00f3 th\u1ec3 c\u00e0i th\u00eam Trainer, Mod Game, Vi\u1ec7t H\u00f3a<\/span><\/li>\n<li aria-level=\"1\"><span style=\"font-size: 14pt;\">B\u1ea3o H\u00e0nh n\u1ebfu t\u00e0i kho\u1ea3n c\u00f3 l\u1ed7i<\/span><\/li>\n<li aria-level=\"1\"><span style=\"font-size: 14pt;\">H\u01b0\u1edbng d\u1eabn v\u00e0 b\u1ea3o h\u00e0nh su\u1ed1t qu\u00e1 tr\u00ecnh ch\u01a1i Game<\/span><\/li>\n<\/ul>","protected":false},"excerpt":{"rendered":"<p>T\u00e0i kho\u1ea3n bao g\u1ed3m :\u00a0 \u00a0 \u00a0 \u00a0 \u00a01 Five Nights at Freddy&#8217;s \u00a0 \u00a0 \u00a0 \u00a02 Five Nights at<\/p>","protected":false},"featured_media":13333,"comment_status":"open","ping_status":"closed","template":"","meta":[],"product_brand":[],"product_cat":[114,92],"product_tag":[],"class_list":{"0":"post-13331","1":"product","2":"type-product","3":"status-publish","4":"has-post-thumbnail","6":"product_cat-game-steam-ea-ubisoft","7":"product_cat-game-offline","9":"first","10":"instock","11":"sale","12":"downloadable","13":"virtual","14":"purchasable","15":"product-type-simple"},"_links":{"self":[{"href":"https:\/\/gameladeshop.com\/en\/wp-json\/wp\/v2\/product\/13331","targetHints":{"allow":["GET"]}}],"collection":[{"href":"https:\/\/gameladeshop.com\/en\/wp-json\/wp\/v2\/product"}],"about":[{"href":"https:\/\/gameladeshop.com\/en\/wp-json\/wp\/v2\/types\/product"}],"replies":[{"embeddable":true,"href":"https:\/\/gameladeshop.com\/en\/wp-json\/wp\/v2\/comments?post=13331"}],"version-history":[{"count":0,"href":"https:\/\/gameladeshop.com\/en\/wp-json\/wp\/v2\/product\/13331\/revisions"}],"wp:featuredmedia":[{"embeddable":true,"href":"https:\/\/gameladeshop.com\/en\/wp-json\/wp\/v2\/media\/13333"}],"wp:attachment":[{"href":"https:\/\/gameladeshop.com\/en\/wp-json\/wp\/v2\/media?parent=13331"}],"wp:term":[{"taxonomy":"product_brand","embeddable":true,"href":"https:\/\/gameladeshop.com\/en\/wp-json\/wp\/v2\/product_brand?post=13331"},{"taxonomy":"product_cat","embeddable":true,"href":"https:\/\/gameladeshop.com\/en\/wp-json\/wp\/v2\/product_cat?post=13331"},{"taxonomy":"product_tag","embeddable":true,"href":"https:\/\/gameladeshop.com\/en\/wp-json\/wp\/v2\/product_tag?post=13331"}],"curies":[{"name":"wp","href":"https:\/\/api.w.org\/{rel}","templated":true}]}}