{"id":13035,"date":"2025-01-11T09:46:30","date_gmt":"2025-01-11T09:46:30","guid":{"rendered":"https:\/\/gameladeshop.com\/?post_type=product&#038;p=13035"},"modified":"2025-04-03T09:43:46","modified_gmt":"2025-04-03T09:43:46","slug":"assassins-creed-collection-10-games","status":"publish","type":"product","link":"https:\/\/gameladeshop.com\/en\/assassins-creed-collection-10-games\/","title":{"rendered":"Assassin&#8217;s Creed Collection 16 Games"},"content":{"rendered":"<ul>\n<li><strong><span style=\"font-size: 14pt;\">T\u00e0i kho\u1ea3n bao g\u1ed3m :<\/span><\/strong><\/li>\n<\/ul>\n<p><strong><span style=\"font-size: 14pt;\">\u00a0 \u00a0 \u00a0 \u00a01 Assassin's Creed<\/span><\/strong><br \/>\n<strong><span style=\"font-size: 14pt;\">\u00a0 \u00a0 \u00a0 \u00a02 Assassin's Creed II<\/span><\/strong><br \/>\n<strong><span style=\"font-size: 14pt;\">\u00a0 \u00a0 \u00a0 \u00a03 Assassin's Creed\u00ae Brotherhood<\/span><\/strong><br \/>\n<strong><span style=\"font-size: 14pt;\">\u00a0 \u00a0 \u00a0 \u00a04 Assassin's Creed Revelations &#8211; Gold Edition<\/span><\/strong><br \/>\n<strong><span style=\"font-size: 14pt;\">\u00a0 \u00a0 \u00a0 \u00a05 Assassin's Creed Revelations &#8211; III Remastered<\/span><\/strong><br \/>\n<strong><span style=\"font-size: 14pt;\">\u00a0 \u00a0 \u00a0 \u00a06 Assassin's Creed Revelations &#8211; Liberation<\/span><\/strong><br \/>\n<strong><span style=\"font-size: 14pt;\">\u00a0 \u00a0 \u00a0 \u00a07 Assassin's Creed Revelations &#8211; Gold Edition<\/span><\/strong><br \/>\n<strong><span style=\"font-size: 14pt;\">\u00a0 \u00a0 \u00a0 \u00a08 Assassin's Creed Freedom Cry<\/span><\/strong><br \/>\n<strong><span style=\"font-size: 14pt;\">\u00a0 \u00a0 \u00a0 \u00a09 Assassin's Creed Rogue<\/span><\/strong><br \/>\n<strong><span style=\"font-size: 14pt;\">\u00a0 \u00a0 \u00a0 \u00a010 Assassin's Creed III Remastered<\/span><\/strong><br \/>\n<strong><span style=\"font-size: 14pt;\">\u00a0 \u00a0 \u00a0 \u00a011 Assassin's Creed Black Flag<\/span><\/strong><br \/>\n<strong><span style=\"font-size: 14pt;\">\u00a0 \u00a0 \u00a0 \u00a012 Assassin's Creed Unity<\/span><\/strong><br \/>\n<strong><span style=\"font-size: 14pt;\">\u00a0 \u00a0 \u00a0 \u00a013 Assassin's Creed Syndicate<\/span><\/strong><br \/>\n<strong><span style=\"font-size: 14pt;\">\u00a0 \u00a0 \u00a0 \u00a014 Assassin's Creed Odyssey<\/span><\/strong><br \/>\n<strong><span style=\"font-size: 14pt;\">\u00a0 \u00a0 \u00a0 \u00a015 Assassin's Creed Origins<\/span><\/strong><br \/>\n<strong><span style=\"font-size: 14pt;\">\u00a0 \u00a0 \u00a0 \u00a016 Assassin's Creed Mirage<\/span><\/strong><\/p>\n<ul>\n<li aria-level=\"1\"><span style=\"font-size: 14pt;\">T\u00e0i kho\u1ea3n \u0111\u01b0\u1ee3c g\u1eedi v\u1ec1 Mail ngay sau khi thanh to\u00e1n<\/span><\/li>\n<li aria-level=\"1\"><span style=\"font-size: 14pt;\">T\u1ea3i v\u00e0 ch\u01a1i Game Tr\u1ef1c ti\u1ebfp \u1edf Ubisoft, C\u00f3 Update<\/span><\/li>\n<li aria-level=\"1\"><span style=\"font-size: 14pt;\">Ch\u01a1i Offline v\u00e0 c\u00f3 Save Game ri\u00eang<\/span><\/li>\n<li aria-level=\"1\"><span style=\"font-size: 14pt;\">Ch\u01a1i v\u0129nh vi\u1ec5n kh\u00f4ng c\u00f3 th\u1eddi h\u1ea1n<\/span><\/li>\n<li aria-level=\"1\"><span style=\"font-size: 14pt;\">R\u1ebb h\u01a1n Steam h\u01a1n 90%, C\u1ed1t truy\u1ec7n Game \u0111\u1ea7y \u0111\u1ee7<\/span><\/li>\n<li aria-level=\"1\"><span style=\"font-size: 14pt;\">C\u00f3 th\u1ec3 c\u00e0i th\u00eam Trainer, Mod Game, Vi\u1ec7t H\u00f3a<\/span><\/li>\n<li aria-level=\"1\"><span style=\"font-size: 14pt;\">B\u1ea3o H\u00e0nh n\u1ebfu t\u00e0i kho\u1ea3n c\u00f3 l\u1ed7i<\/span><\/li>\n<li aria-level=\"1\"><span style=\"font-size: 14pt;\">H\u01b0\u1edbng d\u1eabn v\u00e0 b\u1ea3o h\u00e0nh su\u1ed1t qu\u00e1 tr\u00ecnh ch\u01a1i Game<\/span><\/li>\n<\/ul>","protected":false},"excerpt":{"rendered":"<p>T\u00e0i kho\u1ea3n bao g\u1ed3m : \u00a0 \u00a0 \u00a0 \u00a01 Assassin&#8217;s Creed \u00a0 \u00a0 \u00a0 \u00a02 Assassin&#8217;s Creed II \u00a0 \u00a0<\/p>","protected":false},"featured_media":13036,"comment_status":"open","ping_status":"closed","template":"","meta":[],"product_brand":[],"product_cat":[114,92],"product_tag":[],"class_list":{"0":"post-13035","1":"product","2":"type-product","3":"status-publish","4":"has-post-thumbnail","6":"product_cat-game-steam-ea-ubisoft","7":"product_cat-game-offline","9":"first","10":"instock","11":"sale","12":"downloadable","13":"virtual","14":"purchasable","15":"product-type-simple"},"_links":{"self":[{"href":"https:\/\/gameladeshop.com\/en\/wp-json\/wp\/v2\/product\/13035","targetHints":{"allow":["GET"]}}],"collection":[{"href":"https:\/\/gameladeshop.com\/en\/wp-json\/wp\/v2\/product"}],"about":[{"href":"https:\/\/gameladeshop.com\/en\/wp-json\/wp\/v2\/types\/product"}],"replies":[{"embeddable":true,"href":"https:\/\/gameladeshop.com\/en\/wp-json\/wp\/v2\/comments?post=13035"}],"version-history":[{"count":0,"href":"https:\/\/gameladeshop.com\/en\/wp-json\/wp\/v2\/product\/13035\/revisions"}],"wp:featuredmedia":[{"embeddable":true,"href":"https:\/\/gameladeshop.com\/en\/wp-json\/wp\/v2\/media\/13036"}],"wp:attachment":[{"href":"https:\/\/gameladeshop.com\/en\/wp-json\/wp\/v2\/media?parent=13035"}],"wp:term":[{"taxonomy":"product_brand","embeddable":true,"href":"https:\/\/gameladeshop.com\/en\/wp-json\/wp\/v2\/product_brand?post=13035"},{"taxonomy":"product_cat","embeddable":true,"href":"https:\/\/gameladeshop.com\/en\/wp-json\/wp\/v2\/product_cat?post=13035"},{"taxonomy":"product_tag","embeddable":true,"href":"https:\/\/gameladeshop.com\/en\/wp-json\/wp\/v2\/product_tag?post=13035"}],"curies":[{"name":"wp","href":"https:\/\/api.w.org\/{rel}","templated":true}]}}