{"id":12341,"date":"2024-12-24T03:49:38","date_gmt":"2024-12-24T03:49:38","guid":{"rendered":"https:\/\/gameladeshop.com\/?post_type=product&#038;p=12341"},"modified":"2025-12-03T11:00:19","modified_gmt":"2025-12-03T11:00:19","slug":"total-war-warhammer-1-2-3-dlc-omens-of-destruction-tk-steam-offline","status":"publish","type":"product","link":"https:\/\/gameladeshop.com\/en\/total-war-warhammer-1-2-3-dlc-omens-of-destruction-tk-steam-offline\/","title":{"rendered":"Total War WARHAMMER 1 + 2 + 3 + DLC + OMENS OF DESTRUCTION TK Steam Offline"},"content":{"rendered":"<p><strong><span style=\"font-size: 14pt;\">\u00a0 \u00a0 \u00a0 1 \ud83d\udd25 Total War: WARHAMMER \ud83d\udd25 + DLC<\/span><\/strong><br \/>\n<strong><span style=\"font-size: 14pt;\">\u00a0 \u00a0 \u00a0 2 \ud83d\udd25 Total War: WARHAMMER II \ud83d\udd25 + DLC<\/span><\/strong><br \/>\n<strong><span style=\"font-size: 14pt;\">\u00a0 \u00a0 \u00a0 3 \ud83d\udd25 Total War: WARHAMMER III \ud83d\udd25 + DLC<\/span><\/strong><br \/>\n<strong><span style=\"font-size: 14pt;\">\u00a0 \u00a0 \u00a0 4 \ud83d\udd25 IMMORTAL EMPIRE All races \ud83d\udd25<\/span><\/strong><br \/>\n<strong><span style=\"font-size: 14pt;\">\u00a0 \u00a0 \u00a0 5 \ud83d\udd25Total War: WARHAMMER III &#8211; Tamurkhan \u2013 Thrones of Decay<\/span><\/strong><br \/>\n<strong><span style=\"font-size: 14pt;\">\u00a0 \u00a0 \u00a0 6 \ud83d\udd25Total War: WARHAMMER III &#8211; Elspeth \u2013 Thrones of Decay<\/span><\/strong><br \/>\n<strong><span style=\"font-size: 14pt;\">\u00a0 \u00a0 \u00a0 7 \ud83d\udd25Total War: WARHAMMER III &#8211; Malakai \u2013 Thrones of Decay<\/span><\/strong><br \/>\n<strong><span style=\"font-size: 14pt;\">\u00a0 \u00a0 \u00a0 8 \ud83d\udd25OMENS OF DESTRUCTION\ud83d\udd25<\/span><\/strong><\/p>\n<ul>\n<li aria-level=\"1\"><span style=\"font-size: 14pt;\">T\u00e0i kho\u1ea3n \u0111\u01b0\u1ee3c g\u1eedi v\u1ec1 Mail ngay sau khi thanh to\u00e1n<\/span><\/li>\n<li aria-level=\"1\"><span style=\"font-size: 14pt;\">T\u1ea3i v\u00e0 ch\u01a1i Game Tr\u1ef1c ti\u1ebfp \u1edf Steam, C\u00f3 Update<\/span><\/li>\n<li aria-level=\"1\"><span style=\"font-size: 14pt;\">Ch\u01a1i Offline v\u00e0 c\u00f3 Save Game ri\u00eang<\/span><\/li>\n<li aria-level=\"1\"><span style=\"font-size: 14pt;\">Ch\u01a1i v\u0129nh vi\u1ec5n kh\u00f4ng c\u00f3 th\u1eddi h\u1ea1n<\/span><\/li>\n<li aria-level=\"1\"><span style=\"font-size: 14pt;\">R\u1ebb h\u01a1n Steam h\u01a1n 90%, C\u1ed1t truy\u1ec7n Game \u0111\u1ea7y \u0111\u1ee7<\/span><\/li>\n<li aria-level=\"1\"><span style=\"font-size: 14pt;\">C\u00f3 th\u1ec3 c\u00e0i th\u00eam Trainer, Mod Game, Vi\u1ec7t H\u00f3a<\/span><\/li>\n<li aria-level=\"1\"><span style=\"font-size: 14pt;\">B\u1ea3o H\u00e0nh n\u1ebfu t\u00e0i kho\u1ea3n c\u00f3 l\u1ed7i<\/span><\/li>\n<li aria-level=\"1\"><span style=\"font-size: 14pt;\">H\u01b0\u1edbng d\u1eabn v\u00e0 b\u1ea3o h\u00e0nh su\u1ed1t qu\u00e1 tr\u00ecnh ch\u01a1i Game<\/span><\/li>\n<\/ul>","protected":false},"excerpt":{"rendered":"<p>\u00a0 \u00a0 \u00a0 1 \ud83d\udd25 Total War: WARHAMMER \ud83d\udd25 + DLC \u00a0 \u00a0 \u00a0 2 \ud83d\udd25 Total War: WARHAMMER II<\/p>","protected":false},"featured_media":12342,"comment_status":"open","ping_status":"closed","template":"","meta":[],"product_brand":[],"product_cat":[114,157,92],"product_tag":[],"class_list":{"0":"post-12341","1":"product","2":"type-product","3":"status-publish","4":"has-post-thumbnail","6":"product_cat-game-steam-ea-ubisoft","7":"product_cat-combo-nhieu-game","8":"product_cat-game-offline","10":"first","11":"instock","12":"sale","13":"downloadable","14":"virtual","15":"purchasable","16":"product-type-simple"},"_links":{"self":[{"href":"https:\/\/gameladeshop.com\/en\/wp-json\/wp\/v2\/product\/12341","targetHints":{"allow":["GET"]}}],"collection":[{"href":"https:\/\/gameladeshop.com\/en\/wp-json\/wp\/v2\/product"}],"about":[{"href":"https:\/\/gameladeshop.com\/en\/wp-json\/wp\/v2\/types\/product"}],"replies":[{"embeddable":true,"href":"https:\/\/gameladeshop.com\/en\/wp-json\/wp\/v2\/comments?post=12341"}],"version-history":[{"count":0,"href":"https:\/\/gameladeshop.com\/en\/wp-json\/wp\/v2\/product\/12341\/revisions"}],"wp:featuredmedia":[{"embeddable":true,"href":"https:\/\/gameladeshop.com\/en\/wp-json\/wp\/v2\/media\/12342"}],"wp:attachment":[{"href":"https:\/\/gameladeshop.com\/en\/wp-json\/wp\/v2\/media?parent=12341"}],"wp:term":[{"taxonomy":"product_brand","embeddable":true,"href":"https:\/\/gameladeshop.com\/en\/wp-json\/wp\/v2\/product_brand?post=12341"},{"taxonomy":"product_cat","embeddable":true,"href":"https:\/\/gameladeshop.com\/en\/wp-json\/wp\/v2\/product_cat?post=12341"},{"taxonomy":"product_tag","embeddable":true,"href":"https:\/\/gameladeshop.com\/en\/wp-json\/wp\/v2\/product_tag?post=12341"}],"curies":[{"name":"wp","href":"https:\/\/api.w.org\/{rel}","templated":true}]}}