{"id":11174,"date":"2024-11-21T15:33:03","date_gmt":"2024-11-21T15:33:03","guid":{"rendered":"https:\/\/gameladeshop.com\/?post_type=product&#038;p=11174"},"modified":"2026-04-04T05:14:17","modified_gmt":"2026-04-04T05:14:17","slug":"netflix-gia-re","status":"publish","type":"product","link":"https:\/\/gameladeshop.com\/en\/netflix-gia-re\/","title":{"rendered":"Netflix Premium Gi\u00e1 R\u1ebb"},"content":{"rendered":"<ul style=\"list-style-type: square;\">\n<li aria-level=\"1\"><span style=\"font-size: 14pt;\">T\u00e0i kho\u1ea3n \u0111\u0103ng k\u00fd G\u00f3i 4K Premium<\/span><\/li>\n<li aria-level=\"1\"><span style=\"font-size: 14pt;\">Xem \u0111\u01b0\u1ee3c tr\u00ean m\u1ecdi thi\u1ebft b\u1ecb TV, \u0110i\u1ec7n tho\u1ea1i, M\u00e1y t\u00ednh b\u1ea3ng, TV Box, M\u00e1y chi\u1ebfu&#8230;<\/span><\/li>\n<li aria-level=\"1\"><span style=\"font-size: 14pt;\">T\u00e0i kho\u1ea3n \u0111\u01b0\u1ee3c g\u1eedi v\u1ec1 Mail ngay sau khi thanh to\u00e1n<\/span><\/li>\n<li aria-level=\"1\"><span style=\"font-size: 14pt;\">Kh\u00f4ng \u0111\u01b0\u1ee3c t\u1ef1 \u00fd \u0111\u1ed5i t\u00ean Profile, m\u00e3 Pin, th\u00f4ng tin c\u1ee7a t\u00e0i kho\u1ea3n<\/span><\/li>\n<li aria-level=\"1\"><span style=\"font-size: 14pt;\">Kh\u00f4ng xem c\u00f9ng 1 l\u00fac tr\u00ean nhi\u1ec1u thi\u1ebft b\u1ecb<\/span><\/li>\n<li aria-level=\"1\"><span style=\"font-size: 14pt;\">Kh\u00f4ng Share t\u00e0i kho\u1ea3n cho ng\u01b0\u1eddi kh\u00e1c, ph\u00e1t hi\u1ec7n s\u1ebd thu h\u1ed3i t\u00e0i kho\u1ea3n<\/span><\/li>\n<li aria-level=\"1\"><span style=\"font-size: 14pt;\">Li\u00ean h\u1ec7 Shop Ngay n\u1ebfu t\u00e0i kho\u1ea3n c\u00f3 l\u1ed7i, h\u1ed7 tr\u1ee3 b\u1ea3o h\u00e0nh mi\u1ec5n ph\u00ed trong su\u1ed1t qu\u00e1 tr\u00ecnh s\u1eed d\u1ee5ng<\/span><\/li>\n<\/ul>","protected":false},"excerpt":{"rendered":"<p>T\u00e0i kho\u1ea3n \u0111\u0103ng k\u00fd G\u00f3i 4K Premium Xem \u0111\u01b0\u1ee3c tr\u00ean m\u1ecdi thi\u1ebft b\u1ecb TV, \u0110i\u1ec7n tho\u1ea1i, M\u00e1y t\u00ednh b\u1ea3ng, TV<\/p>","protected":false},"featured_media":11179,"comment_status":"open","ping_status":"closed","template":"","meta":[],"product_brand":[],"product_cat":[72],"product_tag":[],"class_list":{"0":"post-11174","1":"product","2":"type-product","3":"status-publish","4":"has-post-thumbnail","6":"product_cat-netflix-youtube-spotify-vpn-premium-chat-gpt","8":"first","9":"instock","10":"featured","11":"shipping-taxable","12":"purchasable","13":"product-type-variable"},"_links":{"self":[{"href":"https:\/\/gameladeshop.com\/en\/wp-json\/wp\/v2\/product\/11174","targetHints":{"allow":["GET"]}}],"collection":[{"href":"https:\/\/gameladeshop.com\/en\/wp-json\/wp\/v2\/product"}],"about":[{"href":"https:\/\/gameladeshop.com\/en\/wp-json\/wp\/v2\/types\/product"}],"replies":[{"embeddable":true,"href":"https:\/\/gameladeshop.com\/en\/wp-json\/wp\/v2\/comments?post=11174"}],"version-history":[{"count":0,"href":"https:\/\/gameladeshop.com\/en\/wp-json\/wp\/v2\/product\/11174\/revisions"}],"wp:featuredmedia":[{"embeddable":true,"href":"https:\/\/gameladeshop.com\/en\/wp-json\/wp\/v2\/media\/11179"}],"wp:attachment":[{"href":"https:\/\/gameladeshop.com\/en\/wp-json\/wp\/v2\/media?parent=11174"}],"wp:term":[{"taxonomy":"product_brand","embeddable":true,"href":"https:\/\/gameladeshop.com\/en\/wp-json\/wp\/v2\/product_brand?post=11174"},{"taxonomy":"product_cat","embeddable":true,"href":"https:\/\/gameladeshop.com\/en\/wp-json\/wp\/v2\/product_cat?post=11174"},{"taxonomy":"product_tag","embeddable":true,"href":"https:\/\/gameladeshop.com\/en\/wp-json\/wp\/v2\/product_tag?post=11174"}],"curies":[{"name":"wp","href":"https:\/\/api.w.org\/{rel}","templated":true}]}}